{"id":1982,"date":"2024-12-07T10:19:05","date_gmt":"2024-12-07T09:19:05","guid":{"rendered":"https:\/\/cyberoperations.hu\/?page_id=1982"},"modified":"2025-01-13T11:53:27","modified_gmt":"2025-01-13T10:53:27","slug":"cookie-nyilatkozat","status":"publish","type":"page","link":"https:\/\/cyberoperations.hu\/de\/cookie-nyilatkozat\/","title":{"rendered":"Cookie-Erkl\u00e4rung"},"content":{"rendered":"<div data-elementor-type=\"wp-page\" data-elementor-id=\"1982\" class=\"elementor elementor-1982\" data-elementor-post-type=\"page\">\n\t\t\t\t\t\t<section class=\"elementor-section elementor-top-section elementor-element elementor-element-574349c elementor-section-height-min-height elementor-section-items-stretch elementor-section-boxed elementor-section-height-default\" data-id=\"574349c\" data-element_type=\"section\" data-e-type=\"section\" data-settings=\"{&quot;background_background&quot;:&quot;gradient&quot;}\">\n\t\t\t\t\t\t\t<div class=\"elementor-background-overlay\"><\/div>\n\t\t\t\t\t\t\t<div class=\"elementor-container elementor-column-gap-wider\">\n\t\t\t\t\t<div class=\"elementor-column elementor-col-100 elementor-top-column elementor-element elementor-element-e623202\" data-id=\"e623202\" data-element_type=\"column\" data-e-type=\"column\">\n\t\t\t<div class=\"elementor-widget-wrap elementor-element-populated\">\n\t\t\t\t\t\t<div class=\"elementor-element elementor-element-6612e3a elementor-widget__width-initial elementor-absolute elementor-widget elementor-widget-spacer\" data-id=\"6612e3a\" data-element_type=\"widget\" data-e-type=\"widget\" data-settings=\"{&quot;_position&quot;:&quot;absolute&quot;}\" data-widget_type=\"spacer.default\">\n\t\t\t\t<div class=\"elementor-widget-container\">\n\t\t\t\t\t\t\t<div class=\"elementor-spacer\">\n\t\t\t<div class=\"elementor-spacer-inner\"><\/div>\n\t\t<\/div>\n\t\t\t\t\t\t<\/div>\n\t\t\t\t<\/div>\n\t\t\t\t<div class=\"elementor-element elementor-element-ff9b7c2 elementor-widget__width-initial elementor-widget-tablet__width-inherit elementor-widget elementor-widget-heading\" data-id=\"ff9b7c2\" data-element_type=\"widget\" data-e-type=\"widget\" data-widget_type=\"heading.default\">\n\t\t\t\t<div class=\"elementor-widget-container\">\n\t\t\t\t\t<h1 class=\"elementor-heading-title elementor-size-default\">Was sollten Sie \u00fcber Cookies wissen?<\/h1>\t\t\t\t<\/div>\n\t\t\t\t<\/div>\n\t\t\t\t<div class=\"elementor-element elementor-element-0a66c2f elementor-widget__width-initial elementor-absolute elementor-widget elementor-widget-spacer\" data-id=\"0a66c2f\" data-element_type=\"widget\" data-e-type=\"widget\" data-settings=\"{&quot;_position&quot;:&quot;absolute&quot;}\" data-widget_type=\"spacer.default\">\n\t\t\t\t<div class=\"elementor-widget-container\">\n\t\t\t\t\t\t\t<div class=\"elementor-spacer\">\n\t\t\t<div class=\"elementor-spacer-inner\"><\/div>\n\t\t<\/div>\n\t\t\t\t\t\t<\/div>\n\t\t\t\t<\/div>\n\t\t\t\t\t<\/div>\n\t\t<\/div>\n\t\t\t\t\t<\/div>\n\t\t<\/section>\n\t\t\t\t<section class=\"elementor-section elementor-top-section elementor-element elementor-element-2745e09f elementor-section-boxed elementor-section-height-default elementor-section-height-default\" data-id=\"2745e09f\" data-element_type=\"section\" data-e-type=\"section\">\n\t\t\t\t\t\t<div class=\"elementor-container elementor-column-gap-default\">\n\t\t\t\t\t<div class=\"elementor-column elementor-col-100 elementor-top-column elementor-element elementor-element-2780a59a\" data-id=\"2780a59a\" data-element_type=\"column\" data-e-type=\"column\">\n\t\t\t<div class=\"elementor-widget-wrap elementor-element-populated\">\n\t\t\t\t\t\t<div class=\"elementor-element elementor-element-249fa1a elementor-widget elementor-widget-text-editor\" data-id=\"249fa1a\" data-element_type=\"widget\" data-e-type=\"widget\" data-widget_type=\"text-editor.default\">\n\t\t\t\t<div class=\"elementor-widget-container\">\n\t\t\t\t\t\t\t\t\t<h1 style=\"text-align: center;\">G\u00dcLTIG AB: 1. JANUAR 2025.<\/h1><h1>1. WAS SIND COOKIES UND WIE K\u00d6NNEN SIE DIE EINSTELLUNGEN \u00c4NDERN?<\/h1><p>Cookies sind kleine Textdateien, die eine Website verwenden kann, um die Benutzererfahrung effizienter zu gestalten.<\/p><p>Einige \u201eCookies\u201c sind tempor\u00e4r und verschwinden, wenn Sie Ihren Browser schlie\u00dfen. Es gibt auch dauerhafte Versionen, die f\u00fcr einen l\u00e4ngeren Zeitraum auf Ihrem Computer verbleiben. Laut Gesetz k\u00f6nnen wir Cookies auf dem Ger\u00e4t des Besuchers speichern, wenn dies f\u00fcr den Betrieb unserer Website unbedingt erforderlich ist.<\/p><p>F\u00fcr alle anderen Arten von Cookies ben\u00f6tigen wir die Zustimmung des Besuchers. Diese Website verwendet verschiedene Cookies. Einige der auf der Website angezeigten Cookies werden von unseren Drittanbietern platziert.<\/p><p>Browser erm\u00f6glichen es Ihnen, Ihre Cookie-Einstellungen zu \u00e4ndern. Die meisten Browser akzeptieren Cookies standardm\u00e4\u00dfig automatisch. Dies kann jedoch ge\u00e4ndert werden, um die automatische Annahme zu verhindern, sobald dies einmal festgelegt wurde.<\/p><p>Wenn Sie mehr \u00fcber die \u00c4nderung Ihrer Browsereinstellungen erfahren m\u00f6chten, lesen Sie bitte die Anleitung oder Hilfe Ihres Browsers. Informationen zu den Cookie-Einstellungen der g\u00e4ngigsten Browser finden Sie unter den folgenden Links:<\/p><p class=\"text text--gray\" style=\"margin-bottom: 0px; padding-bottom: 1em; background-image: initial; background-position: 0px 0px; background-size: initial; background-repeat: initial; background-attachment: initial; background-origin: initial; background-clip: initial; font-size: 20px; text-size-adjust: 100%; color: #2f2f2f; font-family: 'Open Sans', Arial, sans-serif; font-style: normal; font-variant-ligatures: normal; font-variant-caps: normal; font-weight: 500;\"><a style=\"background-image: initial; background-position: 0px 0px; background-size: initial; background-repeat: initial; background-attachment: initial; background-origin: initial; background-clip: initial; font-size: 20px; text-size-adjust: 100%; color: #2ea3f2; border-width: initial !important; border-style: none !important;\" href=\"https:\/\/support.google.com\/accounts\/answer\/61416?hl=hu\" target=\"_blank\" rel=\"noopener\">Google Chrome<\/a><\/p><p class=\"text text--gray\" style=\"margin-bottom: 0px; padding-bottom: 1em; background-image: initial; background-position: 0px 0px; background-size: initial; background-repeat: initial; background-attachment: initial; background-origin: initial; background-clip: initial; font-size: 20px; text-size-adjust: 100%; color: #2f2f2f; font-family: 'Open Sans', Arial, sans-serif; font-style: normal; font-variant-ligatures: normal; font-variant-caps: normal; font-weight: 500;\"><a style=\"background-image: initial; background-position: 0px 0px; background-size: initial; background-repeat: initial; background-attachment: initial; background-origin: initial; background-clip: initial; font-size: 20px; text-size-adjust: 100%; color: #2ea3f2; border-width: initial !important; border-style: none !important;\" href=\"https:\/\/support.mozilla.org\/hu\/kb\/S%C3%BCtik%20kezel%C3%A9se\" target=\"_blank\" rel=\"noopener\">Feuerfuchs<\/a><\/p><p class=\"text text--gray\" style=\"margin-bottom: 0px; padding-bottom: 1em; background-image: initial; background-position: 0px 0px; background-size: initial; background-repeat: initial; background-attachment: initial; background-origin: initial; background-clip: initial; font-size: 20px; text-size-adjust: 100%; color: #2f2f2f; font-family: 'Open Sans', Arial, sans-serif; font-style: normal; font-variant-ligatures: normal; font-variant-caps: normal; font-weight: 500;\"><a style=\"background-image: initial; background-position: 0px 0px; background-size: initial; background-repeat: initial; background-attachment: initial; background-origin: initial; background-clip: initial; font-size: 20px; text-size-adjust: 100%; color: #2ea3f2; border-width: initial !important; border-style: none !important;\" href=\"http:\/\/windows.microsoft.com\/hu-hu\/internet-explorer\/delete-manage-cookies#ie=ie-11\" target=\"_blank\" rel=\"noopener\">Microsoft Internet Explorer 11<\/a><\/p><p class=\"text text--gray\" style=\"margin-bottom: 0px; padding-bottom: 1em; background-image: initial; background-position: 0px 0px; background-size: initial; background-repeat: initial; background-attachment: initial; background-origin: initial; background-clip: initial; font-size: 20px; text-size-adjust: 100%; color: #2f2f2f; font-family: 'Open Sans', Arial, sans-serif; font-style: normal; font-variant-ligatures: normal; font-variant-caps: normal; font-weight: 500;\"><a style=\"background-image: initial; background-position: 0px 0px; background-size: initial; background-repeat: initial; background-attachment: initial; background-origin: initial; background-clip: initial; font-size: 20px; text-size-adjust: 100%; color: #2ea3f2; border-width: initial !important; border-style: none !important;\" href=\"http:\/\/windows.microsoft.com\/hu-hu\/internet-explorer\/delete-manage-cookies#ie=ie-10\" target=\"_blank\" rel=\"noopener\">Microsoft Internet Explorer 10<\/a><\/p><p class=\"text text--gray\" style=\"margin-bottom: 0px; padding-bottom: 1em; background-image: initial; background-position: 0px 0px; background-size: initial; background-repeat: initial; background-attachment: initial; background-origin: initial; background-clip: initial; font-size: 20px; text-size-adjust: 100%; color: #2f2f2f; font-family: 'Open Sans', Arial, sans-serif; font-style: normal; font-variant-ligatures: normal; font-variant-caps: normal; font-weight: 500;\"><a style=\"background-image: initial; background-position: 0px 0px; background-size: initial; background-repeat: initial; background-attachment: initial; background-origin: initial; background-clip: initial; font-size: 20px; text-size-adjust: 100%; color: #2ea3f2; border-width: initial !important; border-style: none !important;\" href=\"http:\/\/windows.microsoft.com\/hu-hu\/windows-10\/edge-privacy-faq\" target=\"_blank\" rel=\"noopener\">Microsoft Edge<\/a><\/p><p class=\"text text--gray\" style=\"margin-bottom: 0px; padding-bottom: 1em; background-image: initial; background-position: 0px 0px; background-size: initial; background-repeat: initial; background-attachment: initial; background-origin: initial; background-clip: initial; font-size: 20px; text-size-adjust: 100%; color: #2f2f2f; font-family: 'Open Sans', Arial, sans-serif; font-style: normal; font-variant-ligatures: normal; font-variant-caps: normal; font-weight: 500;\"><a style=\"background-image: initial; background-position: 0px 0px; background-size: initial; background-repeat: initial; background-attachment: initial; background-origin: initial; background-clip: initial; font-size: 20px; text-size-adjust: 100%; color: #2ea3f2; border-width: initial !important; border-style: none !important;\" href=\"http:\/\/support.apple.com\/kb\/index?page=search&amp;q=cookies%20safari\" target=\"_blank\" rel=\"noopener\">Safari<\/a><\/p><h1>2. WO ERFOLGT DIE INFORMATION UND EINWILLIGUNG ZUR COOKIE-VERWALTUNG?<\/h1><p>Wenn Sie unsere Website zum ersten Mal besuchen, erscheint oben auf dem Bildschirm ein Popup-Fenster, in dem Sie festlegen k\u00f6nnen, welchen Cookies Sie zustimmen.<\/p><p>Dieses Informationsfenster enth\u00e4lt auch einen Link zu dieser Datenschutzerkl\u00e4rung.<\/p><h1>3. Arten von Cookies<\/h1><p><b>3.1 Unbedingt erforderliche Cookies<\/b><\/p><p>Notwendige Cookies helfen dabei, dass unsere Website ordnungsgem\u00e4\u00df funktioniert, indem sie grundlegende Funktionen wie die Seitennavigation und den Zugriff auf sichere Bereiche der Website erm\u00f6glichen.<\/p><p>Ohne diese Cookies kann die Website nicht ordnungsgem\u00e4\u00df funktionieren.<\/p><ul><li>PHPSESSID Beh\u00e4lt den Sitzungsstatus des Benutzers zwischen Seitenanforderungen bei, bis der Browser geschlossen wird.<\/li><li>CookieConsent Speichert die Cookie-Zustimmung des Benutzers auf der angegebenen Domain. 1 Jahr<\/li><\/ul><ul><li>__cfduid Der Cloudflare-Inhaltsserver identifiziert den Internetverkehr. 1 Jahr<\/li><li>JSESSIONID Weist jedem Seitenaufruf eine eindeutige, anonyme Kennung zu, um die Benutzerfreundlichkeit der Seite bis zum Schlie\u00dfen des Browsers zu verbessern<\/li><li>wp_woocommerce_session_ Beh\u00e4lt den Inhalt des Warenkorbs beim Navigieren zwischen Seiten bei, bis der Browser geschlossen wird<\/li><li>woocommerce_items_in_cart Beh\u00e4lt den Inhalt des Warenkorbs beim Navigieren zwischen Seiten bei, bis der Browser geschlossen wird<\/li><li>wc_cart_hash_ Verkn\u00fcpft mit jedem Kunden eine eindeutige Kennung, sodass das System Bestellungen dem Kunden zuordnen kann. 1 Tag<\/li><\/ul><p><b>3.2. Pr\u00e4ferenz-Cookies<\/b><\/p><p>Durch die Verwendung von Pr\u00e4ferenz-Cookies k\u00f6nnen wir uns Informationen merken, die bestimmte Verhaltensweisen oder das Erscheinungsbild der Website \u00e4ndern, wie beispielsweise Ihre bevorzugte Sprache oder die Region, in der Sie sich befinden.<\/p><p><b>3.3 Cookies f\u00fcr statistische Zwecke<\/b><\/p><p><span style=\"font-size: 21px;\">Durch das Sammeln und Melden von Daten in anonymer Form helfen statistische Cookies dem Websitebesitzer zu verstehen, wie Besucher mit der Website interagieren.<\/span><\/p><ul><li>_ga Erfasst eine eindeutige Kennung, die zur Erstellung anonymer statistischer Daten zur Nutzung der Website verwendet wird. 2 Jahre<\/li><li>_gid: Erfasst eine eindeutige Kennung, die zur Erstellung anonymer statistischer Daten im Zusammenhang mit der Nutzung der Website verwendet wird. 2 Jahre<\/li><li>_gat Wird von Google Analytics verwendet, um die H\u00e4ufigkeit von Anfragen zu steuern. Bis der Browser geschlossen wird<\/li><li>collect Erfasst Daten f\u00fcr Google Analytics \u00fcber das Ger\u00e4t und die Surfgewohnheiten des Benutzers \u00fcber verschiedene Ger\u00e4te und Marketingkan\u00e4le hinweg. bis der Browser geschlossen wird<\/li><\/ul><p><b>3.4. Marketing-Cookies<\/b><\/p><p>Wir verwenden Personalisierungs-Cookies, um die Website-Aktivit\u00e4ten der Besucher zu verfolgen. Ziel ist es, einzelnen Benutzern relevantere Anzeigen zu pr\u00e4sentieren, Inhalte anzuzeigen, die ihren Vorlieben entsprechen, und sie zum Handeln zu animieren.<\/p><ul><li>ads\/ga-audiences Wird von Google Adwords verwendet, um Nutzer anzusprechen, die aufgrund ihrer Surfgewohnheiten wahrscheinlich eine h\u00f6here Kaufneigung haben. bis der Browser geschlossen wird<\/li><li>pref Erfasst eine eindeutige Kennung, aus der Google Statistiken \u00fcber die Videos erstellt, die der Nutzer auf YouTube angesehen hat. 8 Monate<\/li><li>fr Wird von Facebook verwendet, um Benutzer anzusprechen, die aufgrund ihrer Surfgewohnheiten wahrscheinlich eine h\u00f6here Kaufneigung haben. 3 Monate<\/li><li>tr Wird von Facebook verwendet, um Benutzer anzusprechen, die aufgrund ihrer Surfgewohnheiten wahrscheinlich eine h\u00f6here Kaufneigung haben. bis der Browser geschlossen wird<\/li><\/ul><h1>4. \u00dcBERPR\u00dcFEN UND DEAKTIVIEREN DER COOKIE-EINSTELLUNGEN<\/h1><p>Moderne Browser erm\u00f6glichen es Ihnen, Ihre \u201eCookie-Einstellungen\u201c zu \u00e4ndern. Einige Browser akzeptieren Cookies standardm\u00e4\u00dfig automatisch. Diese Einstellung kann jedoch auch ge\u00e4ndert werden, um zu verhindern, dass der Besucher sie in Zukunft automatisch akzeptiert.<\/p><p>Wenn Sie wechseln, bietet Ihnen der Browser bei jedem Besuch die M\u00f6glichkeit, \u201eCookies zu setzen\u201c.<\/p><p>Der Verantwortliche speichert keine Kennungen oder Passw\u00f6rter, auch wenn Cookies aktiviert sind. Der Besucher kann die Dienste auch bei aktivierten Cookies sicher nutzen.<\/p><p>Wir m\u00f6chten unsere Besucher darauf aufmerksam machen, dass der Zweck von \u201eCookies\u201c darin besteht, die Benutzerfreundlichkeit und die Prozesse der Website zu unterst\u00fctzen und zu erleichtern. Wenn \u201eCookies\u201c deaktiviert sind, k\u00f6nnen wir nicht garantieren, dass der Besucher alle Funktionen der Website vollst\u00e4ndig nutzen kann.<\/p><p>In diesem Fall kann es sein, dass die Website im Browser anders funktioniert als vorgesehen.<\/p>\t\t\t\t\t\t\t\t<\/div>\n\t\t\t\t<\/div>\n\t\t\t\t\t<\/div>\n\t\t<\/div>\n\t\t\t\t\t<\/div>\n\t\t<\/section>\n\t\t\t\t<\/div>","protected":false},"excerpt":{"rendered":"<p>Mit kell tudni a s\u00fctikr\u0151l? HAT\u00c1LYOS: 2025. JANU\u00c1R 1. 1. MIK AZOK A COOKIE-K (S\u00dcTIK), \u00c9S HOGYAN TUDOD M\u00d3DOS\u00cdTANI A [&hellip;]<\/p>\n","protected":false},"author":1,"featured_media":0,"parent":0,"menu_order":0,"comment_status":"closed","ping_status":"closed","template":"","meta":{"site-sidebar-layout":"no-sidebar","site-content-layout":"","ast-site-content-layout":"full-width-container","site-content-style":"default","site-sidebar-style":"default","ast-global-header-display":"","ast-banner-title-visibility":"","ast-main-header-display":"","ast-hfb-above-header-display":"","ast-hfb-below-header-display":"","ast-hfb-mobile-header-display":"","site-post-title":"disabled","ast-breadcrumbs-content":"","ast-featured-img":"disabled","footer-sml-layout":"","ast-disable-related-posts":"","theme-transparent-header-meta":"default","adv-header-id-meta":"","stick-header-meta":"","header-above-stick-meta":"","header-main-stick-meta":"","header-below-stick-meta":"","astra-migrate-meta-layouts":"set","ast-page-background-enabled":"default","ast-page-background-meta":{"desktop":{"background-color":"var(--ast-global-color-4)","background-image":"","background-repeat":"repeat","background-position":"center center","background-size":"auto","background-attachment":"scroll","background-type":"","background-media":"","overlay-type":"","overlay-color":"","overlay-opacity":"","overlay-gradient":""},"tablet":{"background-color":"","background-image":"","background-repeat":"repeat","background-position":"center center","background-size":"auto","background-attachment":"scroll","background-type":"","background-media":"","overlay-type":"","overlay-color":"","overlay-opacity":"","overlay-gradient":""},"mobile":{"background-color":"","background-image":"","background-repeat":"repeat","background-position":"center center","background-size":"auto","background-attachment":"scroll","background-type":"","background-media":"","overlay-type":"","overlay-color":"","overlay-opacity":"","overlay-gradient":""}},"ast-content-background-meta":{"desktop":{"background-color":"var(--ast-global-color-5)","background-image":"","background-repeat":"repeat","background-position":"center center","background-size":"auto","background-attachment":"scroll","background-type":"","background-media":"","overlay-type":"","overlay-color":"","overlay-opacity":"","overlay-gradient":""},"tablet":{"background-color":"var(--ast-global-color-5)","background-image":"","background-repeat":"repeat","background-position":"center center","background-size":"auto","background-attachment":"scroll","background-type":"","background-media":"","overlay-type":"","overlay-color":"","overlay-opacity":"","overlay-gradient":""},"mobile":{"background-color":"var(--ast-global-color-5)","background-image":"","background-repeat":"repeat","background-position":"center center","background-size":"auto","background-attachment":"scroll","background-type":"","background-media":"","overlay-type":"","overlay-color":"","overlay-opacity":"","overlay-gradient":""}},"footnotes":""},"class_list":["post-1982","page","type-page","status-publish","hentry"],"yoast_head":"<!-- This site is optimized with the Yoast SEO Premium plugin v27.4 (Yoast SEO v27.4) - https:\/\/yoast.com\/product\/yoast-seo-premium-wordpress\/ -->\n<title>Cookie nyilatkozat - Cyber Operations Group Kft.<\/title>\n<meta name=\"robots\" content=\"index, follow, max-snippet:-1, max-image-preview:large, max-video-preview:-1\" \/>\n<link rel=\"canonical\" href=\"https:\/\/cyberoperations.hu\/de\/cookie-nyilatkozat\/\" \/>\n<meta property=\"og:locale\" content=\"de_DE\" \/>\n<meta property=\"og:type\" content=\"article\" \/>\n<meta property=\"og:title\" content=\"Cookie nyilatkozat\" \/>\n<meta property=\"og:description\" content=\"Mit kell tudni a s\u00fctikr\u0151l? HAT\u00c1LYOS: 2025. JANU\u00c1R 1. 1. MIK AZOK A COOKIE-K (S\u00dcTIK), \u00c9S HOGYAN TUDOD M\u00d3DOS\u00cdTANI A [&hellip;]\" \/>\n<meta property=\"og:url\" content=\"https:\/\/cyberoperations.hu\/de\/cookie-nyilatkozat\/\" \/>\n<meta property=\"og:site_name\" content=\"Cyber Operations Group Kft.\" \/>\n<meta property=\"article:modified_time\" content=\"2025-01-13T10:53:27+00:00\" \/>\n<meta name=\"twitter:card\" content=\"summary_large_image\" \/>\n<meta name=\"twitter:label1\" content=\"Gesch\u00e4tzte Lesezeit\" \/>\n\t<meta name=\"twitter:data1\" content=\"6\u00a0Minuten\" \/>\n<script type=\"application\/ld+json\" class=\"yoast-schema-graph\">{\"@context\":\"https:\\\/\\\/schema.org\",\"@graph\":[{\"@type\":\"WebPage\",\"@id\":\"https:\\\/\\\/cyberoperations.hu\\\/cookie-nyilatkozat\\\/\",\"url\":\"https:\\\/\\\/cyberoperations.hu\\\/cookie-nyilatkozat\\\/\",\"name\":\"Cookie nyilatkozat - Cyber Operations Group Kft.\",\"isPartOf\":{\"@id\":\"https:\\\/\\\/cyberoperations.hu\\\/#website\"},\"datePublished\":\"2024-12-07T09:19:05+00:00\",\"dateModified\":\"2025-01-13T10:53:27+00:00\",\"breadcrumb\":{\"@id\":\"https:\\\/\\\/cyberoperations.hu\\\/cookie-nyilatkozat\\\/#breadcrumb\"},\"inLanguage\":\"de\",\"potentialAction\":[{\"@type\":\"ReadAction\",\"target\":[\"https:\\\/\\\/cyberoperations.hu\\\/cookie-nyilatkozat\\\/\"]}]},{\"@type\":\"BreadcrumbList\",\"@id\":\"https:\\\/\\\/cyberoperations.hu\\\/cookie-nyilatkozat\\\/#breadcrumb\",\"itemListElement\":[{\"@type\":\"ListItem\",\"position\":1,\"name\":\"Kezd\u0151lap\",\"item\":\"https:\\\/\\\/cyberoperations.hu\\\/\"},{\"@type\":\"ListItem\",\"position\":2,\"name\":\"Cookie nyilatkozat\"}]},{\"@type\":\"WebSite\",\"@id\":\"https:\\\/\\\/cyberoperations.hu\\\/#website\",\"url\":\"https:\\\/\\\/cyberoperations.hu\\\/\",\"name\":\"Cyber Operations Group Kft.\",\"description\":\"\",\"publisher\":{\"@id\":\"https:\\\/\\\/cyberoperations.hu\\\/#organization\"},\"potentialAction\":[{\"@type\":\"SearchAction\",\"target\":{\"@type\":\"EntryPoint\",\"urlTemplate\":\"https:\\\/\\\/cyberoperations.hu\\\/?s={search_term_string}\"},\"query-input\":{\"@type\":\"PropertyValueSpecification\",\"valueRequired\":true,\"valueName\":\"search_term_string\"}}],\"inLanguage\":\"de\"},{\"@type\":\"Organization\",\"@id\":\"https:\\\/\\\/cyberoperations.hu\\\/#organization\",\"name\":\"Cyber Operations Group Kft.\",\"url\":\"https:\\\/\\\/cyberoperations.hu\\\/\",\"logo\":{\"@type\":\"ImageObject\",\"inLanguage\":\"de\",\"@id\":\"https:\\\/\\\/cyberoperations.hu\\\/#\\\/schema\\\/logo\\\/image\\\/\",\"url\":\"https:\\\/\\\/cyberoperations.hu\\\/wp-content\\\/uploads\\\/2024\\\/12\\\/simalogo-2.png\",\"contentUrl\":\"https:\\\/\\\/cyberoperations.hu\\\/wp-content\\\/uploads\\\/2024\\\/12\\\/simalogo-2.png\",\"width\":1500,\"height\":400,\"caption\":\"Cyber Operations Group Kft.\"},\"image\":{\"@id\":\"https:\\\/\\\/cyberoperations.hu\\\/#\\\/schema\\\/logo\\\/image\\\/\"}}]}<\/script>\n<!-- \/ Yoast SEO Premium plugin. -->","yoast_head_json":{"title":"Cookie-Erkl\u00e4rung \u2013 Cyber Operations Group Ltd.","robots":{"index":"index","follow":"follow","max-snippet":"max-snippet:-1","max-image-preview":"max-image-preview:large","max-video-preview":"max-video-preview:-1"},"canonical":"https:\/\/cyberoperations.hu\/de\/cookie-nyilatkozat\/","og_locale":"de_DE","og_type":"article","og_title":"Cookie nyilatkozat","og_description":"Mit kell tudni a s\u00fctikr\u0151l? HAT\u00c1LYOS: 2025. JANU\u00c1R 1. 1. MIK AZOK A COOKIE-K (S\u00dcTIK), \u00c9S HOGYAN TUDOD M\u00d3DOS\u00cdTANI A [&hellip;]","og_url":"https:\/\/cyberoperations.hu\/de\/cookie-nyilatkozat\/","og_site_name":"Cyber Operations Group Kft.","article_modified_time":"2025-01-13T10:53:27+00:00","twitter_card":"summary_large_image","twitter_misc":{"Gesch\u00e4tzte Lesezeit":"6\u00a0Minuten"},"schema":{"@context":"https:\/\/schema.org","@graph":[{"@type":"WebPage","@id":"https:\/\/cyberoperations.hu\/cookie-nyilatkozat\/","url":"https:\/\/cyberoperations.hu\/cookie-nyilatkozat\/","name":"Cookie-Erkl\u00e4rung \u2013 Cyber Operations Group Ltd.","isPartOf":{"@id":"https:\/\/cyberoperations.hu\/#website"},"datePublished":"2024-12-07T09:19:05+00:00","dateModified":"2025-01-13T10:53:27+00:00","breadcrumb":{"@id":"https:\/\/cyberoperations.hu\/cookie-nyilatkozat\/#breadcrumb"},"inLanguage":"de","potentialAction":[{"@type":"ReadAction","target":["https:\/\/cyberoperations.hu\/cookie-nyilatkozat\/"]}]},{"@type":"BreadcrumbList","@id":"https:\/\/cyberoperations.hu\/cookie-nyilatkozat\/#breadcrumb","itemListElement":[{"@type":"ListItem","position":1,"name":"Kezd\u0151lap","item":"https:\/\/cyberoperations.hu\/"},{"@type":"ListItem","position":2,"name":"Cookie nyilatkozat"}]},{"@type":"WebSite","@id":"https:\/\/cyberoperations.hu\/#website","url":"https:\/\/cyberoperations.hu\/","name":"Cyber Operations Group Ltd.","description":"","publisher":{"@id":"https:\/\/cyberoperations.hu\/#organization"},"potentialAction":[{"@type":"SearchAction","target":{"@type":"EntryPoint","urlTemplate":"https:\/\/cyberoperations.hu\/?s={search_term_string}"},"query-input":{"@type":"PropertyValueSpecification","valueRequired":true,"valueName":"search_term_string"}}],"inLanguage":"de"},{"@type":"Organization","@id":"https:\/\/cyberoperations.hu\/#organization","name":"Cyber Operations Group Ltd.","url":"https:\/\/cyberoperations.hu\/","logo":{"@type":"ImageObject","inLanguage":"de","@id":"https:\/\/cyberoperations.hu\/#\/schema\/logo\/image\/","url":"https:\/\/cyberoperations.hu\/wp-content\/uploads\/2024\/12\/simalogo-2.png","contentUrl":"https:\/\/cyberoperations.hu\/wp-content\/uploads\/2024\/12\/simalogo-2.png","width":1500,"height":400,"caption":"Cyber Operations Group Kft."},"image":{"@id":"https:\/\/cyberoperations.hu\/#\/schema\/logo\/image\/"}}]}},"_links":{"self":[{"href":"https:\/\/cyberoperations.hu\/de\/wp-json\/wp\/v2\/pages\/1982","targetHints":{"allow":["GET"]}}],"collection":[{"href":"https:\/\/cyberoperations.hu\/de\/wp-json\/wp\/v2\/pages"}],"about":[{"href":"https:\/\/cyberoperations.hu\/de\/wp-json\/wp\/v2\/types\/page"}],"author":[{"embeddable":true,"href":"https:\/\/cyberoperations.hu\/de\/wp-json\/wp\/v2\/users\/1"}],"replies":[{"embeddable":true,"href":"https:\/\/cyberoperations.hu\/de\/wp-json\/wp\/v2\/comments?post=1982"}],"version-history":[{"count":0,"href":"https:\/\/cyberoperations.hu\/de\/wp-json\/wp\/v2\/pages\/1982\/revisions"}],"wp:attachment":[{"href":"https:\/\/cyberoperations.hu\/de\/wp-json\/wp\/v2\/media?parent=1982"}],"curies":[{"name":"wp","href":"https:\/\/api.w.org\/{rel}","templated":true}]}}