{"id":2885,"date":"2025-05-22T17:47:53","date_gmt":"2025-05-22T15:47:53","guid":{"rendered":"https:\/\/cyberoperations.hu\/?page_id=2885"},"modified":"2026-02-28T18:21:34","modified_gmt":"2026-02-28T17:21:34","slug":"nis2-felkeszites","status":"publish","type":"page","link":"https:\/\/cyberoperations.hu\/de\/nis2-felkeszites\/","title":{"rendered":"NIS2-Vorbereitung"},"content":{"rendered":"<div data-elementor-type=\"wp-page\" data-elementor-id=\"2885\" class=\"elementor elementor-2885\" data-elementor-post-type=\"page\">\n\t\t\t\t\t\t<section class=\"elementor-section elementor-top-section elementor-element elementor-element-5ce30f7 elementor-section-height-min-height elementor-section-items-stretch elementor-section-full_width elementor-section-height-default\" data-id=\"5ce30f7\" data-element_type=\"section\" data-e-type=\"section\" data-settings=\"{&quot;background_background&quot;:&quot;gradient&quot;}\">\n\t\t\t\t\t\t\t<div class=\"elementor-background-overlay\"><\/div>\n\t\t\t\t\t\t\t<div class=\"elementor-container elementor-column-gap-wider\">\n\t\t\t\t\t<div class=\"elementor-column elementor-col-100 elementor-top-column elementor-element elementor-element-269b2a8\" data-id=\"269b2a8\" data-element_type=\"column\" data-e-type=\"column\">\n\t\t\t<div class=\"elementor-widget-wrap elementor-element-populated\">\n\t\t\t\t\t\t<div class=\"elementor-element elementor-element-6959422 elementor-widget__width-initial elementor-absolute elementor-widget elementor-widget-spacer\" data-id=\"6959422\" data-element_type=\"widget\" data-e-type=\"widget\" data-settings=\"{&quot;_position&quot;:&quot;absolute&quot;}\" data-widget_type=\"spacer.default\">\n\t\t\t\t<div class=\"elementor-widget-container\">\n\t\t\t\t\t\t\t<div class=\"elementor-spacer\">\n\t\t\t<div class=\"elementor-spacer-inner\"><\/div>\n\t\t<\/div>\n\t\t\t\t\t\t<\/div>\n\t\t\t\t<\/div>\n\t\t\t\t<div class=\"elementor-element elementor-element-254669a elementor-widget__width-initial elementor-widget-tablet__width-inherit elementor-widget elementor-widget-heading\" data-id=\"254669a\" data-element_type=\"widget\" data-e-type=\"widget\" data-widget_type=\"heading.default\">\n\t\t\t\t<div class=\"elementor-widget-container\">\n\t\t\t\t\t<h2 class=\"elementor-heading-title elementor-size-default\">NIS2-Vorbereitung<\/h2>\t\t\t\t<\/div>\n\t\t\t\t<\/div>\n\t\t\t\t<div class=\"elementor-element elementor-element-440660b elementor-widget__width-initial elementor-absolute elementor-widget elementor-widget-spacer\" data-id=\"440660b\" data-element_type=\"widget\" data-e-type=\"widget\" data-settings=\"{&quot;_position&quot;:&quot;absolute&quot;}\" data-widget_type=\"spacer.default\">\n\t\t\t\t<div class=\"elementor-widget-container\">\n\t\t\t\t\t\t\t<div class=\"elementor-spacer\">\n\t\t\t<div class=\"elementor-spacer-inner\"><\/div>\n\t\t<\/div>\n\t\t\t\t\t\t<\/div>\n\t\t\t\t<\/div>\n\t\t\t\t\t<\/div>\n\t\t<\/div>\n\t\t\t\t\t<\/div>\n\t\t<\/section>\n\t\t\t\t<section class=\"elementor-section elementor-top-section elementor-element elementor-element-e6612a1 elementor-section-boxed elementor-section-height-default elementor-section-height-default\" data-id=\"e6612a1\" data-element_type=\"section\" data-e-type=\"section\">\n\t\t\t\t\t\t<div class=\"elementor-container elementor-column-gap-no\">\n\t\t\t\t\t<div class=\"elementor-column elementor-col-100 elementor-top-column elementor-element elementor-element-2e82a60\" data-id=\"2e82a60\" data-element_type=\"column\" data-e-type=\"column\">\n\t\t\t<div class=\"elementor-widget-wrap elementor-element-populated\">\n\t\t\t\t\t\t<section class=\"elementor-section elementor-inner-section elementor-element elementor-element-390949e elementor-section-boxed elementor-section-height-default elementor-section-height-default\" data-id=\"390949e\" data-element_type=\"section\" data-e-type=\"section\">\n\t\t\t\t\t\t<div class=\"elementor-container elementor-column-gap-wider\">\n\t\t\t\t\t<div class=\"elementor-column elementor-col-100 elementor-inner-column elementor-element elementor-element-bef6d35\" data-id=\"bef6d35\" data-element_type=\"column\" data-e-type=\"column\">\n\t\t\t<div class=\"elementor-widget-wrap elementor-element-populated\">\n\t\t\t\t\t\t<section class=\"elementor-section elementor-inner-section elementor-element elementor-element-54d7cda elementor-section-boxed elementor-section-height-default elementor-section-height-default\" data-id=\"54d7cda\" data-element_type=\"section\" data-e-type=\"section\">\n\t\t\t\t\t\t<div class=\"elementor-container elementor-column-gap-wider\">\n\t\t\t\t\t<div class=\"elementor-column elementor-col-100 elementor-inner-column elementor-element elementor-element-30760db\" data-id=\"30760db\" data-element_type=\"column\" data-e-type=\"column\" data-settings=\"{&quot;background_background&quot;:&quot;classic&quot;}\">\n\t\t\t<div class=\"elementor-widget-wrap elementor-element-populated\">\n\t\t\t\t\t\t<div class=\"elementor-element elementor-element-d9ddc68 elementor-widget elementor-widget-text-editor\" data-id=\"d9ddc68\" data-element_type=\"widget\" data-e-type=\"widget\" data-widget_type=\"text-editor.default\">\n\t\t\t\t<div class=\"elementor-widget-container\">\n\t\t\t\t\t\t\t\t\t<p>Die NIS2-Richtlinie ist in den Mitgliedsstaaten der Europ\u00e4ischen Union ab dem 18. Oktober 2024 verbindlich und stellt erhebliche Erwartungen an mittlere und gro\u00dfe Unternehmen in den Bereichen Informationssicherheit, Vorfallmanagement, Risikomanagement und regulatorische Berichterstattung.\u00a0<\/p><p class=\"\" data-start=\"513\" data-end=\"844\">DER\u00a0<strong data-start=\"515\" data-end=\"535\">Cyber-Operationen<\/strong>\u00a0Unser Expertenteam unterst\u00fctzt Ihr Unternehmen nicht nur bei der Einhaltung der NIS2-Vorschriften, sondern auch bei der Etablierung eines sicheren, regulierten und transparenten Betriebs. Die Sicherstellung einer angemessenen Vorbereitung und Einhaltung der Vorschriften ist entscheidend, um Bu\u00dfgelder zu vermeiden und Cyberrisiken zu minimieren.<\/p><p><strong>Unser Service umfasst:<\/strong><\/p><ul><li class=\"\" data-start=\"774\" data-end=\"976\"><p class=\"\" data-start=\"776\" data-end=\"976\"><strong data-start=\"776\" data-end=\"815\">Sicherstellung der Rechtskonformit\u00e4t:<\/strong>\u00a0Wir helfen Ihnen, alle Anforderungen der NIS2-Richtlinie, einschlie\u00dflich Datenschutz, Risikomanagement und Sicherheitsma\u00dfnahmen, genau zu verstehen und anzuwenden.<\/p><\/li><li class=\"\" data-start=\"980\" data-end=\"1169\"><p class=\"\" data-start=\"982\" data-end=\"1169\"><strong data-start=\"982\" data-end=\"1007\">Vorbereitende Audits:<\/strong>\u00a0Wir bewerten den aktuellen Cybersicherheitsstatus des Unternehmens und identifizieren Bereiche, in denen Verbesserungen erforderlich sind, um die Einhaltung der Vorschriften zu gew\u00e4hrleisten.<\/p><\/li><li data-start=\"980\" data-end=\"1169\"><strong data-start=\"41\" data-end=\"78\">Dokumentation und Berichterstattung:<\/strong>\u00a0Wir erstellen alle notwendigen Dokumente gem\u00e4\u00df der NIS2-Richtlinie, darunter einen Risikomanagementplan, eine Richtlinie zum Vorfallmanagement und die f\u00fcr die regulatorische Berichterstattung erforderlichen Materialien. Wir stellen au\u00dferdem sicher, dass diese in einem aktuellen und pr\u00fcff\u00e4higen Format verf\u00fcgbar sind.<\/li><li data-start=\"980\" data-end=\"1169\"><strong data-start=\"1625\" data-end=\"1664\">Laufende Beratung und Betreuung:<\/strong>\u00a0Unsere Experten unterst\u00fctzen den Compliance-Prozess Ihres Unternehmens kontinuierlich und helfen Ihnen, mit den neuesten \u00c4nderungen und Vorschriften Schritt zu halten.<\/li><\/ul><p class=\"\" data-start=\"127\" data-end=\"165\"><strong data-start=\"127\" data-end=\"165\">CyberOperations NIS2-Expertise<\/strong><\/p><p class=\"\" data-start=\"167\" data-end=\"515\">Die NIS2-Schulung wird von der Cyber Operations Group Ltd. durchgef\u00fchrt, einem national und international anerkannten Akteur im Bereich Cybersicherheit, Einhaltung gesetzlicher Vorschriften und Technologieausbildung. Unser Unternehmen verf\u00fcgt \u00fcber umfassende Erfahrung in der praktischen Anwendung und Umsetzung der EU-Cybersicherheitsvorschriften, einschlie\u00dflich der NIS2-Richtlinie.<\/p><p class=\"\" data-start=\"517\" data-end=\"602\">Das Trainingsprogramm und die Beratung werden von zwei herausragenden Experten geleitet und betreut:<\/p><p class=\"\" data-start=\"604\" data-end=\"1007\">\ud83e\udded\u00a0<strong data-start=\"607\" data-end=\"668\">\u00c1ron Par\u00e9j \u2013 Milit\u00e4r- und Sicherheitsingenieur, Gesch\u00e4ftsf\u00fchrer<\/strong><br data-start=\"668\" data-end=\"671\" \/>Gr\u00fcnder und CEO der Cyber Operations Group Ltd. Er verf\u00fcgt \u00fcber langj\u00e4hrige Erfahrung im Bereich des Schutzes kritischer Infrastrukturen und des Risikomanagements von Unternehmen. Sein Fachgebiet ist die Entwicklung von Cyber-Abwehrsystemen, insbesondere im Hinblick auf die Erwartungen der NIS2-Richtlinie an mittlere und gro\u00dfe Unternehmen.<\/p><p class=\"\" data-start=\"1009\" data-end=\"1443\">\u2696\ufe0f\u00a0<strong data-start=\"1012\" data-end=\"1093\">Dr. Antal Csev\u00e1r LL.M. \u2013 Anwalt f\u00fcr K\u00fcnstliche Intelligenz und Technologie<\/strong><br data-start=\"1093\" data-end=\"1096\" \/>Ein international erfahrener Anwalt mit Expertise in regulatorischer Compliance, Datenschutz und Technologierecht. Er verf\u00fcgt \u00fcber umfassende Erfahrung in der Unterst\u00fctzung von Unternehmen bei der Auslegung und Umsetzung der rechtlichen Anforderungen von NIS2. Seine juristische Expertise ist entscheidend f\u00fcr die Entwicklung von Compliance-Dokumentation und pr\u00fcff\u00e4higen Prozessen.<\/p><p class=\"\" data-start=\"1445\" data-end=\"1668\">Der fachliche Hintergrund und die praktische Erfahrung garantieren, dass die NIS2-Schulungen von CyberOperations nicht nur theoretisches Wissen, sondern auch konkrete, anwendbare L\u00f6sungen f\u00fcr Ihr Unternehmen bieten.<\/p><p><strong>Warum sollten Sie sich f\u00fcr den NIS2-Schulungsdienst von CyberOperations entscheiden?<\/strong><\/p><p>\u2714 Kompetente Beratung w\u00e4hrend des gesamten NIS2-Compliance-Prozesses<br data-start=\"1933\" data-end=\"1936\" \/>\u2714 Ma\u00dfgeschneiderte L\u00f6sungen f\u00fcr die Bed\u00fcrfnisse Ihres Unternehmens<br data-start=\"1992\" data-end=\"1995\" \/>\u2714 Unterst\u00fctzung bei der Anwendung der wichtigsten Gesetze und Normen (z. B. DSGVO, ISO 27001)<\/p><p class=\"\" data-start=\"2160\" data-end=\"2298\">Verpassen Sie nicht die bevorstehenden NIS2-Fristen! Stellen Sie sicher, dass Ihr Unternehmen konform ist und \u00fcber ausreichenden Cyberschutz verf\u00fcgt.<\/p><p class=\"\" data-start=\"2300\" data-end=\"2450\">\ud83d\udcc5\u00a0<strong data-start=\"126\" data-end=\"158\">Z\u00f6gern Sie nicht mit Ihren Vorbereitungen!<\/strong><\/p>\t\t\t\t\t\t\t\t<\/div>\n\t\t\t\t<\/div>\n\t\t\t\t\t<\/div>\n\t\t<\/div>\n\t\t\t\t\t<\/div>\n\t\t<\/section>\n\t\t\t\t<div class=\"elementor-element elementor-element-fd78809 elementor-widget elementor-widget-html\" data-id=\"fd78809\" data-element_type=\"widget\" data-e-type=\"widget\" data-widget_type=\"html.default\">\n\t\t\t\t<div class=\"elementor-widget-container\">\n\t\t\t\t\t<script>\r\ndocument.addEventListener('DOMContentLoaded', function () {\r\n  const button = document.querySelector('.custom-popup-button');\r\n  if (!button) return;\r\n\r\n  \/\/ Slug alapj\u00e1n nyelv meghat\u00e1roz\u00e1sa\r\n  const path = window.location.pathname;\r\n  let lang = 'hu'; \/\/ alap\u00e9rtelmezett\r\n\r\n  if (path.startsWith('\/it\/')) {\r\n    lang = 'it';\r\n  } else if (path.startsWith('\/en\/')) {\r\n    lang = 'en';\r\n  } else if (path.startsWith('\/de\/')) {\r\n    lang = 'de';\r\n  } else if (path.startsWith('\/es\/')) {\r\n    lang = 'es';\r\n  }\r\n\r\n  \/\/ Popup ind\u00edt\u00e1sa nyelv alapj\u00e1n\r\n  button.addEventListener('click', function (e) {\r\n    e.preventDefault();\r\n\r\n    if (lang === 'it') {\r\n      elementorProFrontend.modules.popup.showPopup({id: 2725}); \/\/ Olasz\r\n    } else {\r\n      elementorProFrontend.modules.popup.showPopup({id: 2871}); \/\/ Alap: Magyar\r\n    }\r\n  });\r\n});\r\n<\/script>\r\n\t\t\t\t<\/div>\n\t\t\t\t<\/div>\n\t\t\t\t\t<\/div>\n\t\t<\/div>\n\t\t\t\t\t<\/div>\n\t\t<\/section>\n\t\t\t\t\t<\/div>\n\t\t<\/div>\n\t\t\t\t\t<\/div>\n\t\t<\/section>\n\t\t\t\t<\/div>","protected":false},"excerpt":{"rendered":"<p>NIS2 felk\u00e9sz\u00edt\u00e9s A NIS2 ir\u00e1nyelv 2024. okt\u00f3ber 18-t\u00f3l k\u00f6telez\u0151 \u00e9rv\u00e9ny\u0171 az Eur\u00f3pai Uni\u00f3 tag\u00e1llamaiban, \u00e9s jelent\u0151s elv\u00e1r\u00e1sokat t\u00e1maszt a k\u00f6zepes [&hellip;]<\/p>\n","protected":false},"author":1,"featured_media":0,"parent":0,"menu_order":0,"comment_status":"closed","ping_status":"closed","template":"","meta":{"site-sidebar-layout":"no-sidebar","site-content-layout":"","ast-site-content-layout":"full-width-container","site-content-style":"default","site-sidebar-style":"default","ast-global-header-display":"","ast-banner-title-visibility":"","ast-main-header-display":"","ast-hfb-above-header-display":"","ast-hfb-below-header-display":"","ast-hfb-mobile-header-display":"","site-post-title":"disabled","ast-breadcrumbs-content":"","ast-featured-img":"disabled","footer-sml-layout":"","ast-disable-related-posts":"","theme-transparent-header-meta":"default","adv-header-id-meta":"","stick-header-meta":"","header-above-stick-meta":"","header-main-stick-meta":"","header-below-stick-meta":"","astra-migrate-meta-layouts":"set","ast-page-background-enabled":"default","ast-page-background-meta":{"desktop":{"background-color":"var(--ast-global-color-4)","background-image":"","background-repeat":"repeat","background-position":"center center","background-size":"auto","background-attachment":"scroll","background-type":"","background-media":"","overlay-type":"","overlay-color":"","overlay-opacity":"","overlay-gradient":""},"tablet":{"background-color":"","background-image":"","background-repeat":"repeat","background-position":"center center","background-size":"auto","background-attachment":"scroll","background-type":"","background-media":"","overlay-type":"","overlay-color":"","overlay-opacity":"","overlay-gradient":""},"mobile":{"background-color":"","background-image":"","background-repeat":"repeat","background-position":"center center","background-size":"auto","background-attachment":"scroll","background-type":"","background-media":"","overlay-type":"","overlay-color":"","overlay-opacity":"","overlay-gradient":""}},"ast-content-background-meta":{"desktop":{"background-color":"var(--ast-global-color-5)","background-image":"","background-repeat":"repeat","background-position":"center center","background-size":"auto","background-attachment":"scroll","background-type":"","background-media":"","overlay-type":"","overlay-color":"","overlay-opacity":"","overlay-gradient":""},"tablet":{"background-color":"var(--ast-global-color-5)","background-image":"","background-repeat":"repeat","background-position":"center center","background-size":"auto","background-attachment":"scroll","background-type":"","background-media":"","overlay-type":"","overlay-color":"","overlay-opacity":"","overlay-gradient":""},"mobile":{"background-color":"var(--ast-global-color-5)","background-image":"","background-repeat":"repeat","background-position":"center center","background-size":"auto","background-attachment":"scroll","background-type":"","background-media":"","overlay-type":"","overlay-color":"","overlay-opacity":"","overlay-gradient":""}},"footnotes":""},"class_list":["post-2885","page","type-page","status-publish","hentry"],"yoast_head":"<!-- This site is optimized with the Yoast SEO Premium plugin v27.4 (Yoast SEO v27.4) - https:\/\/yoast.com\/product\/yoast-seo-premium-wordpress\/ -->\n<title>NIS2 felk\u00e9sz\u00edt\u00e9s - Cyber Operations Group Kft.<\/title>\n<meta name=\"robots\" content=\"index, follow, max-snippet:-1, max-image-preview:large, max-video-preview:-1\" \/>\n<link rel=\"canonical\" href=\"https:\/\/cyberoperations.hu\/de\/nis2-felkeszites\/\" \/>\n<meta property=\"og:locale\" content=\"de_DE\" \/>\n<meta property=\"og:type\" content=\"article\" \/>\n<meta property=\"og:title\" content=\"NIS2 felk\u00e9sz\u00edt\u00e9s\" \/>\n<meta property=\"og:description\" content=\"NIS2 felk\u00e9sz\u00edt\u00e9s A NIS2 ir\u00e1nyelv 2024. okt\u00f3ber 18-t\u00f3l k\u00f6telez\u0151 \u00e9rv\u00e9ny\u0171 az Eur\u00f3pai Uni\u00f3 tag\u00e1llamaiban, \u00e9s jelent\u0151s elv\u00e1r\u00e1sokat t\u00e1maszt a k\u00f6zepes [&hellip;]\" \/>\n<meta property=\"og:url\" content=\"https:\/\/cyberoperations.hu\/de\/nis2-felkeszites\/\" \/>\n<meta property=\"og:site_name\" content=\"Cyber Operations Group Kft.\" \/>\n<meta property=\"article:modified_time\" content=\"2026-02-28T17:21:34+00:00\" \/>\n<meta name=\"twitter:card\" content=\"summary_large_image\" \/>\n<meta name=\"twitter:label1\" content=\"Gesch\u00e4tzte Lesezeit\" \/>\n\t<meta name=\"twitter:data1\" content=\"3\u00a0Minuten\" \/>\n<script type=\"application\/ld+json\" class=\"yoast-schema-graph\">{\"@context\":\"https:\\\/\\\/schema.org\",\"@graph\":[{\"@type\":\"WebPage\",\"@id\":\"https:\\\/\\\/cyberoperations.hu\\\/nis2-felkeszites\\\/\",\"url\":\"https:\\\/\\\/cyberoperations.hu\\\/nis2-felkeszites\\\/\",\"name\":\"NIS2 felk\u00e9sz\u00edt\u00e9s - Cyber Operations Group Kft.\",\"isPartOf\":{\"@id\":\"https:\\\/\\\/cyberoperations.hu\\\/#website\"},\"datePublished\":\"2025-05-22T15:47:53+00:00\",\"dateModified\":\"2026-02-28T17:21:34+00:00\",\"breadcrumb\":{\"@id\":\"https:\\\/\\\/cyberoperations.hu\\\/nis2-felkeszites\\\/#breadcrumb\"},\"inLanguage\":\"de\",\"potentialAction\":[{\"@type\":\"ReadAction\",\"target\":[\"https:\\\/\\\/cyberoperations.hu\\\/nis2-felkeszites\\\/\"]}]},{\"@type\":\"BreadcrumbList\",\"@id\":\"https:\\\/\\\/cyberoperations.hu\\\/nis2-felkeszites\\\/#breadcrumb\",\"itemListElement\":[{\"@type\":\"ListItem\",\"position\":1,\"name\":\"Kezd\u0151lap\",\"item\":\"https:\\\/\\\/cyberoperations.hu\\\/\"},{\"@type\":\"ListItem\",\"position\":2,\"name\":\"NIS2 felk\u00e9sz\u00edt\u00e9s\"}]},{\"@type\":\"WebSite\",\"@id\":\"https:\\\/\\\/cyberoperations.hu\\\/#website\",\"url\":\"https:\\\/\\\/cyberoperations.hu\\\/\",\"name\":\"Cyber Operations Group Kft.\",\"description\":\"\",\"publisher\":{\"@id\":\"https:\\\/\\\/cyberoperations.hu\\\/#organization\"},\"potentialAction\":[{\"@type\":\"SearchAction\",\"target\":{\"@type\":\"EntryPoint\",\"urlTemplate\":\"https:\\\/\\\/cyberoperations.hu\\\/?s={search_term_string}\"},\"query-input\":{\"@type\":\"PropertyValueSpecification\",\"valueRequired\":true,\"valueName\":\"search_term_string\"}}],\"inLanguage\":\"de\"},{\"@type\":\"Organization\",\"@id\":\"https:\\\/\\\/cyberoperations.hu\\\/#organization\",\"name\":\"Cyber Operations Group Kft.\",\"url\":\"https:\\\/\\\/cyberoperations.hu\\\/\",\"logo\":{\"@type\":\"ImageObject\",\"inLanguage\":\"de\",\"@id\":\"https:\\\/\\\/cyberoperations.hu\\\/#\\\/schema\\\/logo\\\/image\\\/\",\"url\":\"https:\\\/\\\/cyberoperations.hu\\\/wp-content\\\/uploads\\\/2024\\\/12\\\/simalogo-2.png\",\"contentUrl\":\"https:\\\/\\\/cyberoperations.hu\\\/wp-content\\\/uploads\\\/2024\\\/12\\\/simalogo-2.png\",\"width\":1500,\"height\":400,\"caption\":\"Cyber Operations Group Kft.\"},\"image\":{\"@id\":\"https:\\\/\\\/cyberoperations.hu\\\/#\\\/schema\\\/logo\\\/image\\\/\"}}]}<\/script>\n<!-- \/ Yoast SEO Premium plugin. -->","yoast_head_json":{"title":"NIS2-Vorbereitung \u2013 Cyber Operations Group Ltd.","robots":{"index":"index","follow":"follow","max-snippet":"max-snippet:-1","max-image-preview":"max-image-preview:large","max-video-preview":"max-video-preview:-1"},"canonical":"https:\/\/cyberoperations.hu\/de\/nis2-felkeszites\/","og_locale":"de_DE","og_type":"article","og_title":"NIS2 felk\u00e9sz\u00edt\u00e9s","og_description":"NIS2 felk\u00e9sz\u00edt\u00e9s A NIS2 ir\u00e1nyelv 2024. okt\u00f3ber 18-t\u00f3l k\u00f6telez\u0151 \u00e9rv\u00e9ny\u0171 az Eur\u00f3pai Uni\u00f3 tag\u00e1llamaiban, \u00e9s jelent\u0151s elv\u00e1r\u00e1sokat t\u00e1maszt a k\u00f6zepes [&hellip;]","og_url":"https:\/\/cyberoperations.hu\/de\/nis2-felkeszites\/","og_site_name":"Cyber Operations Group Kft.","article_modified_time":"2026-02-28T17:21:34+00:00","twitter_card":"summary_large_image","twitter_misc":{"Gesch\u00e4tzte Lesezeit":"3\u00a0Minuten"},"schema":{"@context":"https:\/\/schema.org","@graph":[{"@type":"WebPage","@id":"https:\/\/cyberoperations.hu\/nis2-felkeszites\/","url":"https:\/\/cyberoperations.hu\/nis2-felkeszites\/","name":"NIS2-Vorbereitung \u2013 Cyber Operations Group Ltd.","isPartOf":{"@id":"https:\/\/cyberoperations.hu\/#website"},"datePublished":"2025-05-22T15:47:53+00:00","dateModified":"2026-02-28T17:21:34+00:00","breadcrumb":{"@id":"https:\/\/cyberoperations.hu\/nis2-felkeszites\/#breadcrumb"},"inLanguage":"de","potentialAction":[{"@type":"ReadAction","target":["https:\/\/cyberoperations.hu\/nis2-felkeszites\/"]}]},{"@type":"BreadcrumbList","@id":"https:\/\/cyberoperations.hu\/nis2-felkeszites\/#breadcrumb","itemListElement":[{"@type":"ListItem","position":1,"name":"Kezd\u0151lap","item":"https:\/\/cyberoperations.hu\/"},{"@type":"ListItem","position":2,"name":"NIS2 felk\u00e9sz\u00edt\u00e9s"}]},{"@type":"WebSite","@id":"https:\/\/cyberoperations.hu\/#website","url":"https:\/\/cyberoperations.hu\/","name":"Cyber Operations Group Ltd.","description":"","publisher":{"@id":"https:\/\/cyberoperations.hu\/#organization"},"potentialAction":[{"@type":"SearchAction","target":{"@type":"EntryPoint","urlTemplate":"https:\/\/cyberoperations.hu\/?s={search_term_string}"},"query-input":{"@type":"PropertyValueSpecification","valueRequired":true,"valueName":"search_term_string"}}],"inLanguage":"de"},{"@type":"Organization","@id":"https:\/\/cyberoperations.hu\/#organization","name":"Cyber Operations Group Ltd.","url":"https:\/\/cyberoperations.hu\/","logo":{"@type":"ImageObject","inLanguage":"de","@id":"https:\/\/cyberoperations.hu\/#\/schema\/logo\/image\/","url":"https:\/\/cyberoperations.hu\/wp-content\/uploads\/2024\/12\/simalogo-2.png","contentUrl":"https:\/\/cyberoperations.hu\/wp-content\/uploads\/2024\/12\/simalogo-2.png","width":1500,"height":400,"caption":"Cyber Operations Group Kft."},"image":{"@id":"https:\/\/cyberoperations.hu\/#\/schema\/logo\/image\/"}}]}},"_links":{"self":[{"href":"https:\/\/cyberoperations.hu\/de\/wp-json\/wp\/v2\/pages\/2885","targetHints":{"allow":["GET"]}}],"collection":[{"href":"https:\/\/cyberoperations.hu\/de\/wp-json\/wp\/v2\/pages"}],"about":[{"href":"https:\/\/cyberoperations.hu\/de\/wp-json\/wp\/v2\/types\/page"}],"author":[{"embeddable":true,"href":"https:\/\/cyberoperations.hu\/de\/wp-json\/wp\/v2\/users\/1"}],"replies":[{"embeddable":true,"href":"https:\/\/cyberoperations.hu\/de\/wp-json\/wp\/v2\/comments?post=2885"}],"version-history":[{"count":0,"href":"https:\/\/cyberoperations.hu\/de\/wp-json\/wp\/v2\/pages\/2885\/revisions"}],"wp:attachment":[{"href":"https:\/\/cyberoperations.hu\/de\/wp-json\/wp\/v2\/media?parent=2885"}],"curies":[{"name":"wp","href":"https:\/\/api.w.org\/{rel}","templated":true}]}}