{"id":2409,"date":"2025-01-20T14:57:11","date_gmt":"2025-01-20T13:57:11","guid":{"rendered":"https:\/\/cyberoperations.hu\/?post_type=product&#038;p=2409"},"modified":"2025-08-05T13:12:38","modified_gmt":"2025-08-05T11:12:38","slug":"kibervedelmi-szoftver","status":"publish","type":"product","link":"https:\/\/cyberoperations.hu\/de\/produkt\/kibervedelmi-szoftver\/","title":{"rendered":"Deep Instinct \u2013 KI-Malware-Schutz der n\u00e4chsten Generation"},"content":{"rendered":"<div data-elementor-type=\"product-post\" data-elementor-id=\"2409\" class=\"elementor elementor-2409\" data-elementor-post-type=\"product\">\n\t\t\t\t<div class=\"elementor-element elementor-element-dcf52 e-flex e-con-boxed e-con e-parent\" data-id=\"dcf52\" data-element_type=\"container\" data-e-type=\"container\">\n\t\t\t\t\t<div class=\"e-con-inner\">\n\t\t\t\t<div class=\"elementor-element elementor-element-6232448b elementor-widget elementor-widget-text-editor\" data-id=\"6232448b\" data-element_type=\"widget\" data-e-type=\"widget\" data-widget_type=\"text-editor.default\">\n\t\t\t\t<div class=\"elementor-widget-container\">\n\t\t\t\t\t\t\t\t\tDeep Instinct ist eine revolution\u00e4re Cybersicherheitsl\u00f6sung, die die fortschrittlichste Form k\u00fcnstlicher Intelligenz, die Deep-Learning-Technologie, nutzt, um Unternehmensger\u00e4te, Server, Mobilger\u00e4te und Cloud-Datenspeicher zu sch\u00fctzen.\r\n\r\n<strong>Hauptvorteile und Funktionen<\/strong>\r\n<ul>\r\n \t<li>Pr\u00e4ventiver Schutz: Deep Instinct erkennt und verhindert sowohl bekannte als auch unbekannte Bedrohungen, bevor sie Schaden anrichten \u2013 einschlie\u00dflich der neuesten Ransomware, Zero-Day-Angriffen und dateiloser Malware.<\/li>\r\n \t<li>Auf Deep Learning basierende Plattform: Die einzigartigen Deep-Learning-Algorithmen sind in der Lage, Bedrohungen bereits im Anfangsstadium, also noch vor der Ausf\u00fchrung von Dateien, schnell und pr\u00e4zise zu erkennen und so das Infektionsrisiko auf Null zu reduzieren.<\/li>\r\n \t<li>Schnell und einfach zu bedienen: Extrem schnell \u2013 blockiert Bedrohungen in weniger als 20 Millisekunden bei minimalem Ressourcenverbrauch und eignet sich daher zum Schutz gro\u00dfer Unternehmensumgebungen und Cloud-Migrationen.<\/li>\r\n \t<li>Niedrige Fehlerrate: Arbeitet mit einer der niedrigsten Falschalarmraten der Branche (unter 0,1%), sodass Benutzer ohne Unterbrechung arbeiten k\u00f6nnen und nur echte Bedrohungen gemeldet werden.<\/li>\r\n \t<li>Plattformunabh\u00e4ngig: Unterst\u00fctzt die Betriebssysteme Windows, macOS, Linux, Android und ChromeOS; bietet Schutz auf lokalen und Remote-Endpunkten, Servern sowie in virtualisierten und Cloud-Umgebungen.<\/li>\r\n \t<li>Echtzeit-Reporting und Erkl\u00e4rbarkeit: Das KI-basierte Erkl\u00e4rmodul unterst\u00fctzt SOC-Teams (Security Operations Center) bei schnelleren Entscheidungen und beim Vorfallmanagement.<\/li>\r\n<\/ul>\r\n<strong>Was macht Deep Instinct einzigartig?<\/strong>\r\n<ul>\r\n \t<li>Dabei kommt ausschlie\u00dflich Deep-Learning-Technologie zum Einsatz und analysiert nicht nur bekannte Muster, sondern auch Verhaltensweisen und neue Bedrohungen.<\/li>\r\n \t<li>Schutz vor noch nie dagewesenen, fortschrittlichen Angriffen.<\/li>\r\n \t<li>Verf\u00fcgbar als eigenst\u00e4ndiger, einfach zu integrierender Agent oder API-basierte L\u00f6sung.<\/li>\r\n<\/ul>\r\n<strong>Wem empfehlen wir es?<\/strong>\r\n<ul>\r\n \t<li>F\u00fcr mittlere und gro\u00dfe Unternehmen, die ein proaktives, wirklich automatisiertes Cybersicherheitsschutzsystem w\u00fcnschen.<\/li>\r\n \t<li>F\u00fcr Organisationen, die Wert auf Compliance, proaktiven Schutz und kosteneffizienten Betrieb legen.<\/li>\r\n<\/ul>\r\n<strong>Sch\u00fctzen Sie Ihr Unternehmen mit modernster KI-Technologie, um zuk\u00fcnftige Angriffe zu verhindern \u2013 entscheiden Sie sich f\u00fcr Deep Instinct!<\/strong>\t\t\t\t\t\t\t\t<\/div>\n\t\t\t\t<\/div>\n\t\t\t\t\t<\/div>\n\t\t\t\t<\/div>\n\t\t<div class=\"elementor-element elementor-element-3b3e85a e-flex e-con-boxed e-con e-parent\" data-id=\"3b3e85a\" data-element_type=\"container\" data-e-type=\"container\">\n\t\t\t\t\t<div class=\"e-con-inner\">\n\t\t\t\t<div class=\"elementor-element elementor-element-062d5ce elementor-widget elementor-widget-video\" data-id=\"062d5ce\" data-element_type=\"widget\" data-e-type=\"widget\" data-settings=\"{&quot;youtube_url&quot;:&quot;https:\\\/\\\/www.youtube.com\\\/watch?v=JiBYU4LXDIk&quot;,&quot;video_type&quot;:&quot;youtube&quot;,&quot;controls&quot;:&quot;yes&quot;}\" data-widget_type=\"video.default\">\n\t\t\t\t<div class=\"elementor-widget-container\">\n\t\t\t\t\t\t\t<div class=\"elementor-wrapper elementor-open-inline\">\n\t\t\t<div class=\"elementor-video\"><\/div>\t\t<\/div>\n\t\t\t\t\t\t<\/div>\n\t\t\t\t<\/div>\n\t\t\t\t\t<\/div>\n\t\t\t\t<\/div>\n\t\t<div class=\"elementor-element elementor-element-80aa6a9 e-flex e-con-boxed e-con e-parent\" data-id=\"80aa6a9\" data-element_type=\"container\" data-e-type=\"container\">\n\t\t\t\t\t<div class=\"e-con-inner\">\n\t\t\t\t\t<\/div>\n\t\t\t\t<\/div>\n\t\t\t\t<\/div>","protected":false},"excerpt":{"rendered":"<p>Deep Instinct egy forradalmi kiberbiztons\u00e1gi megold\u00e1s, amely a mesters\u00e9ges intelligencia legfejlettebb form\u00e1j\u00e1t, a deep learning technol\u00f3gi\u00e1t alkalmazza a v\u00e1llalati eszk\u00f6z\u00f6k, [&hellip;]<\/p>\n","protected":false},"featured_media":0,"template":"","meta":{"site-sidebar-layout":"default","site-content-layout":"","ast-site-content-layout":"default","site-content-style":"default","site-sidebar-style":"default","ast-global-header-display":"","ast-banner-title-visibility":"","ast-main-header-display":"","ast-hfb-above-header-display":"","ast-hfb-below-header-display":"","ast-hfb-mobile-header-display":"","site-post-title":"","ast-breadcrumbs-content":"","ast-featured-img":"","footer-sml-layout":"","ast-disable-related-posts":"","theme-transparent-header-meta":"default","adv-header-id-meta":"","stick-header-meta":"","header-above-stick-meta":"","header-main-stick-meta":"","header-below-stick-meta":"","astra-migrate-meta-layouts":"set","ast-page-background-enabled":"default","ast-page-background-meta":{"desktop":{"background-color":"var(--ast-global-color-4)","background-image":"","background-repeat":"repeat","background-position":"center center","background-size":"auto","background-attachment":"scroll","background-type":"","background-media":"","overlay-type":"","overlay-color":"","overlay-opacity":"","overlay-gradient":""},"tablet":{"background-color":"","background-image":"","background-repeat":"repeat","background-position":"center center","background-size":"auto","background-attachment":"scroll","background-type":"","background-media":"","overlay-type":"","overlay-color":"","overlay-opacity":"","overlay-gradient":""},"mobile":{"background-color":"","background-image":"","background-repeat":"repeat","background-position":"center center","background-size":"auto","background-attachment":"scroll","background-type":"","background-media":"","overlay-type":"","overlay-color":"","overlay-opacity":"","overlay-gradient":""}},"ast-content-background-meta":{"desktop":{"background-color":"var(--ast-global-color-5)","background-image":"","background-repeat":"repeat","background-position":"center center","background-size":"auto","background-attachment":"scroll","background-type":"","background-media":"","overlay-type":"","overlay-color":"","overlay-opacity":"","overlay-gradient":""},"tablet":{"background-color":"var(--ast-global-color-5)","background-image":"","background-repeat":"repeat","background-position":"center center","background-size":"auto","background-attachment":"scroll","background-type":"","background-media":"","overlay-type":"","overlay-color":"","overlay-opacity":"","overlay-gradient":""},"mobile":{"background-color":"var(--ast-global-color-5)","background-image":"","background-repeat":"repeat","background-position":"center center","background-size":"auto","background-attachment":"scroll","background-type":"","background-media":"","overlay-type":"","overlay-color":"","overlay-opacity":"","overlay-gradient":""}}},"product_brand":[],"product_cat":[25],"product_tag":[],"class_list":{"0":"post-2409","1":"product","2":"type-product","3":"status-publish","5":"product_cat-uncategorized","6":"desktop-align-left","7":"tablet-align-left","8":"mobile-align-left","10":"first","11":"instock","12":"shipping-taxable","13":"product-type-simple"},"yoast_head":"<!-- This site is optimized with the Yoast SEO Premium plugin v27.4 (Yoast SEO v27.4) - https:\/\/yoast.com\/product\/yoast-seo-premium-wordpress\/ -->\n<title>Deep Instinct \u2013 Next-Generation AI Malware Protection - Cyber Operations Group Kft.<\/title>\n<meta name=\"robots\" content=\"index, follow, max-snippet:-1, max-image-preview:large, max-video-preview:-1\" \/>\n<link rel=\"canonical\" href=\"https:\/\/cyberoperations.hu\/de\/product\/cybersecurity-software\/\" \/>\n<meta property=\"og:locale\" content=\"de_DE\" \/>\n<meta property=\"og:type\" content=\"article\" \/>\n<meta property=\"og:title\" content=\"Deep Instinct \u2013 Next-Generation AI Malware Protection\" \/>\n<meta property=\"og:description\" content=\"Deep Instinct egy forradalmi kiberbiztons\u00e1gi megold\u00e1s, amely a mesters\u00e9ges intelligencia legfejlettebb form\u00e1j\u00e1t, a deep learning technol\u00f3gi\u00e1t alkalmazza a v\u00e1llalati eszk\u00f6z\u00f6k, [&hellip;]\" \/>\n<meta property=\"og:url\" content=\"https:\/\/cyberoperations.hu\/de\/product\/cybersecurity-software\/\" \/>\n<meta property=\"og:site_name\" content=\"Cyber Operations Group Kft.\" \/>\n<meta property=\"article:modified_time\" content=\"2025-08-05T11:12:38+00:00\" \/>\n<meta name=\"twitter:card\" content=\"summary_large_image\" \/>\n<meta name=\"twitter:label1\" content=\"Preis\" \/>\n\t<meta name=\"twitter:data1\" content=\"\" \/>\n\t<meta name=\"twitter:label2\" content=\"Verf\u00fcgbarkeit\" \/>\n\t<meta name=\"twitter:data2\" content=\"Auf Lager\" \/>\n<script type=\"application\/ld+json\" class=\"yoast-schema-graph\">{\"@context\":\"https:\\\/\\\/schema.org\",\"@graph\":[{\"@type\":\"WebPage\",\"@id\":\"https:\\\/\\\/cyberoperations.hu\\\/en\\\/product\\\/cybersecurity-software\\\/\",\"url\":\"https:\\\/\\\/cyberoperations.hu\\\/en\\\/product\\\/cybersecurity-software\\\/\",\"name\":\"Deep Instinct \u2013 Next-Generation AI Malware Protection - Cyber Operations Group Kft.\",\"isPartOf\":{\"@id\":\"https:\\\/\\\/cyberoperations.hu\\\/#website\"},\"datePublished\":\"2025-01-20T13:57:11+00:00\",\"dateModified\":\"2025-08-05T11:12:38+00:00\",\"breadcrumb\":{\"@id\":\"https:\\\/\\\/cyberoperations.hu\\\/en\\\/product\\\/cybersecurity-software\\\/#breadcrumb\"},\"inLanguage\":\"de\",\"potentialAction\":[{\"@type\":\"ReadAction\",\"target\":[\"https:\\\/\\\/cyberoperations.hu\\\/en\\\/product\\\/cybersecurity-software\\\/\"]}]},{\"@type\":\"BreadcrumbList\",\"@id\":\"https:\\\/\\\/cyberoperations.hu\\\/en\\\/product\\\/cybersecurity-software\\\/#breadcrumb\",\"itemListElement\":[{\"@type\":\"ListItem\",\"position\":1,\"name\":\"Kezd\u0151lap\",\"item\":\"https:\\\/\\\/cyberoperations.hu\\\/\"},{\"@type\":\"ListItem\",\"position\":2,\"name\":\"Shop\",\"item\":\"https:\\\/\\\/cyberoperations.hu\\\/shop\\\/\"},{\"@type\":\"ListItem\",\"position\":3,\"name\":\"Deep Instinct \u2013 Next-Generation AI Malware Protection\"}]},{\"@type\":\"WebSite\",\"@id\":\"https:\\\/\\\/cyberoperations.hu\\\/#website\",\"url\":\"https:\\\/\\\/cyberoperations.hu\\\/\",\"name\":\"Cyber Operations Group Kft.\",\"description\":\"\",\"publisher\":{\"@id\":\"https:\\\/\\\/cyberoperations.hu\\\/#organization\"},\"potentialAction\":[{\"@type\":\"SearchAction\",\"target\":{\"@type\":\"EntryPoint\",\"urlTemplate\":\"https:\\\/\\\/cyberoperations.hu\\\/?s={search_term_string}\"},\"query-input\":{\"@type\":\"PropertyValueSpecification\",\"valueRequired\":true,\"valueName\":\"search_term_string\"}}],\"inLanguage\":\"de\"},{\"@type\":\"Organization\",\"@id\":\"https:\\\/\\\/cyberoperations.hu\\\/#organization\",\"name\":\"Cyber Operations Group Kft.\",\"url\":\"https:\\\/\\\/cyberoperations.hu\\\/\",\"logo\":{\"@type\":\"ImageObject\",\"inLanguage\":\"de\",\"@id\":\"https:\\\/\\\/cyberoperations.hu\\\/#\\\/schema\\\/logo\\\/image\\\/\",\"url\":\"https:\\\/\\\/cyberoperations.hu\\\/wp-content\\\/uploads\\\/2024\\\/12\\\/simalogo-2.png\",\"contentUrl\":\"https:\\\/\\\/cyberoperations.hu\\\/wp-content\\\/uploads\\\/2024\\\/12\\\/simalogo-2.png\",\"width\":1500,\"height\":400,\"caption\":\"Cyber Operations Group Kft.\"},\"image\":{\"@id\":\"https:\\\/\\\/cyberoperations.hu\\\/#\\\/schema\\\/logo\\\/image\\\/\"}}]}<\/script>\n<meta property=\"product:price:currency\" content=\"EUR\" \/>\n<meta property=\"og:availability\" content=\"instock\" \/>\n<meta property=\"product:availability\" content=\"instock\" \/>\n<meta property=\"product:condition\" content=\"new\" \/>\n<!-- \/ Yoast SEO Premium plugin. -->","yoast_head_json":{"title":"Deep Instinct \u2013 KI-Malware-Schutz der n\u00e4chsten Generation \u2013 Cyber Operations Group Kft.","robots":{"index":"index","follow":"follow","max-snippet":"max-snippet:-1","max-image-preview":"max-image-preview:large","max-video-preview":"max-video-preview:-1"},"canonical":"https:\/\/cyberoperations.hu\/de\/product\/cybersecurity-software\/","og_locale":"de_DE","og_type":"article","og_title":"Deep Instinct \u2013 Next-Generation AI Malware Protection","og_description":"Deep Instinct egy forradalmi kiberbiztons\u00e1gi megold\u00e1s, amely a mesters\u00e9ges intelligencia legfejlettebb form\u00e1j\u00e1t, a deep learning technol\u00f3gi\u00e1t alkalmazza a v\u00e1llalati eszk\u00f6z\u00f6k, [&hellip;]","og_url":"https:\/\/cyberoperations.hu\/de\/product\/cybersecurity-software\/","og_site_name":"Cyber Operations Group Kft.","article_modified_time":"2025-08-05T11:12:38+00:00","twitter_card":"summary_large_image","twitter_misc":{"Preis":"","Verf\u00fcgbarkeit":"Auf Lager"},"schema":{"@context":"https:\/\/schema.org","@graph":[{"@type":"WebPage","@id":"https:\/\/cyberoperations.hu\/en\/product\/cybersecurity-software\/","url":"https:\/\/cyberoperations.hu\/en\/product\/cybersecurity-software\/","name":"Deep Instinct \u2013 KI-Malware-Schutz der n\u00e4chsten Generation \u2013 Cyber Operations Group Kft.","isPartOf":{"@id":"https:\/\/cyberoperations.hu\/#website"},"datePublished":"2025-01-20T13:57:11+00:00","dateModified":"2025-08-05T11:12:38+00:00","breadcrumb":{"@id":"https:\/\/cyberoperations.hu\/en\/product\/cybersecurity-software\/#breadcrumb"},"inLanguage":"de","potentialAction":[{"@type":"ReadAction","target":["https:\/\/cyberoperations.hu\/en\/product\/cybersecurity-software\/"]}]},{"@type":"BreadcrumbList","@id":"https:\/\/cyberoperations.hu\/en\/product\/cybersecurity-software\/#breadcrumb","itemListElement":[{"@type":"ListItem","position":1,"name":"Kezd\u0151lap","item":"https:\/\/cyberoperations.hu\/"},{"@type":"ListItem","position":2,"name":"Shop","item":"https:\/\/cyberoperations.hu\/shop\/"},{"@type":"ListItem","position":3,"name":"Deep Instinct \u2013 Next-Generation AI Malware Protection"}]},{"@type":"WebSite","@id":"https:\/\/cyberoperations.hu\/#website","url":"https:\/\/cyberoperations.hu\/","name":"Cyber Operations Group Ltd.","description":"","publisher":{"@id":"https:\/\/cyberoperations.hu\/#organization"},"potentialAction":[{"@type":"SearchAction","target":{"@type":"EntryPoint","urlTemplate":"https:\/\/cyberoperations.hu\/?s={search_term_string}"},"query-input":{"@type":"PropertyValueSpecification","valueRequired":true,"valueName":"search_term_string"}}],"inLanguage":"de"},{"@type":"Organization","@id":"https:\/\/cyberoperations.hu\/#organization","name":"Cyber Operations Group Ltd.","url":"https:\/\/cyberoperations.hu\/","logo":{"@type":"ImageObject","inLanguage":"de","@id":"https:\/\/cyberoperations.hu\/#\/schema\/logo\/image\/","url":"https:\/\/cyberoperations.hu\/wp-content\/uploads\/2024\/12\/simalogo-2.png","contentUrl":"https:\/\/cyberoperations.hu\/wp-content\/uploads\/2024\/12\/simalogo-2.png","width":1500,"height":400,"caption":"Cyber Operations Group Kft."},"image":{"@id":"https:\/\/cyberoperations.hu\/#\/schema\/logo\/image\/"}}]},"product_price_currency":"EUR","og_availability":"instock","product_availability":"instock","product_condition":"new"},"_links":{"self":[{"href":"https:\/\/cyberoperations.hu\/de\/wp-json\/wp\/v2\/product\/2409","targetHints":{"allow":["GET"]}}],"collection":[{"href":"https:\/\/cyberoperations.hu\/de\/wp-json\/wp\/v2\/product"}],"about":[{"href":"https:\/\/cyberoperations.hu\/de\/wp-json\/wp\/v2\/types\/product"}],"version-history":[{"count":0,"href":"https:\/\/cyberoperations.hu\/de\/wp-json\/wp\/v2\/product\/2409\/revisions"}],"wp:attachment":[{"href":"https:\/\/cyberoperations.hu\/de\/wp-json\/wp\/v2\/media?parent=2409"}],"wp:term":[{"taxonomy":"product_brand","embeddable":true,"href":"https:\/\/cyberoperations.hu\/de\/wp-json\/wp\/v2\/product_brand?post=2409"},{"taxonomy":"product_cat","embeddable":true,"href":"https:\/\/cyberoperations.hu\/de\/wp-json\/wp\/v2\/product_cat?post=2409"},{"taxonomy":"product_tag","embeddable":true,"href":"https:\/\/cyberoperations.hu\/de\/wp-json\/wp\/v2\/product_tag?post=2409"}],"curies":[{"name":"wp","href":"https:\/\/api.w.org\/{rel}","templated":true}]}}