{"id":2699,"date":"2025-03-27T09:47:41","date_gmt":"2025-03-27T08:47:41","guid":{"rendered":"https:\/\/cyberoperations.hu\/?post_type=product&#038;p=2699"},"modified":"2025-04-04T09:26:24","modified_gmt":"2025-04-04T07:26:24","slug":"kiberbiztositasi-es-kiberhigieniai-konzultacio","status":"publish","type":"product","link":"https:\/\/cyberoperations.hu\/de\/produkt\/kiberbiztositasi-es-kiberhigieniai-konzultacio\/","title":{"rendered":"Cyber-Versicherung und Cyber-Hygiene-Beratung\u00a0"},"content":{"rendered":"<p><span data-contrast=\"auto\">A <\/span><b><span data-contrast=\"auto\">CyberOperations Kiberbiztos\u00edt\u00e1si \u00e9s Kiberhigi\u00e9niai Konzult\u00e1ci\u00f3ja<\/span><\/b><span data-contrast=\"auto\"> \u00e1tfog\u00f3 tan\u00e1csad\u00e1st biztos\u00edt v\u00e1llalat\u00e1nak a kiberbiztons\u00e1gi kock\u00e1zatok kezel\u00e9s\u00e9re, a megfelel\u0151 biztos\u00edt\u00e1si v\u00e9delem kiv\u00e1laszt\u00e1s\u00e1ra \u00e9s a mindennapi kiberhigi\u00e9niai gyakorlatok kialak\u00edt\u00e1s\u00e1ra. Seg\u00edt\u00fcnk a v\u00e1llalatot \u00e9rint\u0151 fenyeget\u00e9sek azonos\u00edt\u00e1s\u00e1ban, a biztos\u00edt\u00e1si opci\u00f3k \u00e9rt\u00e9kel\u00e9s\u00e9ben, valamint a hat\u00e9kony v\u00e9dekez\u00e9si strat\u00e9gi\u00e1k kidolgoz\u00e1s\u00e1ban.<\/span><span data-ccp-props=\"{&quot;134233117&quot;:false,&quot;134233118&quot;:false,&quot;335559738&quot;:240,&quot;335559739&quot;:240}\">\u00a0<\/span><\/p>\n<p aria-level=\"4\"><b><i><span data-contrast=\"none\">Szolg\u00e1ltat\u00e1s tartalma:<\/span><\/i><\/b><span data-ccp-props=\"{&quot;134233117&quot;:false,&quot;134233118&quot;:false,&quot;134245418&quot;:true,&quot;134245529&quot;:true,&quot;335559738&quot;:319,&quot;335559739&quot;:319}\">\u00a0<\/span><\/p>\n<p><span data-contrast=\"auto\">\ud83d\udee1 <\/span><b><span data-contrast=\"auto\">Kiberbiztos\u00edt\u00e1si tan\u00e1csad\u00e1s<\/span><\/b><span data-contrast=\"auto\"> \u2013 Seg\u00edt\u00fcnk meghat\u00e1rozni a v\u00e1llalat kock\u00e1zati kitetts\u00e9g\u00e9t, \u00e9s javaslatokat tesz\u00fcnk a megfelel\u0151 kiberbiztos\u00edt\u00e1s kiv\u00e1laszt\u00e1s\u00e1ra, amely p\u00e9nz\u00fcgyi v\u00e9delmet ny\u00fajt kibert\u00e1mad\u00e1sok, adatveszt\u00e9s vagy egy\u00e9b incidensek eset\u00e9n.<\/span><span data-ccp-props=\"{&quot;134233117&quot;:false,&quot;134233118&quot;:false,&quot;335559738&quot;:240,&quot;335559739&quot;:240}\">\u00a0<\/span><\/p>\n<p><span data-contrast=\"auto\">\ud83d\udcc4 <\/span><b><span data-contrast=\"auto\">Biztos\u00edt\u00e1si k\u00f6vetelm\u00e9nyek felm\u00e9r\u00e9se \u00e9s auditja<\/span><\/b><span data-contrast=\"auto\"> \u2013 Elemz\u00e9st k\u00e9sz\u00edt\u00fcnk arr\u00f3l, hogy a v\u00e1llalat jelenlegi IT-biztons\u00e1gi folyamatai \u00e9s v\u00e9delmi int\u00e9zked\u00e9sei megfelelnek-e a kiberbiztos\u00edt\u00f3k elv\u00e1r\u00e1sainak, \u00e9s javaslatokat tesz\u00fcnk az esetleges hi\u00e1nyoss\u00e1gok p\u00f3tl\u00e1s\u00e1ra.<\/span><span data-ccp-props=\"{&quot;134233117&quot;:false,&quot;134233118&quot;:false,&quot;335559738&quot;:240,&quot;335559739&quot;:240}\">\u00a0<\/span><\/p>\n<p><span data-contrast=\"auto\">\ud83d\udd0d <\/span><b><span data-contrast=\"auto\">Kiberhigi\u00e9niai gyakorlatok fel\u00fclvizsg\u00e1lata<\/span><\/b><span data-contrast=\"auto\"> \u2013 \u00c1tvizsg\u00e1ljuk a v\u00e1llalat napi szint\u0171 kiberbiztons\u00e1gi szok\u00e1sait, \u00e9s seg\u00edt\u00fcnk az alapvet\u0151 v\u00e9dekez\u00e9si strat\u00e9gi\u00e1k fejleszt\u00e9s\u00e9ben, bele\u00e9rtve a jelsz\u00f3kezel\u00e9st, hozz\u00e1f\u00e9r\u00e9si kontrollokat, social engineering elleni v\u00e9delmet \u00e9s adathal\u00e1szat-megel\u0151z\u00e9st.<\/span><span data-ccp-props=\"{&quot;134233117&quot;:false,&quot;134233118&quot;:false,&quot;335559738&quot;:240,&quot;335559739&quot;:240}\">\u00a0<\/span><\/p>\n<p><span data-contrast=\"auto\">\ud83d\udee0 <\/span><b><span data-contrast=\"auto\">Szem\u00e9lyre szabott v\u00e9delmi javaslatok<\/span><\/b><span data-contrast=\"auto\"> \u2013 Kock\u00e1zatalap\u00fa aj\u00e1nl\u00e1sokat dolgozunk ki a biztons\u00e1gtudatos m\u0171k\u00f6d\u00e9shez, amely cs\u00f6kkenti az emberi hib\u00e1kb\u00f3l \u00e9s a technol\u00f3giai sebezhet\u0151s\u00e9gekb\u0151l ad\u00f3d\u00f3 fenyeget\u00e9seket.<\/span><span data-ccp-props=\"{&quot;134233117&quot;:false,&quot;134233118&quot;:false,&quot;335559738&quot;:240,&quot;335559739&quot;:240}\">\u00a0<\/span><\/p>\n<p><span data-contrast=\"auto\">\ud83d\udd04 <\/span><b><span data-contrast=\"auto\">Tudatoss\u00e1gi program \u00e9s bels\u0151 oktat\u00e1s aj\u00e1nl\u00e1sai<\/span><\/b><span data-contrast=\"auto\"> \u2013 Javaslatokat adunk a munkav\u00e1llal\u00f3k sz\u00e1m\u00e1ra sz\u00fcks\u00e9ges k\u00e9pz\u00e9si programokra \u00e9s kiberbiztons\u00e1gi tudatoss\u00e1g n\u00f6vel\u00e9s\u00e9re.<\/span><span data-ccp-props=\"{&quot;134233117&quot;:false,&quot;134233118&quot;:false,&quot;335559738&quot;:240,&quot;335559739&quot;:240}\">\u00a0<\/span><\/p>\n<p aria-level=\"4\"><b><i><span data-contrast=\"none\">Konzult\u00e1ci\u00f3s lehet\u0151s\u00e9gek:<\/span><\/i><\/b><span data-ccp-props=\"{&quot;134233117&quot;:false,&quot;134233118&quot;:false,&quot;134245418&quot;:true,&quot;134245529&quot;:true,&quot;335559738&quot;:319,&quot;335559739&quot;:319}\">\u00a0<\/span><\/p>\n<ul>\n<li data-leveltext=\"\uf0b7\" data-font=\"Symbol\" data-listid=\"1\" data-list-defn-props=\"{&quot;335552541&quot;:1,&quot;335559685&quot;:720,&quot;335559991&quot;:360,&quot;469769226&quot;:&quot;Symbol&quot;,&quot;469769242&quot;:[8226],&quot;469777803&quot;:&quot;left&quot;,&quot;469777804&quot;:&quot;\uf0b7&quot;,&quot;469777815&quot;:&quot;hybridMultilevel&quot;}\" aria-setsize=\"-1\" data-aria-posinset=\"1\" data-aria-level=\"1\"><b><span data-contrast=\"auto\">Helysz\u00edni konzult\u00e1ci\u00f3 (2,5 \u00f3ra)<\/span><\/b><\/li>\n<\/ul>\n<ul>\n<li data-leveltext=\"\uf0b7\" data-font=\"Symbol\" data-listid=\"1\" data-list-defn-props=\"{&quot;335552541&quot;:1,&quot;335559685&quot;:720,&quot;335559991&quot;:360,&quot;469769226&quot;:&quot;Symbol&quot;,&quot;469769242&quot;:[8226],&quot;469777803&quot;:&quot;left&quot;,&quot;469777804&quot;:&quot;\uf0b7&quot;,&quot;469777815&quot;:&quot;hybridMultilevel&quot;}\" aria-setsize=\"-1\" data-aria-posinset=\"2\" data-aria-level=\"1\"><b><span data-contrast=\"auto\">Online konzult\u00e1ci\u00f3 Microsoft Teamsen (2,5 \u00f3ra)<\/span><\/b><span data-contrast=\"auto\">\u00a0<\/span><\/li>\n<\/ul>\n<p aria-level=\"3\"><b><span data-contrast=\"none\">Kinek aj\u00e1nljuk?<\/span><\/b><span data-ccp-props=\"{&quot;134233117&quot;:false,&quot;134233118&quot;:false,&quot;134245418&quot;:true,&quot;134245529&quot;:true,&quot;335559738&quot;:281,&quot;335559739&quot;:281}\">\u00a0<\/span><\/p>\n<p><span data-contrast=\"auto\">\u2714 Olyan v\u00e1llalatoknak, amelyek szeretn\u00e9k felm\u00e9rni \u00e9s jav\u00edtani kiberbiztons\u00e1gi kitetts\u00e9g\u00fcket, valamint biztos\u00edt\u00e1si v\u00e9delm\u00fcket<\/span><br \/>\n<span data-contrast=\"auto\">\u2714 Szervezeteknek, amelyek kiberbiztos\u00edt\u00e1si szerz\u0151d\u00e9s megk\u00f6t\u00e9s\u00e9t vagy meg\u00faj\u00edt\u00e1s\u00e1t tervezik, \u00e9s szeretn\u00e9k biztos\u00edtani a megfelel\u00e9st<\/span><br \/>\n<span data-contrast=\"auto\">\u2714 IT- \u00e9s biztons\u00e1gi vezet\u0151knek, akik a munkav\u00e1llal\u00f3k kiberhigi\u00e9niai tudatoss\u00e1g\u00e1t \u00e9s a bels\u0151 v\u00e9delmi protokollokat k\u00edv\u00e1nj\u00e1k fejleszteni<\/span><span data-ccp-props=\"{&quot;134233117&quot;:false,&quot;134233118&quot;:false,&quot;335559738&quot;:240,&quot;335559739&quot;:240}\">\u00a0<\/span><\/p>\n<p><strong data-start=\"2614\" data-end=\"2691\">Szeretn\u00e9 megtudni, milyen felt\u00e9telekkel veheti ig\u00e9nybe szolg\u00e1ltat\u00e1sunkat?<\/strong><br data-start=\"2691\" data-end=\"2694\" \/>\ud83d\udc49 Kattintson az\u00a0<em data-start=\"2711\" data-end=\"2728\">Aj\u00e1nlatot k\u00e9rek<\/em>\u00a0gombra \u00e9s koll\u00e9g\u00e1ink r\u00f6vid id\u0151n bel\u00fcl felveszik \u00d6nnel a kapcsolatot<\/p>\n","protected":false},"excerpt":{"rendered":"<p>A CyberOperations Kiberbiztos\u00edt\u00e1si \u00e9s Kiberhigi\u00e9niai Konzult\u00e1ci\u00f3ja \u00e1tfog\u00f3 tan\u00e1csad\u00e1st biztos\u00edt v\u00e1llalat\u00e1nak a kiberbiztons\u00e1gi kock\u00e1zatok kezel\u00e9s\u00e9re, a megfelel\u0151 biztos\u00edt\u00e1si v\u00e9delem kiv\u00e1laszt\u00e1s\u00e1ra \u00e9s [&hellip;]<\/p>\n","protected":false},"featured_media":0,"template":"","meta":{"site-sidebar-layout":"default","site-content-layout":"","ast-site-content-layout":"default","site-content-style":"default","site-sidebar-style":"default","ast-global-header-display":"","ast-banner-title-visibility":"","ast-main-header-display":"","ast-hfb-above-header-display":"","ast-hfb-below-header-display":"","ast-hfb-mobile-header-display":"","site-post-title":"","ast-breadcrumbs-content":"","ast-featured-img":"","footer-sml-layout":"","ast-disable-related-posts":"","theme-transparent-header-meta":"default","adv-header-id-meta":"","stick-header-meta":"","header-above-stick-meta":"","header-main-stick-meta":"","header-below-stick-meta":"","astra-migrate-meta-layouts":"set","ast-page-background-enabled":"default","ast-page-background-meta":{"desktop":{"background-color":"var(--ast-global-color-4)","background-image":"","background-repeat":"repeat","background-position":"center center","background-size":"auto","background-attachment":"scroll","background-type":"","background-media":"","overlay-type":"","overlay-color":"","overlay-opacity":"","overlay-gradient":""},"tablet":{"background-color":"","background-image":"","background-repeat":"repeat","background-position":"center center","background-size":"auto","background-attachment":"scroll","background-type":"","background-media":"","overlay-type":"","overlay-color":"","overlay-opacity":"","overlay-gradient":""},"mobile":{"background-color":"","background-image":"","background-repeat":"repeat","background-position":"center center","background-size":"auto","background-attachment":"scroll","background-type":"","background-media":"","overlay-type":"","overlay-color":"","overlay-opacity":"","overlay-gradient":""}},"ast-content-background-meta":{"desktop":{"background-color":"var(--ast-global-color-5)","background-image":"","background-repeat":"repeat","background-position":"center center","background-size":"auto","background-attachment":"scroll","background-type":"","background-media":"","overlay-type":"","overlay-color":"","overlay-opacity":"","overlay-gradient":""},"tablet":{"background-color":"var(--ast-global-color-5)","background-image":"","background-repeat":"repeat","background-position":"center center","background-size":"auto","background-attachment":"scroll","background-type":"","background-media":"","overlay-type":"","overlay-color":"","overlay-opacity":"","overlay-gradient":""},"mobile":{"background-color":"var(--ast-global-color-5)","background-image":"","background-repeat":"repeat","background-position":"center center","background-size":"auto","background-attachment":"scroll","background-type":"","background-media":"","overlay-type":"","overlay-color":"","overlay-opacity":"","overlay-gradient":""}}},"product_brand":[],"product_cat":[25],"product_tag":[],"class_list":{"0":"post-2699","1":"product","2":"type-product","3":"status-publish","5":"product_cat-uncategorized","6":"desktop-align-left","7":"tablet-align-left","8":"mobile-align-left","10":"first","11":"instock","12":"shipping-taxable","13":"product-type-simple"},"yoast_head":"<!-- This site is optimized with the Yoast SEO Premium plugin v27.4 (Yoast SEO v27.4) - https:\/\/yoast.com\/product\/yoast-seo-premium-wordpress\/ -->\n<title>Kiberbiztos\u00edt\u00e1si \u00e9s Kiberhigi\u00e9niai Konzult\u00e1ci\u00f3\u00a0 - Cyber Operations Group Kft.<\/title>\n<meta name=\"robots\" content=\"index, follow, max-snippet:-1, max-image-preview:large, max-video-preview:-1\" \/>\n<link rel=\"canonical\" href=\"https:\/\/cyberoperations.hu\/de\/produkt\/kiberbiztositasi-es-kiberhigieniai-konzultacio\/\" \/>\n<meta property=\"og:locale\" content=\"de_DE\" \/>\n<meta property=\"og:type\" content=\"article\" \/>\n<meta property=\"og:title\" content=\"Kiberbiztos\u00edt\u00e1si \u00e9s Kiberhigi\u00e9niai Konzult\u00e1ci\u00f3\u00a0\" \/>\n<meta property=\"og:description\" content=\"A CyberOperations Kiberbiztos\u00edt\u00e1si \u00e9s Kiberhigi\u00e9niai Konzult\u00e1ci\u00f3ja \u00e1tfog\u00f3 tan\u00e1csad\u00e1st biztos\u00edt v\u00e1llalat\u00e1nak a kiberbiztons\u00e1gi kock\u00e1zatok kezel\u00e9s\u00e9re, a megfelel\u0151 biztos\u00edt\u00e1si v\u00e9delem kiv\u00e1laszt\u00e1s\u00e1ra \u00e9s [&hellip;]\" \/>\n<meta property=\"og:url\" content=\"https:\/\/cyberoperations.hu\/de\/produkt\/kiberbiztositasi-es-kiberhigieniai-konzultacio\/\" \/>\n<meta property=\"og:site_name\" content=\"Cyber Operations Group Kft.\" \/>\n<meta property=\"article:modified_time\" content=\"2025-04-04T07:26:24+00:00\" \/>\n<meta name=\"twitter:card\" content=\"summary_large_image\" \/>\n<meta name=\"twitter:label1\" content=\"Preis\" \/>\n\t<meta name=\"twitter:data1\" content=\"\" \/>\n\t<meta name=\"twitter:label2\" content=\"Verf\u00fcgbarkeit\" \/>\n\t<meta name=\"twitter:data2\" content=\"Auf Lager\" \/>\n<script type=\"application\/ld+json\" class=\"yoast-schema-graph\">{\"@context\":\"https:\\\/\\\/schema.org\",\"@graph\":[{\"@type\":\"WebPage\",\"@id\":\"https:\\\/\\\/cyberoperations.hu\\\/termek\\\/kiberbiztositasi-es-kiberhigieniai-konzultacio\\\/\",\"url\":\"https:\\\/\\\/cyberoperations.hu\\\/termek\\\/kiberbiztositasi-es-kiberhigieniai-konzultacio\\\/\",\"name\":\"Kiberbiztos\u00edt\u00e1si \u00e9s Kiberhigi\u00e9niai Konzult\u00e1ci\u00f3\u00a0 - Cyber Operations Group Kft.\",\"isPartOf\":{\"@id\":\"https:\\\/\\\/cyberoperations.hu\\\/#website\"},\"datePublished\":\"2025-03-27T08:47:41+00:00\",\"dateModified\":\"2025-04-04T07:26:24+00:00\",\"breadcrumb\":{\"@id\":\"https:\\\/\\\/cyberoperations.hu\\\/termek\\\/kiberbiztositasi-es-kiberhigieniai-konzultacio\\\/#breadcrumb\"},\"inLanguage\":\"de\",\"potentialAction\":[{\"@type\":\"ReadAction\",\"target\":[\"https:\\\/\\\/cyberoperations.hu\\\/termek\\\/kiberbiztositasi-es-kiberhigieniai-konzultacio\\\/\"]}]},{\"@type\":\"BreadcrumbList\",\"@id\":\"https:\\\/\\\/cyberoperations.hu\\\/termek\\\/kiberbiztositasi-es-kiberhigieniai-konzultacio\\\/#breadcrumb\",\"itemListElement\":[{\"@type\":\"ListItem\",\"position\":1,\"name\":\"Kezd\u0151lap\",\"item\":\"https:\\\/\\\/cyberoperations.hu\\\/\"},{\"@type\":\"ListItem\",\"position\":2,\"name\":\"Shop\",\"item\":\"https:\\\/\\\/cyberoperations.hu\\\/shop\\\/\"},{\"@type\":\"ListItem\",\"position\":3,\"name\":\"Kiberbiztos\u00edt\u00e1si \u00e9s Kiberhigi\u00e9niai Konzult\u00e1ci\u00f3\u00a0\"}]},{\"@type\":\"WebSite\",\"@id\":\"https:\\\/\\\/cyberoperations.hu\\\/#website\",\"url\":\"https:\\\/\\\/cyberoperations.hu\\\/\",\"name\":\"Cyber Operations Group Kft.\",\"description\":\"\",\"publisher\":{\"@id\":\"https:\\\/\\\/cyberoperations.hu\\\/#organization\"},\"potentialAction\":[{\"@type\":\"SearchAction\",\"target\":{\"@type\":\"EntryPoint\",\"urlTemplate\":\"https:\\\/\\\/cyberoperations.hu\\\/?s={search_term_string}\"},\"query-input\":{\"@type\":\"PropertyValueSpecification\",\"valueRequired\":true,\"valueName\":\"search_term_string\"}}],\"inLanguage\":\"de\"},{\"@type\":\"Organization\",\"@id\":\"https:\\\/\\\/cyberoperations.hu\\\/#organization\",\"name\":\"Cyber Operations Group Kft.\",\"url\":\"https:\\\/\\\/cyberoperations.hu\\\/\",\"logo\":{\"@type\":\"ImageObject\",\"inLanguage\":\"de\",\"@id\":\"https:\\\/\\\/cyberoperations.hu\\\/#\\\/schema\\\/logo\\\/image\\\/\",\"url\":\"https:\\\/\\\/cyberoperations.hu\\\/wp-content\\\/uploads\\\/2024\\\/12\\\/simalogo-2.png\",\"contentUrl\":\"https:\\\/\\\/cyberoperations.hu\\\/wp-content\\\/uploads\\\/2024\\\/12\\\/simalogo-2.png\",\"width\":1500,\"height\":400,\"caption\":\"Cyber Operations Group Kft.\"},\"image\":{\"@id\":\"https:\\\/\\\/cyberoperations.hu\\\/#\\\/schema\\\/logo\\\/image\\\/\"}}]}<\/script>\n<meta property=\"product:price:currency\" content=\"EUR\" \/>\n<meta property=\"og:availability\" content=\"instock\" \/>\n<meta property=\"product:availability\" content=\"instock\" \/>\n<meta property=\"product:condition\" content=\"new\" \/>\n<!-- \/ Yoast SEO Premium plugin. -->","yoast_head_json":{"title":"Cyber-Versicherung und Cyber-Hygiene-Beratung \u2013 Cyber Operations Group Kft.","robots":{"index":"index","follow":"follow","max-snippet":"max-snippet:-1","max-image-preview":"max-image-preview:large","max-video-preview":"max-video-preview:-1"},"canonical":"https:\/\/cyberoperations.hu\/de\/produkt\/kiberbiztositasi-es-kiberhigieniai-konzultacio\/","og_locale":"de_DE","og_type":"article","og_title":"Kiberbiztos\u00edt\u00e1si \u00e9s Kiberhigi\u00e9niai Konzult\u00e1ci\u00f3\u00a0","og_description":"A CyberOperations Kiberbiztos\u00edt\u00e1si \u00e9s Kiberhigi\u00e9niai Konzult\u00e1ci\u00f3ja \u00e1tfog\u00f3 tan\u00e1csad\u00e1st biztos\u00edt v\u00e1llalat\u00e1nak a kiberbiztons\u00e1gi kock\u00e1zatok kezel\u00e9s\u00e9re, a megfelel\u0151 biztos\u00edt\u00e1si v\u00e9delem kiv\u00e1laszt\u00e1s\u00e1ra \u00e9s [&hellip;]","og_url":"https:\/\/cyberoperations.hu\/de\/produkt\/kiberbiztositasi-es-kiberhigieniai-konzultacio\/","og_site_name":"Cyber Operations Group Kft.","article_modified_time":"2025-04-04T07:26:24+00:00","twitter_card":"summary_large_image","twitter_misc":{"Preis":"","Verf\u00fcgbarkeit":"Auf Lager"},"schema":{"@context":"https:\/\/schema.org","@graph":[{"@type":"WebPage","@id":"https:\/\/cyberoperations.hu\/termek\/kiberbiztositasi-es-kiberhigieniai-konzultacio\/","url":"https:\/\/cyberoperations.hu\/termek\/kiberbiztositasi-es-kiberhigieniai-konzultacio\/","name":"Cyber-Versicherung und Cyber-Hygiene-Beratung \u2013 Cyber Operations Group Kft.","isPartOf":{"@id":"https:\/\/cyberoperations.hu\/#website"},"datePublished":"2025-03-27T08:47:41+00:00","dateModified":"2025-04-04T07:26:24+00:00","breadcrumb":{"@id":"https:\/\/cyberoperations.hu\/termek\/kiberbiztositasi-es-kiberhigieniai-konzultacio\/#breadcrumb"},"inLanguage":"de","potentialAction":[{"@type":"ReadAction","target":["https:\/\/cyberoperations.hu\/termek\/kiberbiztositasi-es-kiberhigieniai-konzultacio\/"]}]},{"@type":"BreadcrumbList","@id":"https:\/\/cyberoperations.hu\/termek\/kiberbiztositasi-es-kiberhigieniai-konzultacio\/#breadcrumb","itemListElement":[{"@type":"ListItem","position":1,"name":"Kezd\u0151lap","item":"https:\/\/cyberoperations.hu\/"},{"@type":"ListItem","position":2,"name":"Shop","item":"https:\/\/cyberoperations.hu\/shop\/"},{"@type":"ListItem","position":3,"name":"Kiberbiztos\u00edt\u00e1si \u00e9s Kiberhigi\u00e9niai Konzult\u00e1ci\u00f3\u00a0"}]},{"@type":"WebSite","@id":"https:\/\/cyberoperations.hu\/#website","url":"https:\/\/cyberoperations.hu\/","name":"Cyber Operations Group Ltd.","description":"","publisher":{"@id":"https:\/\/cyberoperations.hu\/#organization"},"potentialAction":[{"@type":"SearchAction","target":{"@type":"EntryPoint","urlTemplate":"https:\/\/cyberoperations.hu\/?s={search_term_string}"},"query-input":{"@type":"PropertyValueSpecification","valueRequired":true,"valueName":"search_term_string"}}],"inLanguage":"de"},{"@type":"Organization","@id":"https:\/\/cyberoperations.hu\/#organization","name":"Cyber Operations Group Ltd.","url":"https:\/\/cyberoperations.hu\/","logo":{"@type":"ImageObject","inLanguage":"de","@id":"https:\/\/cyberoperations.hu\/#\/schema\/logo\/image\/","url":"https:\/\/cyberoperations.hu\/wp-content\/uploads\/2024\/12\/simalogo-2.png","contentUrl":"https:\/\/cyberoperations.hu\/wp-content\/uploads\/2024\/12\/simalogo-2.png","width":1500,"height":400,"caption":"Cyber Operations Group Kft."},"image":{"@id":"https:\/\/cyberoperations.hu\/#\/schema\/logo\/image\/"}}]},"product_price_currency":"EUR","og_availability":"instock","product_availability":"instock","product_condition":"new"},"_links":{"self":[{"href":"https:\/\/cyberoperations.hu\/de\/wp-json\/wp\/v2\/product\/2699","targetHints":{"allow":["GET"]}}],"collection":[{"href":"https:\/\/cyberoperations.hu\/de\/wp-json\/wp\/v2\/product"}],"about":[{"href":"https:\/\/cyberoperations.hu\/de\/wp-json\/wp\/v2\/types\/product"}],"version-history":[{"count":0,"href":"https:\/\/cyberoperations.hu\/de\/wp-json\/wp\/v2\/product\/2699\/revisions"}],"wp:attachment":[{"href":"https:\/\/cyberoperations.hu\/de\/wp-json\/wp\/v2\/media?parent=2699"}],"wp:term":[{"taxonomy":"product_brand","embeddable":true,"href":"https:\/\/cyberoperations.hu\/de\/wp-json\/wp\/v2\/product_brand?post=2699"},{"taxonomy":"product_cat","embeddable":true,"href":"https:\/\/cyberoperations.hu\/de\/wp-json\/wp\/v2\/product_cat?post=2699"},{"taxonomy":"product_tag","embeddable":true,"href":"https:\/\/cyberoperations.hu\/de\/wp-json\/wp\/v2\/product_tag?post=2699"}],"curies":[{"name":"wp","href":"https:\/\/api.w.org\/{rel}","templated":true}]}}