{"id":2830,"date":"2025-04-11T14:22:54","date_gmt":"2025-04-11T12:22:54","guid":{"rendered":"https:\/\/cyberoperations.hu\/?post_type=product&#038;p=2830"},"modified":"2025-11-10T18:19:00","modified_gmt":"2025-11-10T17:19:00","slug":"nis2-felkeszites","status":"publish","type":"product","link":"https:\/\/cyberoperations.hu\/de\/produkt\/nis2-felkeszites\/","title":{"rendered":"NIS2-Vorbereitung"},"content":{"rendered":"<div data-elementor-type=\"product-post\" data-elementor-id=\"2830\" class=\"elementor elementor-2830\" data-elementor-post-type=\"product\">\n\t\t\t\t<div class=\"elementor-element elementor-element-20d05be7 e-flex e-con-boxed e-con e-parent\" data-id=\"20d05be7\" data-element_type=\"container\" data-e-type=\"container\">\n\t\t\t\t\t<div class=\"e-con-inner\">\n\t\t\t\t<div class=\"elementor-element elementor-element-6f202c8a elementor-widget elementor-widget-text-editor\" data-id=\"6f202c8a\" data-element_type=\"widget\" data-e-type=\"widget\" data-widget_type=\"text-editor.default\">\n\t\t\t\t<div class=\"elementor-widget-container\">\n\t\t\t\t\t\t\t\t\t<p>Die NIS2-Richtlinie ist in den Mitgliedsstaaten der Europ\u00e4ischen Union ab dem 18. Oktober 2024 verbindlich und stellt erhebliche Erwartungen an mittlere und gro\u00dfe Unternehmen in den Bereichen Informationssicherheit, Vorfallmanagement, Risikomanagement und regulatorische Berichterstattung.\u00a0<\/p><p class=\"\" data-start=\"513\" data-end=\"844\">DER <strong data-start=\"515\" data-end=\"535\">Cyber-Operationen<\/strong> Unser Expertenteam unterst\u00fctzt Ihr Unternehmen nicht nur bei der Einhaltung der NIS2-Vorschriften, sondern auch bei der Etablierung eines sicheren, regulierten und transparenten Betriebs. Die Sicherstellung einer angemessenen Vorbereitung und Einhaltung der Vorschriften ist entscheidend, um Bu\u00dfgelder zu vermeiden und Cyberrisiken zu minimieren.<\/p><p><strong>Unser Service umfasst:<\/strong><\/p><ul><li class=\"\" data-start=\"774\" data-end=\"976\"><p class=\"\" data-start=\"776\" data-end=\"976\"><strong data-start=\"776\" data-end=\"815\">Sicherstellung der Rechtskonformit\u00e4t:<\/strong> Wir helfen Ihnen, alle Anforderungen der NIS2-Richtlinie, einschlie\u00dflich Datenschutz, Risikomanagement und Sicherheitsma\u00dfnahmen, genau zu verstehen und anzuwenden.<\/p><\/li><li class=\"\" data-start=\"980\" data-end=\"1169\"><p class=\"\" data-start=\"982\" data-end=\"1169\"><strong data-start=\"982\" data-end=\"1007\">Vorbereitende Audits:<\/strong> Wir bewerten den aktuellen Cybersicherheitsstatus des Unternehmens und identifizieren Bereiche, in denen Verbesserungen erforderlich sind, um die Einhaltung der Vorschriften zu gew\u00e4hrleisten.<\/p><\/li><li data-start=\"980\" data-end=\"1169\"><strong data-start=\"41\" data-end=\"78\">Dokumentation und Berichterstattung:<\/strong> Wir erstellen alle notwendigen Dokumente gem\u00e4\u00df der NIS2-Richtlinie, darunter einen Risikomanagementplan, eine Richtlinie zum Vorfallmanagement und die f\u00fcr die regulatorische Berichterstattung erforderlichen Materialien. Wir stellen au\u00dferdem sicher, dass diese in einem aktuellen und pr\u00fcff\u00e4higen Format verf\u00fcgbar sind.<\/li><li data-start=\"980\" data-end=\"1169\"><strong data-start=\"1625\" data-end=\"1664\">Laufende Beratung und Betreuung:<\/strong> Unsere Experten unterst\u00fctzen den Compliance-Prozess Ihres Unternehmens kontinuierlich und helfen Ihnen, mit den neuesten \u00c4nderungen und Vorschriften Schritt zu halten.<\/li><\/ul><p class=\"\" data-start=\"127\" data-end=\"165\"><strong data-start=\"127\" data-end=\"165\">CyberOperations NIS2-Expertise<\/strong><\/p><p class=\"\" data-start=\"167\" data-end=\"515\">Die NIS2-Schulung wird von der Cyber Operations Group Ltd. durchgef\u00fchrt, einem national und international anerkannten Akteur im Bereich Cybersicherheit, Einhaltung gesetzlicher Vorschriften und Technologieausbildung. Unser Unternehmen verf\u00fcgt \u00fcber umfassende Erfahrung in der praktischen Anwendung und Umsetzung der EU-Cybersicherheitsvorschriften, einschlie\u00dflich der NIS2-Richtlinie.<\/p><p class=\"\" data-start=\"517\" data-end=\"602\">Das Trainingsprogramm und die Beratung werden von zwei herausragenden Experten geleitet und betreut:<\/p><p class=\"\" data-start=\"604\" data-end=\"1007\">\ud83e\udded <strong data-start=\"607\" data-end=\"668\">\u00c1ron Par\u00e9j \u2013 Milit\u00e4r- und Sicherheitsingenieur, Gesch\u00e4ftsf\u00fchrer<\/strong><br data-start=\"668\" data-end=\"671\" \/>Gr\u00fcnder und CEO der Cyber Operations Group Ltd. Er verf\u00fcgt \u00fcber langj\u00e4hrige Erfahrung im Bereich des Schutzes kritischer Infrastrukturen und des Risikomanagements von Unternehmen. Sein Fachgebiet ist die Entwicklung von Cyber-Abwehrsystemen, insbesondere im Hinblick auf die Erwartungen der NIS2-Richtlinie an mittlere und gro\u00dfe Unternehmen.<\/p><p class=\"\" data-start=\"1009\" data-end=\"1443\">\u2696\ufe0f <strong data-start=\"1012\" data-end=\"1093\">Dr. Antal Csev\u00e1r LL.M. \u2013 Anwalt f\u00fcr K\u00fcnstliche Intelligenz und Technologie<\/strong><br data-start=\"1093\" data-end=\"1096\" \/>Ein international erfahrener Anwalt mit Expertise in regulatorischer Compliance, Datenschutz und Technologierecht. Er verf\u00fcgt \u00fcber umfassende Erfahrung in der Unterst\u00fctzung von Unternehmen bei der Auslegung und Umsetzung der rechtlichen Anforderungen von NIS2. Seine juristische Expertise ist entscheidend f\u00fcr die Entwicklung von Compliance-Dokumentation und pr\u00fcff\u00e4higen Prozessen.<\/p><p class=\"\" data-start=\"1445\" data-end=\"1668\">Der fachliche Hintergrund und die praktische Erfahrung garantieren, dass die NIS2-Schulungen von CyberOperations nicht nur theoretisches Wissen, sondern auch konkrete, anwendbare L\u00f6sungen f\u00fcr Ihr Unternehmen bieten.<\/p><p><strong>Warum sollten Sie sich f\u00fcr den NIS2-Schulungsdienst von CyberOperations entscheiden?<\/strong><\/p><p>\u2714 Kompetente Beratung w\u00e4hrend des gesamten NIS2-Compliance-Prozesses<br data-start=\"1933\" data-end=\"1936\" \/>\u2714 Ma\u00dfgeschneiderte L\u00f6sungen f\u00fcr die Bed\u00fcrfnisse Ihres Unternehmens<br data-start=\"1992\" data-end=\"1995\" \/>\u2714 Unterst\u00fctzung bei der Anwendung der wichtigsten Gesetze und Normen (z. B. DSGVO, ISO 27001)<\/p><p class=\"\" data-start=\"2160\" data-end=\"2298\">Verpassen Sie nicht die bevorstehenden NIS2-Fristen! Stellen Sie sicher, dass Ihr Unternehmen konform ist und \u00fcber ausreichenden Cyberschutz verf\u00fcgt.<\/p>\t\t\t\t\t\t\t\t<\/div>\n\t\t\t\t<\/div>\n\t\t\t\t\t<\/div>\n\t\t\t\t<\/div>\n\t\t\t\t<\/div>","protected":false},"excerpt":{"rendered":"<p>A NIS2 ir\u00e1nyelv 2024. okt\u00f3ber 18-t\u00f3l k\u00f6telez\u0151 \u00e9rv\u00e9ny\u0171 az Eur\u00f3pai Uni\u00f3 tag\u00e1llamaiban, \u00e9s jelent\u0151s elv\u00e1r\u00e1sokat t\u00e1maszt a k\u00f6zepes \u00e9s nagyv\u00e1llalatokkal [&hellip;]<\/p>\n","protected":false},"featured_media":0,"template":"","meta":{"site-sidebar-layout":"default","site-content-layout":"","ast-site-content-layout":"default","site-content-style":"default","site-sidebar-style":"default","ast-global-header-display":"","ast-banner-title-visibility":"","ast-main-header-display":"","ast-hfb-above-header-display":"","ast-hfb-below-header-display":"","ast-hfb-mobile-header-display":"","site-post-title":"","ast-breadcrumbs-content":"","ast-featured-img":"","footer-sml-layout":"","ast-disable-related-posts":"","theme-transparent-header-meta":"default","adv-header-id-meta":"","stick-header-meta":"","header-above-stick-meta":"","header-main-stick-meta":"","header-below-stick-meta":"","astra-migrate-meta-layouts":"set","ast-page-background-enabled":"default","ast-page-background-meta":{"desktop":{"background-color":"var(--ast-global-color-4)","background-image":"","background-repeat":"repeat","background-position":"center center","background-size":"auto","background-attachment":"scroll","background-type":"","background-media":"","overlay-type":"","overlay-color":"","overlay-opacity":"","overlay-gradient":""},"tablet":{"background-color":"","background-image":"","background-repeat":"repeat","background-position":"center center","background-size":"auto","background-attachment":"scroll","background-type":"","background-media":"","overlay-type":"","overlay-color":"","overlay-opacity":"","overlay-gradient":""},"mobile":{"background-color":"","background-image":"","background-repeat":"repeat","background-position":"center center","background-size":"auto","background-attachment":"scroll","background-type":"","background-media":"","overlay-type":"","overlay-color":"","overlay-opacity":"","overlay-gradient":""}},"ast-content-background-meta":{"desktop":{"background-color":"var(--ast-global-color-5)","background-image":"","background-repeat":"repeat","background-position":"center center","background-size":"auto","background-attachment":"scroll","background-type":"","background-media":"","overlay-type":"","overlay-color":"","overlay-opacity":"","overlay-gradient":""},"tablet":{"background-color":"var(--ast-global-color-5)","background-image":"","background-repeat":"repeat","background-position":"center center","background-size":"auto","background-attachment":"scroll","background-type":"","background-media":"","overlay-type":"","overlay-color":"","overlay-opacity":"","overlay-gradient":""},"mobile":{"background-color":"var(--ast-global-color-5)","background-image":"","background-repeat":"repeat","background-position":"center center","background-size":"auto","background-attachment":"scroll","background-type":"","background-media":"","overlay-type":"","overlay-color":"","overlay-opacity":"","overlay-gradient":""}}},"product_brand":[],"product_cat":[25],"product_tag":[],"class_list":{"0":"post-2830","1":"product","2":"type-product","3":"status-publish","5":"product_cat-uncategorized","6":"desktop-align-left","7":"tablet-align-left","8":"mobile-align-left","10":"first","11":"instock","12":"shipping-taxable","13":"product-type-simple"},"yoast_head":"<!-- This site is optimized with the Yoast SEO Premium plugin v27.4 (Yoast SEO v27.4) - https:\/\/yoast.com\/product\/yoast-seo-premium-wordpress\/ -->\n<title>NIS2 felk\u00e9sz\u00edt\u00e9s - Cyber Operations Group Kft.<\/title>\n<meta name=\"robots\" content=\"index, follow, max-snippet:-1, max-image-preview:large, max-video-preview:-1\" \/>\n<link rel=\"canonical\" href=\"https:\/\/cyberoperations.hu\/de\/produkt\/nis2-felkeszites\/\" \/>\n<meta property=\"og:locale\" content=\"de_DE\" \/>\n<meta property=\"og:type\" content=\"article\" \/>\n<meta property=\"og:title\" content=\"NIS2 felk\u00e9sz\u00edt\u00e9s\" \/>\n<meta property=\"og:description\" content=\"A NIS2 ir\u00e1nyelv 2024. okt\u00f3ber 18-t\u00f3l k\u00f6telez\u0151 \u00e9rv\u00e9ny\u0171 az Eur\u00f3pai Uni\u00f3 tag\u00e1llamaiban, \u00e9s jelent\u0151s elv\u00e1r\u00e1sokat t\u00e1maszt a k\u00f6zepes \u00e9s nagyv\u00e1llalatokkal [&hellip;]\" \/>\n<meta property=\"og:url\" content=\"https:\/\/cyberoperations.hu\/de\/produkt\/nis2-felkeszites\/\" \/>\n<meta property=\"og:site_name\" content=\"Cyber Operations Group Kft.\" \/>\n<meta property=\"article:modified_time\" content=\"2025-11-10T17:19:00+00:00\" \/>\n<meta name=\"twitter:card\" content=\"summary_large_image\" \/>\n<meta name=\"twitter:label1\" content=\"Preis\" \/>\n\t<meta name=\"twitter:data1\" content=\"\" \/>\n\t<meta name=\"twitter:label2\" content=\"Verf\u00fcgbarkeit\" \/>\n\t<meta name=\"twitter:data2\" content=\"Auf Lager\" \/>\n<script type=\"application\/ld+json\" class=\"yoast-schema-graph\">{\"@context\":\"https:\\\/\\\/schema.org\",\"@graph\":[{\"@type\":\"WebPage\",\"@id\":\"https:\\\/\\\/cyberoperations.hu\\\/termek\\\/nis2-felkeszites\\\/\",\"url\":\"https:\\\/\\\/cyberoperations.hu\\\/termek\\\/nis2-felkeszites\\\/\",\"name\":\"NIS2 felk\u00e9sz\u00edt\u00e9s - Cyber Operations Group Kft.\",\"isPartOf\":{\"@id\":\"https:\\\/\\\/cyberoperations.hu\\\/#website\"},\"datePublished\":\"2025-04-11T12:22:54+00:00\",\"dateModified\":\"2025-11-10T17:19:00+00:00\",\"breadcrumb\":{\"@id\":\"https:\\\/\\\/cyberoperations.hu\\\/termek\\\/nis2-felkeszites\\\/#breadcrumb\"},\"inLanguage\":\"de\",\"potentialAction\":[{\"@type\":\"ReadAction\",\"target\":[\"https:\\\/\\\/cyberoperations.hu\\\/termek\\\/nis2-felkeszites\\\/\"]}]},{\"@type\":\"BreadcrumbList\",\"@id\":\"https:\\\/\\\/cyberoperations.hu\\\/termek\\\/nis2-felkeszites\\\/#breadcrumb\",\"itemListElement\":[{\"@type\":\"ListItem\",\"position\":1,\"name\":\"Kezd\u0151lap\",\"item\":\"https:\\\/\\\/cyberoperations.hu\\\/\"},{\"@type\":\"ListItem\",\"position\":2,\"name\":\"Shop\",\"item\":\"https:\\\/\\\/cyberoperations.hu\\\/shop\\\/\"},{\"@type\":\"ListItem\",\"position\":3,\"name\":\"NIS2 felk\u00e9sz\u00edt\u00e9s\"}]},{\"@type\":\"WebSite\",\"@id\":\"https:\\\/\\\/cyberoperations.hu\\\/#website\",\"url\":\"https:\\\/\\\/cyberoperations.hu\\\/\",\"name\":\"Cyber Operations Group Kft.\",\"description\":\"\",\"publisher\":{\"@id\":\"https:\\\/\\\/cyberoperations.hu\\\/#organization\"},\"potentialAction\":[{\"@type\":\"SearchAction\",\"target\":{\"@type\":\"EntryPoint\",\"urlTemplate\":\"https:\\\/\\\/cyberoperations.hu\\\/?s={search_term_string}\"},\"query-input\":{\"@type\":\"PropertyValueSpecification\",\"valueRequired\":true,\"valueName\":\"search_term_string\"}}],\"inLanguage\":\"de\"},{\"@type\":\"Organization\",\"@id\":\"https:\\\/\\\/cyberoperations.hu\\\/#organization\",\"name\":\"Cyber Operations Group Kft.\",\"url\":\"https:\\\/\\\/cyberoperations.hu\\\/\",\"logo\":{\"@type\":\"ImageObject\",\"inLanguage\":\"de\",\"@id\":\"https:\\\/\\\/cyberoperations.hu\\\/#\\\/schema\\\/logo\\\/image\\\/\",\"url\":\"https:\\\/\\\/cyberoperations.hu\\\/wp-content\\\/uploads\\\/2024\\\/12\\\/simalogo-2.png\",\"contentUrl\":\"https:\\\/\\\/cyberoperations.hu\\\/wp-content\\\/uploads\\\/2024\\\/12\\\/simalogo-2.png\",\"width\":1500,\"height\":400,\"caption\":\"Cyber Operations Group Kft.\"},\"image\":{\"@id\":\"https:\\\/\\\/cyberoperations.hu\\\/#\\\/schema\\\/logo\\\/image\\\/\"}}]}<\/script>\n<meta property=\"product:price:currency\" content=\"EUR\" \/>\n<meta property=\"og:availability\" content=\"instock\" \/>\n<meta property=\"product:availability\" content=\"instock\" \/>\n<meta property=\"product:condition\" content=\"new\" \/>\n<!-- \/ Yoast SEO Premium plugin. -->","yoast_head_json":{"title":"NIS2-Vorbereitung \u2013 Cyber Operations Group Ltd.","robots":{"index":"index","follow":"follow","max-snippet":"max-snippet:-1","max-image-preview":"max-image-preview:large","max-video-preview":"max-video-preview:-1"},"canonical":"https:\/\/cyberoperations.hu\/de\/produkt\/nis2-felkeszites\/","og_locale":"de_DE","og_type":"article","og_title":"NIS2 felk\u00e9sz\u00edt\u00e9s","og_description":"A NIS2 ir\u00e1nyelv 2024. okt\u00f3ber 18-t\u00f3l k\u00f6telez\u0151 \u00e9rv\u00e9ny\u0171 az Eur\u00f3pai Uni\u00f3 tag\u00e1llamaiban, \u00e9s jelent\u0151s elv\u00e1r\u00e1sokat t\u00e1maszt a k\u00f6zepes \u00e9s nagyv\u00e1llalatokkal [&hellip;]","og_url":"https:\/\/cyberoperations.hu\/de\/produkt\/nis2-felkeszites\/","og_site_name":"Cyber Operations Group Kft.","article_modified_time":"2025-11-10T17:19:00+00:00","twitter_card":"summary_large_image","twitter_misc":{"Preis":"","Verf\u00fcgbarkeit":"Auf Lager"},"schema":{"@context":"https:\/\/schema.org","@graph":[{"@type":"WebPage","@id":"https:\/\/cyberoperations.hu\/termek\/nis2-felkeszites\/","url":"https:\/\/cyberoperations.hu\/termek\/nis2-felkeszites\/","name":"NIS2-Vorbereitung \u2013 Cyber Operations Group Ltd.","isPartOf":{"@id":"https:\/\/cyberoperations.hu\/#website"},"datePublished":"2025-04-11T12:22:54+00:00","dateModified":"2025-11-10T17:19:00+00:00","breadcrumb":{"@id":"https:\/\/cyberoperations.hu\/termek\/nis2-felkeszites\/#breadcrumb"},"inLanguage":"de","potentialAction":[{"@type":"ReadAction","target":["https:\/\/cyberoperations.hu\/termek\/nis2-felkeszites\/"]}]},{"@type":"BreadcrumbList","@id":"https:\/\/cyberoperations.hu\/termek\/nis2-felkeszites\/#breadcrumb","itemListElement":[{"@type":"ListItem","position":1,"name":"Kezd\u0151lap","item":"https:\/\/cyberoperations.hu\/"},{"@type":"ListItem","position":2,"name":"Shop","item":"https:\/\/cyberoperations.hu\/shop\/"},{"@type":"ListItem","position":3,"name":"NIS2 felk\u00e9sz\u00edt\u00e9s"}]},{"@type":"WebSite","@id":"https:\/\/cyberoperations.hu\/#website","url":"https:\/\/cyberoperations.hu\/","name":"Cyber Operations Group Ltd.","description":"","publisher":{"@id":"https:\/\/cyberoperations.hu\/#organization"},"potentialAction":[{"@type":"SearchAction","target":{"@type":"EntryPoint","urlTemplate":"https:\/\/cyberoperations.hu\/?s={search_term_string}"},"query-input":{"@type":"PropertyValueSpecification","valueRequired":true,"valueName":"search_term_string"}}],"inLanguage":"de"},{"@type":"Organization","@id":"https:\/\/cyberoperations.hu\/#organization","name":"Cyber Operations Group Ltd.","url":"https:\/\/cyberoperations.hu\/","logo":{"@type":"ImageObject","inLanguage":"de","@id":"https:\/\/cyberoperations.hu\/#\/schema\/logo\/image\/","url":"https:\/\/cyberoperations.hu\/wp-content\/uploads\/2024\/12\/simalogo-2.png","contentUrl":"https:\/\/cyberoperations.hu\/wp-content\/uploads\/2024\/12\/simalogo-2.png","width":1500,"height":400,"caption":"Cyber Operations Group Kft."},"image":{"@id":"https:\/\/cyberoperations.hu\/#\/schema\/logo\/image\/"}}]},"product_price_currency":"EUR","og_availability":"instock","product_availability":"instock","product_condition":"new"},"_links":{"self":[{"href":"https:\/\/cyberoperations.hu\/de\/wp-json\/wp\/v2\/product\/2830","targetHints":{"allow":["GET"]}}],"collection":[{"href":"https:\/\/cyberoperations.hu\/de\/wp-json\/wp\/v2\/product"}],"about":[{"href":"https:\/\/cyberoperations.hu\/de\/wp-json\/wp\/v2\/types\/product"}],"version-history":[{"count":0,"href":"https:\/\/cyberoperations.hu\/de\/wp-json\/wp\/v2\/product\/2830\/revisions"}],"wp:attachment":[{"href":"https:\/\/cyberoperations.hu\/de\/wp-json\/wp\/v2\/media?parent=2830"}],"wp:term":[{"taxonomy":"product_brand","embeddable":true,"href":"https:\/\/cyberoperations.hu\/de\/wp-json\/wp\/v2\/product_brand?post=2830"},{"taxonomy":"product_cat","embeddable":true,"href":"https:\/\/cyberoperations.hu\/de\/wp-json\/wp\/v2\/product_cat?post=2830"},{"taxonomy":"product_tag","embeddable":true,"href":"https:\/\/cyberoperations.hu\/de\/wp-json\/wp\/v2\/product_tag?post=2830"}],"curies":[{"name":"wp","href":"https:\/\/api.w.org\/{rel}","templated":true}]}}