{"id":2845,"date":"2025-05-05T13:59:15","date_gmt":"2025-05-05T11:59:15","guid":{"rendered":"https:\/\/cyberoperations.hu\/?post_type=product&#038;p=2845"},"modified":"2025-08-05T14:19:10","modified_gmt":"2025-08-05T12:19:10","slug":"itsmcmdb_rendszer","status":"publish","type":"product","link":"https:\/\/cyberoperations.hu\/de\/produkt\/itsmcmdb_rendszer\/","title":{"rendered":"iTop ITSM &amp; CMDB-System \u2013 Professionelles IT-Management an einem Ort"},"content":{"rendered":"<p>iTop ist ein umfassendes, modulares IT-Service-Management- (ITSM) und Configuration Management Database-System (CMDB), das Unternehmen dabei unterst\u00fctzt, ihre IT-Prozesse und -Ressourcen transparent und effizient zu verwalten.<\/p>\n<p><strong>Hauptmerkmale und Vorteile<\/strong><\/p>\n<ul>\n<li>Umfassendes IT-Service-Management auf ITIL-Basis: Incident Management, Change Management, Problem Management, Service- und Asset Accounting, SLA-Tracking.<\/li>\n<li>Anpassbare CMDB-Zentraldatenbank zum Aufzeichnen aller IT-Assets, zugeh\u00f6riger Dienste und Konfigurationselemente sowie zum Zuordnen von Abh\u00e4ngigkeiten und Beziehungen.<\/li>\n<li>Automatisierte Prozesse, transparente Arbeitsabl\u00e4ufe. Automatisierte Genehmigungsprozesse, anpassbare Berichte, Dashboards, Pr\u00fcfprotokolle.<\/li>\n<li>Kosteng\u00fcnstig, Open Source. Kostenlose Lizenzierung, einfache Bereitstellung; Funktionen der Enterprise-Klasse mit geringen Wartungskosten.<\/li>\n<li>Flexible Integration: Einfache Integration in externe Systeme (z. B. Active Directory, E-Mail, \u00dcberwachung, Ticketing oder Asset-Management).<\/li>\n<li>Unterst\u00fctzt die Compliance. Hilft dem Unternehmen bei IT-Audits und erm\u00f6glicht so eine effizientere Erf\u00fcllung gesetzlicher und Compliance-Anforderungen.<\/li>\n<\/ul>\n<p><strong>Wem empfehlen wir es?<\/strong><\/p>\n<ul>\n<li>F\u00fcr mittlere und gro\u00dfe Unternehmen, Dienstleister und Institutionen, die ein transparentes, sicheres und einheitliches IT-Infrastrukturmanagement implementieren m\u00f6chten.<\/li>\n<li>F\u00fcr Organisationen, f\u00fcr die Datengenauigkeit, effizientes Ressourcenmanagement und schnelle, zuverl\u00e4ssige Servicebereitstellung von gr\u00f6\u00dfter Bedeutung sind.<\/li>\n<\/ul>\n<p><strong>Mit iTop werden IT-Abl\u00e4ufe einfacher, die Anlagenaufzeichnungen verbessert, Prozesse transparenter und IT-\u00c4nderungen, Audits oder Probleme k\u00f6nnen effektiver gehandhabt werden!<\/strong><\/p>","protected":false},"excerpt":{"rendered":"<p>Az iTop egy \u00e1tfog\u00f3, modul\u00e1ris IT Service Management (ITSM) \u00e9s Konfigur\u00e1ci\u00f3 Menedzsment Adatb\u00e1zis (CMDB) rendszer, amely seg\u00edti a v\u00e1llalatokat informatikai [&hellip;]<\/p>\n","protected":false},"featured_media":0,"template":"","meta":{"site-sidebar-layout":"default","site-content-layout":"","ast-site-content-layout":"default","site-content-style":"default","site-sidebar-style":"default","ast-global-header-display":"","ast-banner-title-visibility":"","ast-main-header-display":"","ast-hfb-above-header-display":"","ast-hfb-below-header-display":"","ast-hfb-mobile-header-display":"","site-post-title":"","ast-breadcrumbs-content":"","ast-featured-img":"","footer-sml-layout":"","ast-disable-related-posts":"","theme-transparent-header-meta":"default","adv-header-id-meta":"","stick-header-meta":"","header-above-stick-meta":"","header-main-stick-meta":"","header-below-stick-meta":"","astra-migrate-meta-layouts":"set","ast-page-background-enabled":"default","ast-page-background-meta":{"desktop":{"background-color":"var(--ast-global-color-4)","background-image":"","background-repeat":"repeat","background-position":"center center","background-size":"auto","background-attachment":"scroll","background-type":"","background-media":"","overlay-type":"","overlay-color":"","overlay-opacity":"","overlay-gradient":""},"tablet":{"background-color":"","background-image":"","background-repeat":"repeat","background-position":"center center","background-size":"auto","background-attachment":"scroll","background-type":"","background-media":"","overlay-type":"","overlay-color":"","overlay-opacity":"","overlay-gradient":""},"mobile":{"background-color":"","background-image":"","background-repeat":"repeat","background-position":"center center","background-size":"auto","background-attachment":"scroll","background-type":"","background-media":"","overlay-type":"","overlay-color":"","overlay-opacity":"","overlay-gradient":""}},"ast-content-background-meta":{"desktop":{"background-color":"var(--ast-global-color-5)","background-image":"","background-repeat":"repeat","background-position":"center center","background-size":"auto","background-attachment":"scroll","background-type":"","background-media":"","overlay-type":"","overlay-color":"","overlay-opacity":"","overlay-gradient":""},"tablet":{"background-color":"var(--ast-global-color-5)","background-image":"","background-repeat":"repeat","background-position":"center center","background-size":"auto","background-attachment":"scroll","background-type":"","background-media":"","overlay-type":"","overlay-color":"","overlay-opacity":"","overlay-gradient":""},"mobile":{"background-color":"var(--ast-global-color-5)","background-image":"","background-repeat":"repeat","background-position":"center center","background-size":"auto","background-attachment":"scroll","background-type":"","background-media":"","overlay-type":"","overlay-color":"","overlay-opacity":"","overlay-gradient":""}}},"product_brand":[],"product_cat":[25],"product_tag":[],"class_list":{"0":"post-2845","1":"product","2":"type-product","3":"status-publish","5":"product_cat-uncategorized","6":"desktop-align-left","7":"tablet-align-left","8":"mobile-align-left","10":"first","11":"instock","12":"shipping-taxable","13":"product-type-simple"},"yoast_head":"<!-- This site is optimized with the Yoast SEO Premium plugin v27.4 (Yoast SEO v27.4) - https:\/\/yoast.com\/product\/yoast-seo-premium-wordpress\/ -->\n<title>iTop ITSM &amp; CMDB rendszer \u2013 Professzion\u00e1lis IT menedzsment egy helyen - Cyber Operations Group Kft.<\/title>\n<meta name=\"robots\" content=\"index, follow, max-snippet:-1, max-image-preview:large, max-video-preview:-1\" \/>\n<link rel=\"canonical\" href=\"https:\/\/cyberoperations.hu\/de\/produkt\/itsmcmdb_rendszer\/\" \/>\n<meta property=\"og:locale\" content=\"de_DE\" \/>\n<meta property=\"og:type\" content=\"article\" \/>\n<meta property=\"og:title\" content=\"iTop ITSM &amp; CMDB rendszer \u2013 Professzion\u00e1lis IT menedzsment egy helyen\" \/>\n<meta property=\"og:description\" content=\"Az iTop egy \u00e1tfog\u00f3, modul\u00e1ris IT Service Management (ITSM) \u00e9s Konfigur\u00e1ci\u00f3 Menedzsment Adatb\u00e1zis (CMDB) rendszer, amely seg\u00edti a v\u00e1llalatokat informatikai [&hellip;]\" \/>\n<meta property=\"og:url\" content=\"https:\/\/cyberoperations.hu\/de\/produkt\/itsmcmdb_rendszer\/\" \/>\n<meta property=\"og:site_name\" content=\"Cyber Operations Group Kft.\" \/>\n<meta property=\"article:modified_time\" content=\"2025-08-05T12:19:10+00:00\" \/>\n<meta name=\"twitter:card\" content=\"summary_large_image\" \/>\n<meta name=\"twitter:label1\" content=\"Preis\" \/>\n\t<meta name=\"twitter:data1\" content=\"\" \/>\n\t<meta name=\"twitter:label2\" content=\"Verf\u00fcgbarkeit\" \/>\n\t<meta name=\"twitter:data2\" content=\"Auf Lager\" \/>\n<script type=\"application\/ld+json\" class=\"yoast-schema-graph\">{\"@context\":\"https:\\\/\\\/schema.org\",\"@graph\":[{\"@type\":\"WebPage\",\"@id\":\"https:\\\/\\\/cyberoperations.hu\\\/termek\\\/itsmcmdb_rendszer\\\/\",\"url\":\"https:\\\/\\\/cyberoperations.hu\\\/termek\\\/itsmcmdb_rendszer\\\/\",\"name\":\"iTop ITSM & CMDB rendszer \u2013 Professzion\u00e1lis IT menedzsment egy helyen - Cyber Operations Group Kft.\",\"isPartOf\":{\"@id\":\"https:\\\/\\\/cyberoperations.hu\\\/#website\"},\"datePublished\":\"2025-05-05T11:59:15+00:00\",\"dateModified\":\"2025-08-05T12:19:10+00:00\",\"breadcrumb\":{\"@id\":\"https:\\\/\\\/cyberoperations.hu\\\/termek\\\/itsmcmdb_rendszer\\\/#breadcrumb\"},\"inLanguage\":\"de\",\"potentialAction\":[{\"@type\":\"ReadAction\",\"target\":[\"https:\\\/\\\/cyberoperations.hu\\\/termek\\\/itsmcmdb_rendszer\\\/\"]}]},{\"@type\":\"BreadcrumbList\",\"@id\":\"https:\\\/\\\/cyberoperations.hu\\\/termek\\\/itsmcmdb_rendszer\\\/#breadcrumb\",\"itemListElement\":[{\"@type\":\"ListItem\",\"position\":1,\"name\":\"Kezd\u0151lap\",\"item\":\"https:\\\/\\\/cyberoperations.hu\\\/\"},{\"@type\":\"ListItem\",\"position\":2,\"name\":\"Shop\",\"item\":\"https:\\\/\\\/cyberoperations.hu\\\/shop\\\/\"},{\"@type\":\"ListItem\",\"position\":3,\"name\":\"iTop ITSM &#038; CMDB rendszer \u2013 Professzion\u00e1lis IT menedzsment egy helyen\"}]},{\"@type\":\"WebSite\",\"@id\":\"https:\\\/\\\/cyberoperations.hu\\\/#website\",\"url\":\"https:\\\/\\\/cyberoperations.hu\\\/\",\"name\":\"Cyber Operations Group Kft.\",\"description\":\"\",\"publisher\":{\"@id\":\"https:\\\/\\\/cyberoperations.hu\\\/#organization\"},\"potentialAction\":[{\"@type\":\"SearchAction\",\"target\":{\"@type\":\"EntryPoint\",\"urlTemplate\":\"https:\\\/\\\/cyberoperations.hu\\\/?s={search_term_string}\"},\"query-input\":{\"@type\":\"PropertyValueSpecification\",\"valueRequired\":true,\"valueName\":\"search_term_string\"}}],\"inLanguage\":\"de\"},{\"@type\":\"Organization\",\"@id\":\"https:\\\/\\\/cyberoperations.hu\\\/#organization\",\"name\":\"Cyber Operations Group Kft.\",\"url\":\"https:\\\/\\\/cyberoperations.hu\\\/\",\"logo\":{\"@type\":\"ImageObject\",\"inLanguage\":\"de\",\"@id\":\"https:\\\/\\\/cyberoperations.hu\\\/#\\\/schema\\\/logo\\\/image\\\/\",\"url\":\"https:\\\/\\\/cyberoperations.hu\\\/wp-content\\\/uploads\\\/2024\\\/12\\\/simalogo-2.png\",\"contentUrl\":\"https:\\\/\\\/cyberoperations.hu\\\/wp-content\\\/uploads\\\/2024\\\/12\\\/simalogo-2.png\",\"width\":1500,\"height\":400,\"caption\":\"Cyber Operations Group Kft.\"},\"image\":{\"@id\":\"https:\\\/\\\/cyberoperations.hu\\\/#\\\/schema\\\/logo\\\/image\\\/\"}}]}<\/script>\n<meta property=\"product:price:currency\" content=\"EUR\" \/>\n<meta property=\"og:availability\" content=\"instock\" \/>\n<meta property=\"product:availability\" content=\"instock\" \/>\n<meta property=\"product:condition\" content=\"new\" \/>\n<!-- \/ Yoast SEO Premium plugin. -->","yoast_head_json":{"title":"iTop ITSM &amp; CMDB-System \u2013 Professionelles IT-Management an einem Ort \u2013 Cyber Operations Group Kft.","robots":{"index":"index","follow":"follow","max-snippet":"max-snippet:-1","max-image-preview":"max-image-preview:large","max-video-preview":"max-video-preview:-1"},"canonical":"https:\/\/cyberoperations.hu\/de\/produkt\/itsmcmdb_rendszer\/","og_locale":"de_DE","og_type":"article","og_title":"iTop ITSM & CMDB rendszer \u2013 Professzion\u00e1lis IT menedzsment egy helyen","og_description":"Az iTop egy \u00e1tfog\u00f3, modul\u00e1ris IT Service Management (ITSM) \u00e9s Konfigur\u00e1ci\u00f3 Menedzsment Adatb\u00e1zis (CMDB) rendszer, amely seg\u00edti a v\u00e1llalatokat informatikai [&hellip;]","og_url":"https:\/\/cyberoperations.hu\/de\/produkt\/itsmcmdb_rendszer\/","og_site_name":"Cyber Operations Group Kft.","article_modified_time":"2025-08-05T12:19:10+00:00","twitter_card":"summary_large_image","twitter_misc":{"Preis":"","Verf\u00fcgbarkeit":"Auf Lager"},"schema":{"@context":"https:\/\/schema.org","@graph":[{"@type":"WebPage","@id":"https:\/\/cyberoperations.hu\/termek\/itsmcmdb_rendszer\/","url":"https:\/\/cyberoperations.hu\/termek\/itsmcmdb_rendszer\/","name":"iTop ITSM &amp; CMDB-System \u2013 Professionelles IT-Management an einem Ort \u2013 Cyber Operations Group Kft.","isPartOf":{"@id":"https:\/\/cyberoperations.hu\/#website"},"datePublished":"2025-05-05T11:59:15+00:00","dateModified":"2025-08-05T12:19:10+00:00","breadcrumb":{"@id":"https:\/\/cyberoperations.hu\/termek\/itsmcmdb_rendszer\/#breadcrumb"},"inLanguage":"de","potentialAction":[{"@type":"ReadAction","target":["https:\/\/cyberoperations.hu\/termek\/itsmcmdb_rendszer\/"]}]},{"@type":"BreadcrumbList","@id":"https:\/\/cyberoperations.hu\/termek\/itsmcmdb_rendszer\/#breadcrumb","itemListElement":[{"@type":"ListItem","position":1,"name":"Kezd\u0151lap","item":"https:\/\/cyberoperations.hu\/"},{"@type":"ListItem","position":2,"name":"Shop","item":"https:\/\/cyberoperations.hu\/shop\/"},{"@type":"ListItem","position":3,"name":"iTop ITSM &#038; CMDB rendszer \u2013 Professzion\u00e1lis IT menedzsment egy helyen"}]},{"@type":"WebSite","@id":"https:\/\/cyberoperations.hu\/#website","url":"https:\/\/cyberoperations.hu\/","name":"Cyber Operations Group Ltd.","description":"","publisher":{"@id":"https:\/\/cyberoperations.hu\/#organization"},"potentialAction":[{"@type":"SearchAction","target":{"@type":"EntryPoint","urlTemplate":"https:\/\/cyberoperations.hu\/?s={search_term_string}"},"query-input":{"@type":"PropertyValueSpecification","valueRequired":true,"valueName":"search_term_string"}}],"inLanguage":"de"},{"@type":"Organization","@id":"https:\/\/cyberoperations.hu\/#organization","name":"Cyber Operations Group Ltd.","url":"https:\/\/cyberoperations.hu\/","logo":{"@type":"ImageObject","inLanguage":"de","@id":"https:\/\/cyberoperations.hu\/#\/schema\/logo\/image\/","url":"https:\/\/cyberoperations.hu\/wp-content\/uploads\/2024\/12\/simalogo-2.png","contentUrl":"https:\/\/cyberoperations.hu\/wp-content\/uploads\/2024\/12\/simalogo-2.png","width":1500,"height":400,"caption":"Cyber Operations Group Kft."},"image":{"@id":"https:\/\/cyberoperations.hu\/#\/schema\/logo\/image\/"}}]},"product_price_currency":"EUR","og_availability":"instock","product_availability":"instock","product_condition":"new"},"_links":{"self":[{"href":"https:\/\/cyberoperations.hu\/de\/wp-json\/wp\/v2\/product\/2845","targetHints":{"allow":["GET"]}}],"collection":[{"href":"https:\/\/cyberoperations.hu\/de\/wp-json\/wp\/v2\/product"}],"about":[{"href":"https:\/\/cyberoperations.hu\/de\/wp-json\/wp\/v2\/types\/product"}],"version-history":[{"count":0,"href":"https:\/\/cyberoperations.hu\/de\/wp-json\/wp\/v2\/product\/2845\/revisions"}],"wp:attachment":[{"href":"https:\/\/cyberoperations.hu\/de\/wp-json\/wp\/v2\/media?parent=2845"}],"wp:term":[{"taxonomy":"product_brand","embeddable":true,"href":"https:\/\/cyberoperations.hu\/de\/wp-json\/wp\/v2\/product_brand?post=2845"},{"taxonomy":"product_cat","embeddable":true,"href":"https:\/\/cyberoperations.hu\/de\/wp-json\/wp\/v2\/product_cat?post=2845"},{"taxonomy":"product_tag","embeddable":true,"href":"https:\/\/cyberoperations.hu\/de\/wp-json\/wp\/v2\/product_tag?post=2845"}],"curies":[{"name":"wp","href":"https:\/\/api.w.org\/{rel}","templated":true}]}}