{"id":1982,"date":"2024-12-07T10:19:05","date_gmt":"2024-12-07T09:19:05","guid":{"rendered":"https:\/\/cyberoperations.hu\/?page_id=1982"},"modified":"2025-01-13T11:53:27","modified_gmt":"2025-01-13T10:53:27","slug":"cookie-nyilatkozat","status":"publish","type":"page","link":"https:\/\/cyberoperations.hu\/es\/cookie-nyilatkozat\/","title":{"rendered":"Declaraci\u00f3n de cookies"},"content":{"rendered":"<div data-elementor-type=\"wp-page\" data-elementor-id=\"1982\" class=\"elementor elementor-1982\" data-elementor-post-type=\"page\">\n\t\t\t\t\t\t<section class=\"elementor-section elementor-top-section elementor-element elementor-element-574349c elementor-section-height-min-height elementor-section-items-stretch elementor-section-boxed elementor-section-height-default\" data-id=\"574349c\" data-element_type=\"section\" data-e-type=\"section\" data-settings=\"{&quot;background_background&quot;:&quot;gradient&quot;}\">\n\t\t\t\t\t\t\t<div class=\"elementor-background-overlay\"><\/div>\n\t\t\t\t\t\t\t<div class=\"elementor-container elementor-column-gap-wider\">\n\t\t\t\t\t<div class=\"elementor-column elementor-col-100 elementor-top-column elementor-element elementor-element-e623202\" data-id=\"e623202\" data-element_type=\"column\" data-e-type=\"column\">\n\t\t\t<div class=\"elementor-widget-wrap elementor-element-populated\">\n\t\t\t\t\t\t<div class=\"elementor-element elementor-element-6612e3a elementor-widget__width-initial elementor-absolute elementor-widget elementor-widget-spacer\" data-id=\"6612e3a\" data-element_type=\"widget\" data-e-type=\"widget\" data-settings=\"{&quot;_position&quot;:&quot;absolute&quot;}\" data-widget_type=\"spacer.default\">\n\t\t\t\t<div class=\"elementor-widget-container\">\n\t\t\t\t\t\t\t<div class=\"elementor-spacer\">\n\t\t\t<div class=\"elementor-spacer-inner\"><\/div>\n\t\t<\/div>\n\t\t\t\t\t\t<\/div>\n\t\t\t\t<\/div>\n\t\t\t\t<div class=\"elementor-element elementor-element-ff9b7c2 elementor-widget__width-initial elementor-widget-tablet__width-inherit elementor-widget elementor-widget-heading\" data-id=\"ff9b7c2\" data-element_type=\"widget\" data-e-type=\"widget\" data-widget_type=\"heading.default\">\n\t\t\t\t<div class=\"elementor-widget-container\">\n\t\t\t\t\t<h1 class=\"elementor-heading-title elementor-size-default\">\u00bfQu\u00e9 debes saber sobre las cookies?<\/h1>\t\t\t\t<\/div>\n\t\t\t\t<\/div>\n\t\t\t\t<div class=\"elementor-element elementor-element-0a66c2f elementor-widget__width-initial elementor-absolute elementor-widget elementor-widget-spacer\" data-id=\"0a66c2f\" data-element_type=\"widget\" data-e-type=\"widget\" data-settings=\"{&quot;_position&quot;:&quot;absolute&quot;}\" data-widget_type=\"spacer.default\">\n\t\t\t\t<div class=\"elementor-widget-container\">\n\t\t\t\t\t\t\t<div class=\"elementor-spacer\">\n\t\t\t<div class=\"elementor-spacer-inner\"><\/div>\n\t\t<\/div>\n\t\t\t\t\t\t<\/div>\n\t\t\t\t<\/div>\n\t\t\t\t\t<\/div>\n\t\t<\/div>\n\t\t\t\t\t<\/div>\n\t\t<\/section>\n\t\t\t\t<section class=\"elementor-section elementor-top-section elementor-element elementor-element-2745e09f elementor-section-boxed elementor-section-height-default elementor-section-height-default\" data-id=\"2745e09f\" data-element_type=\"section\" data-e-type=\"section\">\n\t\t\t\t\t\t<div class=\"elementor-container elementor-column-gap-default\">\n\t\t\t\t\t<div class=\"elementor-column elementor-col-100 elementor-top-column elementor-element elementor-element-2780a59a\" data-id=\"2780a59a\" data-element_type=\"column\" data-e-type=\"column\">\n\t\t\t<div class=\"elementor-widget-wrap elementor-element-populated\">\n\t\t\t\t\t\t<div class=\"elementor-element elementor-element-249fa1a elementor-widget elementor-widget-text-editor\" data-id=\"249fa1a\" data-element_type=\"widget\" data-e-type=\"widget\" data-widget_type=\"text-editor.default\">\n\t\t\t\t<div class=\"elementor-widget-container\">\n\t\t\t\t\t\t\t\t\t<h1 style=\"text-align: center;\">ENTRADA EN VIGENCIA: 1 DE ENERO DE 2025.<\/h1><h1>1. \u00bfQU\u00c9 SON LAS COOKIES Y C\u00d3MO PUEDES CAMBIAR LA CONFIGURACI\u00d3N?<\/h1><p>Las cookies son peque\u00f1os archivos de texto que un sitio web puede utilizar para hacer la experiencia del usuario m\u00e1s eficiente.<\/p><p>Algunas cookies son temporales y desaparecen al cerrar el navegador, mientras que existen versiones persistentes que permanecen en el ordenador durante m\u00e1s tiempo. Seg\u00fan la ley, podemos almacenar cookies en el dispositivo del visitante si es absolutamente necesario para el funcionamiento de nuestro sitio web.<\/p><p>Requerimos el consentimiento del visitante para usar todos los dem\u00e1s tipos de cookies. Este sitio web utiliza diversas cookies. Algunas de las cookies que se muestran en el sitio web son instaladas por nuestros proveedores de servicios externos.<\/p><p>Los navegadores permiten cambiar la configuraci\u00f3n de cookies. La mayor\u00eda de los navegadores aceptan las cookies autom\u00e1ticamente por defecto, pero esto se puede cambiar para evitar su aceptaci\u00f3n autom\u00e1tica una vez configurado.<\/p><p>Si desea obtener m\u00e1s informaci\u00f3n sobre c\u00f3mo cambiar la configuraci\u00f3n de su navegador, consulte las instrucciones o la ayuda de este. Puede encontrar informaci\u00f3n sobre la configuraci\u00f3n de cookies de los navegadores m\u00e1s populares en los siguientes enlaces:<\/p><p class=\"text text--gray\" style=\"margin-bottom: 0px; padding-bottom: 1em; background-image: initial; background-position: 0px 0px; background-size: initial; background-repeat: initial; background-attachment: initial; background-origin: initial; background-clip: initial; font-size: 20px; text-size-adjust: 100%; color: #2f2f2f; font-family: 'Open Sans', Arial, sans-serif; font-style: normal; font-variant-ligatures: normal; font-variant-caps: normal; font-weight: 500;\"><a style=\"background-image: initial; background-position: 0px 0px; background-size: initial; background-repeat: initial; background-attachment: initial; background-origin: initial; background-clip: initial; font-size: 20px; text-size-adjust: 100%; color: #2ea3f2; border-width: initial !important; border-style: none !important;\" href=\"https:\/\/support.google.com\/accounts\/answer\/61416?hl=hu\" target=\"_blank\" rel=\"noopener\">Google Chrome<\/a><\/p><p class=\"text text--gray\" style=\"margin-bottom: 0px; padding-bottom: 1em; background-image: initial; background-position: 0px 0px; background-size: initial; background-repeat: initial; background-attachment: initial; background-origin: initial; background-clip: initial; font-size: 20px; text-size-adjust: 100%; color: #2f2f2f; font-family: 'Open Sans', Arial, sans-serif; font-style: normal; font-variant-ligatures: normal; font-variant-caps: normal; font-weight: 500;\"><a style=\"background-image: initial; background-position: 0px 0px; background-size: initial; background-repeat: initial; background-attachment: initial; background-origin: initial; background-clip: initial; font-size: 20px; text-size-adjust: 100%; color: #2ea3f2; border-width: initial !important; border-style: none !important;\" href=\"https:\/\/support.mozilla.org\/hu\/kb\/S%C3%BCtik%20kezel%C3%A9se\" target=\"_blank\" rel=\"noopener\">Firefox<\/a><\/p><p class=\"text text--gray\" style=\"margin-bottom: 0px; padding-bottom: 1em; background-image: initial; background-position: 0px 0px; background-size: initial; background-repeat: initial; background-attachment: initial; background-origin: initial; background-clip: initial; font-size: 20px; text-size-adjust: 100%; color: #2f2f2f; font-family: 'Open Sans', Arial, sans-serif; font-style: normal; font-variant-ligatures: normal; font-variant-caps: normal; font-weight: 500;\"><a style=\"background-image: initial; background-position: 0px 0px; background-size: initial; background-repeat: initial; background-attachment: initial; background-origin: initial; background-clip: initial; font-size: 20px; text-size-adjust: 100%; color: #2ea3f2; border-width: initial !important; border-style: none !important;\" href=\"http:\/\/windows.microsoft.com\/hu-hu\/internet-explorer\/delete-manage-cookies#ie=ie-11\" target=\"_blank\" rel=\"noopener\">Microsoft Internet Explorer 11<\/a><\/p><p class=\"text text--gray\" style=\"margin-bottom: 0px; padding-bottom: 1em; background-image: initial; background-position: 0px 0px; background-size: initial; background-repeat: initial; background-attachment: initial; background-origin: initial; background-clip: initial; font-size: 20px; text-size-adjust: 100%; color: #2f2f2f; font-family: 'Open Sans', Arial, sans-serif; font-style: normal; font-variant-ligatures: normal; font-variant-caps: normal; font-weight: 500;\"><a style=\"background-image: initial; background-position: 0px 0px; background-size: initial; background-repeat: initial; background-attachment: initial; background-origin: initial; background-clip: initial; font-size: 20px; text-size-adjust: 100%; color: #2ea3f2; border-width: initial !important; border-style: none !important;\" href=\"http:\/\/windows.microsoft.com\/hu-hu\/internet-explorer\/delete-manage-cookies#ie=ie-10\" target=\"_blank\" rel=\"noopener\">Microsoft Internet Explorer 10<\/a><\/p><p class=\"text text--gray\" style=\"margin-bottom: 0px; padding-bottom: 1em; background-image: initial; background-position: 0px 0px; background-size: initial; background-repeat: initial; background-attachment: initial; background-origin: initial; background-clip: initial; font-size: 20px; text-size-adjust: 100%; color: #2f2f2f; font-family: 'Open Sans', Arial, sans-serif; font-style: normal; font-variant-ligatures: normal; font-variant-caps: normal; font-weight: 500;\"><a style=\"background-image: initial; background-position: 0px 0px; background-size: initial; background-repeat: initial; background-attachment: initial; background-origin: initial; background-clip: initial; font-size: 20px; text-size-adjust: 100%; color: #2ea3f2; border-width: initial !important; border-style: none !important;\" href=\"http:\/\/windows.microsoft.com\/hu-hu\/windows-10\/edge-privacy-faq\" target=\"_blank\" rel=\"noopener\">Microsoft Edge<\/a><\/p><p class=\"text text--gray\" style=\"margin-bottom: 0px; padding-bottom: 1em; background-image: initial; background-position: 0px 0px; background-size: initial; background-repeat: initial; background-attachment: initial; background-origin: initial; background-clip: initial; font-size: 20px; text-size-adjust: 100%; color: #2f2f2f; font-family: 'Open Sans', Arial, sans-serif; font-style: normal; font-variant-ligatures: normal; font-variant-caps: normal; font-weight: 500;\"><a style=\"background-image: initial; background-position: 0px 0px; background-size: initial; background-repeat: initial; background-attachment: initial; background-origin: initial; background-clip: initial; font-size: 20px; text-size-adjust: 100%; color: #2ea3f2; border-width: initial !important; border-style: none !important;\" href=\"http:\/\/support.apple.com\/kb\/index?page=search&amp;q=cookies%20safari\" target=\"_blank\" rel=\"noopener\">Safari<\/a><\/p><h1>2. \u00bfD\u00d3NDE SE PRODUCE LA INFORMACI\u00d3N Y EL CONSENTIMIENTO RESPECTO A LA GESTI\u00d3N DE COOKIES?<\/h1><p>Cuando visite nuestro sitio web por primera vez, aparecer\u00e1 una ventana emergente en la parte superior de la pantalla donde podr\u00e1 especificar qu\u00e9 cookies acepta.<\/p><p>Esta ventana de informaci\u00f3n tambi\u00e9n contiene un enlace a esta Declaraci\u00f3n de Privacidad.<\/p><h1>3. TIPOS DE COOKIES<\/h1><p><b>3.1. Cookies estrictamente necesarias<\/b><\/p><p>Las cookies esenciales ayudan a que nuestro sitio web funcione correctamente al habilitar funciones b\u00e1sicas como la navegaci\u00f3n del sitio y el acceso a \u00e1reas seguras del sitio web.<\/p><p>El sitio web no puede funcionar correctamente sin estas cookies.<\/p><ul><li>PHPSESSID Conserva el estado de la sesi\u00f3n del usuario entre solicitudes de p\u00e1gina hasta que se cierra el navegador.<\/li><li>CookieConsent Almacena el consentimiento de cookies del usuario en el dominio dado. 1 a\u00f1o<\/li><\/ul><ul><li>__cfduid El servidor de contenido de Cloudflare identifica el tr\u00e1fico de Internet. 1 a\u00f1o<\/li><li>JSESSIONID Asigna un identificador \u00fanico y an\u00f3nimo a cada apertura de p\u00e1gina para mejorar la usabilidad de la p\u00e1gina hasta que se cierra el navegador.<\/li><li>wp_woocommerce_session_ Conserva el contenido del carrito al navegar entre p\u00e1ginas hasta que se cierra el navegador<\/li><li>woocommerce_items_in_cart Conserva el contenido del carrito al navegar entre p\u00e1ginas hasta que se cierra el navegador<\/li><li>wc_cart_hash_ Asocia un identificador \u00fanico a cada cliente para que el sistema pueda vincular pedidos al cliente 1 d\u00eda<\/li><\/ul><p><b>3.2. Cookies de preferencia<\/b><\/p><p>Al utilizar cookies de preferencia, podemos recordar informaci\u00f3n que cambia ciertos comportamientos o la apariencia del sitio web, como su idioma preferido o la regi\u00f3n en la que se encuentra.<\/p><p><b>3.3. Cookies con fines estad\u00edsticos<\/b><\/p><p><span style=\"font-size: 21px;\">Al recopilar y reportar datos de forma an\u00f3nima, las cookies estad\u00edsticas ayudan al propietario del sitio web a comprender c\u00f3mo interact\u00faan los visitantes con el sitio web.<\/span><\/p><ul><li>_ga Registra un identificador \u00fanico, utilizado para crear datos estad\u00edsticos an\u00f3nimos sobre el uso del sitio web. 2 a\u00f1os<\/li><li>_gid Registra un identificador \u00fanico, utilizado para crear datos estad\u00edsticos an\u00f3nimos relacionados con el uso del sitio web. 2 a\u00f1os<\/li><li>_gat Utilizado por Google Analytics para controlar la frecuencia de las solicitudes. hasta que se cierra el navegador<\/li><li>recopilar Recopila datos para Google Analytics sobre el dispositivo del usuario y sus h\u00e1bitos de navegaci\u00f3n, en varios dispositivos y canales de marketing. hasta que se cierre el navegador<\/li><\/ul><p><b>3.4. Cookies de marketing<\/b><\/p><p>Utilizamos cookies de personalizaci\u00f3n para rastrear la actividad de los visitantes del sitio web. El objetivo es mostrar anuncios m\u00e1s relevantes a cada usuario, mostrar contenido que se ajuste a sus preferencias y animarles a actuar.<\/p><ul><li>ads\/ga-audiences Utilizado por Google Adwords para dirigirse a usuarios que probablemente tengan una mayor propensi\u00f3n a comprar en funci\u00f3n de sus h\u00e1bitos de navegaci\u00f3n. hasta que se cierre el navegador<\/li><li>pref Registra un identificador \u00fanico a partir del cual Google genera estad\u00edsticas sobre los v\u00eddeos que el usuario ha visto en YouTube. 8 meses<\/li><li>fr Utilizado por Facebook para dirigirse a usuarios que probablemente tengan una mayor propensi\u00f3n a comprar en funci\u00f3n de sus h\u00e1bitos de navegaci\u00f3n. 3 meses<\/li><li>tr Utilizado por Facebook para dirigirse a usuarios que probablemente tengan una mayor propensi\u00f3n a comprar en funci\u00f3n de sus h\u00e1bitos de navegaci\u00f3n. hasta que se cierre el navegador<\/li><\/ul><h1>4. COMPROBACI\u00d3N Y DESACTIVACI\u00d3N DE LA CONFIGURACI\u00d3N DE COOKIES<\/h1><p>Los navegadores modernos permiten cambiar la configuraci\u00f3n de cookies. Algunos navegadores aceptan las cookies autom\u00e1ticamente por defecto, pero esta configuraci\u00f3n tambi\u00e9n se puede cambiar para evitar que el visitante las acepte autom\u00e1ticamente en el futuro.<\/p><p>Si cambia, el navegador le ofrecer\u00e1 la opci\u00f3n de &quot;establecer cookies&quot; cada vez que lo visite.<\/p><p>El Responsable del Tratamiento no recuerda ning\u00fan identificador ni contrase\u00f1a, incluso si las cookies est\u00e1n habilitadas. El visitante puede utilizar los servicios con total seguridad incluso si acepta las cookies.<\/p><p>Nos gustar\u00eda llamar la atenci\u00f3n de nuestros visitantes sobre el hecho de que, dado que el prop\u00f3sito de las \u201ccookies\u201d es apoyar y facilitar la usabilidad y los procesos del sitio web, si las \u201ccookies\u201d est\u00e1n deshabilitadas, no podemos garantizar que el visitante pueda utilizar completamente todas las funciones del sitio web.<\/p><p>En este caso, el sitio web podr\u00eda funcionar en el navegador de forma diferente a lo previsto.<\/p>\t\t\t\t\t\t\t\t<\/div>\n\t\t\t\t<\/div>\n\t\t\t\t\t<\/div>\n\t\t<\/div>\n\t\t\t\t\t<\/div>\n\t\t<\/section>\n\t\t\t\t<\/div>","protected":false},"excerpt":{"rendered":"<p>Mit kell tudni a s\u00fctikr\u0151l? HAT\u00c1LYOS: 2025. JANU\u00c1R 1. 1. MIK AZOK A COOKIE-K (S\u00dcTIK), \u00c9S HOGYAN TUDOD M\u00d3DOS\u00cdTANI A [&hellip;]<\/p>\n","protected":false},"author":1,"featured_media":0,"parent":0,"menu_order":0,"comment_status":"closed","ping_status":"closed","template":"","meta":{"site-sidebar-layout":"no-sidebar","site-content-layout":"","ast-site-content-layout":"full-width-container","site-content-style":"default","site-sidebar-style":"default","ast-global-header-display":"","ast-banner-title-visibility":"","ast-main-header-display":"","ast-hfb-above-header-display":"","ast-hfb-below-header-display":"","ast-hfb-mobile-header-display":"","site-post-title":"disabled","ast-breadcrumbs-content":"","ast-featured-img":"disabled","footer-sml-layout":"","ast-disable-related-posts":"","theme-transparent-header-meta":"default","adv-header-id-meta":"","stick-header-meta":"","header-above-stick-meta":"","header-main-stick-meta":"","header-below-stick-meta":"","astra-migrate-meta-layouts":"set","ast-page-background-enabled":"default","ast-page-background-meta":{"desktop":{"background-color":"var(--ast-global-color-4)","background-image":"","background-repeat":"repeat","background-position":"center center","background-size":"auto","background-attachment":"scroll","background-type":"","background-media":"","overlay-type":"","overlay-color":"","overlay-opacity":"","overlay-gradient":""},"tablet":{"background-color":"","background-image":"","background-repeat":"repeat","background-position":"center center","background-size":"auto","background-attachment":"scroll","background-type":"","background-media":"","overlay-type":"","overlay-color":"","overlay-opacity":"","overlay-gradient":""},"mobile":{"background-color":"","background-image":"","background-repeat":"repeat","background-position":"center center","background-size":"auto","background-attachment":"scroll","background-type":"","background-media":"","overlay-type":"","overlay-color":"","overlay-opacity":"","overlay-gradient":""}},"ast-content-background-meta":{"desktop":{"background-color":"var(--ast-global-color-5)","background-image":"","background-repeat":"repeat","background-position":"center center","background-size":"auto","background-attachment":"scroll","background-type":"","background-media":"","overlay-type":"","overlay-color":"","overlay-opacity":"","overlay-gradient":""},"tablet":{"background-color":"var(--ast-global-color-5)","background-image":"","background-repeat":"repeat","background-position":"center center","background-size":"auto","background-attachment":"scroll","background-type":"","background-media":"","overlay-type":"","overlay-color":"","overlay-opacity":"","overlay-gradient":""},"mobile":{"background-color":"var(--ast-global-color-5)","background-image":"","background-repeat":"repeat","background-position":"center center","background-size":"auto","background-attachment":"scroll","background-type":"","background-media":"","overlay-type":"","overlay-color":"","overlay-opacity":"","overlay-gradient":""}},"footnotes":""},"class_list":["post-1982","page","type-page","status-publish","hentry"],"yoast_head":"<!-- This site is optimized with the Yoast SEO Premium plugin v27.4 (Yoast SEO v27.4) - https:\/\/yoast.com\/product\/yoast-seo-premium-wordpress\/ -->\n<title>Cookie nyilatkozat - Cyber Operations Group Kft.<\/title>\n<meta name=\"robots\" content=\"index, follow, max-snippet:-1, max-image-preview:large, max-video-preview:-1\" \/>\n<link rel=\"canonical\" href=\"https:\/\/cyberoperations.hu\/es\/cookie-nyilatkozat\/\" \/>\n<meta property=\"og:locale\" content=\"es_ES\" \/>\n<meta property=\"og:type\" content=\"article\" \/>\n<meta property=\"og:title\" content=\"Cookie nyilatkozat\" \/>\n<meta property=\"og:description\" content=\"Mit kell tudni a s\u00fctikr\u0151l? HAT\u00c1LYOS: 2025. JANU\u00c1R 1. 1. MIK AZOK A COOKIE-K (S\u00dcTIK), \u00c9S HOGYAN TUDOD M\u00d3DOS\u00cdTANI A [&hellip;]\" \/>\n<meta property=\"og:url\" content=\"https:\/\/cyberoperations.hu\/es\/cookie-nyilatkozat\/\" \/>\n<meta property=\"og:site_name\" content=\"Cyber Operations Group Kft.\" \/>\n<meta property=\"article:modified_time\" content=\"2025-01-13T10:53:27+00:00\" \/>\n<meta name=\"twitter:card\" content=\"summary_large_image\" \/>\n<meta name=\"twitter:label1\" content=\"Tiempo de lectura\" \/>\n\t<meta name=\"twitter:data1\" content=\"6 minutos\" \/>\n<script type=\"application\/ld+json\" class=\"yoast-schema-graph\">{\"@context\":\"https:\\\/\\\/schema.org\",\"@graph\":[{\"@type\":\"WebPage\",\"@id\":\"https:\\\/\\\/cyberoperations.hu\\\/cookie-nyilatkozat\\\/\",\"url\":\"https:\\\/\\\/cyberoperations.hu\\\/cookie-nyilatkozat\\\/\",\"name\":\"Cookie nyilatkozat - Cyber Operations Group Kft.\",\"isPartOf\":{\"@id\":\"https:\\\/\\\/cyberoperations.hu\\\/#website\"},\"datePublished\":\"2024-12-07T09:19:05+00:00\",\"dateModified\":\"2025-01-13T10:53:27+00:00\",\"breadcrumb\":{\"@id\":\"https:\\\/\\\/cyberoperations.hu\\\/cookie-nyilatkozat\\\/#breadcrumb\"},\"inLanguage\":\"es\",\"potentialAction\":[{\"@type\":\"ReadAction\",\"target\":[\"https:\\\/\\\/cyberoperations.hu\\\/cookie-nyilatkozat\\\/\"]}]},{\"@type\":\"BreadcrumbList\",\"@id\":\"https:\\\/\\\/cyberoperations.hu\\\/cookie-nyilatkozat\\\/#breadcrumb\",\"itemListElement\":[{\"@type\":\"ListItem\",\"position\":1,\"name\":\"Kezd\u0151lap\",\"item\":\"https:\\\/\\\/cyberoperations.hu\\\/\"},{\"@type\":\"ListItem\",\"position\":2,\"name\":\"Cookie nyilatkozat\"}]},{\"@type\":\"WebSite\",\"@id\":\"https:\\\/\\\/cyberoperations.hu\\\/#website\",\"url\":\"https:\\\/\\\/cyberoperations.hu\\\/\",\"name\":\"Cyber Operations Group Kft.\",\"description\":\"\",\"publisher\":{\"@id\":\"https:\\\/\\\/cyberoperations.hu\\\/#organization\"},\"potentialAction\":[{\"@type\":\"SearchAction\",\"target\":{\"@type\":\"EntryPoint\",\"urlTemplate\":\"https:\\\/\\\/cyberoperations.hu\\\/?s={search_term_string}\"},\"query-input\":{\"@type\":\"PropertyValueSpecification\",\"valueRequired\":true,\"valueName\":\"search_term_string\"}}],\"inLanguage\":\"es\"},{\"@type\":\"Organization\",\"@id\":\"https:\\\/\\\/cyberoperations.hu\\\/#organization\",\"name\":\"Cyber Operations Group Kft.\",\"url\":\"https:\\\/\\\/cyberoperations.hu\\\/\",\"logo\":{\"@type\":\"ImageObject\",\"inLanguage\":\"es\",\"@id\":\"https:\\\/\\\/cyberoperations.hu\\\/#\\\/schema\\\/logo\\\/image\\\/\",\"url\":\"https:\\\/\\\/cyberoperations.hu\\\/wp-content\\\/uploads\\\/2024\\\/12\\\/simalogo-2.png\",\"contentUrl\":\"https:\\\/\\\/cyberoperations.hu\\\/wp-content\\\/uploads\\\/2024\\\/12\\\/simalogo-2.png\",\"width\":1500,\"height\":400,\"caption\":\"Cyber Operations Group Kft.\"},\"image\":{\"@id\":\"https:\\\/\\\/cyberoperations.hu\\\/#\\\/schema\\\/logo\\\/image\\\/\"}}]}<\/script>\n<!-- \/ Yoast SEO Premium plugin. -->","yoast_head_json":{"title":"Declaraci\u00f3n de cookies - Cyber Operations Group Ltd.","robots":{"index":"index","follow":"follow","max-snippet":"max-snippet:-1","max-image-preview":"max-image-preview:large","max-video-preview":"max-video-preview:-1"},"canonical":"https:\/\/cyberoperations.hu\/es\/cookie-nyilatkozat\/","og_locale":"es_ES","og_type":"article","og_title":"Cookie nyilatkozat","og_description":"Mit kell tudni a s\u00fctikr\u0151l? HAT\u00c1LYOS: 2025. JANU\u00c1R 1. 1. MIK AZOK A COOKIE-K (S\u00dcTIK), \u00c9S HOGYAN TUDOD M\u00d3DOS\u00cdTANI A [&hellip;]","og_url":"https:\/\/cyberoperations.hu\/es\/cookie-nyilatkozat\/","og_site_name":"Cyber Operations Group Kft.","article_modified_time":"2025-01-13T10:53:27+00:00","twitter_card":"summary_large_image","twitter_misc":{"Tiempo de lectura":"6 minutos"},"schema":{"@context":"https:\/\/schema.org","@graph":[{"@type":"WebPage","@id":"https:\/\/cyberoperations.hu\/cookie-nyilatkozat\/","url":"https:\/\/cyberoperations.hu\/cookie-nyilatkozat\/","name":"Declaraci\u00f3n de cookies - Cyber Operations Group Ltd.","isPartOf":{"@id":"https:\/\/cyberoperations.hu\/#website"},"datePublished":"2024-12-07T09:19:05+00:00","dateModified":"2025-01-13T10:53:27+00:00","breadcrumb":{"@id":"https:\/\/cyberoperations.hu\/cookie-nyilatkozat\/#breadcrumb"},"inLanguage":"es","potentialAction":[{"@type":"ReadAction","target":["https:\/\/cyberoperations.hu\/cookie-nyilatkozat\/"]}]},{"@type":"BreadcrumbList","@id":"https:\/\/cyberoperations.hu\/cookie-nyilatkozat\/#breadcrumb","itemListElement":[{"@type":"ListItem","position":1,"name":"Kezd\u0151lap","item":"https:\/\/cyberoperations.hu\/"},{"@type":"ListItem","position":2,"name":"Cookie nyilatkozat"}]},{"@type":"WebSite","@id":"https:\/\/cyberoperations.hu\/#website","url":"https:\/\/cyberoperations.hu\/","name":"Grupo de Operaciones Cibern\u00e9ticas Ltd.","description":"","publisher":{"@id":"https:\/\/cyberoperations.hu\/#organization"},"potentialAction":[{"@type":"SearchAction","target":{"@type":"EntryPoint","urlTemplate":"https:\/\/cyberoperations.hu\/?s={search_term_string}"},"query-input":{"@type":"PropertyValueSpecification","valueRequired":true,"valueName":"search_term_string"}}],"inLanguage":"es"},{"@type":"Organization","@id":"https:\/\/cyberoperations.hu\/#organization","name":"Grupo de Operaciones Cibern\u00e9ticas Ltd.","url":"https:\/\/cyberoperations.hu\/","logo":{"@type":"ImageObject","inLanguage":"es","@id":"https:\/\/cyberoperations.hu\/#\/schema\/logo\/image\/","url":"https:\/\/cyberoperations.hu\/wp-content\/uploads\/2024\/12\/simalogo-2.png","contentUrl":"https:\/\/cyberoperations.hu\/wp-content\/uploads\/2024\/12\/simalogo-2.png","width":1500,"height":400,"caption":"Cyber Operations Group Kft."},"image":{"@id":"https:\/\/cyberoperations.hu\/#\/schema\/logo\/image\/"}}]}},"_links":{"self":[{"href":"https:\/\/cyberoperations.hu\/es\/wp-json\/wp\/v2\/pages\/1982","targetHints":{"allow":["GET"]}}],"collection":[{"href":"https:\/\/cyberoperations.hu\/es\/wp-json\/wp\/v2\/pages"}],"about":[{"href":"https:\/\/cyberoperations.hu\/es\/wp-json\/wp\/v2\/types\/page"}],"author":[{"embeddable":true,"href":"https:\/\/cyberoperations.hu\/es\/wp-json\/wp\/v2\/users\/1"}],"replies":[{"embeddable":true,"href":"https:\/\/cyberoperations.hu\/es\/wp-json\/wp\/v2\/comments?post=1982"}],"version-history":[{"count":0,"href":"https:\/\/cyberoperations.hu\/es\/wp-json\/wp\/v2\/pages\/1982\/revisions"}],"wp:attachment":[{"href":"https:\/\/cyberoperations.hu\/es\/wp-json\/wp\/v2\/media?parent=1982"}],"curies":[{"name":"gracias","href":"https:\/\/api.w.org\/{rel}","templated":true}]}}