{"id":2701,"date":"2025-03-27T09:47:44","date_gmt":"2025-03-27T08:47:44","guid":{"rendered":"https:\/\/cyberoperations.hu\/?post_type=product&#038;p=2701"},"modified":"2025-03-27T09:47:44","modified_gmt":"2025-03-27T08:47:44","slug":"kibervedelmi-es-kiberhigieniai-trening","status":"publish","type":"product","link":"https:\/\/cyberoperations.hu\/es\/producto\/kibervedelmi-es-kiberhigieniai-trening\/","title":{"rendered":"Capacitaci\u00f3n en ciberseguridad e higiene cibern\u00e9tica"},"content":{"rendered":"<p aria-level=\"3\"><span data-contrast=\"auto\">La capacitaci\u00f3n en ciberseguridad e higiene cibern\u00e9tica de Cyber Operations es una capacitaci\u00f3n integral y pr\u00e1ctica que garantiza que los empleados y l\u00edderes de su empresa est\u00e9n al d\u00eda con las ciberamenazas y las estrategias de defensa modernas. El objetivo de la capacitaci\u00f3n es brindar conocimientos y herramientas pr\u00e1cticas para operaciones de ciberseguridad efectivas, ya sea en el uso adecuado del software, el dise\u00f1o de la seguridad inform\u00e1tica en la oficina o las medidas de higiene cibern\u00e9tica diarias.<\/span><span data-ccp-props=\"{&quot;134233117&quot;:false,&quot;134233118&quot;:false,&quot;335559738&quot;:240,&quot;335559739&quot;:240}\">\u00a0<\/span><\/p>\n<p><b><span data-contrast=\"auto\">Detalles de la formaci\u00f3n:<\/span><\/b><span data-ccp-props=\"{&quot;134233117&quot;:false,&quot;134233118&quot;:false,&quot;335559738&quot;:240,&quot;335559739&quot;:240}\">\u00a0<\/span><\/p>\n<p><span data-contrast=\"auto\">\ud83d\udccc Duraci\u00f3n: 2 d\u00edas<\/span><br \/>\n<span data-contrast=\"auto\"> \ud83d\udccc Ubicaci\u00f3n: Presencial o en l\u00ednea<\/span><br \/>\n<span data-contrast=\"auto\"> \ud83d\udccc Precio: Basado en cotizaci\u00f3n individual<\/span><span data-ccp-props=\"{&quot;134233117&quot;:false,&quot;134233118&quot;:false,&quot;335559738&quot;:240,&quot;335559739&quot;:240}\">\u00a0<\/span><\/p>\n<p><b><span data-contrast=\"auto\">El contenido de la formaci\u00f3n:<\/span><\/b><span data-ccp-props=\"{&quot;134233117&quot;:false,&quot;134233118&quot;:false,&quot;335559738&quot;:240,&quot;335559739&quot;:240}\">\u00a0<\/span><\/p>\n<p><span data-contrast=\"auto\">\ud83d\udd0d <\/span><b><span data-contrast=\"auto\">Conceptos b\u00e1sicos y mejores pr\u00e1cticas de ciberseguridad<\/span><\/b><br \/>\n<span data-contrast=\"auto\"> \u2013 Identificar las \u00faltimas ciberamenazas y t\u00e9cnicas de ataque<\/span><br \/>\n<span data-contrast=\"auto\"> \u2013 Estrategias de defensa y reacciones inmediatas en caso de incidentes<\/span><br \/>\n<span data-contrast=\"auto\"> \u2013 Conceptos b\u00e1sicos de seguridad del sistema y protecci\u00f3n de puntos finales<\/span><span data-ccp-props=\"{&quot;134233117&quot;:false,&quot;134233118&quot;:false,&quot;335559738&quot;:240,&quot;335559739&quot;:240}\">\u00a0<\/span><\/p>\n<p><span data-contrast=\"auto\">\ud83d\udee0 <\/span><b><span data-contrast=\"auto\">Uso apropiado de software y dispositivos<\/span><\/b><br \/>\n<span data-contrast=\"auto\"> \u2013 \u00bfQu\u00e9 herramientas y software se deben utilizar para la seguridad de los datos?<\/span><br \/>\n<span data-contrast=\"auto\"> \u2013 Soluciones de cifrado y gesti\u00f3n de acceso<\/span><br \/>\n<span data-contrast=\"auto\"> \u2013 Configuraci\u00f3n de VPN, autenticaci\u00f3n multifactor y otros mecanismos de protecci\u00f3n<\/span><span data-ccp-props=\"{&quot;134233117&quot;:false,&quot;134233118&quot;:false,&quot;335559738&quot;:240,&quot;335559739&quot;:240}\">\u00a0<\/span><\/p>\n<p><span data-contrast=\"auto\">\ud83c\udfe2 <\/span><b><span data-contrast=\"auto\">Creando un ambiente de trabajo seguro<\/span><\/b><br \/>\n<span data-contrast=\"auto\"> \u2013 Planificaci\u00f3n y dise\u00f1o de seguridad inform\u00e1tica de una nueva oficina<\/span><br \/>\n<span data-contrast=\"auto\"> \u2013 Remodelaci\u00f3n de una oficina existente de acuerdo con los requisitos modernos de ciberseguridad<\/span><br \/>\n<span data-contrast=\"auto\"> \u2013 Establecer reglas de seguridad f\u00edsica, entrada y acceso a la red<\/span><span data-ccp-props=\"{&quot;134233117&quot;:false,&quot;134233118&quot;:false,&quot;335559738&quot;:240,&quot;335559739&quot;:240}\">\u00a0<\/span><\/p>\n<p><span data-contrast=\"auto\">\ud83e\uddfc <\/span><b><span data-contrast=\"auto\">Educaci\u00f3n sobre higiene cibern\u00e9tica<\/span><\/b><br \/>\n<span data-contrast=\"auto\"> \u2013 Reglas de contrase\u00f1as y gesti\u00f3n de acceso<\/span><br \/>\n<span data-contrast=\"auto\"> \u2013 Reconocer y prevenir ataques de ingenier\u00eda social<\/span><br \/>\n<span data-contrast=\"auto\"> \u2013 Protecci\u00f3n contra el phishing y otras t\u00e9cnicas comunes de ciberdelincuencia<\/span><br \/>\n<span data-contrast=\"auto\"> \u2013 Principios de seguridad para dispositivos m\u00f3viles y trabajo remoto<\/span><span data-ccp-props=\"{&quot;134233117&quot;:false,&quot;134233118&quot;:false,&quot;335559738&quot;:240,&quot;335559739&quot;:240}\">\u00a0<\/span><\/p>\n<p><span data-contrast=\"auto\">\ud83d\udcca <\/span><b><span data-contrast=\"auto\">Auditor\u00eda y encuesta de ciberseguridad<\/span><\/b><br \/>\n<span data-contrast=\"auto\"> \u2013 Evaluaci\u00f3n del estado actual de ciberseguridad de la empresa<\/span><br \/>\n<span data-contrast=\"auto\"> \u2013 Identificaci\u00f3n de puntos d\u00e9biles y sugerencias de mejora<\/span><br \/>\n<span data-contrast=\"auto\"> \u2013 Elaboraci\u00f3n de una visi\u00f3n general completa de la ciberseguridad al final de la formaci\u00f3n.<\/span><span data-ccp-props=\"{&quot;134233117&quot;:false,&quot;134233118&quot;:false,&quot;335559738&quot;:240,&quot;335559739&quot;:240}\">\u00a0<\/span><\/p>\n<p><span data-ccp-props=\"{}\">\u00a0<\/span><\/p>\n<p aria-level=\"3\"><b><span data-contrast=\"none\">Experiencia en operaciones cibern\u00e9ticas:<\/span><\/b><span data-ccp-props=\"{&quot;134233117&quot;:false,&quot;134233118&quot;:false,&quot;134245418&quot;:true,&quot;134245529&quot;:true,&quot;335559738&quot;:281,&quot;335559739&quot;:281}\">\u00a0<\/span><\/p>\n<p><span data-contrast=\"auto\">La formaci\u00f3n es impartida por <\/span><b><span data-contrast=\"auto\">Grupo de Operaciones Cibern\u00e9ticas Ltd.<\/span><\/b><span data-contrast=\"auto\"> Es una empresa reconocida nacional e internacionalmente en el campo de la ciberseguridad, el cumplimiento normativo y la educaci\u00f3n tecnol\u00f3gica. La formaci\u00f3n y la consultor\u00eda son gestionadas y supervisadas por dos destacados expertos:<\/span><span data-ccp-props=\"{&quot;134233117&quot;:false,&quot;134233118&quot;:false,&quot;335559738&quot;:240,&quot;335559739&quot;:240}\">\u00a0<\/span><\/p>\n<p><span data-contrast=\"auto\">\ud83e\udded <\/span><b><span data-contrast=\"auto\">\u00c1ron Par\u00e9j \u2013 Ingeniero de ingenier\u00eda militar y de seguridad, director general<\/span><\/b><br \/>\n<span data-contrast=\"auto\"> Fundador y CEO de Cyber Operations Group Ltd. Su experiencia se centra en el dise\u00f1o de sistemas de ciberdefensa y el desarrollo coordinado de TI corporativa y seguridad f\u00edsica. Ha desarrollado su experiencia en proyectos de la industria de defensa y consultor\u00eda estrat\u00e9gica de alto nivel, con especial \u00e9nfasis en infraestructura cr\u00edtica y gesti\u00f3n de riesgos corporativos.<\/span><span data-ccp-props=\"{&quot;134233117&quot;:false,&quot;134233118&quot;:false,&quot;335559738&quot;:240,&quot;335559739&quot;:240}\">\u00a0<\/span><\/p>\n<p><span data-contrast=\"auto\">\u2696\ufe0f <\/span><b><span data-contrast=\"auto\">Dr. Antal Csev\u00e1r LL.M. \u2013 Abogado especializado en Inteligencia Artificial y Tecnolog\u00eda<\/span><\/b><br \/>\n<span data-contrast=\"auto\"> Durante su carrera como abogado y asesor legal, trabaj\u00f3 para varias multinacionales financieras, donde fue responsable del desarrollo de sistemas de protecci\u00f3n de datos, regulatorios y contractuales. Fue miembro del Comit\u00e9 de Gobierno Corporativo de la Bolsa de Valores de Budapest durante 10 a\u00f1os. En 2023, el Colegio de Abogados de Budapest reconoci\u00f3 su labor con el premio Pro Excellentia. Tambi\u00e9n es vicepresidente de la Asociaci\u00f3n Nacional de Pilotos de Drones. Su experiencia es especialmente valiosa en las \u00e1reas de cumplimiento legal, protecci\u00f3n de datos y normativa tecnol\u00f3gica.<\/span><span data-ccp-props=\"{&quot;134233117&quot;:false,&quot;134233118&quot;:false,&quot;335559738&quot;:240,&quot;335559739&quot;:240}\">\u00a0<\/span><\/p>\n<p><span data-ccp-props=\"{}\">\u00a0<\/span><\/p>\n<p><b><span data-contrast=\"auto\">\u00bfA qui\u00e9n lo recomendamos?<\/span><\/b><span data-ccp-props=\"{&quot;134233117&quot;:false,&quot;134233118&quot;:false,&quot;335559738&quot;:240,&quot;335559739&quot;:240}\">\u00a0<\/span><\/p>\n<p><span data-contrast=\"auto\">\u2714 Para todas las empresas que quieran reducir el riesgo de ciberataques<\/span><br \/>\n<span data-contrast=\"auto\"> \u2714 Para organizaciones que desean aumentar la conciencia sobre ciberseguridad entre sus empleados<\/span><br \/>\n<span data-contrast=\"auto\"> \u2714 Para l\u00edderes empresariales, profesionales de seguridad inform\u00e1tica y todos los empleados que utilizan dispositivos digitales en su trabajo diario<\/span><span data-ccp-props=\"{&quot;134233117&quot;:false,&quot;134233118&quot;:false,&quot;335559738&quot;:240,&quot;335559739&quot;:240}\">\u00a0<\/span><\/p>\n<p><span data-contrast=\"auto\">\ud83d\udce9 <\/span><b><span data-contrast=\"auto\">Cont\u00e1ctenos para una cotizaci\u00f3n personalizada y brinde a sus empleados el conocimiento m\u00e1s moderno en ciberprotecci\u00f3n e higiene cibern\u00e9tica, \u00a1liderado por los mejores en la industria!<\/span><\/b><span data-ccp-props=\"{&quot;134233117&quot;:false,&quot;134233118&quot;:false,&quot;335559738&quot;:240,&quot;335559739&quot;:240}\">\u00a0<\/span><\/p>\n<p><span data-ccp-props=\"{}\">\u00a0<\/span><\/p>","protected":false},"excerpt":{"rendered":"<p>A Cyber Operations Kiberv\u00e9delmi \u00e9s Kiberhigi\u00e9niai Oktat\u00e1sa egy \u00e1tfog\u00f3, gyakorlatorient\u00e1lt tr\u00e9ning, amely biztos\u00edtja, hogy v\u00e1llalat\u00e1nak munkav\u00e1llal\u00f3i \u00e9s vezet\u0151i naprak\u00e9szek legyenek [&hellip;]<\/p>\n","protected":false},"featured_media":0,"template":"","meta":{"site-sidebar-layout":"default","site-content-layout":"","ast-site-content-layout":"default","site-content-style":"default","site-sidebar-style":"default","ast-global-header-display":"","ast-banner-title-visibility":"","ast-main-header-display":"","ast-hfb-above-header-display":"","ast-hfb-below-header-display":"","ast-hfb-mobile-header-display":"","site-post-title":"","ast-breadcrumbs-content":"","ast-featured-img":"","footer-sml-layout":"","ast-disable-related-posts":"","theme-transparent-header-meta":"default","adv-header-id-meta":"","stick-header-meta":"","header-above-stick-meta":"","header-main-stick-meta":"","header-below-stick-meta":"","astra-migrate-meta-layouts":"set","ast-page-background-enabled":"default","ast-page-background-meta":{"desktop":{"background-color":"var(--ast-global-color-4)","background-image":"","background-repeat":"repeat","background-position":"center center","background-size":"auto","background-attachment":"scroll","background-type":"","background-media":"","overlay-type":"","overlay-color":"","overlay-opacity":"","overlay-gradient":""},"tablet":{"background-color":"","background-image":"","background-repeat":"repeat","background-position":"center center","background-size":"auto","background-attachment":"scroll","background-type":"","background-media":"","overlay-type":"","overlay-color":"","overlay-opacity":"","overlay-gradient":""},"mobile":{"background-color":"","background-image":"","background-repeat":"repeat","background-position":"center center","background-size":"auto","background-attachment":"scroll","background-type":"","background-media":"","overlay-type":"","overlay-color":"","overlay-opacity":"","overlay-gradient":""}},"ast-content-background-meta":{"desktop":{"background-color":"var(--ast-global-color-5)","background-image":"","background-repeat":"repeat","background-position":"center center","background-size":"auto","background-attachment":"scroll","background-type":"","background-media":"","overlay-type":"","overlay-color":"","overlay-opacity":"","overlay-gradient":""},"tablet":{"background-color":"var(--ast-global-color-5)","background-image":"","background-repeat":"repeat","background-position":"center center","background-size":"auto","background-attachment":"scroll","background-type":"","background-media":"","overlay-type":"","overlay-color":"","overlay-opacity":"","overlay-gradient":""},"mobile":{"background-color":"var(--ast-global-color-5)","background-image":"","background-repeat":"repeat","background-position":"center center","background-size":"auto","background-attachment":"scroll","background-type":"","background-media":"","overlay-type":"","overlay-color":"","overlay-opacity":"","overlay-gradient":""}}},"product_brand":[],"product_cat":[25],"product_tag":[],"class_list":{"0":"post-2701","1":"product","2":"type-product","3":"status-publish","5":"product_cat-uncategorized","6":"desktop-align-left","7":"tablet-align-left","8":"mobile-align-left","10":"first","11":"instock","12":"shipping-taxable","13":"product-type-simple"},"yoast_head":"<!-- This site is optimized with the Yoast SEO Premium plugin v27.4 (Yoast SEO v27.4) - https:\/\/yoast.com\/product\/yoast-seo-premium-wordpress\/ -->\n<title>Kiberv\u00e9delmi \u00e9s Kiberhigi\u00e9niai Tr\u00e9ning - Cyber Operations Group Kft.<\/title>\n<meta name=\"robots\" content=\"index, follow, max-snippet:-1, max-image-preview:large, max-video-preview:-1\" \/>\n<link rel=\"canonical\" href=\"https:\/\/cyberoperations.hu\/es\/product\/cyber-protection-and-cyber-hygiene-training\/\" \/>\n<meta property=\"og:locale\" content=\"es_ES\" \/>\n<meta property=\"og:type\" content=\"article\" \/>\n<meta property=\"og:title\" content=\"Kiberv\u00e9delmi \u00e9s Kiberhigi\u00e9niai Tr\u00e9ning\" \/>\n<meta property=\"og:description\" content=\"A Cyber Operations Kiberv\u00e9delmi \u00e9s Kiberhigi\u00e9niai Oktat\u00e1sa egy \u00e1tfog\u00f3, gyakorlatorient\u00e1lt tr\u00e9ning, amely biztos\u00edtja, hogy v\u00e1llalat\u00e1nak munkav\u00e1llal\u00f3i \u00e9s vezet\u0151i naprak\u00e9szek legyenek [&hellip;]\" \/>\n<meta property=\"og:url\" content=\"https:\/\/cyberoperations.hu\/es\/product\/cyber-protection-and-cyber-hygiene-training\/\" \/>\n<meta property=\"og:site_name\" content=\"Cyber Operations Group Kft.\" \/>\n<meta name=\"twitter:card\" content=\"summary_large_image\" \/>\n<meta name=\"twitter:label1\" content=\"Precio\" \/>\n\t<meta name=\"twitter:data1\" content=\"\" \/>\n\t<meta name=\"twitter:label2\" content=\"Disponibilidad\" \/>\n\t<meta name=\"twitter:data2\" content=\"Disponible\" \/>\n<script type=\"application\/ld+json\" class=\"yoast-schema-graph\">{\"@context\":\"https:\\\/\\\/schema.org\",\"@graph\":[{\"@type\":\"WebPage\",\"@id\":\"https:\\\/\\\/cyberoperations.hu\\\/en\\\/product\\\/cyber-protection-and-cyber-hygiene-training\\\/\",\"url\":\"https:\\\/\\\/cyberoperations.hu\\\/en\\\/product\\\/cyber-protection-and-cyber-hygiene-training\\\/\",\"name\":\"Kiberv\u00e9delmi \u00e9s Kiberhigi\u00e9niai Tr\u00e9ning - Cyber Operations Group Kft.\",\"isPartOf\":{\"@id\":\"https:\\\/\\\/cyberoperations.hu\\\/#website\"},\"datePublished\":\"2025-03-27T08:47:44+00:00\",\"breadcrumb\":{\"@id\":\"https:\\\/\\\/cyberoperations.hu\\\/en\\\/product\\\/cyber-protection-and-cyber-hygiene-training\\\/#breadcrumb\"},\"inLanguage\":\"es\",\"potentialAction\":[{\"@type\":\"ReadAction\",\"target\":[\"https:\\\/\\\/cyberoperations.hu\\\/en\\\/product\\\/cyber-protection-and-cyber-hygiene-training\\\/\"]}]},{\"@type\":\"BreadcrumbList\",\"@id\":\"https:\\\/\\\/cyberoperations.hu\\\/en\\\/product\\\/cyber-protection-and-cyber-hygiene-training\\\/#breadcrumb\",\"itemListElement\":[{\"@type\":\"ListItem\",\"position\":1,\"name\":\"Kezd\u0151lap\",\"item\":\"https:\\\/\\\/cyberoperations.hu\\\/\"},{\"@type\":\"ListItem\",\"position\":2,\"name\":\"Shop\",\"item\":\"https:\\\/\\\/cyberoperations.hu\\\/shop\\\/\"},{\"@type\":\"ListItem\",\"position\":3,\"name\":\"Kiberv\u00e9delmi \u00e9s Kiberhigi\u00e9niai Tr\u00e9ning\"}]},{\"@type\":\"WebSite\",\"@id\":\"https:\\\/\\\/cyberoperations.hu\\\/#website\",\"url\":\"https:\\\/\\\/cyberoperations.hu\\\/\",\"name\":\"Cyber Operations Group Kft.\",\"description\":\"\",\"publisher\":{\"@id\":\"https:\\\/\\\/cyberoperations.hu\\\/#organization\"},\"potentialAction\":[{\"@type\":\"SearchAction\",\"target\":{\"@type\":\"EntryPoint\",\"urlTemplate\":\"https:\\\/\\\/cyberoperations.hu\\\/?s={search_term_string}\"},\"query-input\":{\"@type\":\"PropertyValueSpecification\",\"valueRequired\":true,\"valueName\":\"search_term_string\"}}],\"inLanguage\":\"es\"},{\"@type\":\"Organization\",\"@id\":\"https:\\\/\\\/cyberoperations.hu\\\/#organization\",\"name\":\"Cyber Operations Group Kft.\",\"url\":\"https:\\\/\\\/cyberoperations.hu\\\/\",\"logo\":{\"@type\":\"ImageObject\",\"inLanguage\":\"es\",\"@id\":\"https:\\\/\\\/cyberoperations.hu\\\/#\\\/schema\\\/logo\\\/image\\\/\",\"url\":\"https:\\\/\\\/cyberoperations.hu\\\/wp-content\\\/uploads\\\/2024\\\/12\\\/simalogo-2.png\",\"contentUrl\":\"https:\\\/\\\/cyberoperations.hu\\\/wp-content\\\/uploads\\\/2024\\\/12\\\/simalogo-2.png\",\"width\":1500,\"height\":400,\"caption\":\"Cyber Operations Group Kft.\"},\"image\":{\"@id\":\"https:\\\/\\\/cyberoperations.hu\\\/#\\\/schema\\\/logo\\\/image\\\/\"}}]}<\/script>\n<meta property=\"product:price:currency\" content=\"EUR\" \/>\n<meta property=\"og:availability\" content=\"instock\" \/>\n<meta property=\"product:availability\" content=\"instock\" \/>\n<meta property=\"product:condition\" content=\"new\" \/>\n<!-- \/ Yoast SEO Premium plugin. -->","yoast_head_json":{"title":"Capacitaci\u00f3n en ciberseguridad e higiene cibern\u00e9tica - Cyber Operations Group Ltd.","robots":{"index":"index","follow":"follow","max-snippet":"max-snippet:-1","max-image-preview":"max-image-preview:large","max-video-preview":"max-video-preview:-1"},"canonical":"https:\/\/cyberoperations.hu\/es\/product\/cyber-protection-and-cyber-hygiene-training\/","og_locale":"es_ES","og_type":"article","og_title":"Kiberv\u00e9delmi \u00e9s Kiberhigi\u00e9niai Tr\u00e9ning","og_description":"A Cyber Operations Kiberv\u00e9delmi \u00e9s Kiberhigi\u00e9niai Oktat\u00e1sa egy \u00e1tfog\u00f3, gyakorlatorient\u00e1lt tr\u00e9ning, amely biztos\u00edtja, hogy v\u00e1llalat\u00e1nak munkav\u00e1llal\u00f3i \u00e9s vezet\u0151i naprak\u00e9szek legyenek [&hellip;]","og_url":"https:\/\/cyberoperations.hu\/es\/product\/cyber-protection-and-cyber-hygiene-training\/","og_site_name":"Cyber Operations Group Kft.","twitter_card":"summary_large_image","twitter_misc":{"Precio":"","Disponibilidad":"Disponible"},"schema":{"@context":"https:\/\/schema.org","@graph":[{"@type":"WebPage","@id":"https:\/\/cyberoperations.hu\/en\/product\/cyber-protection-and-cyber-hygiene-training\/","url":"https:\/\/cyberoperations.hu\/en\/product\/cyber-protection-and-cyber-hygiene-training\/","name":"Capacitaci\u00f3n en ciberseguridad e higiene cibern\u00e9tica - Cyber Operations Group Ltd.","isPartOf":{"@id":"https:\/\/cyberoperations.hu\/#website"},"datePublished":"2025-03-27T08:47:44+00:00","breadcrumb":{"@id":"https:\/\/cyberoperations.hu\/en\/product\/cyber-protection-and-cyber-hygiene-training\/#breadcrumb"},"inLanguage":"es","potentialAction":[{"@type":"ReadAction","target":["https:\/\/cyberoperations.hu\/en\/product\/cyber-protection-and-cyber-hygiene-training\/"]}]},{"@type":"BreadcrumbList","@id":"https:\/\/cyberoperations.hu\/en\/product\/cyber-protection-and-cyber-hygiene-training\/#breadcrumb","itemListElement":[{"@type":"ListItem","position":1,"name":"Kezd\u0151lap","item":"https:\/\/cyberoperations.hu\/"},{"@type":"ListItem","position":2,"name":"Shop","item":"https:\/\/cyberoperations.hu\/shop\/"},{"@type":"ListItem","position":3,"name":"Kiberv\u00e9delmi \u00e9s Kiberhigi\u00e9niai Tr\u00e9ning"}]},{"@type":"WebSite","@id":"https:\/\/cyberoperations.hu\/#website","url":"https:\/\/cyberoperations.hu\/","name":"Grupo de Operaciones Cibern\u00e9ticas Ltd.","description":"","publisher":{"@id":"https:\/\/cyberoperations.hu\/#organization"},"potentialAction":[{"@type":"SearchAction","target":{"@type":"EntryPoint","urlTemplate":"https:\/\/cyberoperations.hu\/?s={search_term_string}"},"query-input":{"@type":"PropertyValueSpecification","valueRequired":true,"valueName":"search_term_string"}}],"inLanguage":"es"},{"@type":"Organization","@id":"https:\/\/cyberoperations.hu\/#organization","name":"Grupo de Operaciones Cibern\u00e9ticas Ltd.","url":"https:\/\/cyberoperations.hu\/","logo":{"@type":"ImageObject","inLanguage":"es","@id":"https:\/\/cyberoperations.hu\/#\/schema\/logo\/image\/","url":"https:\/\/cyberoperations.hu\/wp-content\/uploads\/2024\/12\/simalogo-2.png","contentUrl":"https:\/\/cyberoperations.hu\/wp-content\/uploads\/2024\/12\/simalogo-2.png","width":1500,"height":400,"caption":"Cyber Operations Group Kft."},"image":{"@id":"https:\/\/cyberoperations.hu\/#\/schema\/logo\/image\/"}}]},"product_price_currency":"EUR","og_availability":"instock","product_availability":"instock","product_condition":"new"},"_links":{"self":[{"href":"https:\/\/cyberoperations.hu\/es\/wp-json\/wp\/v2\/product\/2701","targetHints":{"allow":["GET"]}}],"collection":[{"href":"https:\/\/cyberoperations.hu\/es\/wp-json\/wp\/v2\/product"}],"about":[{"href":"https:\/\/cyberoperations.hu\/es\/wp-json\/wp\/v2\/types\/product"}],"version-history":[{"count":0,"href":"https:\/\/cyberoperations.hu\/es\/wp-json\/wp\/v2\/product\/2701\/revisions"}],"wp:attachment":[{"href":"https:\/\/cyberoperations.hu\/es\/wp-json\/wp\/v2\/media?parent=2701"}],"wp:term":[{"taxonomy":"product_brand","embeddable":true,"href":"https:\/\/cyberoperations.hu\/es\/wp-json\/wp\/v2\/product_brand?post=2701"},{"taxonomy":"product_cat","embeddable":true,"href":"https:\/\/cyberoperations.hu\/es\/wp-json\/wp\/v2\/product_cat?post=2701"},{"taxonomy":"product_tag","embeddable":true,"href":"https:\/\/cyberoperations.hu\/es\/wp-json\/wp\/v2\/product_tag?post=2701"}],"curies":[{"name":"gracias","href":"https:\/\/api.w.org\/{rel}","templated":true}]}}