{"id":2830,"date":"2025-04-11T14:22:54","date_gmt":"2025-04-11T12:22:54","guid":{"rendered":"https:\/\/cyberoperations.hu\/?post_type=product&#038;p=2830"},"modified":"2025-11-10T18:19:00","modified_gmt":"2025-11-10T17:19:00","slug":"nis2-felkeszites","status":"publish","type":"product","link":"https:\/\/cyberoperations.hu\/es\/producto\/nis2-felkeszites\/","title":{"rendered":"Preparaci\u00f3n para el NIS2"},"content":{"rendered":"<div data-elementor-type=\"product-post\" data-elementor-id=\"2830\" class=\"elementor elementor-2830\" data-elementor-post-type=\"product\">\n\t\t\t\t<div class=\"elementor-element elementor-element-20d05be7 e-flex e-con-boxed e-con e-parent\" data-id=\"20d05be7\" data-element_type=\"container\" data-e-type=\"container\">\n\t\t\t\t\t<div class=\"e-con-inner\">\n\t\t\t\t<div class=\"elementor-element elementor-element-6f202c8a elementor-widget elementor-widget-text-editor\" data-id=\"6f202c8a\" data-element_type=\"widget\" data-e-type=\"widget\" data-widget_type=\"text-editor.default\">\n\t\t\t\t<div class=\"elementor-widget-container\">\n\t\t\t\t\t\t\t\t\t<p>La Directiva NIS2 es vinculante en los estados miembros de la Uni\u00f3n Europea desde el 18 de octubre de 2024 y genera importantes expectativas en las empresas medianas y grandes en \u00e1reas como seguridad de la informaci\u00f3n, gesti\u00f3n de incidentes, gesti\u00f3n de riesgos e informes regulatorios.\u00a0<\/p><p class=\"\" data-start=\"513\" data-end=\"844\">EL <strong data-start=\"515\" data-end=\"535\">Operaciones cibern\u00e9ticas<\/strong> Nuestro equipo de expertos ayudar\u00e1 a su empresa no solo a cumplir con la normativa NIS2, sino tambi\u00e9n a establecer una operaci\u00f3n segura, regulada y transparente. Garantizar la preparaci\u00f3n y el cumplimiento normativo adecuados es fundamental para evitar multas y minimizar los riesgos cibern\u00e9ticos.<\/p><p><strong>Nuestro servicio incluye:<\/strong><\/p><ul><li class=\"\" data-start=\"774\" data-end=\"976\"><p class=\"\" data-start=\"776\" data-end=\"976\"><strong data-start=\"776\" data-end=\"815\">Garantizar el cumplimiento legal:<\/strong> Le ayudamos a comprender y aplicar con precisi\u00f3n todos los requisitos de la Directiva NIS2, incluida la protecci\u00f3n de datos, la gesti\u00f3n de riesgos y las medidas de seguridad.<\/p><\/li><li class=\"\" data-start=\"980\" data-end=\"1169\"><p class=\"\" data-start=\"982\" data-end=\"1169\"><strong data-start=\"982\" data-end=\"1007\">Auditor\u00edas preparatorias:<\/strong> Evaluamos el estado actual de la ciberseguridad de la empresa e identificamos \u00e1reas donde se necesitan mejoras para garantizar el cumplimiento.<\/p><\/li><li data-start=\"980\" data-end=\"1169\"><strong data-start=\"41\" data-end=\"78\">Documentaci\u00f3n y elaboraci\u00f3n de informes:<\/strong> Preparamos toda la documentaci\u00f3n necesaria de acuerdo con la directiva NIS2, incluyendo un plan de gesti\u00f3n de riesgos, una pol\u00edtica de gesti\u00f3n de incidentes y los materiales necesarios para la elaboraci\u00f3n de informes regulatorios. Adem\u00e1s, nos aseguramos de que est\u00e9n disponibles en un formato actualizado y auditable.<\/li><li data-start=\"980\" data-end=\"1169\"><strong data-start=\"1625\" data-end=\"1664\">Asesoramiento y apoyo continuo:<\/strong> Nuestros expertos apoyan continuamente el proceso de cumplimiento de su empresa, ayud\u00e1ndole a mantenerse al d\u00eda con los \u00faltimos cambios y regulaciones.<\/li><\/ul><p class=\"\" data-start=\"127\" data-end=\"165\"><strong data-start=\"127\" data-end=\"165\">Experiencia en CyberOperations NIS2<\/strong><\/p><p class=\"\" data-start=\"167\" data-end=\"515\">La formaci\u00f3n NIS2 es impartida por Cyber Operations Group Ltd., empresa reconocida nacional e internacionalmente en el \u00e1mbito de la ciberseguridad, el cumplimiento normativo y la formaci\u00f3n tecnol\u00f3gica. Nuestra empresa cuenta con una amplia experiencia en la aplicaci\u00f3n pr\u00e1ctica de la normativa de ciberseguridad de la UE, incluida la Directiva NIS2.<\/p><p class=\"\" data-start=\"517\" data-end=\"602\">El programa de formaci\u00f3n y asesoramiento est\u00e1n dirigidos y supervisados por dos destacados expertos:<\/p><p class=\"\" data-start=\"604\" data-end=\"1007\">\ud83e\udded <strong data-start=\"607\" data-end=\"668\">\u00c1ron Par\u00e9j \u2013 Ingeniero de ingenier\u00eda militar y de seguridad, director general<\/strong><br data-start=\"668\" data-end=\"671\" \/>Fundador y CEO de Cyber Operations Group Ltd. Cuenta con una amplia experiencia en el campo de la protecci\u00f3n de infraestructuras cr\u00edticas y la gesti\u00f3n de riesgos corporativos. Su \u00e1rea de especializaci\u00f3n es el dise\u00f1o de sistemas de ciberdefensa, con especial atenci\u00f3n a las expectativas que la directiva NIS2 establece para las medianas y grandes empresas.<\/p><p class=\"\" data-start=\"1009\" data-end=\"1443\">\u2696\ufe0f <strong data-start=\"1012\" data-end=\"1093\">Dr. Antal Csev\u00e1r LL.M. \u2013 Abogado especializado en Inteligencia Artificial y Tecnolog\u00eda<\/strong><br data-start=\"1093\" data-end=\"1096\" \/>Abogado con experiencia internacional en cumplimiento normativo, protecci\u00f3n de datos y derecho tecnol\u00f3gico. Cuenta con una amplia experiencia asesorando a empresas en la interpretaci\u00f3n e implementaci\u00f3n de los requisitos legales de la NIS2. Su experiencia legal es clave para el desarrollo de documentaci\u00f3n de cumplimiento y procesos auditables.<\/p><p class=\"\" data-start=\"1445\" data-end=\"1668\">La trayectoria profesional y la experiencia pr\u00e1ctica garantizan que la formaci\u00f3n NIS2 impartida por CyberOperations ofrezca no s\u00f3lo conocimientos te\u00f3ricos, sino tambi\u00e9n soluciones reales y aplicables para su empresa.<\/p><p><strong>\u00bfPor qu\u00e9 elegir el servicio de capacitaci\u00f3n NIS2 de CyberOperations?<\/strong><\/p><p>\u2714 Asesoramiento experto durante todo el proceso de cumplimiento de NIS2<br data-start=\"1933\" data-end=\"1936\" \/>\u2714 Soluciones personalizadas para adaptarse a las necesidades de su empresa<br data-start=\"1992\" data-end=\"1995\" \/>\u2714 Asistencia en la aplicaci\u00f3n de las leyes y normas m\u00e1s importantes (p. ej. RGPD, ISO 27001)<\/p><p class=\"\" data-start=\"2160\" data-end=\"2298\">\u00a1No se pierda las pr\u00f3ximas fechas l\u00edmite de NIS2! Aseg\u00farese de que su empresa cumpla con la normativa y cuente con la ciberprotecci\u00f3n adecuada.<\/p>\t\t\t\t\t\t\t\t<\/div>\n\t\t\t\t<\/div>\n\t\t\t\t\t<\/div>\n\t\t\t\t<\/div>\n\t\t\t\t<\/div>","protected":false},"excerpt":{"rendered":"<p>A NIS2 ir\u00e1nyelv 2024. okt\u00f3ber 18-t\u00f3l k\u00f6telez\u0151 \u00e9rv\u00e9ny\u0171 az Eur\u00f3pai Uni\u00f3 tag\u00e1llamaiban, \u00e9s jelent\u0151s elv\u00e1r\u00e1sokat t\u00e1maszt a k\u00f6zepes \u00e9s nagyv\u00e1llalatokkal [&hellip;]<\/p>\n","protected":false},"featured_media":0,"template":"","meta":{"site-sidebar-layout":"default","site-content-layout":"","ast-site-content-layout":"default","site-content-style":"default","site-sidebar-style":"default","ast-global-header-display":"","ast-banner-title-visibility":"","ast-main-header-display":"","ast-hfb-above-header-display":"","ast-hfb-below-header-display":"","ast-hfb-mobile-header-display":"","site-post-title":"","ast-breadcrumbs-content":"","ast-featured-img":"","footer-sml-layout":"","ast-disable-related-posts":"","theme-transparent-header-meta":"default","adv-header-id-meta":"","stick-header-meta":"","header-above-stick-meta":"","header-main-stick-meta":"","header-below-stick-meta":"","astra-migrate-meta-layouts":"set","ast-page-background-enabled":"default","ast-page-background-meta":{"desktop":{"background-color":"var(--ast-global-color-4)","background-image":"","background-repeat":"repeat","background-position":"center center","background-size":"auto","background-attachment":"scroll","background-type":"","background-media":"","overlay-type":"","overlay-color":"","overlay-opacity":"","overlay-gradient":""},"tablet":{"background-color":"","background-image":"","background-repeat":"repeat","background-position":"center center","background-size":"auto","background-attachment":"scroll","background-type":"","background-media":"","overlay-type":"","overlay-color":"","overlay-opacity":"","overlay-gradient":""},"mobile":{"background-color":"","background-image":"","background-repeat":"repeat","background-position":"center center","background-size":"auto","background-attachment":"scroll","background-type":"","background-media":"","overlay-type":"","overlay-color":"","overlay-opacity":"","overlay-gradient":""}},"ast-content-background-meta":{"desktop":{"background-color":"var(--ast-global-color-5)","background-image":"","background-repeat":"repeat","background-position":"center center","background-size":"auto","background-attachment":"scroll","background-type":"","background-media":"","overlay-type":"","overlay-color":"","overlay-opacity":"","overlay-gradient":""},"tablet":{"background-color":"var(--ast-global-color-5)","background-image":"","background-repeat":"repeat","background-position":"center center","background-size":"auto","background-attachment":"scroll","background-type":"","background-media":"","overlay-type":"","overlay-color":"","overlay-opacity":"","overlay-gradient":""},"mobile":{"background-color":"var(--ast-global-color-5)","background-image":"","background-repeat":"repeat","background-position":"center center","background-size":"auto","background-attachment":"scroll","background-type":"","background-media":"","overlay-type":"","overlay-color":"","overlay-opacity":"","overlay-gradient":""}}},"product_brand":[],"product_cat":[25],"product_tag":[],"class_list":{"0":"post-2830","1":"product","2":"type-product","3":"status-publish","5":"product_cat-uncategorized","6":"desktop-align-left","7":"tablet-align-left","8":"mobile-align-left","10":"first","11":"instock","12":"shipping-taxable","13":"product-type-simple"},"yoast_head":"<!-- This site is optimized with the Yoast SEO Premium plugin v27.4 (Yoast SEO v27.4) - https:\/\/yoast.com\/product\/yoast-seo-premium-wordpress\/ -->\n<title>NIS2 felk\u00e9sz\u00edt\u00e9s - Cyber Operations Group Kft.<\/title>\n<meta name=\"robots\" content=\"index, follow, max-snippet:-1, max-image-preview:large, max-video-preview:-1\" \/>\n<link rel=\"canonical\" href=\"https:\/\/cyberoperations.hu\/es\/producto\/nis2-felkeszites\/\" \/>\n<meta property=\"og:locale\" content=\"es_ES\" \/>\n<meta property=\"og:type\" content=\"article\" \/>\n<meta property=\"og:title\" content=\"NIS2 felk\u00e9sz\u00edt\u00e9s\" \/>\n<meta property=\"og:description\" content=\"A NIS2 ir\u00e1nyelv 2024. okt\u00f3ber 18-t\u00f3l k\u00f6telez\u0151 \u00e9rv\u00e9ny\u0171 az Eur\u00f3pai Uni\u00f3 tag\u00e1llamaiban, \u00e9s jelent\u0151s elv\u00e1r\u00e1sokat t\u00e1maszt a k\u00f6zepes \u00e9s nagyv\u00e1llalatokkal [&hellip;]\" \/>\n<meta property=\"og:url\" content=\"https:\/\/cyberoperations.hu\/es\/producto\/nis2-felkeszites\/\" \/>\n<meta property=\"og:site_name\" content=\"Cyber Operations Group Kft.\" \/>\n<meta property=\"article:modified_time\" content=\"2025-11-10T17:19:00+00:00\" \/>\n<meta name=\"twitter:card\" content=\"summary_large_image\" \/>\n<meta name=\"twitter:label1\" content=\"Precio\" \/>\n\t<meta name=\"twitter:data1\" content=\"\" \/>\n\t<meta name=\"twitter:label2\" content=\"Disponibilidad\" \/>\n\t<meta name=\"twitter:data2\" content=\"Disponible\" \/>\n<script type=\"application\/ld+json\" class=\"yoast-schema-graph\">{\"@context\":\"https:\\\/\\\/schema.org\",\"@graph\":[{\"@type\":\"WebPage\",\"@id\":\"https:\\\/\\\/cyberoperations.hu\\\/termek\\\/nis2-felkeszites\\\/\",\"url\":\"https:\\\/\\\/cyberoperations.hu\\\/termek\\\/nis2-felkeszites\\\/\",\"name\":\"NIS2 felk\u00e9sz\u00edt\u00e9s - Cyber Operations Group Kft.\",\"isPartOf\":{\"@id\":\"https:\\\/\\\/cyberoperations.hu\\\/#website\"},\"datePublished\":\"2025-04-11T12:22:54+00:00\",\"dateModified\":\"2025-11-10T17:19:00+00:00\",\"breadcrumb\":{\"@id\":\"https:\\\/\\\/cyberoperations.hu\\\/termek\\\/nis2-felkeszites\\\/#breadcrumb\"},\"inLanguage\":\"es\",\"potentialAction\":[{\"@type\":\"ReadAction\",\"target\":[\"https:\\\/\\\/cyberoperations.hu\\\/termek\\\/nis2-felkeszites\\\/\"]}]},{\"@type\":\"BreadcrumbList\",\"@id\":\"https:\\\/\\\/cyberoperations.hu\\\/termek\\\/nis2-felkeszites\\\/#breadcrumb\",\"itemListElement\":[{\"@type\":\"ListItem\",\"position\":1,\"name\":\"Kezd\u0151lap\",\"item\":\"https:\\\/\\\/cyberoperations.hu\\\/\"},{\"@type\":\"ListItem\",\"position\":2,\"name\":\"Shop\",\"item\":\"https:\\\/\\\/cyberoperations.hu\\\/shop\\\/\"},{\"@type\":\"ListItem\",\"position\":3,\"name\":\"NIS2 felk\u00e9sz\u00edt\u00e9s\"}]},{\"@type\":\"WebSite\",\"@id\":\"https:\\\/\\\/cyberoperations.hu\\\/#website\",\"url\":\"https:\\\/\\\/cyberoperations.hu\\\/\",\"name\":\"Cyber Operations Group Kft.\",\"description\":\"\",\"publisher\":{\"@id\":\"https:\\\/\\\/cyberoperations.hu\\\/#organization\"},\"potentialAction\":[{\"@type\":\"SearchAction\",\"target\":{\"@type\":\"EntryPoint\",\"urlTemplate\":\"https:\\\/\\\/cyberoperations.hu\\\/?s={search_term_string}\"},\"query-input\":{\"@type\":\"PropertyValueSpecification\",\"valueRequired\":true,\"valueName\":\"search_term_string\"}}],\"inLanguage\":\"es\"},{\"@type\":\"Organization\",\"@id\":\"https:\\\/\\\/cyberoperations.hu\\\/#organization\",\"name\":\"Cyber Operations Group Kft.\",\"url\":\"https:\\\/\\\/cyberoperations.hu\\\/\",\"logo\":{\"@type\":\"ImageObject\",\"inLanguage\":\"es\",\"@id\":\"https:\\\/\\\/cyberoperations.hu\\\/#\\\/schema\\\/logo\\\/image\\\/\",\"url\":\"https:\\\/\\\/cyberoperations.hu\\\/wp-content\\\/uploads\\\/2024\\\/12\\\/simalogo-2.png\",\"contentUrl\":\"https:\\\/\\\/cyberoperations.hu\\\/wp-content\\\/uploads\\\/2024\\\/12\\\/simalogo-2.png\",\"width\":1500,\"height\":400,\"caption\":\"Cyber Operations Group Kft.\"},\"image\":{\"@id\":\"https:\\\/\\\/cyberoperations.hu\\\/#\\\/schema\\\/logo\\\/image\\\/\"}}]}<\/script>\n<meta property=\"product:price:currency\" content=\"EUR\" \/>\n<meta property=\"og:availability\" content=\"instock\" \/>\n<meta property=\"product:availability\" content=\"instock\" \/>\n<meta property=\"product:condition\" content=\"new\" \/>\n<!-- \/ Yoast SEO Premium plugin. -->","yoast_head_json":{"title":"Preparaci\u00f3n para NIS2 - Cyber Operations Group Ltd.","robots":{"index":"index","follow":"follow","max-snippet":"max-snippet:-1","max-image-preview":"max-image-preview:large","max-video-preview":"max-video-preview:-1"},"canonical":"https:\/\/cyberoperations.hu\/es\/producto\/nis2-felkeszites\/","og_locale":"es_ES","og_type":"article","og_title":"NIS2 felk\u00e9sz\u00edt\u00e9s","og_description":"A NIS2 ir\u00e1nyelv 2024. okt\u00f3ber 18-t\u00f3l k\u00f6telez\u0151 \u00e9rv\u00e9ny\u0171 az Eur\u00f3pai Uni\u00f3 tag\u00e1llamaiban, \u00e9s jelent\u0151s elv\u00e1r\u00e1sokat t\u00e1maszt a k\u00f6zepes \u00e9s nagyv\u00e1llalatokkal [&hellip;]","og_url":"https:\/\/cyberoperations.hu\/es\/producto\/nis2-felkeszites\/","og_site_name":"Cyber Operations Group Kft.","article_modified_time":"2025-11-10T17:19:00+00:00","twitter_card":"summary_large_image","twitter_misc":{"Precio":"","Disponibilidad":"Disponible"},"schema":{"@context":"https:\/\/schema.org","@graph":[{"@type":"WebPage","@id":"https:\/\/cyberoperations.hu\/termek\/nis2-felkeszites\/","url":"https:\/\/cyberoperations.hu\/termek\/nis2-felkeszites\/","name":"Preparaci\u00f3n para NIS2 - Cyber Operations Group Ltd.","isPartOf":{"@id":"https:\/\/cyberoperations.hu\/#website"},"datePublished":"2025-04-11T12:22:54+00:00","dateModified":"2025-11-10T17:19:00+00:00","breadcrumb":{"@id":"https:\/\/cyberoperations.hu\/termek\/nis2-felkeszites\/#breadcrumb"},"inLanguage":"es","potentialAction":[{"@type":"ReadAction","target":["https:\/\/cyberoperations.hu\/termek\/nis2-felkeszites\/"]}]},{"@type":"BreadcrumbList","@id":"https:\/\/cyberoperations.hu\/termek\/nis2-felkeszites\/#breadcrumb","itemListElement":[{"@type":"ListItem","position":1,"name":"Kezd\u0151lap","item":"https:\/\/cyberoperations.hu\/"},{"@type":"ListItem","position":2,"name":"Shop","item":"https:\/\/cyberoperations.hu\/shop\/"},{"@type":"ListItem","position":3,"name":"NIS2 felk\u00e9sz\u00edt\u00e9s"}]},{"@type":"WebSite","@id":"https:\/\/cyberoperations.hu\/#website","url":"https:\/\/cyberoperations.hu\/","name":"Grupo de Operaciones Cibern\u00e9ticas Ltd.","description":"","publisher":{"@id":"https:\/\/cyberoperations.hu\/#organization"},"potentialAction":[{"@type":"SearchAction","target":{"@type":"EntryPoint","urlTemplate":"https:\/\/cyberoperations.hu\/?s={search_term_string}"},"query-input":{"@type":"PropertyValueSpecification","valueRequired":true,"valueName":"search_term_string"}}],"inLanguage":"es"},{"@type":"Organization","@id":"https:\/\/cyberoperations.hu\/#organization","name":"Grupo de Operaciones Cibern\u00e9ticas Ltd.","url":"https:\/\/cyberoperations.hu\/","logo":{"@type":"ImageObject","inLanguage":"es","@id":"https:\/\/cyberoperations.hu\/#\/schema\/logo\/image\/","url":"https:\/\/cyberoperations.hu\/wp-content\/uploads\/2024\/12\/simalogo-2.png","contentUrl":"https:\/\/cyberoperations.hu\/wp-content\/uploads\/2024\/12\/simalogo-2.png","width":1500,"height":400,"caption":"Cyber Operations Group Kft."},"image":{"@id":"https:\/\/cyberoperations.hu\/#\/schema\/logo\/image\/"}}]},"product_price_currency":"EUR","og_availability":"instock","product_availability":"instock","product_condition":"new"},"_links":{"self":[{"href":"https:\/\/cyberoperations.hu\/es\/wp-json\/wp\/v2\/product\/2830","targetHints":{"allow":["GET"]}}],"collection":[{"href":"https:\/\/cyberoperations.hu\/es\/wp-json\/wp\/v2\/product"}],"about":[{"href":"https:\/\/cyberoperations.hu\/es\/wp-json\/wp\/v2\/types\/product"}],"version-history":[{"count":0,"href":"https:\/\/cyberoperations.hu\/es\/wp-json\/wp\/v2\/product\/2830\/revisions"}],"wp:attachment":[{"href":"https:\/\/cyberoperations.hu\/es\/wp-json\/wp\/v2\/media?parent=2830"}],"wp:term":[{"taxonomy":"product_brand","embeddable":true,"href":"https:\/\/cyberoperations.hu\/es\/wp-json\/wp\/v2\/product_brand?post=2830"},{"taxonomy":"product_cat","embeddable":true,"href":"https:\/\/cyberoperations.hu\/es\/wp-json\/wp\/v2\/product_cat?post=2830"},{"taxonomy":"product_tag","embeddable":true,"href":"https:\/\/cyberoperations.hu\/es\/wp-json\/wp\/v2\/product_tag?post=2830"}],"curies":[{"name":"gracias","href":"https:\/\/api.w.org\/{rel}","templated":true}]}}