{"id":2841,"date":"2025-05-05T13:56:23","date_gmt":"2025-05-05T11:56:23","guid":{"rendered":"https:\/\/cyberoperations.hu\/?post_type=product&#038;p=2841"},"modified":"2025-05-05T13:56:23","modified_gmt":"2025-05-05T11:56:23","slug":"biztonsagi-felmeres-etikus-hackeles","status":"publish","type":"product","link":"https:\/\/cyberoperations.hu\/es\/producto\/biztonsagi-felmeres-etikus-hackeles\/","title":{"rendered":"Evaluaci\u00f3n de seguridad y pirater\u00eda \u00e9tica"},"content":{"rendered":"<p>\u00a1Identifique vulnerabilidades de seguridad antes de que lo hagan los atacantes! Nuestros servicios de hacking \u00e9tico simulan ataques reales para evaluar la seguridad de su sitio web, aplicaci\u00f3n o red, y le ofrecen recomendaciones pr\u00e1cticas para fortalecer sus defensas. El precio depende de la complejidad de la evaluaci\u00f3n.<\/p>\n<p>&nbsp;<\/p>\n<p><strong data-start=\"2300\" data-end=\"2326\">\u00a1Solicita una cotizaci\u00f3n ahora!<\/strong><br data-start=\"2326\" data-end=\"2329\" \/>Hacer clic en <em data-start=\"2343\" data-end=\"2360\">Me gustar\u00eda una cotizaci\u00f3n.<\/em> \u00a1Bot\u00f3n y nuestros colegas se comunicar\u00e1n con usted pronto con informaci\u00f3n detallada!<\/p>","protected":false},"excerpt":{"rendered":"<p>Azonos\u00edtsa a biztons\u00e1gi r\u00e9seket, miel\u0151tt a rosszindulat\u00fa t\u00e1mad\u00f3k tenn\u00e9k! Etikus hackel\u00e9si szolg\u00e1ltat\u00e1saink val\u00f3s t\u00e1mad\u00e1sokat szimul\u00e1lnak weboldala, alkalmaz\u00e1sa vagy h\u00e1l\u00f3zata biztons\u00e1g\u00e1nak [&hellip;]<\/p>\n","protected":false},"featured_media":0,"template":"","meta":{"site-sidebar-layout":"default","site-content-layout":"","ast-site-content-layout":"default","site-content-style":"default","site-sidebar-style":"default","ast-global-header-display":"","ast-banner-title-visibility":"","ast-main-header-display":"","ast-hfb-above-header-display":"","ast-hfb-below-header-display":"","ast-hfb-mobile-header-display":"","site-post-title":"","ast-breadcrumbs-content":"","ast-featured-img":"","footer-sml-layout":"","ast-disable-related-posts":"","theme-transparent-header-meta":"default","adv-header-id-meta":"","stick-header-meta":"","header-above-stick-meta":"","header-main-stick-meta":"","header-below-stick-meta":"","astra-migrate-meta-layouts":"set","ast-page-background-enabled":"default","ast-page-background-meta":{"desktop":{"background-color":"var(--ast-global-color-4)","background-image":"","background-repeat":"repeat","background-position":"center center","background-size":"auto","background-attachment":"scroll","background-type":"","background-media":"","overlay-type":"","overlay-color":"","overlay-opacity":"","overlay-gradient":""},"tablet":{"background-color":"","background-image":"","background-repeat":"repeat","background-position":"center center","background-size":"auto","background-attachment":"scroll","background-type":"","background-media":"","overlay-type":"","overlay-color":"","overlay-opacity":"","overlay-gradient":""},"mobile":{"background-color":"","background-image":"","background-repeat":"repeat","background-position":"center center","background-size":"auto","background-attachment":"scroll","background-type":"","background-media":"","overlay-type":"","overlay-color":"","overlay-opacity":"","overlay-gradient":""}},"ast-content-background-meta":{"desktop":{"background-color":"var(--ast-global-color-5)","background-image":"","background-repeat":"repeat","background-position":"center center","background-size":"auto","background-attachment":"scroll","background-type":"","background-media":"","overlay-type":"","overlay-color":"","overlay-opacity":"","overlay-gradient":""},"tablet":{"background-color":"var(--ast-global-color-5)","background-image":"","background-repeat":"repeat","background-position":"center center","background-size":"auto","background-attachment":"scroll","background-type":"","background-media":"","overlay-type":"","overlay-color":"","overlay-opacity":"","overlay-gradient":""},"mobile":{"background-color":"var(--ast-global-color-5)","background-image":"","background-repeat":"repeat","background-position":"center center","background-size":"auto","background-attachment":"scroll","background-type":"","background-media":"","overlay-type":"","overlay-color":"","overlay-opacity":"","overlay-gradient":""}}},"product_brand":[],"product_cat":[25],"product_tag":[],"class_list":{"0":"post-2841","1":"product","2":"type-product","3":"status-publish","5":"product_cat-uncategorized","6":"desktop-align-left","7":"tablet-align-left","8":"mobile-align-left","10":"first","11":"instock","12":"shipping-taxable","13":"product-type-simple"},"yoast_head":"<!-- This site is optimized with the Yoast SEO Premium plugin v27.4 (Yoast SEO v27.4) - https:\/\/yoast.com\/product\/yoast-seo-premium-wordpress\/ -->\n<title>Biztons\u00e1gi Felm\u00e9r\u00e9s &amp; Etikus Hackel\u00e9s - Cyber Operations Group Kft.<\/title>\n<meta name=\"robots\" content=\"index, follow, max-snippet:-1, max-image-preview:large, max-video-preview:-1\" \/>\n<link rel=\"canonical\" href=\"https:\/\/cyberoperations.hu\/es\/producto\/biztonsagi-felmeres-etikus-hackeles\/\" \/>\n<meta property=\"og:locale\" content=\"es_ES\" \/>\n<meta property=\"og:type\" content=\"article\" \/>\n<meta property=\"og:title\" content=\"Biztons\u00e1gi Felm\u00e9r\u00e9s &amp; Etikus Hackel\u00e9s\" \/>\n<meta property=\"og:description\" content=\"Azonos\u00edtsa a biztons\u00e1gi r\u00e9seket, miel\u0151tt a rosszindulat\u00fa t\u00e1mad\u00f3k tenn\u00e9k! Etikus hackel\u00e9si szolg\u00e1ltat\u00e1saink val\u00f3s t\u00e1mad\u00e1sokat szimul\u00e1lnak weboldala, alkalmaz\u00e1sa vagy h\u00e1l\u00f3zata biztons\u00e1g\u00e1nak [&hellip;]\" \/>\n<meta property=\"og:url\" content=\"https:\/\/cyberoperations.hu\/es\/producto\/biztonsagi-felmeres-etikus-hackeles\/\" \/>\n<meta property=\"og:site_name\" content=\"Cyber Operations Group Kft.\" \/>\n<meta name=\"twitter:card\" content=\"summary_large_image\" \/>\n<meta name=\"twitter:label1\" content=\"Precio\" \/>\n\t<meta name=\"twitter:data1\" content=\"\" \/>\n\t<meta name=\"twitter:label2\" content=\"Disponibilidad\" \/>\n\t<meta name=\"twitter:data2\" content=\"Disponible\" \/>\n<script type=\"application\/ld+json\" class=\"yoast-schema-graph\">{\"@context\":\"https:\\\/\\\/schema.org\",\"@graph\":[{\"@type\":\"WebPage\",\"@id\":\"https:\\\/\\\/cyberoperations.hu\\\/termek\\\/biztonsagi-felmeres-etikus-hackeles\\\/\",\"url\":\"https:\\\/\\\/cyberoperations.hu\\\/termek\\\/biztonsagi-felmeres-etikus-hackeles\\\/\",\"name\":\"Biztons\u00e1gi Felm\u00e9r\u00e9s & Etikus Hackel\u00e9s - Cyber Operations Group Kft.\",\"isPartOf\":{\"@id\":\"https:\\\/\\\/cyberoperations.hu\\\/#website\"},\"datePublished\":\"2025-05-05T11:56:23+00:00\",\"breadcrumb\":{\"@id\":\"https:\\\/\\\/cyberoperations.hu\\\/termek\\\/biztonsagi-felmeres-etikus-hackeles\\\/#breadcrumb\"},\"inLanguage\":\"es\",\"potentialAction\":[{\"@type\":\"ReadAction\",\"target\":[\"https:\\\/\\\/cyberoperations.hu\\\/termek\\\/biztonsagi-felmeres-etikus-hackeles\\\/\"]}]},{\"@type\":\"BreadcrumbList\",\"@id\":\"https:\\\/\\\/cyberoperations.hu\\\/termek\\\/biztonsagi-felmeres-etikus-hackeles\\\/#breadcrumb\",\"itemListElement\":[{\"@type\":\"ListItem\",\"position\":1,\"name\":\"Kezd\u0151lap\",\"item\":\"https:\\\/\\\/cyberoperations.hu\\\/\"},{\"@type\":\"ListItem\",\"position\":2,\"name\":\"Shop\",\"item\":\"https:\\\/\\\/cyberoperations.hu\\\/shop\\\/\"},{\"@type\":\"ListItem\",\"position\":3,\"name\":\"Biztons\u00e1gi Felm\u00e9r\u00e9s &#038; Etikus Hackel\u00e9s\"}]},{\"@type\":\"WebSite\",\"@id\":\"https:\\\/\\\/cyberoperations.hu\\\/#website\",\"url\":\"https:\\\/\\\/cyberoperations.hu\\\/\",\"name\":\"Cyber Operations Group Kft.\",\"description\":\"\",\"publisher\":{\"@id\":\"https:\\\/\\\/cyberoperations.hu\\\/#organization\"},\"potentialAction\":[{\"@type\":\"SearchAction\",\"target\":{\"@type\":\"EntryPoint\",\"urlTemplate\":\"https:\\\/\\\/cyberoperations.hu\\\/?s={search_term_string}\"},\"query-input\":{\"@type\":\"PropertyValueSpecification\",\"valueRequired\":true,\"valueName\":\"search_term_string\"}}],\"inLanguage\":\"es\"},{\"@type\":\"Organization\",\"@id\":\"https:\\\/\\\/cyberoperations.hu\\\/#organization\",\"name\":\"Cyber Operations Group Kft.\",\"url\":\"https:\\\/\\\/cyberoperations.hu\\\/\",\"logo\":{\"@type\":\"ImageObject\",\"inLanguage\":\"es\",\"@id\":\"https:\\\/\\\/cyberoperations.hu\\\/#\\\/schema\\\/logo\\\/image\\\/\",\"url\":\"https:\\\/\\\/cyberoperations.hu\\\/wp-content\\\/uploads\\\/2024\\\/12\\\/simalogo-2.png\",\"contentUrl\":\"https:\\\/\\\/cyberoperations.hu\\\/wp-content\\\/uploads\\\/2024\\\/12\\\/simalogo-2.png\",\"width\":1500,\"height\":400,\"caption\":\"Cyber Operations Group Kft.\"},\"image\":{\"@id\":\"https:\\\/\\\/cyberoperations.hu\\\/#\\\/schema\\\/logo\\\/image\\\/\"}}]}<\/script>\n<meta property=\"product:price:currency\" content=\"EUR\" \/>\n<meta property=\"og:availability\" content=\"instock\" \/>\n<meta property=\"product:availability\" content=\"instock\" \/>\n<meta property=\"product:condition\" content=\"new\" \/>\n<!-- \/ Yoast SEO Premium plugin. -->","yoast_head_json":{"title":"Evaluaci\u00f3n de seguridad y pirater\u00eda \u00e9tica - Cyber Operations Group Kft.","robots":{"index":"index","follow":"follow","max-snippet":"max-snippet:-1","max-image-preview":"max-image-preview:large","max-video-preview":"max-video-preview:-1"},"canonical":"https:\/\/cyberoperations.hu\/es\/producto\/biztonsagi-felmeres-etikus-hackeles\/","og_locale":"es_ES","og_type":"article","og_title":"Biztons\u00e1gi Felm\u00e9r\u00e9s & Etikus Hackel\u00e9s","og_description":"Azonos\u00edtsa a biztons\u00e1gi r\u00e9seket, miel\u0151tt a rosszindulat\u00fa t\u00e1mad\u00f3k tenn\u00e9k! Etikus hackel\u00e9si szolg\u00e1ltat\u00e1saink val\u00f3s t\u00e1mad\u00e1sokat szimul\u00e1lnak weboldala, alkalmaz\u00e1sa vagy h\u00e1l\u00f3zata biztons\u00e1g\u00e1nak [&hellip;]","og_url":"https:\/\/cyberoperations.hu\/es\/producto\/biztonsagi-felmeres-etikus-hackeles\/","og_site_name":"Cyber Operations Group Kft.","twitter_card":"summary_large_image","twitter_misc":{"Precio":"","Disponibilidad":"Disponible"},"schema":{"@context":"https:\/\/schema.org","@graph":[{"@type":"WebPage","@id":"https:\/\/cyberoperations.hu\/termek\/biztonsagi-felmeres-etikus-hackeles\/","url":"https:\/\/cyberoperations.hu\/termek\/biztonsagi-felmeres-etikus-hackeles\/","name":"Evaluaci\u00f3n de seguridad y pirater\u00eda \u00e9tica - Cyber Operations Group Kft.","isPartOf":{"@id":"https:\/\/cyberoperations.hu\/#website"},"datePublished":"2025-05-05T11:56:23+00:00","breadcrumb":{"@id":"https:\/\/cyberoperations.hu\/termek\/biztonsagi-felmeres-etikus-hackeles\/#breadcrumb"},"inLanguage":"es","potentialAction":[{"@type":"ReadAction","target":["https:\/\/cyberoperations.hu\/termek\/biztonsagi-felmeres-etikus-hackeles\/"]}]},{"@type":"BreadcrumbList","@id":"https:\/\/cyberoperations.hu\/termek\/biztonsagi-felmeres-etikus-hackeles\/#breadcrumb","itemListElement":[{"@type":"ListItem","position":1,"name":"Kezd\u0151lap","item":"https:\/\/cyberoperations.hu\/"},{"@type":"ListItem","position":2,"name":"Shop","item":"https:\/\/cyberoperations.hu\/shop\/"},{"@type":"ListItem","position":3,"name":"Biztons\u00e1gi Felm\u00e9r\u00e9s &#038; Etikus Hackel\u00e9s"}]},{"@type":"WebSite","@id":"https:\/\/cyberoperations.hu\/#website","url":"https:\/\/cyberoperations.hu\/","name":"Grupo de Operaciones Cibern\u00e9ticas Ltd.","description":"","publisher":{"@id":"https:\/\/cyberoperations.hu\/#organization"},"potentialAction":[{"@type":"SearchAction","target":{"@type":"EntryPoint","urlTemplate":"https:\/\/cyberoperations.hu\/?s={search_term_string}"},"query-input":{"@type":"PropertyValueSpecification","valueRequired":true,"valueName":"search_term_string"}}],"inLanguage":"es"},{"@type":"Organization","@id":"https:\/\/cyberoperations.hu\/#organization","name":"Grupo de Operaciones Cibern\u00e9ticas Ltd.","url":"https:\/\/cyberoperations.hu\/","logo":{"@type":"ImageObject","inLanguage":"es","@id":"https:\/\/cyberoperations.hu\/#\/schema\/logo\/image\/","url":"https:\/\/cyberoperations.hu\/wp-content\/uploads\/2024\/12\/simalogo-2.png","contentUrl":"https:\/\/cyberoperations.hu\/wp-content\/uploads\/2024\/12\/simalogo-2.png","width":1500,"height":400,"caption":"Cyber Operations Group Kft."},"image":{"@id":"https:\/\/cyberoperations.hu\/#\/schema\/logo\/image\/"}}]},"product_price_currency":"EUR","og_availability":"instock","product_availability":"instock","product_condition":"new"},"_links":{"self":[{"href":"https:\/\/cyberoperations.hu\/es\/wp-json\/wp\/v2\/product\/2841","targetHints":{"allow":["GET"]}}],"collection":[{"href":"https:\/\/cyberoperations.hu\/es\/wp-json\/wp\/v2\/product"}],"about":[{"href":"https:\/\/cyberoperations.hu\/es\/wp-json\/wp\/v2\/types\/product"}],"version-history":[{"count":0,"href":"https:\/\/cyberoperations.hu\/es\/wp-json\/wp\/v2\/product\/2841\/revisions"}],"wp:attachment":[{"href":"https:\/\/cyberoperations.hu\/es\/wp-json\/wp\/v2\/media?parent=2841"}],"wp:term":[{"taxonomy":"product_brand","embeddable":true,"href":"https:\/\/cyberoperations.hu\/es\/wp-json\/wp\/v2\/product_brand?post=2841"},{"taxonomy":"product_cat","embeddable":true,"href":"https:\/\/cyberoperations.hu\/es\/wp-json\/wp\/v2\/product_cat?post=2841"},{"taxonomy":"product_tag","embeddable":true,"href":"https:\/\/cyberoperations.hu\/es\/wp-json\/wp\/v2\/product_tag?post=2841"}],"curies":[{"name":"gracias","href":"https:\/\/api.w.org\/{rel}","templated":true}]}}