{"id":2845,"date":"2025-05-05T13:59:15","date_gmt":"2025-05-05T11:59:15","guid":{"rendered":"https:\/\/cyberoperations.hu\/?post_type=product&#038;p=2845"},"modified":"2025-08-05T14:19:10","modified_gmt":"2025-08-05T12:19:10","slug":"itsmcmdb_rendszer","status":"publish","type":"product","link":"https:\/\/cyberoperations.hu\/es\/producto\/itsmcmdb_rendszer\/","title":{"rendered":"Sistema iTop ITSM y CMDB: gesti\u00f3n profesional de TI en un solo lugar"},"content":{"rendered":"<p>iTop es un sistema integral y modular de gesti\u00f3n de servicios de TI (ITSM) y base de datos de gesti\u00f3n de configuraci\u00f3n (CMDB) que ayuda a las empresas a gestionar sus procesos y activos de TI de forma transparente y eficiente.<\/p>\n<p><strong>Principales caracter\u00edsticas y beneficios<\/strong><\/p>\n<ul>\n<li>Gesti\u00f3n completa de servicios TI con m\u00f3dulos basados en ITIL: gesti\u00f3n de incidentes, gesti\u00f3n de cambios, gesti\u00f3n de problemas, contabilidad de servicios y activos, seguimiento de SLA.<\/li>\n<li>CMDB personalizable Base de datos central para registrar todos los activos de TI, servicios relacionados y elementos de configuraci\u00f3n, mapeando dependencias y relaciones.<\/li>\n<li>Procesos automatizados, flujos de trabajo transparentes. Automatizaci\u00f3n de procesos de aprobaci\u00f3n, informes personalizables, paneles de control y registros de auditor\u00eda.<\/li>\n<li>Rentable, c\u00f3digo abierto, licencias gratuitas, f\u00e1cil implementaci\u00f3n; funciones de clase empresarial con bajos costos de mantenimiento.<\/li>\n<li>Integraci\u00f3n flexible Se integra f\u00e1cilmente con sistemas externos (por ejemplo, Active Directory, correo electr\u00f3nico, monitoreo, tickets o administraci\u00f3n de activos).<\/li>\n<li>Apoya el cumplimiento Ayuda a la empresa con las auditor\u00edas de TI, haci\u00e9ndola m\u00e1s eficiente para cumplir con los requisitos regulatorios y de cumplimiento.<\/li>\n<\/ul>\n<p><strong>\u00bfA qui\u00e9n lo recomendamos?<\/strong><\/p>\n<ul>\n<li>Para empresas medianas y grandes, proveedores de servicios e instituciones que quieran implementar una gesti\u00f3n de infraestructura TI transparente, segura y unificada.<\/li>\n<li>Para organizaciones donde la precisi\u00f3n de los datos, la gesti\u00f3n eficiente de los recursos y la prestaci\u00f3n de servicios r\u00e1pida y confiable son de suma importancia.<\/li>\n<\/ul>\n<p><strong>\u00a1Con iTop, las operaciones de TI se vuelven m\u00e1s simples, los registros de activos mejoran, los procesos se vuelven m\u00e1s transparentes y los cambios, auditor\u00edas o problemas de TI se pueden manejar de manera m\u00e1s efectiva!<\/strong><\/p>","protected":false},"excerpt":{"rendered":"<p>Az iTop egy \u00e1tfog\u00f3, modul\u00e1ris IT Service Management (ITSM) \u00e9s Konfigur\u00e1ci\u00f3 Menedzsment Adatb\u00e1zis (CMDB) rendszer, amely seg\u00edti a v\u00e1llalatokat informatikai [&hellip;]<\/p>\n","protected":false},"featured_media":0,"template":"","meta":{"site-sidebar-layout":"default","site-content-layout":"","ast-site-content-layout":"default","site-content-style":"default","site-sidebar-style":"default","ast-global-header-display":"","ast-banner-title-visibility":"","ast-main-header-display":"","ast-hfb-above-header-display":"","ast-hfb-below-header-display":"","ast-hfb-mobile-header-display":"","site-post-title":"","ast-breadcrumbs-content":"","ast-featured-img":"","footer-sml-layout":"","ast-disable-related-posts":"","theme-transparent-header-meta":"default","adv-header-id-meta":"","stick-header-meta":"","header-above-stick-meta":"","header-main-stick-meta":"","header-below-stick-meta":"","astra-migrate-meta-layouts":"set","ast-page-background-enabled":"default","ast-page-background-meta":{"desktop":{"background-color":"var(--ast-global-color-4)","background-image":"","background-repeat":"repeat","background-position":"center center","background-size":"auto","background-attachment":"scroll","background-type":"","background-media":"","overlay-type":"","overlay-color":"","overlay-opacity":"","overlay-gradient":""},"tablet":{"background-color":"","background-image":"","background-repeat":"repeat","background-position":"center center","background-size":"auto","background-attachment":"scroll","background-type":"","background-media":"","overlay-type":"","overlay-color":"","overlay-opacity":"","overlay-gradient":""},"mobile":{"background-color":"","background-image":"","background-repeat":"repeat","background-position":"center center","background-size":"auto","background-attachment":"scroll","background-type":"","background-media":"","overlay-type":"","overlay-color":"","overlay-opacity":"","overlay-gradient":""}},"ast-content-background-meta":{"desktop":{"background-color":"var(--ast-global-color-5)","background-image":"","background-repeat":"repeat","background-position":"center center","background-size":"auto","background-attachment":"scroll","background-type":"","background-media":"","overlay-type":"","overlay-color":"","overlay-opacity":"","overlay-gradient":""},"tablet":{"background-color":"var(--ast-global-color-5)","background-image":"","background-repeat":"repeat","background-position":"center center","background-size":"auto","background-attachment":"scroll","background-type":"","background-media":"","overlay-type":"","overlay-color":"","overlay-opacity":"","overlay-gradient":""},"mobile":{"background-color":"var(--ast-global-color-5)","background-image":"","background-repeat":"repeat","background-position":"center center","background-size":"auto","background-attachment":"scroll","background-type":"","background-media":"","overlay-type":"","overlay-color":"","overlay-opacity":"","overlay-gradient":""}}},"product_brand":[],"product_cat":[25],"product_tag":[],"class_list":{"0":"post-2845","1":"product","2":"type-product","3":"status-publish","5":"product_cat-uncategorized","6":"desktop-align-left","7":"tablet-align-left","8":"mobile-align-left","10":"first","11":"instock","12":"shipping-taxable","13":"product-type-simple"},"yoast_head":"<!-- This site is optimized with the Yoast SEO Premium plugin v27.4 (Yoast SEO v27.4) - https:\/\/yoast.com\/product\/yoast-seo-premium-wordpress\/ -->\n<title>iTop ITSM &amp; CMDB rendszer \u2013 Professzion\u00e1lis IT menedzsment egy helyen - Cyber Operations Group Kft.<\/title>\n<meta name=\"robots\" content=\"index, follow, max-snippet:-1, max-image-preview:large, max-video-preview:-1\" \/>\n<link rel=\"canonical\" href=\"https:\/\/cyberoperations.hu\/es\/producto\/itsmcmdb_rendszer\/\" \/>\n<meta property=\"og:locale\" content=\"es_ES\" \/>\n<meta property=\"og:type\" content=\"article\" \/>\n<meta property=\"og:title\" content=\"iTop ITSM &amp; CMDB rendszer \u2013 Professzion\u00e1lis IT menedzsment egy helyen\" \/>\n<meta property=\"og:description\" content=\"Az iTop egy \u00e1tfog\u00f3, modul\u00e1ris IT Service Management (ITSM) \u00e9s Konfigur\u00e1ci\u00f3 Menedzsment Adatb\u00e1zis (CMDB) rendszer, amely seg\u00edti a v\u00e1llalatokat informatikai [&hellip;]\" \/>\n<meta property=\"og:url\" content=\"https:\/\/cyberoperations.hu\/es\/producto\/itsmcmdb_rendszer\/\" \/>\n<meta property=\"og:site_name\" content=\"Cyber Operations Group Kft.\" \/>\n<meta property=\"article:modified_time\" content=\"2025-08-05T12:19:10+00:00\" \/>\n<meta name=\"twitter:card\" content=\"summary_large_image\" \/>\n<meta name=\"twitter:label1\" content=\"Precio\" \/>\n\t<meta name=\"twitter:data1\" content=\"\" \/>\n\t<meta name=\"twitter:label2\" content=\"Disponibilidad\" \/>\n\t<meta name=\"twitter:data2\" content=\"Disponible\" \/>\n<script type=\"application\/ld+json\" class=\"yoast-schema-graph\">{\"@context\":\"https:\\\/\\\/schema.org\",\"@graph\":[{\"@type\":\"WebPage\",\"@id\":\"https:\\\/\\\/cyberoperations.hu\\\/termek\\\/itsmcmdb_rendszer\\\/\",\"url\":\"https:\\\/\\\/cyberoperations.hu\\\/termek\\\/itsmcmdb_rendszer\\\/\",\"name\":\"iTop ITSM & CMDB rendszer \u2013 Professzion\u00e1lis IT menedzsment egy helyen - Cyber Operations Group Kft.\",\"isPartOf\":{\"@id\":\"https:\\\/\\\/cyberoperations.hu\\\/#website\"},\"datePublished\":\"2025-05-05T11:59:15+00:00\",\"dateModified\":\"2025-08-05T12:19:10+00:00\",\"breadcrumb\":{\"@id\":\"https:\\\/\\\/cyberoperations.hu\\\/termek\\\/itsmcmdb_rendszer\\\/#breadcrumb\"},\"inLanguage\":\"es\",\"potentialAction\":[{\"@type\":\"ReadAction\",\"target\":[\"https:\\\/\\\/cyberoperations.hu\\\/termek\\\/itsmcmdb_rendszer\\\/\"]}]},{\"@type\":\"BreadcrumbList\",\"@id\":\"https:\\\/\\\/cyberoperations.hu\\\/termek\\\/itsmcmdb_rendszer\\\/#breadcrumb\",\"itemListElement\":[{\"@type\":\"ListItem\",\"position\":1,\"name\":\"Kezd\u0151lap\",\"item\":\"https:\\\/\\\/cyberoperations.hu\\\/\"},{\"@type\":\"ListItem\",\"position\":2,\"name\":\"Shop\",\"item\":\"https:\\\/\\\/cyberoperations.hu\\\/shop\\\/\"},{\"@type\":\"ListItem\",\"position\":3,\"name\":\"iTop ITSM &#038; CMDB rendszer \u2013 Professzion\u00e1lis IT menedzsment egy helyen\"}]},{\"@type\":\"WebSite\",\"@id\":\"https:\\\/\\\/cyberoperations.hu\\\/#website\",\"url\":\"https:\\\/\\\/cyberoperations.hu\\\/\",\"name\":\"Cyber Operations Group Kft.\",\"description\":\"\",\"publisher\":{\"@id\":\"https:\\\/\\\/cyberoperations.hu\\\/#organization\"},\"potentialAction\":[{\"@type\":\"SearchAction\",\"target\":{\"@type\":\"EntryPoint\",\"urlTemplate\":\"https:\\\/\\\/cyberoperations.hu\\\/?s={search_term_string}\"},\"query-input\":{\"@type\":\"PropertyValueSpecification\",\"valueRequired\":true,\"valueName\":\"search_term_string\"}}],\"inLanguage\":\"es\"},{\"@type\":\"Organization\",\"@id\":\"https:\\\/\\\/cyberoperations.hu\\\/#organization\",\"name\":\"Cyber Operations Group Kft.\",\"url\":\"https:\\\/\\\/cyberoperations.hu\\\/\",\"logo\":{\"@type\":\"ImageObject\",\"inLanguage\":\"es\",\"@id\":\"https:\\\/\\\/cyberoperations.hu\\\/#\\\/schema\\\/logo\\\/image\\\/\",\"url\":\"https:\\\/\\\/cyberoperations.hu\\\/wp-content\\\/uploads\\\/2024\\\/12\\\/simalogo-2.png\",\"contentUrl\":\"https:\\\/\\\/cyberoperations.hu\\\/wp-content\\\/uploads\\\/2024\\\/12\\\/simalogo-2.png\",\"width\":1500,\"height\":400,\"caption\":\"Cyber Operations Group Kft.\"},\"image\":{\"@id\":\"https:\\\/\\\/cyberoperations.hu\\\/#\\\/schema\\\/logo\\\/image\\\/\"}}]}<\/script>\n<meta property=\"product:price:currency\" content=\"EUR\" \/>\n<meta property=\"og:availability\" content=\"instock\" \/>\n<meta property=\"product:availability\" content=\"instock\" \/>\n<meta property=\"product:condition\" content=\"new\" \/>\n<!-- \/ Yoast SEO Premium plugin. -->","yoast_head_json":{"title":"Sistema iTop ITSM y CMDB: gesti\u00f3n profesional de TI en un solo lugar - Cyber Operations Group Kft.","robots":{"index":"index","follow":"follow","max-snippet":"max-snippet:-1","max-image-preview":"max-image-preview:large","max-video-preview":"max-video-preview:-1"},"canonical":"https:\/\/cyberoperations.hu\/es\/producto\/itsmcmdb_rendszer\/","og_locale":"es_ES","og_type":"article","og_title":"iTop ITSM & CMDB rendszer \u2013 Professzion\u00e1lis IT menedzsment egy helyen","og_description":"Az iTop egy \u00e1tfog\u00f3, modul\u00e1ris IT Service Management (ITSM) \u00e9s Konfigur\u00e1ci\u00f3 Menedzsment Adatb\u00e1zis (CMDB) rendszer, amely seg\u00edti a v\u00e1llalatokat informatikai [&hellip;]","og_url":"https:\/\/cyberoperations.hu\/es\/producto\/itsmcmdb_rendszer\/","og_site_name":"Cyber Operations Group Kft.","article_modified_time":"2025-08-05T12:19:10+00:00","twitter_card":"summary_large_image","twitter_misc":{"Precio":"","Disponibilidad":"Disponible"},"schema":{"@context":"https:\/\/schema.org","@graph":[{"@type":"WebPage","@id":"https:\/\/cyberoperations.hu\/termek\/itsmcmdb_rendszer\/","url":"https:\/\/cyberoperations.hu\/termek\/itsmcmdb_rendszer\/","name":"Sistema iTop ITSM y CMDB: gesti\u00f3n profesional de TI en un solo lugar - Cyber Operations Group Kft.","isPartOf":{"@id":"https:\/\/cyberoperations.hu\/#website"},"datePublished":"2025-05-05T11:59:15+00:00","dateModified":"2025-08-05T12:19:10+00:00","breadcrumb":{"@id":"https:\/\/cyberoperations.hu\/termek\/itsmcmdb_rendszer\/#breadcrumb"},"inLanguage":"es","potentialAction":[{"@type":"ReadAction","target":["https:\/\/cyberoperations.hu\/termek\/itsmcmdb_rendszer\/"]}]},{"@type":"BreadcrumbList","@id":"https:\/\/cyberoperations.hu\/termek\/itsmcmdb_rendszer\/#breadcrumb","itemListElement":[{"@type":"ListItem","position":1,"name":"Kezd\u0151lap","item":"https:\/\/cyberoperations.hu\/"},{"@type":"ListItem","position":2,"name":"Shop","item":"https:\/\/cyberoperations.hu\/shop\/"},{"@type":"ListItem","position":3,"name":"iTop ITSM &#038; CMDB rendszer \u2013 Professzion\u00e1lis IT menedzsment egy helyen"}]},{"@type":"WebSite","@id":"https:\/\/cyberoperations.hu\/#website","url":"https:\/\/cyberoperations.hu\/","name":"Grupo de Operaciones Cibern\u00e9ticas Ltd.","description":"","publisher":{"@id":"https:\/\/cyberoperations.hu\/#organization"},"potentialAction":[{"@type":"SearchAction","target":{"@type":"EntryPoint","urlTemplate":"https:\/\/cyberoperations.hu\/?s={search_term_string}"},"query-input":{"@type":"PropertyValueSpecification","valueRequired":true,"valueName":"search_term_string"}}],"inLanguage":"es"},{"@type":"Organization","@id":"https:\/\/cyberoperations.hu\/#organization","name":"Grupo de Operaciones Cibern\u00e9ticas Ltd.","url":"https:\/\/cyberoperations.hu\/","logo":{"@type":"ImageObject","inLanguage":"es","@id":"https:\/\/cyberoperations.hu\/#\/schema\/logo\/image\/","url":"https:\/\/cyberoperations.hu\/wp-content\/uploads\/2024\/12\/simalogo-2.png","contentUrl":"https:\/\/cyberoperations.hu\/wp-content\/uploads\/2024\/12\/simalogo-2.png","width":1500,"height":400,"caption":"Cyber Operations Group Kft."},"image":{"@id":"https:\/\/cyberoperations.hu\/#\/schema\/logo\/image\/"}}]},"product_price_currency":"EUR","og_availability":"instock","product_availability":"instock","product_condition":"new"},"_links":{"self":[{"href":"https:\/\/cyberoperations.hu\/es\/wp-json\/wp\/v2\/product\/2845","targetHints":{"allow":["GET"]}}],"collection":[{"href":"https:\/\/cyberoperations.hu\/es\/wp-json\/wp\/v2\/product"}],"about":[{"href":"https:\/\/cyberoperations.hu\/es\/wp-json\/wp\/v2\/types\/product"}],"version-history":[{"count":0,"href":"https:\/\/cyberoperations.hu\/es\/wp-json\/wp\/v2\/product\/2845\/revisions"}],"wp:attachment":[{"href":"https:\/\/cyberoperations.hu\/es\/wp-json\/wp\/v2\/media?parent=2845"}],"wp:term":[{"taxonomy":"product_brand","embeddable":true,"href":"https:\/\/cyberoperations.hu\/es\/wp-json\/wp\/v2\/product_brand?post=2845"},{"taxonomy":"product_cat","embeddable":true,"href":"https:\/\/cyberoperations.hu\/es\/wp-json\/wp\/v2\/product_cat?post=2845"},{"taxonomy":"product_tag","embeddable":true,"href":"https:\/\/cyberoperations.hu\/es\/wp-json\/wp\/v2\/product_tag?post=2845"}],"curies":[{"name":"gracias","href":"https:\/\/api.w.org\/{rel}","templated":true}]}}