{"id":2850,"date":"2025-05-05T14:02:42","date_gmt":"2025-05-05T12:02:42","guid":{"rendered":"https:\/\/cyberoperations.hu\/?post_type=product&#038;p=2850"},"modified":"2025-08-05T14:16:12","modified_gmt":"2025-08-05T12:16:12","slug":"social","status":"publish","type":"product","link":"https:\/\/cyberoperations.hu\/es\/termek\/soc\/","title":{"rendered":"Centro de Operaciones de Seguridad (SOC): Ciberprotecci\u00f3n integral y moderna 24\/7 \u2013 Stellar Cyber + Deep Instinct"},"content":{"rendered":"<p>El Centro de Operaciones de Seguridad (SOC) de itop.hu es el \u00faltimo servicio de ciberseguridad respaldado por inteligencia artificial que brinda protecci\u00f3n integral para su empresa contra ciberataques y amenazas internas las 24 horas del d\u00eda, los 7 d\u00edas de la semana, en tiempo real.<\/p>\n<p><strong>Principales beneficios y caracter\u00edsticas<\/strong><\/p>\n<ul>\n<li>Monitoreo 24\/7 y respuesta r\u00e1pida: Monitoreo continuo en tiempo real que detecta y detiene instant\u00e1neamente las amenazas en toda la infraestructura de TI de su empresa.<\/li>\n<li>Detecci\u00f3n de amenazas basada en IA: la inteligencia artificial avanzada (por ejemplo, Stellar Cyber, Deep Instinct) ayuda a detectar autom\u00e1ticamente malware, ransomware, ataques de d\u00eda cero y minimizar las falsas alarmas.<\/li>\n<li>Gesti\u00f3n automatizada de incidentes: el sistema activa mecanismos de respuesta inteligentes que a\u00edslan r\u00e1pidamente la fuente de la amenaza y previenen da\u00f1os.<\/li>\n<li>F\u00e1cil integraci\u00f3n: el SOC itop.hu se puede integrar f\u00e1cilmente en el entorno de TI existente y es adecuado para proteger sistemas locales y basados en la nube.<\/li>\n<li>Soporte de cumplimiento: le ayuda a cumplir con los requisitos reglamentarios h\u00fangaros y de la UE (p. ej., NIS2), respaldando auditor\u00edas regulatorias o de clientes con funciones de auditor\u00eda e informes.<\/li>\n<li>Escalabilidad: protecci\u00f3n rentable y r\u00e1pidamente expandible para organizaciones de cualquier tama\u00f1o, desde peque\u00f1as empresas hasta grandes empresas.<\/li>\n<\/ul>\n<p><strong>\u00bfA qui\u00e9n lo recomendamos?<\/strong><\/p>\n<ul>\n<li>Para empresas que desean una protecci\u00f3n proactiva y automatizada contra amenazas cibern\u00e9ticas en constante cambio.<\/li>\n<li>Aquellos que consideran que la seguridad de los datos, la continuidad del negocio y el cumplimiento legal son de suma importancia.<\/li>\n<li>Para aquellos que buscan un servicio de ciberseguridad central e integrado que alivie la carga del equipo de TI.<\/li>\n<\/ul>\n<p><strong>Proteja su empresa con la soluci\u00f3n SOC de itop.hu y conf\u00edenos la seguridad de sus activos de TI cr\u00edticos: \u00a1para que usted pueda concentrarse en el crecimiento y nosotros en la protecci\u00f3n!<\/strong><\/p>","protected":false},"excerpt":{"rendered":"<p>Az itop.hu Security Operations Center (SOC) a leg\u00fajabb, mesters\u00e9ges intelligenci\u00e1val t\u00e1mogatott kiberv\u00e9delmi szolg\u00e1ltat\u00e1s, amely teljesk\u00f6r\u0171 v\u00e9delmet ny\u00fajt \u00e9jjel-nappal, val\u00f3s id\u0151ben [&hellip;]<\/p>\n","protected":false},"featured_media":0,"template":"","meta":{"site-sidebar-layout":"default","site-content-layout":"","ast-site-content-layout":"default","site-content-style":"default","site-sidebar-style":"default","ast-global-header-display":"","ast-banner-title-visibility":"","ast-main-header-display":"","ast-hfb-above-header-display":"","ast-hfb-below-header-display":"","ast-hfb-mobile-header-display":"","site-post-title":"","ast-breadcrumbs-content":"","ast-featured-img":"","footer-sml-layout":"","ast-disable-related-posts":"","theme-transparent-header-meta":"default","adv-header-id-meta":"","stick-header-meta":"","header-above-stick-meta":"","header-main-stick-meta":"","header-below-stick-meta":"","astra-migrate-meta-layouts":"set","ast-page-background-enabled":"default","ast-page-background-meta":{"desktop":{"background-color":"var(--ast-global-color-4)","background-image":"","background-repeat":"repeat","background-position":"center center","background-size":"auto","background-attachment":"scroll","background-type":"","background-media":"","overlay-type":"","overlay-color":"","overlay-opacity":"","overlay-gradient":""},"tablet":{"background-color":"","background-image":"","background-repeat":"repeat","background-position":"center center","background-size":"auto","background-attachment":"scroll","background-type":"","background-media":"","overlay-type":"","overlay-color":"","overlay-opacity":"","overlay-gradient":""},"mobile":{"background-color":"","background-image":"","background-repeat":"repeat","background-position":"center center","background-size":"auto","background-attachment":"scroll","background-type":"","background-media":"","overlay-type":"","overlay-color":"","overlay-opacity":"","overlay-gradient":""}},"ast-content-background-meta":{"desktop":{"background-color":"var(--ast-global-color-5)","background-image":"","background-repeat":"repeat","background-position":"center center","background-size":"auto","background-attachment":"scroll","background-type":"","background-media":"","overlay-type":"","overlay-color":"","overlay-opacity":"","overlay-gradient":""},"tablet":{"background-color":"var(--ast-global-color-5)","background-image":"","background-repeat":"repeat","background-position":"center center","background-size":"auto","background-attachment":"scroll","background-type":"","background-media":"","overlay-type":"","overlay-color":"","overlay-opacity":"","overlay-gradient":""},"mobile":{"background-color":"var(--ast-global-color-5)","background-image":"","background-repeat":"repeat","background-position":"center center","background-size":"auto","background-attachment":"scroll","background-type":"","background-media":"","overlay-type":"","overlay-color":"","overlay-opacity":"","overlay-gradient":""}}},"product_brand":[],"product_cat":[25],"product_tag":[],"class_list":{"0":"post-2850","1":"product","2":"type-product","3":"status-publish","5":"product_cat-uncategorized","6":"desktop-align-left","7":"tablet-align-left","8":"mobile-align-left","10":"first","11":"instock","12":"shipping-taxable","13":"product-type-simple"},"yoast_head":"<!-- This site is optimized with the Yoast SEO Premium plugin v27.3 (Yoast SEO v27.3) - https:\/\/yoast.com\/product\/yoast-seo-premium-wordpress\/ -->\n<title>Security Operations Center (SOC) \u2013 Teljesk\u00f6r\u0171 Modern Kiberv\u00e9delem 24\/7 - Stellar Cyber + Deep Instinct - Cyber Operations Group Kft.<\/title>\n<meta name=\"robots\" content=\"index, follow, max-snippet:-1, max-image-preview:large, max-video-preview:-1\" \/>\n<link rel=\"canonical\" href=\"https:\/\/cyberoperations.hu\/es\/producto\/social\/\" \/>\n<meta property=\"og:locale\" content=\"es_ES\" \/>\n<meta property=\"og:type\" content=\"article\" \/>\n<meta property=\"og:title\" content=\"Security Operations Center (SOC) \u2013 Teljesk\u00f6r\u0171 Modern Kiberv\u00e9delem 24\/7 - Stellar Cyber + Deep Instinct\" \/>\n<meta property=\"og:description\" content=\"Az itop.hu Security Operations Center (SOC) a leg\u00fajabb, mesters\u00e9ges intelligenci\u00e1val t\u00e1mogatott kiberv\u00e9delmi szolg\u00e1ltat\u00e1s, amely teljesk\u00f6r\u0171 v\u00e9delmet ny\u00fajt \u00e9jjel-nappal, val\u00f3s id\u0151ben [&hellip;]\" \/>\n<meta property=\"og:url\" content=\"https:\/\/cyberoperations.hu\/es\/producto\/social\/\" \/>\n<meta property=\"og:site_name\" content=\"Cyber Operations Group Kft.\" \/>\n<meta property=\"article:modified_time\" content=\"2025-08-05T12:16:12+00:00\" \/>\n<meta name=\"twitter:card\" content=\"summary_large_image\" \/>\n<meta name=\"twitter:label1\" content=\"Precio\" \/>\n\t<meta name=\"twitter:data1\" content=\"\" \/>\n\t<meta name=\"twitter:label2\" content=\"Disponibilidad\" \/>\n\t<meta name=\"twitter:data2\" content=\"Disponible\" \/>\n<script type=\"application\/ld+json\" class=\"yoast-schema-graph\">{\"@context\":\"https:\\\/\\\/schema.org\",\"@graph\":[{\"@type\":\"WebPage\",\"@id\":\"https:\\\/\\\/cyberoperations.hu\\\/termek\\\/soc\\\/\",\"url\":\"https:\\\/\\\/cyberoperations.hu\\\/termek\\\/soc\\\/\",\"name\":\"Security Operations Center (SOC) \u2013 Teljesk\u00f6r\u0171 Modern Kiberv\u00e9delem 24\\\/7 - Stellar Cyber + Deep Instinct - Cyber Operations Group Kft.\",\"isPartOf\":{\"@id\":\"https:\\\/\\\/cyberoperations.hu\\\/#website\"},\"datePublished\":\"2025-05-05T12:02:42+00:00\",\"dateModified\":\"2025-08-05T12:16:12+00:00\",\"breadcrumb\":{\"@id\":\"https:\\\/\\\/cyberoperations.hu\\\/termek\\\/soc\\\/#breadcrumb\"},\"inLanguage\":\"es\",\"potentialAction\":[{\"@type\":\"ReadAction\",\"target\":[\"https:\\\/\\\/cyberoperations.hu\\\/termek\\\/soc\\\/\"]}]},{\"@type\":\"BreadcrumbList\",\"@id\":\"https:\\\/\\\/cyberoperations.hu\\\/termek\\\/soc\\\/#breadcrumb\",\"itemListElement\":[{\"@type\":\"ListItem\",\"position\":1,\"name\":\"Kezd\u0151lap\",\"item\":\"https:\\\/\\\/cyberoperations.hu\\\/\"},{\"@type\":\"ListItem\",\"position\":2,\"name\":\"Shop\",\"item\":\"https:\\\/\\\/cyberoperations.hu\\\/shop\\\/\"},{\"@type\":\"ListItem\",\"position\":3,\"name\":\"Security Operations Center (SOC) \u2013 Teljesk\u00f6r\u0171 Modern Kiberv\u00e9delem 24\\\/7 &#8211; Stellar Cyber + Deep Instinct\"}]},{\"@type\":\"WebSite\",\"@id\":\"https:\\\/\\\/cyberoperations.hu\\\/#website\",\"url\":\"https:\\\/\\\/cyberoperations.hu\\\/\",\"name\":\"Cyber Operations Group Kft.\",\"description\":\"\",\"publisher\":{\"@id\":\"https:\\\/\\\/cyberoperations.hu\\\/#organization\"},\"potentialAction\":[{\"@type\":\"SearchAction\",\"target\":{\"@type\":\"EntryPoint\",\"urlTemplate\":\"https:\\\/\\\/cyberoperations.hu\\\/?s={search_term_string}\"},\"query-input\":{\"@type\":\"PropertyValueSpecification\",\"valueRequired\":true,\"valueName\":\"search_term_string\"}}],\"inLanguage\":\"es\"},{\"@type\":\"Organization\",\"@id\":\"https:\\\/\\\/cyberoperations.hu\\\/#organization\",\"name\":\"Cyber Operations Group Kft.\",\"url\":\"https:\\\/\\\/cyberoperations.hu\\\/\",\"logo\":{\"@type\":\"ImageObject\",\"inLanguage\":\"es\",\"@id\":\"https:\\\/\\\/cyberoperations.hu\\\/#\\\/schema\\\/logo\\\/image\\\/\",\"url\":\"https:\\\/\\\/cyberoperations.hu\\\/wp-content\\\/uploads\\\/2024\\\/12\\\/simalogo-2.png\",\"contentUrl\":\"https:\\\/\\\/cyberoperations.hu\\\/wp-content\\\/uploads\\\/2024\\\/12\\\/simalogo-2.png\",\"width\":1500,\"height\":400,\"caption\":\"Cyber Operations Group Kft.\"},\"image\":{\"@id\":\"https:\\\/\\\/cyberoperations.hu\\\/#\\\/schema\\\/logo\\\/image\\\/\"}}]}<\/script>\n<meta property=\"product:price:currency\" content=\"EUR\" \/>\n<meta property=\"og:availability\" content=\"instock\" \/>\n<meta property=\"product:availability\" content=\"instock\" \/>\n<meta property=\"product:condition\" content=\"new\" \/>\n<!-- \/ Yoast SEO Premium plugin. -->","yoast_head_json":{"title":"Centro de operaciones de seguridad (SOC): protecci\u00f3n cibern\u00e9tica integral y moderna 24 horas al d\u00eda, 7 d\u00edas a la semana - Stellar Cyber + Deep Instinct - Cyber Operations Group Kft.","robots":{"index":"index","follow":"follow","max-snippet":"max-snippet:-1","max-image-preview":"max-image-preview:large","max-video-preview":"max-video-preview:-1"},"canonical":"https:\/\/cyberoperations.hu\/es\/producto\/social\/","og_locale":"es_ES","og_type":"article","og_title":"Security Operations Center (SOC) \u2013 Teljesk\u00f6r\u0171 Modern Kiberv\u00e9delem 24\/7 - Stellar Cyber + Deep Instinct","og_description":"Az itop.hu Security Operations Center (SOC) a leg\u00fajabb, mesters\u00e9ges intelligenci\u00e1val t\u00e1mogatott kiberv\u00e9delmi szolg\u00e1ltat\u00e1s, amely teljesk\u00f6r\u0171 v\u00e9delmet ny\u00fajt \u00e9jjel-nappal, val\u00f3s id\u0151ben [&hellip;]","og_url":"https:\/\/cyberoperations.hu\/es\/producto\/social\/","og_site_name":"Cyber Operations Group Kft.","article_modified_time":"2025-08-05T12:16:12+00:00","twitter_card":"summary_large_image","twitter_misc":{"Precio":"","Disponibilidad":"Disponible"},"schema":{"@context":"https:\/\/schema.org","@graph":[{"@type":"WebPage","@id":"https:\/\/cyberoperations.hu\/termek\/soc\/","url":"https:\/\/cyberoperations.hu\/termek\/soc\/","name":"Centro de operaciones de seguridad (SOC): protecci\u00f3n cibern\u00e9tica integral y moderna 24 horas al d\u00eda, 7 d\u00edas a la semana - Stellar Cyber + Deep Instinct - Cyber Operations Group Kft.","isPartOf":{"@id":"https:\/\/cyberoperations.hu\/#website"},"datePublished":"2025-05-05T12:02:42+00:00","dateModified":"2025-08-05T12:16:12+00:00","breadcrumb":{"@id":"https:\/\/cyberoperations.hu\/termek\/soc\/#breadcrumb"},"inLanguage":"es","potentialAction":[{"@type":"ReadAction","target":["https:\/\/cyberoperations.hu\/termek\/soc\/"]}]},{"@type":"BreadcrumbList","@id":"https:\/\/cyberoperations.hu\/termek\/soc\/#breadcrumb","itemListElement":[{"@type":"ListItem","position":1,"name":"Kezd\u0151lap","item":"https:\/\/cyberoperations.hu\/"},{"@type":"ListItem","position":2,"name":"Shop","item":"https:\/\/cyberoperations.hu\/shop\/"},{"@type":"ListItem","position":3,"name":"Security Operations Center (SOC) \u2013 Teljesk\u00f6r\u0171 Modern Kiberv\u00e9delem 24\/7 &#8211; Stellar Cyber + Deep Instinct"}]},{"@type":"WebSite","@id":"https:\/\/cyberoperations.hu\/#website","url":"https:\/\/cyberoperations.hu\/","name":"Grupo de Operaciones Cibern\u00e9ticas Ltd.","description":"","publisher":{"@id":"https:\/\/cyberoperations.hu\/#organization"},"potentialAction":[{"@type":"SearchAction","target":{"@type":"EntryPoint","urlTemplate":"https:\/\/cyberoperations.hu\/?s={search_term_string}"},"query-input":{"@type":"PropertyValueSpecification","valueRequired":true,"valueName":"search_term_string"}}],"inLanguage":"es"},{"@type":"Organization","@id":"https:\/\/cyberoperations.hu\/#organization","name":"Grupo de Operaciones Cibern\u00e9ticas Ltd.","url":"https:\/\/cyberoperations.hu\/","logo":{"@type":"ImageObject","inLanguage":"es","@id":"https:\/\/cyberoperations.hu\/#\/schema\/logo\/image\/","url":"https:\/\/cyberoperations.hu\/wp-content\/uploads\/2024\/12\/simalogo-2.png","contentUrl":"https:\/\/cyberoperations.hu\/wp-content\/uploads\/2024\/12\/simalogo-2.png","width":1500,"height":400,"caption":"Cyber Operations Group Kft."},"image":{"@id":"https:\/\/cyberoperations.hu\/#\/schema\/logo\/image\/"}}]},"product_price_currency":"EUR","og_availability":"instock","product_availability":"instock","product_condition":"new"},"_links":{"self":[{"href":"https:\/\/cyberoperations.hu\/es\/wp-json\/wp\/v2\/product\/2850","targetHints":{"allow":["GET"]}}],"collection":[{"href":"https:\/\/cyberoperations.hu\/es\/wp-json\/wp\/v2\/product"}],"about":[{"href":"https:\/\/cyberoperations.hu\/es\/wp-json\/wp\/v2\/types\/product"}],"version-history":[{"count":3,"href":"https:\/\/cyberoperations.hu\/es\/wp-json\/wp\/v2\/product\/2850\/revisions"}],"predecessor-version":[{"id":2968,"href":"https:\/\/cyberoperations.hu\/es\/wp-json\/wp\/v2\/product\/2850\/revisions\/2968"}],"wp:attachment":[{"href":"https:\/\/cyberoperations.hu\/es\/wp-json\/wp\/v2\/media?parent=2850"}],"wp:term":[{"taxonomy":"product_brand","embeddable":true,"href":"https:\/\/cyberoperations.hu\/es\/wp-json\/wp\/v2\/product_brand?post=2850"},{"taxonomy":"product_cat","embeddable":true,"href":"https:\/\/cyberoperations.hu\/es\/wp-json\/wp\/v2\/product_cat?post=2850"},{"taxonomy":"product_tag","embeddable":true,"href":"https:\/\/cyberoperations.hu\/es\/wp-json\/wp\/v2\/product_tag?post=2850"}],"curies":[{"name":"gracias","href":"https:\/\/api.w.org\/{rel}","templated":true}]}}