{"id":2997,"date":"2025-08-13T12:46:16","date_gmt":"2025-08-13T10:46:16","guid":{"rendered":"https:\/\/cyberoperations.hu\/?post_type=product&#038;p=2997"},"modified":"2025-08-13T12:49:36","modified_gmt":"2025-08-13T10:49:36","slug":"stellar-cyber-innovativ-ai-alapu-kibervedelmi-platform","status":"publish","type":"product","link":"https:\/\/cyberoperations.hu\/es\/producto\/stellar-cyber-innovativ-ai-alapu-kibervedelmi-platform\/","title":{"rendered":"Stellar Cyber: plataforma innovadora de ciberdefensa basada en IA"},"content":{"rendered":"<div data-elementor-type=\"product-post\" data-elementor-id=\"2997\" class=\"elementor elementor-2997\" data-elementor-post-type=\"product\">\n\t\t\t\t<div class=\"elementor-element elementor-element-6ec914d6 e-flex e-con-boxed e-con e-parent\" data-id=\"6ec914d6\" data-element_type=\"container\" data-e-type=\"container\">\n\t\t\t\t\t<div class=\"e-con-inner\">\n\t\t\t\t<div class=\"elementor-element elementor-element-7d0a3aaa elementor-widget elementor-widget-text-editor\" data-id=\"7d0a3aaa\" data-element_type=\"widget\" data-e-type=\"widget\" data-widget_type=\"text-editor.default\">\n\t\t\t\t<div class=\"elementor-widget-container\">\n\t\t\t\t\t\t\t\t\tStellar Cyber es una plataforma de ciberseguridad de \u00faltima generaci\u00f3n impulsada por inteligencia artificial que proporciona detecci\u00f3n de amenazas automatizada de extremo a extremo, respuesta y gesti\u00f3n de operaciones de seguridad para empresas y proveedores de servicios por igual.\r\n<strong>Caracter\u00edsticas y beneficios clave<\/strong>\r\n<ul>\r\n \t<li>Universal Security Center (Open XDR) combina las funciones de protecci\u00f3n m\u00e1s importantes (SIEM de pr\u00f3xima generaci\u00f3n, detecci\u00f3n y respuesta de red (NDR), an\u00e1lisis de comportamiento (UEBA), gesti\u00f3n automatizada de incidentes (SOAR), inteligencia de amenazas (TIP)) en una \u00fanica interfaz f\u00e1cil de usar.<\/li>\r\n \t<li>Inteligencia Artificial y Aprendizaje Autom\u00e1tico La tecnolog\u00eda de IA multicapa analiza toda la infraestructura de la empresa, identificando autom\u00e1ticamente amenazas conocidas y desconocidas, lo que ayuda a garantizar una intervenci\u00f3n r\u00e1pida y precisa.<\/li>\r\n \t<li>Procesos automatizados Los manuales de estrategias predefinidos y personalizables y los flujos de trabajo inteligentes reducen significativamente las tareas manuales, lo que permite a los equipos de seguridad centrarse en las amenazas principales.<\/li>\r\n \t<li>Alerta y respuesta instant\u00e1nea en tiempo real El sistema detecta ataques en tiempo real, facilita la investigaci\u00f3n de incidentes e inicia acciones de respuesta autom\u00e1ticas hacia la red, los puntos finales o la nube.<\/li>\r\n \t<li>Protecci\u00f3n en la nube, h\u00edbrida y local Proporciona protecci\u00f3n unificada para entornos de TI locales, en la nube e h\u00edbridos y se puede adaptar de manera flexible a cualquier entorno organizacional.<\/li>\r\n \t<li>Detecci\u00f3n m\u00e1s r\u00e1pida, menos falsos positivos Gracias a su an\u00e1lisis basado en IA, reduce el n\u00famero de falsas alarmas y resalta los eventos realmente peligrosos.<\/li>\r\n \t<li>F\u00e1cil integraci\u00f3n Compatible con innumerables herramientas de TI y seguridad externas, se puede integrar perfectamente en su entorno existente.<\/li>\r\n<\/ul>\r\n<strong>\u00bfPara qu\u00e9 se recomienda?<\/strong>\r\n<ul>\r\n \t<li>Para empresas y proveedores de servicios que desean implementar ciberseguridad moderna con una plataforma verdaderamente integral, aut\u00f3noma y centralizada.<\/li>\r\n \t<li>Es una opci\u00f3n ideal para quienes buscan una detecci\u00f3n r\u00e1pida y precisa, intervenci\u00f3n automatizada, visibilidad de alto nivel y una soluci\u00f3n de seguridad escalable y rentable.<\/li>\r\n<\/ul>\r\n<strong>Mant\u00e9ngase seguro con Stellar Cyber: \u00a1conf\u00ede su infraestructura a una plataforma de protecci\u00f3n cibern\u00e9tica innovadora y galardonada!<\/strong>\t\t\t\t\t\t\t\t<\/div>\n\t\t\t\t<\/div>\n\t\t\t\t\t<\/div>\n\t\t\t\t<\/div>\n\t\t<div class=\"elementor-element elementor-element-e65fc06 e-flex e-con-boxed e-con e-parent\" data-id=\"e65fc06\" data-element_type=\"container\" data-e-type=\"container\">\n\t\t\t\t\t<div class=\"e-con-inner\">\n\t\t\t\t<div class=\"elementor-element elementor-element-6f7932d elementor-widget elementor-widget-video\" data-id=\"6f7932d\" data-element_type=\"widget\" data-e-type=\"widget\" data-settings=\"{&quot;youtube_url&quot;:&quot;https:\\\/\\\/www.youtube.com\\\/watch?v=eMzIpQDvYiM&quot;,&quot;video_type&quot;:&quot;youtube&quot;,&quot;controls&quot;:&quot;yes&quot;}\" data-widget_type=\"video.default\">\n\t\t\t\t<div class=\"elementor-widget-container\">\n\t\t\t\t\t\t\t<div class=\"elementor-wrapper elementor-open-inline\">\n\t\t\t<div class=\"elementor-video\"><\/div>\t\t<\/div>\n\t\t\t\t\t\t<\/div>\n\t\t\t\t<\/div>\n\t\t\t\t\t<\/div>\n\t\t\t\t<\/div>\n\t\t\t\t<\/div>","protected":false},"excerpt":{"rendered":"<p>A Stellar Cyber a legmodernebb, mesters\u00e9ges intelligenci\u00e1val vez\u00e9relt kiberv\u00e9delmi platform, amely teljes k\u00f6r\u0171, automatiz\u00e1lt fenyeget\u00e9s\u00e9szlel\u00e9st, v\u00e1laszad\u00e1st \u00e9s biztons\u00e1gi m\u0171veletkezel\u00e9st biztos\u00edt [&hellip;]<\/p>\n","protected":false},"featured_media":0,"template":"","meta":{"site-sidebar-layout":"default","site-content-layout":"","ast-site-content-layout":"default","site-content-style":"default","site-sidebar-style":"default","ast-global-header-display":"","ast-banner-title-visibility":"","ast-main-header-display":"","ast-hfb-above-header-display":"","ast-hfb-below-header-display":"","ast-hfb-mobile-header-display":"","site-post-title":"","ast-breadcrumbs-content":"","ast-featured-img":"","footer-sml-layout":"","ast-disable-related-posts":"","theme-transparent-header-meta":"default","adv-header-id-meta":"","stick-header-meta":"","header-above-stick-meta":"","header-main-stick-meta":"","header-below-stick-meta":"","astra-migrate-meta-layouts":"set","ast-page-background-enabled":"default","ast-page-background-meta":{"desktop":{"background-color":"var(--ast-global-color-4)","background-image":"","background-repeat":"repeat","background-position":"center center","background-size":"auto","background-attachment":"scroll","background-type":"","background-media":"","overlay-type":"","overlay-color":"","overlay-opacity":"","overlay-gradient":""},"tablet":{"background-color":"","background-image":"","background-repeat":"repeat","background-position":"center center","background-size":"auto","background-attachment":"scroll","background-type":"","background-media":"","overlay-type":"","overlay-color":"","overlay-opacity":"","overlay-gradient":""},"mobile":{"background-color":"","background-image":"","background-repeat":"repeat","background-position":"center center","background-size":"auto","background-attachment":"scroll","background-type":"","background-media":"","overlay-type":"","overlay-color":"","overlay-opacity":"","overlay-gradient":""}},"ast-content-background-meta":{"desktop":{"background-color":"var(--ast-global-color-5)","background-image":"","background-repeat":"repeat","background-position":"center center","background-size":"auto","background-attachment":"scroll","background-type":"","background-media":"","overlay-type":"","overlay-color":"","overlay-opacity":"","overlay-gradient":""},"tablet":{"background-color":"var(--ast-global-color-5)","background-image":"","background-repeat":"repeat","background-position":"center center","background-size":"auto","background-attachment":"scroll","background-type":"","background-media":"","overlay-type":"","overlay-color":"","overlay-opacity":"","overlay-gradient":""},"mobile":{"background-color":"var(--ast-global-color-5)","background-image":"","background-repeat":"repeat","background-position":"center center","background-size":"auto","background-attachment":"scroll","background-type":"","background-media":"","overlay-type":"","overlay-color":"","overlay-opacity":"","overlay-gradient":""}}},"product_brand":[],"product_cat":[25],"product_tag":[],"class_list":{"0":"post-2997","1":"product","2":"type-product","3":"status-publish","5":"product_cat-uncategorized","6":"desktop-align-left","7":"tablet-align-left","8":"mobile-align-left","10":"first","11":"instock","12":"shipping-taxable","13":"product-type-simple"},"yoast_head":"<!-- This site is optimized with the Yoast SEO Premium plugin v27.4 (Yoast SEO v27.4) - https:\/\/yoast.com\/product\/yoast-seo-premium-wordpress\/ -->\n<title>Stellar Cyber \u2013 Innovat\u00edv, AI-alap\u00fa kiberv\u00e9delmi platform - Cyber Operations Group Kft.<\/title>\n<meta name=\"robots\" content=\"index, follow, max-snippet:-1, max-image-preview:large, max-video-preview:-1\" \/>\n<link rel=\"canonical\" href=\"https:\/\/cyberoperations.hu\/es\/producto\/stellar-cyber-innovativ-ai-alapu-kibervedelmi-platform\/\" \/>\n<meta property=\"og:locale\" content=\"es_ES\" \/>\n<meta property=\"og:type\" content=\"article\" \/>\n<meta property=\"og:title\" content=\"Stellar Cyber \u2013 Innovat\u00edv, AI-alap\u00fa kiberv\u00e9delmi platform\" \/>\n<meta property=\"og:description\" content=\"A Stellar Cyber a legmodernebb, mesters\u00e9ges intelligenci\u00e1val vez\u00e9relt kiberv\u00e9delmi platform, amely teljes k\u00f6r\u0171, automatiz\u00e1lt fenyeget\u00e9s\u00e9szlel\u00e9st, v\u00e1laszad\u00e1st \u00e9s biztons\u00e1gi m\u0171veletkezel\u00e9st biztos\u00edt [&hellip;]\" \/>\n<meta property=\"og:url\" content=\"https:\/\/cyberoperations.hu\/es\/producto\/stellar-cyber-innovativ-ai-alapu-kibervedelmi-platform\/\" \/>\n<meta property=\"og:site_name\" content=\"Cyber Operations Group Kft.\" \/>\n<meta property=\"article:modified_time\" content=\"2025-08-13T10:49:36+00:00\" \/>\n<meta name=\"twitter:card\" content=\"summary_large_image\" \/>\n<meta name=\"twitter:label1\" content=\"Precio\" \/>\n\t<meta name=\"twitter:data1\" content=\"\" \/>\n\t<meta name=\"twitter:label2\" content=\"Disponibilidad\" \/>\n\t<meta name=\"twitter:data2\" content=\"Disponible\" \/>\n<script type=\"application\/ld+json\" class=\"yoast-schema-graph\">{\"@context\":\"https:\\\/\\\/schema.org\",\"@graph\":[{\"@type\":\"WebPage\",\"@id\":\"https:\\\/\\\/cyberoperations.hu\\\/termek\\\/stellar-cyber-innovativ-ai-alapu-kibervedelmi-platform\\\/\",\"url\":\"https:\\\/\\\/cyberoperations.hu\\\/termek\\\/stellar-cyber-innovativ-ai-alapu-kibervedelmi-platform\\\/\",\"name\":\"Stellar Cyber \u2013 Innovat\u00edv, AI-alap\u00fa kiberv\u00e9delmi platform - Cyber Operations Group Kft.\",\"isPartOf\":{\"@id\":\"https:\\\/\\\/cyberoperations.hu\\\/#website\"},\"datePublished\":\"2025-08-13T10:46:16+00:00\",\"dateModified\":\"2025-08-13T10:49:36+00:00\",\"breadcrumb\":{\"@id\":\"https:\\\/\\\/cyberoperations.hu\\\/termek\\\/stellar-cyber-innovativ-ai-alapu-kibervedelmi-platform\\\/#breadcrumb\"},\"inLanguage\":\"es\",\"potentialAction\":[{\"@type\":\"ReadAction\",\"target\":[\"https:\\\/\\\/cyberoperations.hu\\\/termek\\\/stellar-cyber-innovativ-ai-alapu-kibervedelmi-platform\\\/\"]}]},{\"@type\":\"BreadcrumbList\",\"@id\":\"https:\\\/\\\/cyberoperations.hu\\\/termek\\\/stellar-cyber-innovativ-ai-alapu-kibervedelmi-platform\\\/#breadcrumb\",\"itemListElement\":[{\"@type\":\"ListItem\",\"position\":1,\"name\":\"Kezd\u0151lap\",\"item\":\"https:\\\/\\\/cyberoperations.hu\\\/\"},{\"@type\":\"ListItem\",\"position\":2,\"name\":\"Shop\",\"item\":\"https:\\\/\\\/cyberoperations.hu\\\/shop\\\/\"},{\"@type\":\"ListItem\",\"position\":3,\"name\":\"Stellar Cyber \u2013 Innovat\u00edv, AI-alap\u00fa kiberv\u00e9delmi platform\"}]},{\"@type\":\"WebSite\",\"@id\":\"https:\\\/\\\/cyberoperations.hu\\\/#website\",\"url\":\"https:\\\/\\\/cyberoperations.hu\\\/\",\"name\":\"Cyber Operations Group Kft.\",\"description\":\"\",\"publisher\":{\"@id\":\"https:\\\/\\\/cyberoperations.hu\\\/#organization\"},\"potentialAction\":[{\"@type\":\"SearchAction\",\"target\":{\"@type\":\"EntryPoint\",\"urlTemplate\":\"https:\\\/\\\/cyberoperations.hu\\\/?s={search_term_string}\"},\"query-input\":{\"@type\":\"PropertyValueSpecification\",\"valueRequired\":true,\"valueName\":\"search_term_string\"}}],\"inLanguage\":\"es\"},{\"@type\":\"Organization\",\"@id\":\"https:\\\/\\\/cyberoperations.hu\\\/#organization\",\"name\":\"Cyber Operations Group Kft.\",\"url\":\"https:\\\/\\\/cyberoperations.hu\\\/\",\"logo\":{\"@type\":\"ImageObject\",\"inLanguage\":\"es\",\"@id\":\"https:\\\/\\\/cyberoperations.hu\\\/#\\\/schema\\\/logo\\\/image\\\/\",\"url\":\"https:\\\/\\\/cyberoperations.hu\\\/wp-content\\\/uploads\\\/2024\\\/12\\\/simalogo-2.png\",\"contentUrl\":\"https:\\\/\\\/cyberoperations.hu\\\/wp-content\\\/uploads\\\/2024\\\/12\\\/simalogo-2.png\",\"width\":1500,\"height\":400,\"caption\":\"Cyber Operations Group Kft.\"},\"image\":{\"@id\":\"https:\\\/\\\/cyberoperations.hu\\\/#\\\/schema\\\/logo\\\/image\\\/\"}}]}<\/script>\n<meta property=\"product:price:currency\" content=\"EUR\" \/>\n<meta property=\"og:availability\" content=\"instock\" \/>\n<meta property=\"product:availability\" content=\"instock\" \/>\n<meta property=\"product:condition\" content=\"new\" \/>\n<!-- \/ Yoast SEO Premium plugin. -->","yoast_head_json":{"title":"Stellar Cyber \u2013 Plataforma de ciberdefensa innovadora basada en inteligencia artificial - Cyber Operations Group Kft.","robots":{"index":"index","follow":"follow","max-snippet":"max-snippet:-1","max-image-preview":"max-image-preview:large","max-video-preview":"max-video-preview:-1"},"canonical":"https:\/\/cyberoperations.hu\/es\/producto\/stellar-cyber-innovativ-ai-alapu-kibervedelmi-platform\/","og_locale":"es_ES","og_type":"article","og_title":"Stellar Cyber \u2013 Innovat\u00edv, AI-alap\u00fa kiberv\u00e9delmi platform","og_description":"A Stellar Cyber a legmodernebb, mesters\u00e9ges intelligenci\u00e1val vez\u00e9relt kiberv\u00e9delmi platform, amely teljes k\u00f6r\u0171, automatiz\u00e1lt fenyeget\u00e9s\u00e9szlel\u00e9st, v\u00e1laszad\u00e1st \u00e9s biztons\u00e1gi m\u0171veletkezel\u00e9st biztos\u00edt [&hellip;]","og_url":"https:\/\/cyberoperations.hu\/es\/producto\/stellar-cyber-innovativ-ai-alapu-kibervedelmi-platform\/","og_site_name":"Cyber Operations Group Kft.","article_modified_time":"2025-08-13T10:49:36+00:00","twitter_card":"summary_large_image","twitter_misc":{"Precio":"","Disponibilidad":"Disponible"},"schema":{"@context":"https:\/\/schema.org","@graph":[{"@type":"WebPage","@id":"https:\/\/cyberoperations.hu\/termek\/stellar-cyber-innovativ-ai-alapu-kibervedelmi-platform\/","url":"https:\/\/cyberoperations.hu\/termek\/stellar-cyber-innovativ-ai-alapu-kibervedelmi-platform\/","name":"Stellar Cyber \u2013 Plataforma de ciberdefensa innovadora basada en inteligencia artificial - Cyber Operations Group Kft.","isPartOf":{"@id":"https:\/\/cyberoperations.hu\/#website"},"datePublished":"2025-08-13T10:46:16+00:00","dateModified":"2025-08-13T10:49:36+00:00","breadcrumb":{"@id":"https:\/\/cyberoperations.hu\/termek\/stellar-cyber-innovativ-ai-alapu-kibervedelmi-platform\/#breadcrumb"},"inLanguage":"es","potentialAction":[{"@type":"ReadAction","target":["https:\/\/cyberoperations.hu\/termek\/stellar-cyber-innovativ-ai-alapu-kibervedelmi-platform\/"]}]},{"@type":"BreadcrumbList","@id":"https:\/\/cyberoperations.hu\/termek\/stellar-cyber-innovativ-ai-alapu-kibervedelmi-platform\/#breadcrumb","itemListElement":[{"@type":"ListItem","position":1,"name":"Kezd\u0151lap","item":"https:\/\/cyberoperations.hu\/"},{"@type":"ListItem","position":2,"name":"Shop","item":"https:\/\/cyberoperations.hu\/shop\/"},{"@type":"ListItem","position":3,"name":"Stellar Cyber \u2013 Innovat\u00edv, AI-alap\u00fa kiberv\u00e9delmi platform"}]},{"@type":"WebSite","@id":"https:\/\/cyberoperations.hu\/#website","url":"https:\/\/cyberoperations.hu\/","name":"Grupo de Operaciones Cibern\u00e9ticas Ltd.","description":"","publisher":{"@id":"https:\/\/cyberoperations.hu\/#organization"},"potentialAction":[{"@type":"SearchAction","target":{"@type":"EntryPoint","urlTemplate":"https:\/\/cyberoperations.hu\/?s={search_term_string}"},"query-input":{"@type":"PropertyValueSpecification","valueRequired":true,"valueName":"search_term_string"}}],"inLanguage":"es"},{"@type":"Organization","@id":"https:\/\/cyberoperations.hu\/#organization","name":"Grupo de Operaciones Cibern\u00e9ticas Ltd.","url":"https:\/\/cyberoperations.hu\/","logo":{"@type":"ImageObject","inLanguage":"es","@id":"https:\/\/cyberoperations.hu\/#\/schema\/logo\/image\/","url":"https:\/\/cyberoperations.hu\/wp-content\/uploads\/2024\/12\/simalogo-2.png","contentUrl":"https:\/\/cyberoperations.hu\/wp-content\/uploads\/2024\/12\/simalogo-2.png","width":1500,"height":400,"caption":"Cyber Operations Group Kft."},"image":{"@id":"https:\/\/cyberoperations.hu\/#\/schema\/logo\/image\/"}}]},"product_price_currency":"EUR","og_availability":"instock","product_availability":"instock","product_condition":"new"},"_links":{"self":[{"href":"https:\/\/cyberoperations.hu\/es\/wp-json\/wp\/v2\/product\/2997","targetHints":{"allow":["GET"]}}],"collection":[{"href":"https:\/\/cyberoperations.hu\/es\/wp-json\/wp\/v2\/product"}],"about":[{"href":"https:\/\/cyberoperations.hu\/es\/wp-json\/wp\/v2\/types\/product"}],"version-history":[{"count":0,"href":"https:\/\/cyberoperations.hu\/es\/wp-json\/wp\/v2\/product\/2997\/revisions"}],"wp:attachment":[{"href":"https:\/\/cyberoperations.hu\/es\/wp-json\/wp\/v2\/media?parent=2997"}],"wp:term":[{"taxonomy":"product_brand","embeddable":true,"href":"https:\/\/cyberoperations.hu\/es\/wp-json\/wp\/v2\/product_brand?post=2997"},{"taxonomy":"product_cat","embeddable":true,"href":"https:\/\/cyberoperations.hu\/es\/wp-json\/wp\/v2\/product_cat?post=2997"},{"taxonomy":"product_tag","embeddable":true,"href":"https:\/\/cyberoperations.hu\/es\/wp-json\/wp\/v2\/product_tag?post=2997"}],"curies":[{"name":"gracias","href":"https:\/\/api.w.org\/{rel}","templated":true}]}}