{"id":1982,"date":"2024-12-07T10:19:05","date_gmt":"2024-12-07T09:19:05","guid":{"rendered":"https:\/\/cyberoperations.hu\/?page_id=1982"},"modified":"2025-01-13T11:53:27","modified_gmt":"2025-01-13T10:53:27","slug":"cookie-nyilatkozat","status":"publish","type":"page","link":"https:\/\/cyberoperations.hu\/fi\/cookie-nyilatkozat\/","title":{"rendered":"Ev\u00e4stelausunto"},"content":{"rendered":"<div data-elementor-type=\"wp-page\" data-elementor-id=\"1982\" class=\"elementor elementor-1982\" data-elementor-post-type=\"page\">\n\t\t\t\t\t\t<section class=\"elementor-section elementor-top-section elementor-element elementor-element-574349c elementor-section-height-min-height elementor-section-items-stretch elementor-section-boxed elementor-section-height-default\" data-id=\"574349c\" data-element_type=\"section\" data-e-type=\"section\" data-settings=\"{&quot;background_background&quot;:&quot;gradient&quot;}\">\n\t\t\t\t\t\t\t<div class=\"elementor-background-overlay\"><\/div>\n\t\t\t\t\t\t\t<div class=\"elementor-container elementor-column-gap-wider\">\n\t\t\t\t\t<div class=\"elementor-column elementor-col-100 elementor-top-column elementor-element elementor-element-e623202\" data-id=\"e623202\" data-element_type=\"column\" data-e-type=\"column\">\n\t\t\t<div class=\"elementor-widget-wrap elementor-element-populated\">\n\t\t\t\t\t\t<div class=\"elementor-element elementor-element-6612e3a elementor-widget__width-initial elementor-absolute elementor-widget elementor-widget-spacer\" data-id=\"6612e3a\" data-element_type=\"widget\" data-e-type=\"widget\" data-settings=\"{&quot;_position&quot;:&quot;absolute&quot;}\" data-widget_type=\"spacer.default\">\n\t\t\t\t<div class=\"elementor-widget-container\">\n\t\t\t\t\t\t\t<div class=\"elementor-spacer\">\n\t\t\t<div class=\"elementor-spacer-inner\"><\/div>\n\t\t<\/div>\n\t\t\t\t\t\t<\/div>\n\t\t\t\t<\/div>\n\t\t\t\t<div class=\"elementor-element elementor-element-ff9b7c2 elementor-widget__width-initial elementor-widget-tablet__width-inherit elementor-widget elementor-widget-heading\" data-id=\"ff9b7c2\" data-element_type=\"widget\" data-e-type=\"widget\" data-widget_type=\"heading.default\">\n\t\t\t\t<div class=\"elementor-widget-container\">\n\t\t\t\t\t<h1 class=\"elementor-heading-title elementor-size-default\">Mit\u00e4 sinun tulisi tiet\u00e4\u00e4 ev\u00e4steist\u00e4?<\/h1>\t\t\t\t<\/div>\n\t\t\t\t<\/div>\n\t\t\t\t<div class=\"elementor-element elementor-element-0a66c2f elementor-widget__width-initial elementor-absolute elementor-widget elementor-widget-spacer\" data-id=\"0a66c2f\" data-element_type=\"widget\" data-e-type=\"widget\" data-settings=\"{&quot;_position&quot;:&quot;absolute&quot;}\" data-widget_type=\"spacer.default\">\n\t\t\t\t<div class=\"elementor-widget-container\">\n\t\t\t\t\t\t\t<div class=\"elementor-spacer\">\n\t\t\t<div class=\"elementor-spacer-inner\"><\/div>\n\t\t<\/div>\n\t\t\t\t\t\t<\/div>\n\t\t\t\t<\/div>\n\t\t\t\t\t<\/div>\n\t\t<\/div>\n\t\t\t\t\t<\/div>\n\t\t<\/section>\n\t\t\t\t<section class=\"elementor-section elementor-top-section elementor-element elementor-element-2745e09f elementor-section-boxed elementor-section-height-default elementor-section-height-default\" data-id=\"2745e09f\" data-element_type=\"section\" data-e-type=\"section\">\n\t\t\t\t\t\t<div class=\"elementor-container elementor-column-gap-default\">\n\t\t\t\t\t<div class=\"elementor-column elementor-col-100 elementor-top-column elementor-element elementor-element-2780a59a\" data-id=\"2780a59a\" data-element_type=\"column\" data-e-type=\"column\">\n\t\t\t<div class=\"elementor-widget-wrap elementor-element-populated\">\n\t\t\t\t\t\t<div class=\"elementor-element elementor-element-249fa1a elementor-widget elementor-widget-text-editor\" data-id=\"249fa1a\" data-element_type=\"widget\" data-e-type=\"widget\" data-widget_type=\"text-editor.default\">\n\t\t\t\t<div class=\"elementor-widget-container\">\n\t\t\t\t\t\t\t\t\t<h1 style=\"text-align: center;\">VOIMAAN: 1. TAMMIKUUTA 2025.<\/h1><h1>1. MIT\u00c4 EV\u00c4STEET OVAT JA MITEN NIIDEN ASETUKSIA VOI MUUTTAA?<\/h1><p>Ev\u00e4steet ovat pieni\u00e4 tekstitiedostoja, joita verkkosivusto voi k\u00e4ytt\u00e4\u00e4 k\u00e4ytt\u00f6kokemuksen tehostamiseen.<\/p><p>Jotkin ev\u00e4steet ovat v\u00e4liaikaisia ja katoavat, kun suljet selaimen, kun taas on olemassa my\u00f6s pysyvi\u00e4 versioita, jotka j\u00e4\u00e4v\u00e4t tietokoneellesi pidemm\u00e4ksi aikaa. Lain mukaan voimme tallentaa ev\u00e4steit\u00e4 k\u00e4vij\u00e4n laitteelle, jos se on ehdottoman v\u00e4ltt\u00e4m\u00e4t\u00f6nt\u00e4 verkkosivustomme toiminnan kannalta.<\/p><p>Kaikkien muiden ev\u00e4stetyyppien k\u00e4ytt\u00f6\u00f6n vaaditaan k\u00e4vij\u00e4n suostumus. T\u00e4m\u00e4 verkkosivusto k\u00e4ytt\u00e4\u00e4 erilaisia ev\u00e4steit\u00e4. Jotkin verkkosivustolla n\u00e4ytetyist\u00e4 ev\u00e4steist\u00e4 ovat kolmannen osapuolen palveluntarjoajiemme asettamia.<\/p><p>Selaimet mahdollistavat ev\u00e4steasetusten muuttamisen. Useimmat selaimet hyv\u00e4ksyv\u00e4t ev\u00e4steet automaattisesti oletuksena, mutta t\u00e4t\u00e4 voi muuttaa, jos haluaa est\u00e4\u00e4 automaattisen hyv\u00e4ksynn\u00e4n, kun se on kerran asetettu.<\/p><p>Jos haluat lis\u00e4tietoja selainasetusten muuttamisesta, katso selaimesi k\u00e4ytt\u00f6ohjeet tai ohje. Voit lukea lis\u00e4\u00e4 suosituimpien selainten ev\u00e4steasetuksista seuraavista linkeist\u00e4:<\/p><p class=\"text text--gray\" style=\"margin-bottom: 0px; padding-bottom: 1em; background-image: initial; background-position: 0px 0px; background-size: initial; background-repeat: initial; background-attachment: initial; background-origin: initial; background-clip: initial; font-size: 20px; text-size-adjust: 100%; color: #2f2f2f; font-family: 'Open Sans', Arial, sans-serif; font-style: normal; font-variant-ligatures: normal; font-variant-caps: normal; font-weight: 500;\"><a style=\"background-image: initial; background-position: 0px 0px; background-size: initial; background-repeat: initial; background-attachment: initial; background-origin: initial; background-clip: initial; font-size: 20px; text-size-adjust: 100%; color: #2ea3f2; border-width: initial !important; border-style: none !important;\" href=\"https:\/\/support.google.com\/accounts\/answer\/61416?hl=hu\" target=\"_blank\" rel=\"noopener\">Google Chrome<\/a><\/p><p class=\"text text--gray\" style=\"margin-bottom: 0px; padding-bottom: 1em; background-image: initial; background-position: 0px 0px; background-size: initial; background-repeat: initial; background-attachment: initial; background-origin: initial; background-clip: initial; font-size: 20px; text-size-adjust: 100%; color: #2f2f2f; font-family: 'Open Sans', Arial, sans-serif; font-style: normal; font-variant-ligatures: normal; font-variant-caps: normal; font-weight: 500;\"><a style=\"background-image: initial; background-position: 0px 0px; background-size: initial; background-repeat: initial; background-attachment: initial; background-origin: initial; background-clip: initial; font-size: 20px; text-size-adjust: 100%; color: #2ea3f2; border-width: initial !important; border-style: none !important;\" href=\"https:\/\/support.mozilla.org\/hu\/kb\/S%C3%BCtik%20kezel%C3%A9se\" target=\"_blank\" rel=\"noopener\">Firefox<\/a><\/p><p class=\"text text--gray\" style=\"margin-bottom: 0px; padding-bottom: 1em; background-image: initial; background-position: 0px 0px; background-size: initial; background-repeat: initial; background-attachment: initial; background-origin: initial; background-clip: initial; font-size: 20px; text-size-adjust: 100%; color: #2f2f2f; font-family: 'Open Sans', Arial, sans-serif; font-style: normal; font-variant-ligatures: normal; font-variant-caps: normal; font-weight: 500;\"><a style=\"background-image: initial; background-position: 0px 0px; background-size: initial; background-repeat: initial; background-attachment: initial; background-origin: initial; background-clip: initial; font-size: 20px; text-size-adjust: 100%; color: #2ea3f2; border-width: initial !important; border-style: none !important;\" href=\"http:\/\/windows.microsoft.com\/hu-hu\/internet-explorer\/delete-manage-cookies#ie=ie-11\" target=\"_blank\" rel=\"noopener\">Microsoft Internet Explorer 11<\/a><\/p><p class=\"text text--gray\" style=\"margin-bottom: 0px; padding-bottom: 1em; background-image: initial; background-position: 0px 0px; background-size: initial; background-repeat: initial; background-attachment: initial; background-origin: initial; background-clip: initial; font-size: 20px; text-size-adjust: 100%; color: #2f2f2f; font-family: 'Open Sans', Arial, sans-serif; font-style: normal; font-variant-ligatures: normal; font-variant-caps: normal; font-weight: 500;\"><a style=\"background-image: initial; background-position: 0px 0px; background-size: initial; background-repeat: initial; background-attachment: initial; background-origin: initial; background-clip: initial; font-size: 20px; text-size-adjust: 100%; color: #2ea3f2; border-width: initial !important; border-style: none !important;\" href=\"http:\/\/windows.microsoft.com\/hu-hu\/internet-explorer\/delete-manage-cookies#ie=ie-10\" target=\"_blank\" rel=\"noopener\">Microsoft Internet Explorer 10<\/a><\/p><p class=\"text text--gray\" style=\"margin-bottom: 0px; padding-bottom: 1em; background-image: initial; background-position: 0px 0px; background-size: initial; background-repeat: initial; background-attachment: initial; background-origin: initial; background-clip: initial; font-size: 20px; text-size-adjust: 100%; color: #2f2f2f; font-family: 'Open Sans', Arial, sans-serif; font-style: normal; font-variant-ligatures: normal; font-variant-caps: normal; font-weight: 500;\"><a style=\"background-image: initial; background-position: 0px 0px; background-size: initial; background-repeat: initial; background-attachment: initial; background-origin: initial; background-clip: initial; font-size: 20px; text-size-adjust: 100%; color: #2ea3f2; border-width: initial !important; border-style: none !important;\" href=\"http:\/\/windows.microsoft.com\/hu-hu\/windows-10\/edge-privacy-faq\" target=\"_blank\" rel=\"noopener\">Microsoft Edge<\/a><\/p><p class=\"text text--gray\" style=\"margin-bottom: 0px; padding-bottom: 1em; background-image: initial; background-position: 0px 0px; background-size: initial; background-repeat: initial; background-attachment: initial; background-origin: initial; background-clip: initial; font-size: 20px; text-size-adjust: 100%; color: #2f2f2f; font-family: 'Open Sans', Arial, sans-serif; font-style: normal; font-variant-ligatures: normal; font-variant-caps: normal; font-weight: 500;\"><a style=\"background-image: initial; background-position: 0px 0px; background-size: initial; background-repeat: initial; background-attachment: initial; background-origin: initial; background-clip: initial; font-size: 20px; text-size-adjust: 100%; color: #2ea3f2; border-width: initial !important; border-style: none !important;\" href=\"http:\/\/support.apple.com\/kb\/index?page=search&amp;q=cookies%20safari\" target=\"_blank\" rel=\"noopener\">Safari<\/a><\/p><h1>2. MISS\u00c4 EV\u00c4STEIDEN HALLINTAA KOSKEVAT TIEDOT JA SUOSTUMUS TAPAHTUVAT?<\/h1><p>Kun vierailet verkkosivustollamme ensimm\u00e4ist\u00e4 kertaa, n\u00e4yt\u00f6n yl\u00e4reunaan ilmestyy ponnahdusikkuna, jossa voit m\u00e4\u00e4ritt\u00e4\u00e4, mille ev\u00e4steille haluat suostua.<\/p><p>T\u00e4m\u00e4 tietoikkuna sis\u00e4lt\u00e4\u00e4 my\u00f6s linkin t\u00e4h\u00e4n tietosuojaselosteeseen.<\/p><h1>3. EV\u00c4STETYYPIT<\/h1><p><b>3.1. Ehdottoman v\u00e4ltt\u00e4m\u00e4tt\u00f6m\u00e4t ev\u00e4steet<\/b><\/p><p>V\u00e4ltt\u00e4m\u00e4tt\u00f6m\u00e4t ev\u00e4steet auttavat verkkosivustoamme toimimaan oikein mahdollistamalla perustoiminnot, kuten sivuston navigoinnin ja p\u00e4\u00e4syn verkkosivuston suojatuille alueille.<\/p><p>Verkkosivusto ei voi toimia kunnolla ilman n\u00e4it\u00e4 ev\u00e4steit\u00e4.<\/p><ul><li>PHPSESSID S\u00e4ilytt\u00e4\u00e4 k\u00e4ytt\u00e4j\u00e4n istunnon tilan sivupyynt\u00f6jen v\u00e4lill\u00e4, kunnes selain suljetaan.<\/li><li>CookieConsent Tallentaa k\u00e4ytt\u00e4j\u00e4n ev\u00e4stesuostumuksen tietyll\u00e4 verkkotunnuksella. 1 vuosi<\/li><\/ul><ul><li>__cfduid Cloudflaren sis\u00e4lt\u00f6palvelin tunnistaa internet-liikenteen. 1 vuosi<\/li><li>JSESSIONID M\u00e4\u00e4ritt\u00e4\u00e4 jokaiselle avautuvalle sivulle yksil\u00f6llisen, anonyymin tunnisteen parantaakseen sivun k\u00e4ytett\u00e4vyytt\u00e4, kunnes selain suljetaan.<\/li><li>wp_woocommerce_session_ S\u00e4ilytt\u00e4\u00e4 ostoskorin sis\u00e4ll\u00f6n sivujen v\u00e4lill\u00e4 navigoitaessa, kunnes selain suljetaan.<\/li><li>woocommerce_items_in_cart S\u00e4ilytt\u00e4\u00e4 ostoskorin sis\u00e4ll\u00f6n sivujen v\u00e4lill\u00e4 navigoitaessa, kunnes selain suljetaan.<\/li><li>wc_cart_hash_ Liitt\u00e4\u00e4 jokaiseen asiakkaaseen yksil\u00f6llisen tunnisteen, jotta j\u00e4rjestelm\u00e4 voi linkitt\u00e4\u00e4 tilaukset asiakkaaseen 1 p\u00e4iv\u00e4<\/li><\/ul><p><b>3.2. Mieltymysev\u00e4steet<\/b><\/p><p>Mieltymysev\u00e4steiden avulla voimme muistaa tietoja, jotka muuttavat tiettyj\u00e4 toimintoja tai verkkosivuston ulkoasua, kuten ensisijaisen kielen tai alueen, jolla olet.<\/p><p><b>3.3. Tilastoev\u00e4steet<\/b><\/p><p><span style=\"font-size: 21px;\">Ker\u00e4\u00e4m\u00e4ll\u00e4 ja raportoimalla tietoja nimett\u00f6m\u00e4ss\u00e4 muodossa tilastolliset ev\u00e4steet auttavat verkkosivuston omistajaa ymm\u00e4rt\u00e4m\u00e4\u00e4n, miten k\u00e4vij\u00e4t ovat vuorovaikutuksessa verkkosivuston kanssa.<\/span><\/p><ul><li>_ga Tallentaa yksil\u00f6llisen tunnisteen, jota k\u00e4ytet\u00e4\u00e4n verkkosivuston k\u00e4yt\u00f6st\u00e4 ker\u00e4ttyjen anonyymien tilastotietojen luomiseen. 2 vuotta<\/li><li>_gid Tallentaa yksil\u00f6llisen tunnisteen, jota k\u00e4ytet\u00e4\u00e4n verkkosivuston k\u00e4ytt\u00f6\u00f6n liittyvien anonyymien tilastotietojen luomiseen. 2 vuotta<\/li><li>_gat Google Analytics k\u00e4ytt\u00e4\u00e4 t\u00e4t\u00e4 pyynt\u00f6jen tiheyden hallintaan. Selain suljetaan, kunnes selain on suljettu.<\/li><li>Ker\u00e4\u00e4 Google Analyticsille tietoja k\u00e4ytt\u00e4j\u00e4n laitteesta ja selaustottumuksista eri laitteissa ja markkinointikanavissa, kunnes selain suljetaan.<\/li><\/ul><p><b>3.4. Markkinointiev\u00e4steet<\/b><\/p><p>K\u00e4yt\u00e4mme personointiev\u00e4steit\u00e4 seurataksemme k\u00e4vij\u00f6iden verkkosivustotoimintaa. Tavoitteenamme on n\u00e4ytt\u00e4\u00e4 yksitt\u00e4isille k\u00e4ytt\u00e4jille osuvampia mainoksia, n\u00e4ytt\u00e4\u00e4 heid\u00e4n mieltymyksi\u00e4\u00e4n vastaavaa sis\u00e4lt\u00f6\u00e4 ja kannustaa heit\u00e4 toimimaan.<\/p><ul><li>ads\/ga-audiences Google Adwordsin k\u00e4ytt\u00e4m\u00e4 kohdentaa mainoksia k\u00e4ytt\u00e4jille, joilla on todenn\u00e4k\u00f6isesti korkeampi ostoalttius selaustottumustensa perusteella. Kunnes selain sulkeutuu.<\/li><li>pref Tallentaa yksil\u00f6llisen tunnisteen, jonka perusteella Google luo tilastoja k\u00e4ytt\u00e4j\u00e4n YouTubessa katsomista videoista. 8 kuukautta<\/li><li>fr Facebook k\u00e4ytt\u00e4\u00e4 t\u00e4t\u00e4 ev\u00e4stett\u00e4 kohdistaakseen mainoksia k\u00e4ytt\u00e4jille, joilla on todenn\u00e4k\u00f6isesti korkeampi ostoalttius selaustottumustensa perusteella. 3 kuukautta<\/li><li>tr Facebook k\u00e4ytt\u00e4\u00e4 t\u00e4t\u00e4 kohdistaakseen mainoksia k\u00e4ytt\u00e4jille, joilla on todenn\u00e4k\u00f6isesti korkeampi ostohalukkuus selaustottumustensa perusteella. kunnes selain sulkeutuu.<\/li><\/ul><h1>4. EV\u00c4STEASETUSTEN TARKISTAMINEN JA POISTAMINEN POIS K\u00c4YT\u00d6ST\u00c4<\/h1><p>Nykyaikaiset selaimet mahdollistavat ev\u00e4steasetusten muuttamisen. Jotkin selaimet hyv\u00e4ksyv\u00e4t ev\u00e4steet automaattisesti oletuksena, mutta t\u00e4t\u00e4 asetusta voidaan muuttaa my\u00f6s est\u00e4\u00e4ksesi k\u00e4vij\u00e4\u00e4 hyv\u00e4ksym\u00e4st\u00e4 ev\u00e4steit\u00e4 automaattisesti tulevaisuudessa.<\/p><p>Jos vaihdat ev\u00e4steit\u00e4, selain tarjoaa sinulle mahdollisuuden asettaa ev\u00e4steet joka kerta, kun vierailet sivustolla.<\/p><p>Rekisterinpit\u00e4j\u00e4 ei muista tunnisteita tai salasanoja, vaikka ev\u00e4steet olisivat k\u00e4yt\u00f6ss\u00e4. Vierailija voi k\u00e4ytt\u00e4\u00e4 palveluita t\u00e4ysin turvallisesti, vaikka ev\u00e4steet olisi hyv\u00e4ksytty.<\/p><p>Haluamme kiinnitt\u00e4\u00e4 k\u00e4vij\u00f6idemme huomion siihen, ett\u00e4 koska ev\u00e4steiden tarkoituksena on tukea ja helpottaa verkkosivuston k\u00e4ytett\u00e4vyytt\u00e4 ja prosesseja, emme voi taata, ett\u00e4 k\u00e4vij\u00e4 voi k\u00e4ytt\u00e4\u00e4 kaikkia verkkosivuston toimintoja t\u00e4ysim\u00e4\u00e4r\u00e4isesti, jos ev\u00e4steet on poistettu k\u00e4yt\u00f6st\u00e4.<\/p><p>T\u00e4ss\u00e4 tapauksessa verkkosivusto saattaa toimia selaimessa eri tavalla kuin on tarkoitettu.<\/p>\t\t\t\t\t\t\t\t<\/div>\n\t\t\t\t<\/div>\n\t\t\t\t\t<\/div>\n\t\t<\/div>\n\t\t\t\t\t<\/div>\n\t\t<\/section>\n\t\t\t\t<\/div>","protected":false},"excerpt":{"rendered":"<p>Mit kell tudni a s\u00fctikr\u0151l? HAT\u00c1LYOS: 2025. JANU\u00c1R 1. 1. MIK AZOK A COOKIE-K (S\u00dcTIK), \u00c9S HOGYAN TUDOD M\u00d3DOS\u00cdTANI A [&hellip;]<\/p>\n","protected":false},"author":1,"featured_media":0,"parent":0,"menu_order":0,"comment_status":"closed","ping_status":"closed","template":"","meta":{"site-sidebar-layout":"no-sidebar","site-content-layout":"","ast-site-content-layout":"full-width-container","site-content-style":"default","site-sidebar-style":"default","ast-global-header-display":"","ast-banner-title-visibility":"","ast-main-header-display":"","ast-hfb-above-header-display":"","ast-hfb-below-header-display":"","ast-hfb-mobile-header-display":"","site-post-title":"disabled","ast-breadcrumbs-content":"","ast-featured-img":"disabled","footer-sml-layout":"","ast-disable-related-posts":"","theme-transparent-header-meta":"default","adv-header-id-meta":"","stick-header-meta":"","header-above-stick-meta":"","header-main-stick-meta":"","header-below-stick-meta":"","astra-migrate-meta-layouts":"set","ast-page-background-enabled":"default","ast-page-background-meta":{"desktop":{"background-color":"var(--ast-global-color-4)","background-image":"","background-repeat":"repeat","background-position":"center center","background-size":"auto","background-attachment":"scroll","background-type":"","background-media":"","overlay-type":"","overlay-color":"","overlay-opacity":"","overlay-gradient":""},"tablet":{"background-color":"","background-image":"","background-repeat":"repeat","background-position":"center center","background-size":"auto","background-attachment":"scroll","background-type":"","background-media":"","overlay-type":"","overlay-color":"","overlay-opacity":"","overlay-gradient":""},"mobile":{"background-color":"","background-image":"","background-repeat":"repeat","background-position":"center center","background-size":"auto","background-attachment":"scroll","background-type":"","background-media":"","overlay-type":"","overlay-color":"","overlay-opacity":"","overlay-gradient":""}},"ast-content-background-meta":{"desktop":{"background-color":"var(--ast-global-color-5)","background-image":"","background-repeat":"repeat","background-position":"center center","background-size":"auto","background-attachment":"scroll","background-type":"","background-media":"","overlay-type":"","overlay-color":"","overlay-opacity":"","overlay-gradient":""},"tablet":{"background-color":"var(--ast-global-color-5)","background-image":"","background-repeat":"repeat","background-position":"center center","background-size":"auto","background-attachment":"scroll","background-type":"","background-media":"","overlay-type":"","overlay-color":"","overlay-opacity":"","overlay-gradient":""},"mobile":{"background-color":"var(--ast-global-color-5)","background-image":"","background-repeat":"repeat","background-position":"center center","background-size":"auto","background-attachment":"scroll","background-type":"","background-media":"","overlay-type":"","overlay-color":"","overlay-opacity":"","overlay-gradient":""}},"footnotes":""},"class_list":["post-1982","page","type-page","status-publish","hentry"],"yoast_head":"<!-- This site is optimized with the Yoast SEO Premium plugin v27.4 (Yoast SEO v27.4) - https:\/\/yoast.com\/product\/yoast-seo-premium-wordpress\/ -->\n<title>Cookie nyilatkozat - Cyber Operations Group Kft.<\/title>\n<meta name=\"robots\" content=\"index, follow, max-snippet:-1, max-image-preview:large, max-video-preview:-1\" \/>\n<link rel=\"canonical\" href=\"https:\/\/cyberoperations.hu\/fi\/cookie-nyilatkozat\/\" \/>\n<meta property=\"og:locale\" content=\"fi_FI\" \/>\n<meta property=\"og:type\" content=\"article\" \/>\n<meta property=\"og:title\" content=\"Cookie nyilatkozat\" \/>\n<meta property=\"og:description\" content=\"Mit kell tudni a s\u00fctikr\u0151l? HAT\u00c1LYOS: 2025. JANU\u00c1R 1. 1. MIK AZOK A COOKIE-K (S\u00dcTIK), \u00c9S HOGYAN TUDOD M\u00d3DOS\u00cdTANI A [&hellip;]\" \/>\n<meta property=\"og:url\" content=\"https:\/\/cyberoperations.hu\/fi\/cookie-nyilatkozat\/\" \/>\n<meta property=\"og:site_name\" content=\"Cyber Operations Group Kft.\" \/>\n<meta property=\"article:modified_time\" content=\"2025-01-13T10:53:27+00:00\" \/>\n<meta name=\"twitter:card\" content=\"summary_large_image\" \/>\n<meta name=\"twitter:label1\" content=\"Arvioitu lukuaika\" \/>\n\t<meta name=\"twitter:data1\" content=\"6 minuuttia\" \/>\n<script type=\"application\/ld+json\" class=\"yoast-schema-graph\">{\"@context\":\"https:\\\/\\\/schema.org\",\"@graph\":[{\"@type\":\"WebPage\",\"@id\":\"https:\\\/\\\/cyberoperations.hu\\\/cookie-nyilatkozat\\\/\",\"url\":\"https:\\\/\\\/cyberoperations.hu\\\/cookie-nyilatkozat\\\/\",\"name\":\"Cookie nyilatkozat - Cyber Operations Group Kft.\",\"isPartOf\":{\"@id\":\"https:\\\/\\\/cyberoperations.hu\\\/#website\"},\"datePublished\":\"2024-12-07T09:19:05+00:00\",\"dateModified\":\"2025-01-13T10:53:27+00:00\",\"breadcrumb\":{\"@id\":\"https:\\\/\\\/cyberoperations.hu\\\/cookie-nyilatkozat\\\/#breadcrumb\"},\"inLanguage\":\"fi\",\"potentialAction\":[{\"@type\":\"ReadAction\",\"target\":[\"https:\\\/\\\/cyberoperations.hu\\\/cookie-nyilatkozat\\\/\"]}]},{\"@type\":\"BreadcrumbList\",\"@id\":\"https:\\\/\\\/cyberoperations.hu\\\/cookie-nyilatkozat\\\/#breadcrumb\",\"itemListElement\":[{\"@type\":\"ListItem\",\"position\":1,\"name\":\"Kezd\u0151lap\",\"item\":\"https:\\\/\\\/cyberoperations.hu\\\/\"},{\"@type\":\"ListItem\",\"position\":2,\"name\":\"Cookie nyilatkozat\"}]},{\"@type\":\"WebSite\",\"@id\":\"https:\\\/\\\/cyberoperations.hu\\\/#website\",\"url\":\"https:\\\/\\\/cyberoperations.hu\\\/\",\"name\":\"Cyber Operations Group Kft.\",\"description\":\"\",\"publisher\":{\"@id\":\"https:\\\/\\\/cyberoperations.hu\\\/#organization\"},\"potentialAction\":[{\"@type\":\"SearchAction\",\"target\":{\"@type\":\"EntryPoint\",\"urlTemplate\":\"https:\\\/\\\/cyberoperations.hu\\\/?s={search_term_string}\"},\"query-input\":{\"@type\":\"PropertyValueSpecification\",\"valueRequired\":true,\"valueName\":\"search_term_string\"}}],\"inLanguage\":\"fi\"},{\"@type\":\"Organization\",\"@id\":\"https:\\\/\\\/cyberoperations.hu\\\/#organization\",\"name\":\"Cyber Operations Group Kft.\",\"url\":\"https:\\\/\\\/cyberoperations.hu\\\/\",\"logo\":{\"@type\":\"ImageObject\",\"inLanguage\":\"fi\",\"@id\":\"https:\\\/\\\/cyberoperations.hu\\\/#\\\/schema\\\/logo\\\/image\\\/\",\"url\":\"https:\\\/\\\/cyberoperations.hu\\\/wp-content\\\/uploads\\\/2024\\\/12\\\/simalogo-2.png\",\"contentUrl\":\"https:\\\/\\\/cyberoperations.hu\\\/wp-content\\\/uploads\\\/2024\\\/12\\\/simalogo-2.png\",\"width\":1500,\"height\":400,\"caption\":\"Cyber Operations Group Kft.\"},\"image\":{\"@id\":\"https:\\\/\\\/cyberoperations.hu\\\/#\\\/schema\\\/logo\\\/image\\\/\"}}]}<\/script>\n<!-- \/ Yoast SEO Premium plugin. -->","yoast_head_json":{"title":"Ev\u00e4stek\u00e4yt\u00e4nt\u00f6 - Cyber Operations Group Oy.","robots":{"index":"index","follow":"follow","max-snippet":"max-snippet:-1","max-image-preview":"max-image-preview:large","max-video-preview":"max-video-preview:-1"},"canonical":"https:\/\/cyberoperations.hu\/fi\/cookie-nyilatkozat\/","og_locale":"fi_FI","og_type":"article","og_title":"Cookie nyilatkozat","og_description":"Mit kell tudni a s\u00fctikr\u0151l? HAT\u00c1LYOS: 2025. JANU\u00c1R 1. 1. MIK AZOK A COOKIE-K (S\u00dcTIK), \u00c9S HOGYAN TUDOD M\u00d3DOS\u00cdTANI A [&hellip;]","og_url":"https:\/\/cyberoperations.hu\/fi\/cookie-nyilatkozat\/","og_site_name":"Cyber Operations Group Kft.","article_modified_time":"2025-01-13T10:53:27+00:00","twitter_card":"summary_large_image","twitter_misc":{"Arvioitu lukuaika":"6 minuuttia"},"schema":{"@context":"https:\/\/schema.org","@graph":[{"@type":"WebPage","@id":"https:\/\/cyberoperations.hu\/cookie-nyilatkozat\/","url":"https:\/\/cyberoperations.hu\/cookie-nyilatkozat\/","name":"Ev\u00e4stek\u00e4yt\u00e4nt\u00f6 - Cyber Operations Group Oy.","isPartOf":{"@id":"https:\/\/cyberoperations.hu\/#website"},"datePublished":"2024-12-07T09:19:05+00:00","dateModified":"2025-01-13T10:53:27+00:00","breadcrumb":{"@id":"https:\/\/cyberoperations.hu\/cookie-nyilatkozat\/#breadcrumb"},"inLanguage":"fi","potentialAction":[{"@type":"ReadAction","target":["https:\/\/cyberoperations.hu\/cookie-nyilatkozat\/"]}]},{"@type":"BreadcrumbList","@id":"https:\/\/cyberoperations.hu\/cookie-nyilatkozat\/#breadcrumb","itemListElement":[{"@type":"ListItem","position":1,"name":"Kezd\u0151lap","item":"https:\/\/cyberoperations.hu\/"},{"@type":"ListItem","position":2,"name":"Cookie nyilatkozat"}]},{"@type":"WebSite","@id":"https:\/\/cyberoperations.hu\/#website","url":"https:\/\/cyberoperations.hu\/","name":"Cyber Operations Group Oy.","description":"","publisher":{"@id":"https:\/\/cyberoperations.hu\/#organization"},"potentialAction":[{"@type":"SearchAction","target":{"@type":"EntryPoint","urlTemplate":"https:\/\/cyberoperations.hu\/?s={search_term_string}"},"query-input":{"@type":"PropertyValueSpecification","valueRequired":true,"valueName":"search_term_string"}}],"inLanguage":"fi"},{"@type":"Organization","@id":"https:\/\/cyberoperations.hu\/#organization","name":"Cyber Operations Group Oy.","url":"https:\/\/cyberoperations.hu\/","logo":{"@type":"ImageObject","inLanguage":"fi","@id":"https:\/\/cyberoperations.hu\/#\/schema\/logo\/image\/","url":"https:\/\/cyberoperations.hu\/wp-content\/uploads\/2024\/12\/simalogo-2.png","contentUrl":"https:\/\/cyberoperations.hu\/wp-content\/uploads\/2024\/12\/simalogo-2.png","width":1500,"height":400,"caption":"Cyber Operations Group Kft."},"image":{"@id":"https:\/\/cyberoperations.hu\/#\/schema\/logo\/image\/"}}]}},"_links":{"self":[{"href":"https:\/\/cyberoperations.hu\/fi\/wp-json\/wp\/v2\/pages\/1982","targetHints":{"allow":["GET"]}}],"collection":[{"href":"https:\/\/cyberoperations.hu\/fi\/wp-json\/wp\/v2\/pages"}],"about":[{"href":"https:\/\/cyberoperations.hu\/fi\/wp-json\/wp\/v2\/types\/page"}],"author":[{"embeddable":true,"href":"https:\/\/cyberoperations.hu\/fi\/wp-json\/wp\/v2\/users\/1"}],"replies":[{"embeddable":true,"href":"https:\/\/cyberoperations.hu\/fi\/wp-json\/wp\/v2\/comments?post=1982"}],"version-history":[{"count":0,"href":"https:\/\/cyberoperations.hu\/fi\/wp-json\/wp\/v2\/pages\/1982\/revisions"}],"wp:attachment":[{"href":"https:\/\/cyberoperations.hu\/fi\/wp-json\/wp\/v2\/media?parent=1982"}],"curies":[{"name":"wp","href":"https:\/\/api.w.org\/{rel}","templated":true}]}}