{"id":2409,"date":"2025-01-20T14:57:11","date_gmt":"2025-01-20T13:57:11","guid":{"rendered":"https:\/\/cyberoperations.hu\/?post_type=product&#038;p=2409"},"modified":"2025-08-05T13:12:38","modified_gmt":"2025-08-05T11:12:38","slug":"kibervedelmi-szoftver","status":"publish","type":"product","link":"https:\/\/cyberoperations.hu\/fi\/tuote\/kibervedelmi-szoftver\/","title":{"rendered":"Deep Instinct - Seuraavan sukupolven teko\u00e4lyhaittaohjelmasuojaus"},"content":{"rendered":"<div data-elementor-type=\"product-post\" data-elementor-id=\"2409\" class=\"elementor elementor-2409\" data-elementor-post-type=\"product\">\n\t\t\t\t<div class=\"elementor-element elementor-element-dcf52 e-flex e-con-boxed e-con e-parent\" data-id=\"dcf52\" data-element_type=\"container\" data-e-type=\"container\">\n\t\t\t\t\t<div class=\"e-con-inner\">\n\t\t\t\t<div class=\"elementor-element elementor-element-6232448b elementor-widget elementor-widget-text-editor\" data-id=\"6232448b\" data-element_type=\"widget\" data-e-type=\"widget\" data-widget_type=\"text-editor.default\">\n\t\t\t\t<div class=\"elementor-widget-container\">\n\t\t\t\t\t\t\t\t\tDeep Instinct on mullistava kyberturvallisuusratkaisu, joka hy\u00f6dynt\u00e4\u00e4 edistyneint\u00e4 teko\u00e4lyn muotoa, syv\u00e4oppimisteknologiaa, yrityslaitteiden, palvelimien, mobiililaitteiden ja pilvidatavarastojen suojaamiseen.\r\n\r\n<strong>T\u00e4rkeimm\u00e4t edut ja ominaisuudet<\/strong>\r\n<ul>\r\n \t<li>Ennakoiva suojaus: Deep Instinct havaitsee ja est\u00e4\u00e4 sek\u00e4 tunnetut ett\u00e4 tuntemattomat uhat ennen kuin ne aiheuttavat vahinkoa \u2013 mukaan lukien uusimmat kiristysohjelmat, nollap\u00e4iv\u00e4hy\u00f6kk\u00e4ykset ja tiedostottomat haittaohjelmat.<\/li>\r\n \t<li>Syv\u00e4oppimiseen perustuva alusta: Sen ainutlaatuiset syv\u00e4oppimisalgoritmit pystyv\u00e4t tunnistamaan uhat nopeasti ja tarkasti alkuvaiheessa, ennen tiedostojen suorittamista, mik\u00e4 v\u00e4hent\u00e4\u00e4 tartuntariskin nollaan.<\/li>\r\n \t<li>Nopea ja helppok\u00e4ytt\u00f6inen: Eritt\u00e4in nopea \u2013 est\u00e4\u00e4 uhkia alle 20 millisekunnissa k\u00e4ytt\u00e4en minimaalisesti resursseja, joten se sopii suurten yritysymp\u00e4rist\u00f6jen ja pilvimigraatioiden suojaamiseen.<\/li>\r\n \t<li>Alhainen virheprosentti: Toimii yhdell\u00e4 alan alhaisimmista v\u00e4\u00e4rien h\u00e4lytysten m\u00e4\u00e4rist\u00e4 (alle 0,1%), mink\u00e4 ansiosta k\u00e4ytt\u00e4j\u00e4t voivat ty\u00f6skennell\u00e4 keskeytyksett\u00e4 ja raportoida vain todellisista uhkista.<\/li>\r\n \t<li>Alustasta riippumaton: Tukee Windows-, macOS-, Linux-, Android- ja ChromeOS-k\u00e4ytt\u00f6j\u00e4rjestelmi\u00e4; tarjoaa suojauksen paikallisissa ja et\u00e4p\u00e4\u00e4tepisteiss\u00e4, palvelimilla sek\u00e4 virtualisoiduissa ja pilviymp\u00e4rist\u00f6iss\u00e4.<\/li>\r\n \t<li>Reaaliaikainen raportointi ja selitett\u00e4vyys: Sen teko\u00e4lypohjainen selitysmoduuli auttaa SOC (Security Operations Center) -tiimej\u00e4 nopeammassa p\u00e4\u00e4t\u00f6ksenteossa ja tapahtumien hallinnassa.<\/li>\r\n<\/ul>\r\n<strong>Mik\u00e4 tekee Deep Instinctist\u00e4 ainutlaatuisen?<\/strong>\r\n<ul>\r\n \t<li>Se k\u00e4ytt\u00e4\u00e4 yksinomaan syv\u00e4oppimisteknologiaa, analysoiden paitsi tunnettuja malleja my\u00f6s k\u00e4ytt\u00e4ytymismalleja ja uusia uhkia.<\/li>\r\n \t<li>Suojaus ennenn\u00e4kem\u00e4tt\u00f6mi\u00e4, edistyneit\u00e4 hy\u00f6kk\u00e4yksi\u00e4 vastaan.<\/li>\r\n \t<li>Saatavilla itsen\u00e4isen\u00e4, helposti integroitavana agenttina tai API-pohjaisena ratkaisuna.<\/li>\r\n<\/ul>\r\n<strong>Kenelle suosittelemme sit\u00e4?<\/strong>\r\n<ul>\r\n \t<li>Keskisuurille ja suurille yrityksille, jotka haluavat ennakoivan ja aidosti automatisoidun kyberturvaj\u00e4rjestelm\u00e4n.<\/li>\r\n \t<li>Organisaatioille, jotka arvostavat vaatimustenmukaisuutta, ennakoivaa suojausta ja kustannustehokasta toimintaa.<\/li>\r\n<\/ul>\r\n<strong>Suojaa yrityst\u00e4si huippuluokan teko\u00e4lyteknologialla ja est\u00e4 tulevat hy\u00f6kk\u00e4ykset \u2013 valitse Deep Instinct!<\/strong>\t\t\t\t\t\t\t\t<\/div>\n\t\t\t\t<\/div>\n\t\t\t\t\t<\/div>\n\t\t\t\t<\/div>\n\t\t<div class=\"elementor-element elementor-element-3b3e85a e-flex e-con-boxed e-con e-parent\" data-id=\"3b3e85a\" data-element_type=\"container\" data-e-type=\"container\">\n\t\t\t\t\t<div class=\"e-con-inner\">\n\t\t\t\t<div class=\"elementor-element elementor-element-062d5ce elementor-widget elementor-widget-video\" data-id=\"062d5ce\" data-element_type=\"widget\" data-e-type=\"widget\" data-settings=\"{&quot;youtube_url&quot;:&quot;https:\\\/\\\/www.youtube.com\\\/watch?v=JiBYU4LXDIk&quot;,&quot;video_type&quot;:&quot;youtube&quot;,&quot;controls&quot;:&quot;yes&quot;}\" data-widget_type=\"video.default\">\n\t\t\t\t<div class=\"elementor-widget-container\">\n\t\t\t\t\t\t\t<div class=\"elementor-wrapper elementor-open-inline\">\n\t\t\t<div class=\"elementor-video\"><\/div>\t\t<\/div>\n\t\t\t\t\t\t<\/div>\n\t\t\t\t<\/div>\n\t\t\t\t\t<\/div>\n\t\t\t\t<\/div>\n\t\t<div class=\"elementor-element elementor-element-80aa6a9 e-flex e-con-boxed e-con e-parent\" data-id=\"80aa6a9\" data-element_type=\"container\" data-e-type=\"container\">\n\t\t\t\t\t<div class=\"e-con-inner\">\n\t\t\t\t\t<\/div>\n\t\t\t\t<\/div>\n\t\t\t\t<\/div>","protected":false},"excerpt":{"rendered":"<p>Deep Instinct egy forradalmi kiberbiztons\u00e1gi megold\u00e1s, amely a mesters\u00e9ges intelligencia legfejlettebb form\u00e1j\u00e1t, a deep learning technol\u00f3gi\u00e1t alkalmazza a v\u00e1llalati eszk\u00f6z\u00f6k, [&hellip;]<\/p>\n","protected":false},"featured_media":0,"template":"","meta":{"site-sidebar-layout":"default","site-content-layout":"","ast-site-content-layout":"default","site-content-style":"default","site-sidebar-style":"default","ast-global-header-display":"","ast-banner-title-visibility":"","ast-main-header-display":"","ast-hfb-above-header-display":"","ast-hfb-below-header-display":"","ast-hfb-mobile-header-display":"","site-post-title":"","ast-breadcrumbs-content":"","ast-featured-img":"","footer-sml-layout":"","ast-disable-related-posts":"","theme-transparent-header-meta":"default","adv-header-id-meta":"","stick-header-meta":"","header-above-stick-meta":"","header-main-stick-meta":"","header-below-stick-meta":"","astra-migrate-meta-layouts":"set","ast-page-background-enabled":"default","ast-page-background-meta":{"desktop":{"background-color":"var(--ast-global-color-4)","background-image":"","background-repeat":"repeat","background-position":"center center","background-size":"auto","background-attachment":"scroll","background-type":"","background-media":"","overlay-type":"","overlay-color":"","overlay-opacity":"","overlay-gradient":""},"tablet":{"background-color":"","background-image":"","background-repeat":"repeat","background-position":"center center","background-size":"auto","background-attachment":"scroll","background-type":"","background-media":"","overlay-type":"","overlay-color":"","overlay-opacity":"","overlay-gradient":""},"mobile":{"background-color":"","background-image":"","background-repeat":"repeat","background-position":"center center","background-size":"auto","background-attachment":"scroll","background-type":"","background-media":"","overlay-type":"","overlay-color":"","overlay-opacity":"","overlay-gradient":""}},"ast-content-background-meta":{"desktop":{"background-color":"var(--ast-global-color-5)","background-image":"","background-repeat":"repeat","background-position":"center center","background-size":"auto","background-attachment":"scroll","background-type":"","background-media":"","overlay-type":"","overlay-color":"","overlay-opacity":"","overlay-gradient":""},"tablet":{"background-color":"var(--ast-global-color-5)","background-image":"","background-repeat":"repeat","background-position":"center center","background-size":"auto","background-attachment":"scroll","background-type":"","background-media":"","overlay-type":"","overlay-color":"","overlay-opacity":"","overlay-gradient":""},"mobile":{"background-color":"var(--ast-global-color-5)","background-image":"","background-repeat":"repeat","background-position":"center center","background-size":"auto","background-attachment":"scroll","background-type":"","background-media":"","overlay-type":"","overlay-color":"","overlay-opacity":"","overlay-gradient":""}}},"product_brand":[],"product_cat":[25],"product_tag":[],"class_list":{"0":"post-2409","1":"product","2":"type-product","3":"status-publish","5":"product_cat-uncategorized","6":"desktop-align-left","7":"tablet-align-left","8":"mobile-align-left","10":"first","11":"instock","12":"shipping-taxable","13":"product-type-simple"},"yoast_head":"<!-- This site is optimized with the Yoast SEO Premium plugin v27.4 (Yoast SEO v27.4) - https:\/\/yoast.com\/product\/yoast-seo-premium-wordpress\/ -->\n<title>Deep Instinct \u2013 Next-Generation AI Malware Protection - Cyber Operations Group Kft.<\/title>\n<meta name=\"robots\" content=\"index, follow, max-snippet:-1, max-image-preview:large, max-video-preview:-1\" \/>\n<link rel=\"canonical\" href=\"https:\/\/cyberoperations.hu\/fi\/product\/cybersecurity-software\/\" \/>\n<meta property=\"og:locale\" content=\"fi_FI\" \/>\n<meta property=\"og:type\" content=\"article\" \/>\n<meta property=\"og:title\" content=\"Deep Instinct \u2013 Next-Generation AI Malware Protection\" \/>\n<meta property=\"og:description\" content=\"Deep Instinct egy forradalmi kiberbiztons\u00e1gi megold\u00e1s, amely a mesters\u00e9ges intelligencia legfejlettebb form\u00e1j\u00e1t, a deep learning technol\u00f3gi\u00e1t alkalmazza a v\u00e1llalati eszk\u00f6z\u00f6k, [&hellip;]\" \/>\n<meta property=\"og:url\" content=\"https:\/\/cyberoperations.hu\/fi\/product\/cybersecurity-software\/\" \/>\n<meta property=\"og:site_name\" content=\"Cyber Operations Group Kft.\" \/>\n<meta property=\"article:modified_time\" content=\"2025-08-05T11:12:38+00:00\" \/>\n<meta name=\"twitter:card\" content=\"summary_large_image\" \/>\n<meta name=\"twitter:label1\" content=\"Hinta\" \/>\n\t<meta name=\"twitter:data1\" content=\"\" \/>\n\t<meta name=\"twitter:label2\" content=\"Saatavuus\" \/>\n\t<meta name=\"twitter:data2\" content=\"Varastossa\" \/>\n<script type=\"application\/ld+json\" class=\"yoast-schema-graph\">{\"@context\":\"https:\\\/\\\/schema.org\",\"@graph\":[{\"@type\":\"WebPage\",\"@id\":\"https:\\\/\\\/cyberoperations.hu\\\/en\\\/product\\\/cybersecurity-software\\\/\",\"url\":\"https:\\\/\\\/cyberoperations.hu\\\/en\\\/product\\\/cybersecurity-software\\\/\",\"name\":\"Deep Instinct \u2013 Next-Generation AI Malware Protection - Cyber Operations Group Kft.\",\"isPartOf\":{\"@id\":\"https:\\\/\\\/cyberoperations.hu\\\/#website\"},\"datePublished\":\"2025-01-20T13:57:11+00:00\",\"dateModified\":\"2025-08-05T11:12:38+00:00\",\"breadcrumb\":{\"@id\":\"https:\\\/\\\/cyberoperations.hu\\\/en\\\/product\\\/cybersecurity-software\\\/#breadcrumb\"},\"inLanguage\":\"fi\",\"potentialAction\":[{\"@type\":\"ReadAction\",\"target\":[\"https:\\\/\\\/cyberoperations.hu\\\/en\\\/product\\\/cybersecurity-software\\\/\"]}]},{\"@type\":\"BreadcrumbList\",\"@id\":\"https:\\\/\\\/cyberoperations.hu\\\/en\\\/product\\\/cybersecurity-software\\\/#breadcrumb\",\"itemListElement\":[{\"@type\":\"ListItem\",\"position\":1,\"name\":\"Kezd\u0151lap\",\"item\":\"https:\\\/\\\/cyberoperations.hu\\\/\"},{\"@type\":\"ListItem\",\"position\":2,\"name\":\"Shop\",\"item\":\"https:\\\/\\\/cyberoperations.hu\\\/shop\\\/\"},{\"@type\":\"ListItem\",\"position\":3,\"name\":\"Deep Instinct \u2013 Next-Generation AI Malware Protection\"}]},{\"@type\":\"WebSite\",\"@id\":\"https:\\\/\\\/cyberoperations.hu\\\/#website\",\"url\":\"https:\\\/\\\/cyberoperations.hu\\\/\",\"name\":\"Cyber Operations Group Kft.\",\"description\":\"\",\"publisher\":{\"@id\":\"https:\\\/\\\/cyberoperations.hu\\\/#organization\"},\"potentialAction\":[{\"@type\":\"SearchAction\",\"target\":{\"@type\":\"EntryPoint\",\"urlTemplate\":\"https:\\\/\\\/cyberoperations.hu\\\/?s={search_term_string}\"},\"query-input\":{\"@type\":\"PropertyValueSpecification\",\"valueRequired\":true,\"valueName\":\"search_term_string\"}}],\"inLanguage\":\"fi\"},{\"@type\":\"Organization\",\"@id\":\"https:\\\/\\\/cyberoperations.hu\\\/#organization\",\"name\":\"Cyber Operations Group Kft.\",\"url\":\"https:\\\/\\\/cyberoperations.hu\\\/\",\"logo\":{\"@type\":\"ImageObject\",\"inLanguage\":\"fi\",\"@id\":\"https:\\\/\\\/cyberoperations.hu\\\/#\\\/schema\\\/logo\\\/image\\\/\",\"url\":\"https:\\\/\\\/cyberoperations.hu\\\/wp-content\\\/uploads\\\/2024\\\/12\\\/simalogo-2.png\",\"contentUrl\":\"https:\\\/\\\/cyberoperations.hu\\\/wp-content\\\/uploads\\\/2024\\\/12\\\/simalogo-2.png\",\"width\":1500,\"height\":400,\"caption\":\"Cyber Operations Group Kft.\"},\"image\":{\"@id\":\"https:\\\/\\\/cyberoperations.hu\\\/#\\\/schema\\\/logo\\\/image\\\/\"}}]}<\/script>\n<meta property=\"product:price:currency\" content=\"EUR\" \/>\n<meta property=\"og:availability\" content=\"instock\" \/>\n<meta property=\"product:availability\" content=\"instock\" \/>\n<meta property=\"product:condition\" content=\"new\" \/>\n<!-- \/ Yoast SEO Premium plugin. -->","yoast_head_json":{"title":"Deep Instinct \u2013 Seuraavan sukupolven teko\u00e4lyll\u00e4 toimiva haittaohjelmasuojaus - Cyber Operations Group Kft.","robots":{"index":"index","follow":"follow","max-snippet":"max-snippet:-1","max-image-preview":"max-image-preview:large","max-video-preview":"max-video-preview:-1"},"canonical":"https:\/\/cyberoperations.hu\/fi\/product\/cybersecurity-software\/","og_locale":"fi_FI","og_type":"article","og_title":"Deep Instinct \u2013 Next-Generation AI Malware Protection","og_description":"Deep Instinct egy forradalmi kiberbiztons\u00e1gi megold\u00e1s, amely a mesters\u00e9ges intelligencia legfejlettebb form\u00e1j\u00e1t, a deep learning technol\u00f3gi\u00e1t alkalmazza a v\u00e1llalati eszk\u00f6z\u00f6k, [&hellip;]","og_url":"https:\/\/cyberoperations.hu\/fi\/product\/cybersecurity-software\/","og_site_name":"Cyber Operations Group Kft.","article_modified_time":"2025-08-05T11:12:38+00:00","twitter_card":"summary_large_image","twitter_misc":{"Hinta":"","Saatavuus":"Varastossa"},"schema":{"@context":"https:\/\/schema.org","@graph":[{"@type":"WebPage","@id":"https:\/\/cyberoperations.hu\/en\/product\/cybersecurity-software\/","url":"https:\/\/cyberoperations.hu\/en\/product\/cybersecurity-software\/","name":"Deep Instinct \u2013 Seuraavan sukupolven teko\u00e4lyll\u00e4 toimiva haittaohjelmasuojaus - Cyber Operations Group Kft.","isPartOf":{"@id":"https:\/\/cyberoperations.hu\/#website"},"datePublished":"2025-01-20T13:57:11+00:00","dateModified":"2025-08-05T11:12:38+00:00","breadcrumb":{"@id":"https:\/\/cyberoperations.hu\/en\/product\/cybersecurity-software\/#breadcrumb"},"inLanguage":"fi","potentialAction":[{"@type":"ReadAction","target":["https:\/\/cyberoperations.hu\/en\/product\/cybersecurity-software\/"]}]},{"@type":"BreadcrumbList","@id":"https:\/\/cyberoperations.hu\/en\/product\/cybersecurity-software\/#breadcrumb","itemListElement":[{"@type":"ListItem","position":1,"name":"Kezd\u0151lap","item":"https:\/\/cyberoperations.hu\/"},{"@type":"ListItem","position":2,"name":"Shop","item":"https:\/\/cyberoperations.hu\/shop\/"},{"@type":"ListItem","position":3,"name":"Deep Instinct \u2013 Next-Generation AI Malware Protection"}]},{"@type":"WebSite","@id":"https:\/\/cyberoperations.hu\/#website","url":"https:\/\/cyberoperations.hu\/","name":"Cyber Operations Group Oy.","description":"","publisher":{"@id":"https:\/\/cyberoperations.hu\/#organization"},"potentialAction":[{"@type":"SearchAction","target":{"@type":"EntryPoint","urlTemplate":"https:\/\/cyberoperations.hu\/?s={search_term_string}"},"query-input":{"@type":"PropertyValueSpecification","valueRequired":true,"valueName":"search_term_string"}}],"inLanguage":"fi"},{"@type":"Organization","@id":"https:\/\/cyberoperations.hu\/#organization","name":"Cyber Operations Group Oy.","url":"https:\/\/cyberoperations.hu\/","logo":{"@type":"ImageObject","inLanguage":"fi","@id":"https:\/\/cyberoperations.hu\/#\/schema\/logo\/image\/","url":"https:\/\/cyberoperations.hu\/wp-content\/uploads\/2024\/12\/simalogo-2.png","contentUrl":"https:\/\/cyberoperations.hu\/wp-content\/uploads\/2024\/12\/simalogo-2.png","width":1500,"height":400,"caption":"Cyber Operations Group Kft."},"image":{"@id":"https:\/\/cyberoperations.hu\/#\/schema\/logo\/image\/"}}]},"product_price_currency":"EUR","og_availability":"instock","product_availability":"instock","product_condition":"new"},"_links":{"self":[{"href":"https:\/\/cyberoperations.hu\/fi\/wp-json\/wp\/v2\/product\/2409","targetHints":{"allow":["GET"]}}],"collection":[{"href":"https:\/\/cyberoperations.hu\/fi\/wp-json\/wp\/v2\/product"}],"about":[{"href":"https:\/\/cyberoperations.hu\/fi\/wp-json\/wp\/v2\/types\/product"}],"version-history":[{"count":0,"href":"https:\/\/cyberoperations.hu\/fi\/wp-json\/wp\/v2\/product\/2409\/revisions"}],"wp:attachment":[{"href":"https:\/\/cyberoperations.hu\/fi\/wp-json\/wp\/v2\/media?parent=2409"}],"wp:term":[{"taxonomy":"product_brand","embeddable":true,"href":"https:\/\/cyberoperations.hu\/fi\/wp-json\/wp\/v2\/product_brand?post=2409"},{"taxonomy":"product_cat","embeddable":true,"href":"https:\/\/cyberoperations.hu\/fi\/wp-json\/wp\/v2\/product_cat?post=2409"},{"taxonomy":"product_tag","embeddable":true,"href":"https:\/\/cyberoperations.hu\/fi\/wp-json\/wp\/v2\/product_tag?post=2409"}],"curies":[{"name":"wp","href":"https:\/\/api.w.org\/{rel}","templated":true}]}}