{"id":2701,"date":"2025-03-27T09:47:44","date_gmt":"2025-03-27T08:47:44","guid":{"rendered":"https:\/\/cyberoperations.hu\/?post_type=product&#038;p=2701"},"modified":"2025-03-27T09:47:44","modified_gmt":"2025-03-27T08:47:44","slug":"kibervedelmi-es-kiberhigieniai-trening","status":"publish","type":"product","link":"https:\/\/cyberoperations.hu\/fi\/tuote\/kibervedelmi-es-kiberhigieniai-trening\/","title":{"rendered":"Kyberturvallisuus- ja kyberhygieniakoulutus"},"content":{"rendered":"<p aria-level=\"3\"><span data-contrast=\"auto\">Cyber Operationsin kyberturvallisuus- ja kyberhygieniakoulutus on kattava ja k\u00e4yt\u00e4nn\u00f6nl\u00e4heinen koulutus, joka varmistaa, ett\u00e4 yrityksesi ty\u00f6ntekij\u00e4t ja johtajat ovat ajan tasalla nykyaikaisista kyberuhista ja puolustusstrategioista. Koulutuksen tavoitteena on tarjota k\u00e4yt\u00e4nn\u00f6n tietoa ja ty\u00f6kaluja tehokkaaseen kyberturvallisuustoimintaan, olipa kyse sitten ohjelmistojen asianmukaisesta k\u00e4yt\u00f6st\u00e4, toimiston IT-tietoturvasuunnittelusta tai jokap\u00e4iv\u00e4isist\u00e4 kyberhygieniatoimenpiteist\u00e4.<\/span><span data-ccp-props=\"{&quot;134233117&quot;:false,&quot;134233118&quot;:false,&quot;335559738&quot;:240,&quot;335559739&quot;:240}\">\u00a0<\/span><\/p>\n<p><b><span data-contrast=\"auto\">Koulutuksen tiedot:<\/span><\/b><span data-ccp-props=\"{&quot;134233117&quot;:false,&quot;134233118&quot;:false,&quot;335559738&quot;:240,&quot;335559739&quot;:240}\">\u00a0<\/span><\/p>\n<p><span data-contrast=\"auto\">\ud83d\udccc Kesto: 2 p\u00e4iv\u00e4\u00e4<\/span><br \/>\n<span data-contrast=\"auto\"> \ud83d\udccc Sijainti: Paikan p\u00e4\u00e4ll\u00e4 tai verkossa<\/span><br \/>\n<span data-contrast=\"auto\"> \ud83d\udccc Hinta: Perustuu yksil\u00f6lliseen tarjoukseen<\/span><span data-ccp-props=\"{&quot;134233117&quot;:false,&quot;134233118&quot;:false,&quot;335559738&quot;:240,&quot;335559739&quot;:240}\">\u00a0<\/span><\/p>\n<p><b><span data-contrast=\"auto\">Koulutuksen sis\u00e4lt\u00f6:<\/span><\/b><span data-ccp-props=\"{&quot;134233117&quot;:false,&quot;134233118&quot;:false,&quot;335559738&quot;:240,&quot;335559739&quot;:240}\">\u00a0<\/span><\/p>\n<p><span data-contrast=\"auto\">\ud83d\udd0d <\/span><b><span data-contrast=\"auto\">Kyberturvallisuuden perusteet ja parhaat k\u00e4yt\u00e4nn\u00f6t<\/span><\/b><br \/>\n<span data-contrast=\"auto\"> \u2013 Uusimpien kyberuhkien ja hy\u00f6kk\u00e4ystekniikoiden tunnistaminen<\/span><br \/>\n<span data-contrast=\"auto\"> \u2013 Puolustusstrategiat ja v\u00e4litt\u00f6m\u00e4t reaktiot h\u00e4iri\u00f6tilanteissa<\/span><br \/>\n<span data-contrast=\"auto\"> \u2013 J\u00e4rjestelm\u00e4n tietoturvan perusteet ja p\u00e4\u00e4tepisteiden suojaus<\/span><span data-ccp-props=\"{&quot;134233117&quot;:false,&quot;134233118&quot;:false,&quot;335559738&quot;:240,&quot;335559739&quot;:240}\">\u00a0<\/span><\/p>\n<p><span data-contrast=\"auto\">\ud83d\udee0 <\/span><b><span data-contrast=\"auto\">Asianmukainen ohjelmistojen ja laitteiden k\u00e4ytt\u00f6<\/span><\/b><br \/>\n<span data-contrast=\"auto\"> \u2013 Mit\u00e4 ty\u00f6kaluja ja ohjelmistoja tulisi k\u00e4ytt\u00e4\u00e4 tietoturvan varmistamiseksi?<\/span><br \/>\n<span data-contrast=\"auto\"> \u2013 Salaus- ja p\u00e4\u00e4synhallintaratkaisut<\/span><br \/>\n<span data-contrast=\"auto\"> \u2013 VPN:n, monivaiheisen todennuksen ja muiden suojausmekanismien m\u00e4\u00e4ritt\u00e4minen<\/span><span data-ccp-props=\"{&quot;134233117&quot;:false,&quot;134233118&quot;:false,&quot;335559738&quot;:240,&quot;335559739&quot;:240}\">\u00a0<\/span><\/p>\n<p><span data-contrast=\"auto\">\ud83c\udfe2 <\/span><b><span data-contrast=\"auto\">Turvallisen ty\u00f6ymp\u00e4rist\u00f6n luominen<\/span><\/b><br \/>\n<span data-contrast=\"auto\"> \u2013 Uuden toimiston IT-turvallisuussuunnittelu ja -suunnittelu<\/span><br \/>\n<span data-contrast=\"auto\"> \u2013 Olemassa olevan toimiston remontointi nykyaikaisten kyberturvallisuusvaatimusten mukaisesti<\/span><br \/>\n<span data-contrast=\"auto\"> \u2013 Fyysisen turvallisuuden, p\u00e4\u00e4syn ja verkon k\u00e4ytt\u00f6oikeuksien s\u00e4\u00e4nt\u00f6jen laatiminen<\/span><span data-ccp-props=\"{&quot;134233117&quot;:false,&quot;134233118&quot;:false,&quot;335559738&quot;:240,&quot;335559739&quot;:240}\">\u00a0<\/span><\/p>\n<p><span data-contrast=\"auto\">\ud83e\uddfc <\/span><b><span data-contrast=\"auto\">Kyberhygienian koulutus<\/span><\/b><br \/>\n<span data-contrast=\"auto\"> \u2013 Salasanas\u00e4\u00e4nn\u00f6t ja p\u00e4\u00e4synhallinta<\/span><br \/>\n<span data-contrast=\"auto\"> \u2013 Sosiaalisen manipuloinnin hy\u00f6kk\u00e4ysten tunnistaminen ja est\u00e4minen<\/span><br \/>\n<span data-contrast=\"auto\"> \u2013 Suojautuminen tietojenkalastelulta ja muilta yleisilt\u00e4 kyberrikollisuustekniikoilta<\/span><br \/>\n<span data-contrast=\"auto\"> \u2013 Mobiililaitteiden ja et\u00e4ty\u00f6n turvallisuusperiaatteet<\/span><span data-ccp-props=\"{&quot;134233117&quot;:false,&quot;134233118&quot;:false,&quot;335559738&quot;:240,&quot;335559739&quot;:240}\">\u00a0<\/span><\/p>\n<p><span data-contrast=\"auto\">\ud83d\udcca <\/span><b><span data-contrast=\"auto\">Kyberturvallisuusauditointi ja -kysely<\/span><\/b><br \/>\n<span data-contrast=\"auto\"> \u2013 Yrityksen nykyisen kyberturvallisuustilan arviointi<\/span><br \/>\n<span data-contrast=\"auto\"> \u2013 Heikkojen kohtien tunnistaminen ja parannusehdotukset<\/span><br \/>\n<span data-contrast=\"auto\"> \u2013 Kattavan kyberturvallisuuskatsauksen laatiminen koulutuksen lopussa<\/span><span data-ccp-props=\"{&quot;134233117&quot;:false,&quot;134233118&quot;:false,&quot;335559738&quot;:240,&quot;335559739&quot;:240}\">\u00a0<\/span><\/p>\n<p><span data-ccp-props=\"{}\">\u00a0<\/span><\/p>\n<p aria-level=\"3\"><b><span data-contrast=\"none\">Kyberoperaatioiden asiantuntemus:<\/span><\/b><span data-ccp-props=\"{&quot;134233117&quot;:false,&quot;134233118&quot;:false,&quot;134245418&quot;:true,&quot;134245529&quot;:true,&quot;335559738&quot;:281,&quot;335559739&quot;:281}\">\u00a0<\/span><\/p>\n<p><span data-contrast=\"auto\">Koulutuksen tarjoaa <\/span><b><span data-contrast=\"auto\">Cyber Operations Group Oy.<\/span><\/b><span data-contrast=\"auto\"> on kansallisesti ja kansainv\u00e4lisesti tunnustettu toimija kyberturvallisuuden, s\u00e4\u00e4ntelyn noudattamisen ja teknologiakoulutuksen alalla. Koulutusta ja konsultointia johtavat ja valvovat kaksi erinomaista asiantuntijaa:<\/span><span data-ccp-props=\"{&quot;134233117&quot;:false,&quot;134233118&quot;:false,&quot;335559738&quot;:240,&quot;335559739&quot;:240}\">\u00a0<\/span><\/p>\n<p><span data-contrast=\"auto\">\ud83e\udded <\/span><b><span data-contrast=\"auto\">\u00c1ron Par\u00e9j \u2013 sotilas- ja turvallisuustekniikan insin\u00f6\u00f6ri, toimitusjohtaja<\/span><\/b><br \/>\n<span data-contrast=\"auto\"> Cyber Operations Group Oy:n perustaja ja toimitusjohtaja. H\u00e4nen asiantuntemuksensa on kyberpuolustusj\u00e4rjestelmien suunnittelussa sek\u00e4 yritysten IT- ja fyysisen turvallisuuden koordinoidussa kehitt\u00e4misess\u00e4. H\u00e4n on hankkinut kokemuksensa puolustusteollisuuden projekteista ja korkean tason strategisesta konsultoinnista, erityisesti keskittyen kriittiseen infrastruktuuriin ja yritysten riskienhallintaan.<\/span><span data-ccp-props=\"{&quot;134233117&quot;:false,&quot;134233118&quot;:false,&quot;335559738&quot;:240,&quot;335559739&quot;:240}\">\u00a0<\/span><\/p>\n<p><span data-contrast=\"auto\">\u2696\ufe0f <\/span><b><span data-contrast=\"auto\">Tohtori Antal Csev\u00e1r, oikeustieteen maisteri \u2013 teko\u00e4ly- ja teknologiajuristi<\/span><\/b><br \/>\n<span data-contrast=\"auto\"> Uransa aikana lakimiehen\u00e4 ja oikeudellisena neuvonantajana h\u00e4n ty\u00f6skenteli useissa monikansallisissa rahoitusalan yrityksiss\u00e4, joissa h\u00e4n vastasi tietosuoja-, s\u00e4\u00e4ntely- ja sopimusj\u00e4rjestelmien kehitt\u00e4misest\u00e4. H\u00e4n oli Budapestin p\u00f6rssin hallintokomitean j\u00e4sen 10 vuotta. Vuonna 2023 Budapestin asianajajaliitto my\u00f6nsi h\u00e4nen ty\u00f6st\u00e4\u00e4n Pro Excellentia -palkinnon. H\u00e4n on my\u00f6s Drone-lent\u00e4jien kansallisen yhdistyksen varapuheenjohtaja. H\u00e4nen asiantuntemuksensa on erityisen arvokasta lains\u00e4\u00e4d\u00e4nn\u00f6n noudattamisen, tietosuojan ja teknologias\u00e4\u00e4ntelyn aloilla.<\/span><span data-ccp-props=\"{&quot;134233117&quot;:false,&quot;134233118&quot;:false,&quot;335559738&quot;:240,&quot;335559739&quot;:240}\">\u00a0<\/span><\/p>\n<p><span data-ccp-props=\"{}\">\u00a0<\/span><\/p>\n<p><b><span data-contrast=\"auto\">Kenelle suosittelemme sit\u00e4?<\/span><\/b><span data-ccp-props=\"{&quot;134233117&quot;:false,&quot;134233118&quot;:false,&quot;335559738&quot;:240,&quot;335559739&quot;:240}\">\u00a0<\/span><\/p>\n<p><span data-contrast=\"auto\">\u2714 Kaikille yrityksille, jotka haluavat v\u00e4hent\u00e4\u00e4 kyberhy\u00f6kk\u00e4ysten riski\u00e4<\/span><br \/>\n<span data-contrast=\"auto\"> \u2714 Organisaatioille, jotka haluavat lis\u00e4t\u00e4 ty\u00f6ntekij\u00f6idens\u00e4 kyberturvallisuustietoisuutta<\/span><br \/>\n<span data-contrast=\"auto\"> \u2714 Yritysjohtajille, IT-tietoturva-ammattilaisille ja kaikille ty\u00f6ntekij\u00f6ille, jotka k\u00e4ytt\u00e4v\u00e4t digitaalisia laitteita p\u00e4ivitt\u00e4isess\u00e4 ty\u00f6ss\u00e4\u00e4n<\/span><span data-ccp-props=\"{&quot;134233117&quot;:false,&quot;134233118&quot;:false,&quot;335559738&quot;:240,&quot;335559739&quot;:240}\">\u00a0<\/span><\/p>\n<p><span data-contrast=\"auto\">\ud83d\udce9 <\/span><b><span data-contrast=\"auto\">Ota yhteytt\u00e4 saadaksesi r\u00e4\u00e4t\u00e4l\u00f6idyn tarjouksen ja tarjoa ty\u00f6ntekij\u00f6illesi moderneinta kyberturvallisuus- ja kyberhygieniaosaamista \u2013 alan parhaiden johdolla!<\/span><\/b><span data-ccp-props=\"{&quot;134233117&quot;:false,&quot;134233118&quot;:false,&quot;335559738&quot;:240,&quot;335559739&quot;:240}\">\u00a0<\/span><\/p>\n<p><span data-ccp-props=\"{}\">\u00a0<\/span><\/p>","protected":false},"excerpt":{"rendered":"<p>A Cyber Operations Kiberv\u00e9delmi \u00e9s Kiberhigi\u00e9niai Oktat\u00e1sa egy \u00e1tfog\u00f3, gyakorlatorient\u00e1lt tr\u00e9ning, amely biztos\u00edtja, hogy v\u00e1llalat\u00e1nak munkav\u00e1llal\u00f3i \u00e9s vezet\u0151i naprak\u00e9szek legyenek [&hellip;]<\/p>\n","protected":false},"featured_media":0,"template":"","meta":{"site-sidebar-layout":"default","site-content-layout":"","ast-site-content-layout":"default","site-content-style":"default","site-sidebar-style":"default","ast-global-header-display":"","ast-banner-title-visibility":"","ast-main-header-display":"","ast-hfb-above-header-display":"","ast-hfb-below-header-display":"","ast-hfb-mobile-header-display":"","site-post-title":"","ast-breadcrumbs-content":"","ast-featured-img":"","footer-sml-layout":"","ast-disable-related-posts":"","theme-transparent-header-meta":"default","adv-header-id-meta":"","stick-header-meta":"","header-above-stick-meta":"","header-main-stick-meta":"","header-below-stick-meta":"","astra-migrate-meta-layouts":"set","ast-page-background-enabled":"default","ast-page-background-meta":{"desktop":{"background-color":"var(--ast-global-color-4)","background-image":"","background-repeat":"repeat","background-position":"center center","background-size":"auto","background-attachment":"scroll","background-type":"","background-media":"","overlay-type":"","overlay-color":"","overlay-opacity":"","overlay-gradient":""},"tablet":{"background-color":"","background-image":"","background-repeat":"repeat","background-position":"center center","background-size":"auto","background-attachment":"scroll","background-type":"","background-media":"","overlay-type":"","overlay-color":"","overlay-opacity":"","overlay-gradient":""},"mobile":{"background-color":"","background-image":"","background-repeat":"repeat","background-position":"center center","background-size":"auto","background-attachment":"scroll","background-type":"","background-media":"","overlay-type":"","overlay-color":"","overlay-opacity":"","overlay-gradient":""}},"ast-content-background-meta":{"desktop":{"background-color":"var(--ast-global-color-5)","background-image":"","background-repeat":"repeat","background-position":"center center","background-size":"auto","background-attachment":"scroll","background-type":"","background-media":"","overlay-type":"","overlay-color":"","overlay-opacity":"","overlay-gradient":""},"tablet":{"background-color":"var(--ast-global-color-5)","background-image":"","background-repeat":"repeat","background-position":"center center","background-size":"auto","background-attachment":"scroll","background-type":"","background-media":"","overlay-type":"","overlay-color":"","overlay-opacity":"","overlay-gradient":""},"mobile":{"background-color":"var(--ast-global-color-5)","background-image":"","background-repeat":"repeat","background-position":"center center","background-size":"auto","background-attachment":"scroll","background-type":"","background-media":"","overlay-type":"","overlay-color":"","overlay-opacity":"","overlay-gradient":""}}},"product_brand":[],"product_cat":[25],"product_tag":[],"class_list":{"0":"post-2701","1":"product","2":"type-product","3":"status-publish","5":"product_cat-uncategorized","6":"desktop-align-left","7":"tablet-align-left","8":"mobile-align-left","10":"first","11":"instock","12":"shipping-taxable","13":"product-type-simple"},"yoast_head":"<!-- This site is optimized with the Yoast SEO Premium plugin v27.4 (Yoast SEO v27.4) - https:\/\/yoast.com\/product\/yoast-seo-premium-wordpress\/ -->\n<title>Kiberv\u00e9delmi \u00e9s Kiberhigi\u00e9niai Tr\u00e9ning - Cyber Operations Group Kft.<\/title>\n<meta name=\"robots\" content=\"index, follow, max-snippet:-1, max-image-preview:large, max-video-preview:-1\" \/>\n<link rel=\"canonical\" href=\"https:\/\/cyberoperations.hu\/fi\/product\/cyber-protection-and-cyber-hygiene-training\/\" \/>\n<meta property=\"og:locale\" content=\"fi_FI\" \/>\n<meta property=\"og:type\" content=\"article\" \/>\n<meta property=\"og:title\" content=\"Kiberv\u00e9delmi \u00e9s Kiberhigi\u00e9niai Tr\u00e9ning\" \/>\n<meta property=\"og:description\" content=\"A Cyber Operations Kiberv\u00e9delmi \u00e9s Kiberhigi\u00e9niai Oktat\u00e1sa egy \u00e1tfog\u00f3, gyakorlatorient\u00e1lt tr\u00e9ning, amely biztos\u00edtja, hogy v\u00e1llalat\u00e1nak munkav\u00e1llal\u00f3i \u00e9s vezet\u0151i naprak\u00e9szek legyenek [&hellip;]\" \/>\n<meta property=\"og:url\" content=\"https:\/\/cyberoperations.hu\/fi\/product\/cyber-protection-and-cyber-hygiene-training\/\" \/>\n<meta property=\"og:site_name\" content=\"Cyber Operations Group Kft.\" \/>\n<meta name=\"twitter:card\" content=\"summary_large_image\" \/>\n<meta name=\"twitter:label1\" content=\"Hinta\" \/>\n\t<meta name=\"twitter:data1\" content=\"\" \/>\n\t<meta name=\"twitter:label2\" content=\"Saatavuus\" \/>\n\t<meta name=\"twitter:data2\" content=\"Varastossa\" \/>\n<script type=\"application\/ld+json\" class=\"yoast-schema-graph\">{\"@context\":\"https:\\\/\\\/schema.org\",\"@graph\":[{\"@type\":\"WebPage\",\"@id\":\"https:\\\/\\\/cyberoperations.hu\\\/en\\\/product\\\/cyber-protection-and-cyber-hygiene-training\\\/\",\"url\":\"https:\\\/\\\/cyberoperations.hu\\\/en\\\/product\\\/cyber-protection-and-cyber-hygiene-training\\\/\",\"name\":\"Kiberv\u00e9delmi \u00e9s Kiberhigi\u00e9niai Tr\u00e9ning - Cyber Operations Group Kft.\",\"isPartOf\":{\"@id\":\"https:\\\/\\\/cyberoperations.hu\\\/#website\"},\"datePublished\":\"2025-03-27T08:47:44+00:00\",\"breadcrumb\":{\"@id\":\"https:\\\/\\\/cyberoperations.hu\\\/en\\\/product\\\/cyber-protection-and-cyber-hygiene-training\\\/#breadcrumb\"},\"inLanguage\":\"fi\",\"potentialAction\":[{\"@type\":\"ReadAction\",\"target\":[\"https:\\\/\\\/cyberoperations.hu\\\/en\\\/product\\\/cyber-protection-and-cyber-hygiene-training\\\/\"]}]},{\"@type\":\"BreadcrumbList\",\"@id\":\"https:\\\/\\\/cyberoperations.hu\\\/en\\\/product\\\/cyber-protection-and-cyber-hygiene-training\\\/#breadcrumb\",\"itemListElement\":[{\"@type\":\"ListItem\",\"position\":1,\"name\":\"Kezd\u0151lap\",\"item\":\"https:\\\/\\\/cyberoperations.hu\\\/\"},{\"@type\":\"ListItem\",\"position\":2,\"name\":\"Shop\",\"item\":\"https:\\\/\\\/cyberoperations.hu\\\/shop\\\/\"},{\"@type\":\"ListItem\",\"position\":3,\"name\":\"Kiberv\u00e9delmi \u00e9s Kiberhigi\u00e9niai Tr\u00e9ning\"}]},{\"@type\":\"WebSite\",\"@id\":\"https:\\\/\\\/cyberoperations.hu\\\/#website\",\"url\":\"https:\\\/\\\/cyberoperations.hu\\\/\",\"name\":\"Cyber Operations Group Kft.\",\"description\":\"\",\"publisher\":{\"@id\":\"https:\\\/\\\/cyberoperations.hu\\\/#organization\"},\"potentialAction\":[{\"@type\":\"SearchAction\",\"target\":{\"@type\":\"EntryPoint\",\"urlTemplate\":\"https:\\\/\\\/cyberoperations.hu\\\/?s={search_term_string}\"},\"query-input\":{\"@type\":\"PropertyValueSpecification\",\"valueRequired\":true,\"valueName\":\"search_term_string\"}}],\"inLanguage\":\"fi\"},{\"@type\":\"Organization\",\"@id\":\"https:\\\/\\\/cyberoperations.hu\\\/#organization\",\"name\":\"Cyber Operations Group Kft.\",\"url\":\"https:\\\/\\\/cyberoperations.hu\\\/\",\"logo\":{\"@type\":\"ImageObject\",\"inLanguage\":\"fi\",\"@id\":\"https:\\\/\\\/cyberoperations.hu\\\/#\\\/schema\\\/logo\\\/image\\\/\",\"url\":\"https:\\\/\\\/cyberoperations.hu\\\/wp-content\\\/uploads\\\/2024\\\/12\\\/simalogo-2.png\",\"contentUrl\":\"https:\\\/\\\/cyberoperations.hu\\\/wp-content\\\/uploads\\\/2024\\\/12\\\/simalogo-2.png\",\"width\":1500,\"height\":400,\"caption\":\"Cyber Operations Group Kft.\"},\"image\":{\"@id\":\"https:\\\/\\\/cyberoperations.hu\\\/#\\\/schema\\\/logo\\\/image\\\/\"}}]}<\/script>\n<meta property=\"product:price:currency\" content=\"EUR\" \/>\n<meta property=\"og:availability\" content=\"instock\" \/>\n<meta property=\"product:availability\" content=\"instock\" \/>\n<meta property=\"product:condition\" content=\"new\" \/>\n<!-- \/ Yoast SEO Premium plugin. -->","yoast_head_json":{"title":"Kyberturvallisuus- ja kyberhygieniakoulutus - Cyber Operations Group Oy.","robots":{"index":"index","follow":"follow","max-snippet":"max-snippet:-1","max-image-preview":"max-image-preview:large","max-video-preview":"max-video-preview:-1"},"canonical":"https:\/\/cyberoperations.hu\/fi\/product\/cyber-protection-and-cyber-hygiene-training\/","og_locale":"fi_FI","og_type":"article","og_title":"Kiberv\u00e9delmi \u00e9s Kiberhigi\u00e9niai Tr\u00e9ning","og_description":"A Cyber Operations Kiberv\u00e9delmi \u00e9s Kiberhigi\u00e9niai Oktat\u00e1sa egy \u00e1tfog\u00f3, gyakorlatorient\u00e1lt tr\u00e9ning, amely biztos\u00edtja, hogy v\u00e1llalat\u00e1nak munkav\u00e1llal\u00f3i \u00e9s vezet\u0151i naprak\u00e9szek legyenek [&hellip;]","og_url":"https:\/\/cyberoperations.hu\/fi\/product\/cyber-protection-and-cyber-hygiene-training\/","og_site_name":"Cyber Operations Group Kft.","twitter_card":"summary_large_image","twitter_misc":{"Hinta":"","Saatavuus":"Varastossa"},"schema":{"@context":"https:\/\/schema.org","@graph":[{"@type":"WebPage","@id":"https:\/\/cyberoperations.hu\/en\/product\/cyber-protection-and-cyber-hygiene-training\/","url":"https:\/\/cyberoperations.hu\/en\/product\/cyber-protection-and-cyber-hygiene-training\/","name":"Kyberturvallisuus- ja kyberhygieniakoulutus - Cyber Operations Group Oy.","isPartOf":{"@id":"https:\/\/cyberoperations.hu\/#website"},"datePublished":"2025-03-27T08:47:44+00:00","breadcrumb":{"@id":"https:\/\/cyberoperations.hu\/en\/product\/cyber-protection-and-cyber-hygiene-training\/#breadcrumb"},"inLanguage":"fi","potentialAction":[{"@type":"ReadAction","target":["https:\/\/cyberoperations.hu\/en\/product\/cyber-protection-and-cyber-hygiene-training\/"]}]},{"@type":"BreadcrumbList","@id":"https:\/\/cyberoperations.hu\/en\/product\/cyber-protection-and-cyber-hygiene-training\/#breadcrumb","itemListElement":[{"@type":"ListItem","position":1,"name":"Kezd\u0151lap","item":"https:\/\/cyberoperations.hu\/"},{"@type":"ListItem","position":2,"name":"Shop","item":"https:\/\/cyberoperations.hu\/shop\/"},{"@type":"ListItem","position":3,"name":"Kiberv\u00e9delmi \u00e9s Kiberhigi\u00e9niai Tr\u00e9ning"}]},{"@type":"WebSite","@id":"https:\/\/cyberoperations.hu\/#website","url":"https:\/\/cyberoperations.hu\/","name":"Cyber Operations Group Oy.","description":"","publisher":{"@id":"https:\/\/cyberoperations.hu\/#organization"},"potentialAction":[{"@type":"SearchAction","target":{"@type":"EntryPoint","urlTemplate":"https:\/\/cyberoperations.hu\/?s={search_term_string}"},"query-input":{"@type":"PropertyValueSpecification","valueRequired":true,"valueName":"search_term_string"}}],"inLanguage":"fi"},{"@type":"Organization","@id":"https:\/\/cyberoperations.hu\/#organization","name":"Cyber Operations Group Oy.","url":"https:\/\/cyberoperations.hu\/","logo":{"@type":"ImageObject","inLanguage":"fi","@id":"https:\/\/cyberoperations.hu\/#\/schema\/logo\/image\/","url":"https:\/\/cyberoperations.hu\/wp-content\/uploads\/2024\/12\/simalogo-2.png","contentUrl":"https:\/\/cyberoperations.hu\/wp-content\/uploads\/2024\/12\/simalogo-2.png","width":1500,"height":400,"caption":"Cyber Operations Group Kft."},"image":{"@id":"https:\/\/cyberoperations.hu\/#\/schema\/logo\/image\/"}}]},"product_price_currency":"EUR","og_availability":"instock","product_availability":"instock","product_condition":"new"},"_links":{"self":[{"href":"https:\/\/cyberoperations.hu\/fi\/wp-json\/wp\/v2\/product\/2701","targetHints":{"allow":["GET"]}}],"collection":[{"href":"https:\/\/cyberoperations.hu\/fi\/wp-json\/wp\/v2\/product"}],"about":[{"href":"https:\/\/cyberoperations.hu\/fi\/wp-json\/wp\/v2\/types\/product"}],"version-history":[{"count":0,"href":"https:\/\/cyberoperations.hu\/fi\/wp-json\/wp\/v2\/product\/2701\/revisions"}],"wp:attachment":[{"href":"https:\/\/cyberoperations.hu\/fi\/wp-json\/wp\/v2\/media?parent=2701"}],"wp:term":[{"taxonomy":"product_brand","embeddable":true,"href":"https:\/\/cyberoperations.hu\/fi\/wp-json\/wp\/v2\/product_brand?post=2701"},{"taxonomy":"product_cat","embeddable":true,"href":"https:\/\/cyberoperations.hu\/fi\/wp-json\/wp\/v2\/product_cat?post=2701"},{"taxonomy":"product_tag","embeddable":true,"href":"https:\/\/cyberoperations.hu\/fi\/wp-json\/wp\/v2\/product_tag?post=2701"}],"curies":[{"name":"wp","href":"https:\/\/api.w.org\/{rel}","templated":true}]}}