{"id":2830,"date":"2025-04-11T14:22:54","date_gmt":"2025-04-11T12:22:54","guid":{"rendered":"https:\/\/cyberoperations.hu\/?post_type=product&#038;p=2830"},"modified":"2025-11-10T18:19:00","modified_gmt":"2025-11-10T17:19:00","slug":"nis2-felkeszites","status":"publish","type":"product","link":"https:\/\/cyberoperations.hu\/fi\/tuote\/nis2-felkeszites\/","title":{"rendered":"NIS2-valmistelu"},"content":{"rendered":"<div data-elementor-type=\"product-post\" data-elementor-id=\"2830\" class=\"elementor elementor-2830\" data-elementor-post-type=\"product\">\n\t\t\t\t<div class=\"elementor-element elementor-element-20d05be7 e-flex e-con-boxed e-con e-parent\" data-id=\"20d05be7\" data-element_type=\"container\" data-e-type=\"container\">\n\t\t\t\t\t<div class=\"e-con-inner\">\n\t\t\t\t<div class=\"elementor-element elementor-element-6f202c8a elementor-widget elementor-widget-text-editor\" data-id=\"6f202c8a\" data-element_type=\"widget\" data-e-type=\"widget\" data-widget_type=\"text-editor.default\">\n\t\t\t\t<div class=\"elementor-widget-container\">\n\t\t\t\t\t\t\t\t\t<p>NIS2-direktiivi on sitova Euroopan unionin j\u00e4senvaltioissa 18. lokakuuta 2024 alkaen ja asettaa merkitt\u00e4vi\u00e4 odotuksia keskisuurille ja suurille yrityksille tietoturvan, tietoturvaloukkausten hallinnan, riskienhallinnan ja s\u00e4\u00e4ntelyyn liittyv\u00e4n raportoinnin aloilla.\u00a0<\/p><p class=\"\" data-start=\"513\" data-end=\"844\">A <strong data-start=\"515\" data-end=\"535\">Kyberoperaatiot<\/strong> Asiantuntijatiimimme auttaa yrityst\u00e4si paitsi noudattamaan NIS2-m\u00e4\u00e4r\u00e4yksi\u00e4, my\u00f6s luomaan turvallisen, s\u00e4\u00e4nnellyn ja l\u00e4pin\u00e4kyv\u00e4n toiminnan. Asianmukaisen valmistautumisen ja m\u00e4\u00e4r\u00e4ysten noudattamisen varmistaminen on avainasemassa sakkojen v\u00e4ltt\u00e4miseksi ja kyberriskien minimoimiseksi.<\/p><p><strong>Palvelumme sis\u00e4lt\u00e4\u00e4:<\/strong><\/p><ul><li class=\"\" data-start=\"774\" data-end=\"976\"><p class=\"\" data-start=\"776\" data-end=\"976\"><strong data-start=\"776\" data-end=\"815\">Lakien noudattamisen varmistaminen:<\/strong> Autamme sinua ymm\u00e4rt\u00e4m\u00e4\u00e4n ja soveltamaan tarkasti kaikkia NIS2-direktiivin vaatimuksia, mukaan lukien tietosuoja, riskienhallinta ja turvatoimenpiteet.<\/p><\/li><li class=\"\" data-start=\"980\" data-end=\"1169\"><p class=\"\" data-start=\"982\" data-end=\"1169\"><strong data-start=\"982\" data-end=\"1007\">Valmistelevat auditoinnit:<\/strong> Arvioimme yrityksen nykyisen kyberturvallisuuden tilan ja tunnistamme alueet, joilla tarvitaan parannuksia vaatimustenmukaisuuden varmistamiseksi.<\/p><\/li><li data-start=\"980\" data-end=\"1169\"><strong data-start=\"41\" data-end=\"78\">Dokumentaatio ja raportointi:<\/strong> Laadimme kaikki tarvittavat asiakirjat NIS2-direktiivin mukaisesti, mukaan lukien riskienhallintasuunnitelman, h\u00e4iri\u00f6nhallintapolitiikan ja viranomaisraportointiin tarvittavat materiaalit. Varmistamme my\u00f6s, ett\u00e4 n\u00e4m\u00e4 ovat saatavilla ajantasaisessa ja auditoitavassa muodossa.<\/li><li data-start=\"980\" data-end=\"1169\"><strong data-start=\"1625\" data-end=\"1664\">Jatkuvaa neuvontaa ja tukea:<\/strong> Asiantuntijamme tukevat jatkuvasti yrityst\u00e4si vaatimustenmukaisuusprosessissa ja auttavat sinua pysym\u00e4\u00e4n ajan tasalla uusimmista muutoksista ja m\u00e4\u00e4r\u00e4yksist\u00e4.<\/li><\/ul><p class=\"\" data-start=\"127\" data-end=\"165\"><strong data-start=\"127\" data-end=\"165\">Kyberoperaatioiden NIS2-asiantuntemus<\/strong><\/p><p class=\"\" data-start=\"167\" data-end=\"515\">NIS2-koulutuksen tarjoaa Cyber Operations Group Ltd., kansallisesti ja kansainv\u00e4lisesti tunnustettu toimija kyberturvallisuuden, s\u00e4\u00e4ntelyn noudattamisen ja teknologiakoulutuksen alalla. Yrityksell\u00e4mme on laaja kokemus EU:n kyberturvallisuusm\u00e4\u00e4r\u00e4ysten, mukaan lukien NIS2-direktiivin, k\u00e4yt\u00e4nn\u00f6n soveltamisesta ja t\u00e4yt\u00e4nt\u00f6\u00f6npanosta.<\/p><p class=\"\" data-start=\"517\" data-end=\"602\">Koulutusohjelmaa ja neuvontaa hallinnoivat ja valvovat kaksi erinomaista asiantuntijaa:<\/p><p class=\"\" data-start=\"604\" data-end=\"1007\">\ud83e\udded <strong data-start=\"607\" data-end=\"668\">\u00c1ron Par\u00e9j \u2013 sotilas- ja turvallisuustekniikan insin\u00f6\u00f6ri, toimitusjohtaja<\/strong><br data-start=\"668\" data-end=\"671\" \/>Cyber Operations Group Oy:n perustaja ja toimitusjohtaja. H\u00e4nell\u00e4 on vuosien kokemus kriittisen infrastruktuurin suojaamisesta ja yritysten riskienhallinnasta. H\u00e4nen asiantuntemuksensa aluetta on kyberpuolustusj\u00e4rjestelmien suunnittelu, erityisesti ottaen huomioon NIS2-direktiivin keskisuurille ja suurille yrityksille asettamat odotukset.<\/p><p class=\"\" data-start=\"1009\" data-end=\"1443\">\u2696\ufe0f <strong data-start=\"1012\" data-end=\"1093\">Tohtori Antal Csev\u00e1r, oikeustieteen maisteri \u2013 teko\u00e4ly- ja teknologiajuristi<\/strong><br data-start=\"1093\" data-end=\"1096\" \/>Kansainv\u00e4lisesti kokenut lakimies, jolla on asiantuntemusta s\u00e4\u00e4ntelyn noudattamisesta, tietosuojasta ja teknologiaoikeudesta. H\u00e4nell\u00e4 on laaja kokemus yritysten avustamisesta NIS2-lains\u00e4\u00e4d\u00e4nn\u00f6n tulkinnassa ja t\u00e4yt\u00e4nt\u00f6\u00f6npanossa. H\u00e4nen oikeudellinen asiantuntemuksensa on avainasemassa vaatimustenmukaisuusdokumentaation ja auditoitavien prosessien kehitt\u00e4misess\u00e4.<\/p><p class=\"\" data-start=\"1445\" data-end=\"1668\">Ammattimainen tausta ja k\u00e4yt\u00e4nn\u00f6n kokemus takaavat, ett\u00e4 CyberOperationsin tarjoama NIS2-koulutus tarjoaa paitsi teoreettista tietoa, my\u00f6s todellisia, yrityksellesi sovellettavia ratkaisuja.<\/p><p><strong>Miksi valita CyberOperationsin NIS2-koulutuspalvelu?<\/strong><\/p><p>\u2714 Asiantuntija-apua koko NIS2-vaatimustenmukaisuusprosessin ajan<br data-start=\"1933\" data-end=\"1936\" \/>\u2714 R\u00e4\u00e4t\u00e4l\u00f6ityj\u00e4 ratkaisuja yrityksesi tarpeisiin<br data-start=\"1992\" data-end=\"1995\" \/>\u2714 Avustaminen t\u00e4rkeimpien lakien ja standardien (esim. GDPR, ISO 27001) soveltamisessa<\/p><p class=\"\" data-start=\"2160\" data-end=\"2298\">\u00c4l\u00e4 missaa tulevia NIS2-m\u00e4\u00e4r\u00e4aikoja! Varmista, ett\u00e4 yrityksesi on vaatimusten mukainen ja ett\u00e4 sill\u00e4 on riitt\u00e4v\u00e4 kyberturvallisuus.<\/p>\t\t\t\t\t\t\t\t<\/div>\n\t\t\t\t<\/div>\n\t\t\t\t\t<\/div>\n\t\t\t\t<\/div>\n\t\t\t\t<\/div>","protected":false},"excerpt":{"rendered":"<p>A NIS2 ir\u00e1nyelv 2024. okt\u00f3ber 18-t\u00f3l k\u00f6telez\u0151 \u00e9rv\u00e9ny\u0171 az Eur\u00f3pai Uni\u00f3 tag\u00e1llamaiban, \u00e9s jelent\u0151s elv\u00e1r\u00e1sokat t\u00e1maszt a k\u00f6zepes \u00e9s nagyv\u00e1llalatokkal [&hellip;]<\/p>\n","protected":false},"featured_media":0,"template":"","meta":{"site-sidebar-layout":"default","site-content-layout":"","ast-site-content-layout":"default","site-content-style":"default","site-sidebar-style":"default","ast-global-header-display":"","ast-banner-title-visibility":"","ast-main-header-display":"","ast-hfb-above-header-display":"","ast-hfb-below-header-display":"","ast-hfb-mobile-header-display":"","site-post-title":"","ast-breadcrumbs-content":"","ast-featured-img":"","footer-sml-layout":"","ast-disable-related-posts":"","theme-transparent-header-meta":"default","adv-header-id-meta":"","stick-header-meta":"","header-above-stick-meta":"","header-main-stick-meta":"","header-below-stick-meta":"","astra-migrate-meta-layouts":"set","ast-page-background-enabled":"default","ast-page-background-meta":{"desktop":{"background-color":"var(--ast-global-color-4)","background-image":"","background-repeat":"repeat","background-position":"center center","background-size":"auto","background-attachment":"scroll","background-type":"","background-media":"","overlay-type":"","overlay-color":"","overlay-opacity":"","overlay-gradient":""},"tablet":{"background-color":"","background-image":"","background-repeat":"repeat","background-position":"center center","background-size":"auto","background-attachment":"scroll","background-type":"","background-media":"","overlay-type":"","overlay-color":"","overlay-opacity":"","overlay-gradient":""},"mobile":{"background-color":"","background-image":"","background-repeat":"repeat","background-position":"center center","background-size":"auto","background-attachment":"scroll","background-type":"","background-media":"","overlay-type":"","overlay-color":"","overlay-opacity":"","overlay-gradient":""}},"ast-content-background-meta":{"desktop":{"background-color":"var(--ast-global-color-5)","background-image":"","background-repeat":"repeat","background-position":"center center","background-size":"auto","background-attachment":"scroll","background-type":"","background-media":"","overlay-type":"","overlay-color":"","overlay-opacity":"","overlay-gradient":""},"tablet":{"background-color":"var(--ast-global-color-5)","background-image":"","background-repeat":"repeat","background-position":"center center","background-size":"auto","background-attachment":"scroll","background-type":"","background-media":"","overlay-type":"","overlay-color":"","overlay-opacity":"","overlay-gradient":""},"mobile":{"background-color":"var(--ast-global-color-5)","background-image":"","background-repeat":"repeat","background-position":"center center","background-size":"auto","background-attachment":"scroll","background-type":"","background-media":"","overlay-type":"","overlay-color":"","overlay-opacity":"","overlay-gradient":""}}},"product_brand":[],"product_cat":[25],"product_tag":[],"class_list":{"0":"post-2830","1":"product","2":"type-product","3":"status-publish","5":"product_cat-uncategorized","6":"desktop-align-left","7":"tablet-align-left","8":"mobile-align-left","10":"first","11":"instock","12":"shipping-taxable","13":"product-type-simple"},"yoast_head":"<!-- This site is optimized with the Yoast SEO Premium plugin v27.4 (Yoast SEO v27.4) - https:\/\/yoast.com\/product\/yoast-seo-premium-wordpress\/ -->\n<title>NIS2 felk\u00e9sz\u00edt\u00e9s - Cyber Operations Group Kft.<\/title>\n<meta name=\"robots\" content=\"index, follow, max-snippet:-1, max-image-preview:large, max-video-preview:-1\" \/>\n<link rel=\"canonical\" href=\"https:\/\/cyberoperations.hu\/fi\/tuote\/nis2-felkeszites\/\" \/>\n<meta property=\"og:locale\" content=\"fi_FI\" \/>\n<meta property=\"og:type\" content=\"article\" \/>\n<meta property=\"og:title\" content=\"NIS2 felk\u00e9sz\u00edt\u00e9s\" \/>\n<meta property=\"og:description\" content=\"A NIS2 ir\u00e1nyelv 2024. okt\u00f3ber 18-t\u00f3l k\u00f6telez\u0151 \u00e9rv\u00e9ny\u0171 az Eur\u00f3pai Uni\u00f3 tag\u00e1llamaiban, \u00e9s jelent\u0151s elv\u00e1r\u00e1sokat t\u00e1maszt a k\u00f6zepes \u00e9s nagyv\u00e1llalatokkal [&hellip;]\" \/>\n<meta property=\"og:url\" content=\"https:\/\/cyberoperations.hu\/fi\/tuote\/nis2-felkeszites\/\" \/>\n<meta property=\"og:site_name\" content=\"Cyber Operations Group Kft.\" \/>\n<meta property=\"article:modified_time\" content=\"2025-11-10T17:19:00+00:00\" \/>\n<meta name=\"twitter:card\" content=\"summary_large_image\" \/>\n<meta name=\"twitter:label1\" content=\"Hinta\" \/>\n\t<meta name=\"twitter:data1\" content=\"\" \/>\n\t<meta name=\"twitter:label2\" content=\"Saatavuus\" \/>\n\t<meta name=\"twitter:data2\" content=\"Varastossa\" \/>\n<script type=\"application\/ld+json\" class=\"yoast-schema-graph\">{\"@context\":\"https:\\\/\\\/schema.org\",\"@graph\":[{\"@type\":\"WebPage\",\"@id\":\"https:\\\/\\\/cyberoperations.hu\\\/termek\\\/nis2-felkeszites\\\/\",\"url\":\"https:\\\/\\\/cyberoperations.hu\\\/termek\\\/nis2-felkeszites\\\/\",\"name\":\"NIS2 felk\u00e9sz\u00edt\u00e9s - Cyber Operations Group Kft.\",\"isPartOf\":{\"@id\":\"https:\\\/\\\/cyberoperations.hu\\\/#website\"},\"datePublished\":\"2025-04-11T12:22:54+00:00\",\"dateModified\":\"2025-11-10T17:19:00+00:00\",\"breadcrumb\":{\"@id\":\"https:\\\/\\\/cyberoperations.hu\\\/termek\\\/nis2-felkeszites\\\/#breadcrumb\"},\"inLanguage\":\"fi\",\"potentialAction\":[{\"@type\":\"ReadAction\",\"target\":[\"https:\\\/\\\/cyberoperations.hu\\\/termek\\\/nis2-felkeszites\\\/\"]}]},{\"@type\":\"BreadcrumbList\",\"@id\":\"https:\\\/\\\/cyberoperations.hu\\\/termek\\\/nis2-felkeszites\\\/#breadcrumb\",\"itemListElement\":[{\"@type\":\"ListItem\",\"position\":1,\"name\":\"Kezd\u0151lap\",\"item\":\"https:\\\/\\\/cyberoperations.hu\\\/\"},{\"@type\":\"ListItem\",\"position\":2,\"name\":\"Shop\",\"item\":\"https:\\\/\\\/cyberoperations.hu\\\/shop\\\/\"},{\"@type\":\"ListItem\",\"position\":3,\"name\":\"NIS2 felk\u00e9sz\u00edt\u00e9s\"}]},{\"@type\":\"WebSite\",\"@id\":\"https:\\\/\\\/cyberoperations.hu\\\/#website\",\"url\":\"https:\\\/\\\/cyberoperations.hu\\\/\",\"name\":\"Cyber Operations Group Kft.\",\"description\":\"\",\"publisher\":{\"@id\":\"https:\\\/\\\/cyberoperations.hu\\\/#organization\"},\"potentialAction\":[{\"@type\":\"SearchAction\",\"target\":{\"@type\":\"EntryPoint\",\"urlTemplate\":\"https:\\\/\\\/cyberoperations.hu\\\/?s={search_term_string}\"},\"query-input\":{\"@type\":\"PropertyValueSpecification\",\"valueRequired\":true,\"valueName\":\"search_term_string\"}}],\"inLanguage\":\"fi\"},{\"@type\":\"Organization\",\"@id\":\"https:\\\/\\\/cyberoperations.hu\\\/#organization\",\"name\":\"Cyber Operations Group Kft.\",\"url\":\"https:\\\/\\\/cyberoperations.hu\\\/\",\"logo\":{\"@type\":\"ImageObject\",\"inLanguage\":\"fi\",\"@id\":\"https:\\\/\\\/cyberoperations.hu\\\/#\\\/schema\\\/logo\\\/image\\\/\",\"url\":\"https:\\\/\\\/cyberoperations.hu\\\/wp-content\\\/uploads\\\/2024\\\/12\\\/simalogo-2.png\",\"contentUrl\":\"https:\\\/\\\/cyberoperations.hu\\\/wp-content\\\/uploads\\\/2024\\\/12\\\/simalogo-2.png\",\"width\":1500,\"height\":400,\"caption\":\"Cyber Operations Group Kft.\"},\"image\":{\"@id\":\"https:\\\/\\\/cyberoperations.hu\\\/#\\\/schema\\\/logo\\\/image\\\/\"}}]}<\/script>\n<meta property=\"product:price:currency\" content=\"EUR\" \/>\n<meta property=\"og:availability\" content=\"instock\" \/>\n<meta property=\"product:availability\" content=\"instock\" \/>\n<meta property=\"product:condition\" content=\"new\" \/>\n<!-- \/ Yoast SEO Premium plugin. -->","yoast_head_json":{"title":"NIS2-valmistelu - Cyber Operations Group Oy.","robots":{"index":"index","follow":"follow","max-snippet":"max-snippet:-1","max-image-preview":"max-image-preview:large","max-video-preview":"max-video-preview:-1"},"canonical":"https:\/\/cyberoperations.hu\/fi\/tuote\/nis2-felkeszites\/","og_locale":"fi_FI","og_type":"article","og_title":"NIS2 felk\u00e9sz\u00edt\u00e9s","og_description":"A NIS2 ir\u00e1nyelv 2024. okt\u00f3ber 18-t\u00f3l k\u00f6telez\u0151 \u00e9rv\u00e9ny\u0171 az Eur\u00f3pai Uni\u00f3 tag\u00e1llamaiban, \u00e9s jelent\u0151s elv\u00e1r\u00e1sokat t\u00e1maszt a k\u00f6zepes \u00e9s nagyv\u00e1llalatokkal [&hellip;]","og_url":"https:\/\/cyberoperations.hu\/fi\/tuote\/nis2-felkeszites\/","og_site_name":"Cyber Operations Group Kft.","article_modified_time":"2025-11-10T17:19:00+00:00","twitter_card":"summary_large_image","twitter_misc":{"Hinta":"","Saatavuus":"Varastossa"},"schema":{"@context":"https:\/\/schema.org","@graph":[{"@type":"WebPage","@id":"https:\/\/cyberoperations.hu\/termek\/nis2-felkeszites\/","url":"https:\/\/cyberoperations.hu\/termek\/nis2-felkeszites\/","name":"NIS2-valmistelu - Cyber Operations Group Oy.","isPartOf":{"@id":"https:\/\/cyberoperations.hu\/#website"},"datePublished":"2025-04-11T12:22:54+00:00","dateModified":"2025-11-10T17:19:00+00:00","breadcrumb":{"@id":"https:\/\/cyberoperations.hu\/termek\/nis2-felkeszites\/#breadcrumb"},"inLanguage":"fi","potentialAction":[{"@type":"ReadAction","target":["https:\/\/cyberoperations.hu\/termek\/nis2-felkeszites\/"]}]},{"@type":"BreadcrumbList","@id":"https:\/\/cyberoperations.hu\/termek\/nis2-felkeszites\/#breadcrumb","itemListElement":[{"@type":"ListItem","position":1,"name":"Kezd\u0151lap","item":"https:\/\/cyberoperations.hu\/"},{"@type":"ListItem","position":2,"name":"Shop","item":"https:\/\/cyberoperations.hu\/shop\/"},{"@type":"ListItem","position":3,"name":"NIS2 felk\u00e9sz\u00edt\u00e9s"}]},{"@type":"WebSite","@id":"https:\/\/cyberoperations.hu\/#website","url":"https:\/\/cyberoperations.hu\/","name":"Cyber Operations Group Oy.","description":"","publisher":{"@id":"https:\/\/cyberoperations.hu\/#organization"},"potentialAction":[{"@type":"SearchAction","target":{"@type":"EntryPoint","urlTemplate":"https:\/\/cyberoperations.hu\/?s={search_term_string}"},"query-input":{"@type":"PropertyValueSpecification","valueRequired":true,"valueName":"search_term_string"}}],"inLanguage":"fi"},{"@type":"Organization","@id":"https:\/\/cyberoperations.hu\/#organization","name":"Cyber Operations Group Oy.","url":"https:\/\/cyberoperations.hu\/","logo":{"@type":"ImageObject","inLanguage":"fi","@id":"https:\/\/cyberoperations.hu\/#\/schema\/logo\/image\/","url":"https:\/\/cyberoperations.hu\/wp-content\/uploads\/2024\/12\/simalogo-2.png","contentUrl":"https:\/\/cyberoperations.hu\/wp-content\/uploads\/2024\/12\/simalogo-2.png","width":1500,"height":400,"caption":"Cyber Operations Group Kft."},"image":{"@id":"https:\/\/cyberoperations.hu\/#\/schema\/logo\/image\/"}}]},"product_price_currency":"EUR","og_availability":"instock","product_availability":"instock","product_condition":"new"},"_links":{"self":[{"href":"https:\/\/cyberoperations.hu\/fi\/wp-json\/wp\/v2\/product\/2830","targetHints":{"allow":["GET"]}}],"collection":[{"href":"https:\/\/cyberoperations.hu\/fi\/wp-json\/wp\/v2\/product"}],"about":[{"href":"https:\/\/cyberoperations.hu\/fi\/wp-json\/wp\/v2\/types\/product"}],"version-history":[{"count":0,"href":"https:\/\/cyberoperations.hu\/fi\/wp-json\/wp\/v2\/product\/2830\/revisions"}],"wp:attachment":[{"href":"https:\/\/cyberoperations.hu\/fi\/wp-json\/wp\/v2\/media?parent=2830"}],"wp:term":[{"taxonomy":"product_brand","embeddable":true,"href":"https:\/\/cyberoperations.hu\/fi\/wp-json\/wp\/v2\/product_brand?post=2830"},{"taxonomy":"product_cat","embeddable":true,"href":"https:\/\/cyberoperations.hu\/fi\/wp-json\/wp\/v2\/product_cat?post=2830"},{"taxonomy":"product_tag","embeddable":true,"href":"https:\/\/cyberoperations.hu\/fi\/wp-json\/wp\/v2\/product_tag?post=2830"}],"curies":[{"name":"wp","href":"https:\/\/api.w.org\/{rel}","templated":true}]}}