{"id":1982,"date":"2024-12-07T10:19:05","date_gmt":"2024-12-07T09:19:05","guid":{"rendered":"https:\/\/cyberoperations.hu\/?page_id=1982"},"modified":"2025-01-13T11:53:27","modified_gmt":"2025-01-13T10:53:27","slug":"cookie-nyilatkozat","status":"publish","type":"page","link":"https:\/\/cyberoperations.hu\/it\/cookie-nyilatkozat\/","title":{"rendered":"Informativa sui cookie"},"content":{"rendered":"<div data-elementor-type=\"wp-page\" data-elementor-id=\"1982\" class=\"elementor elementor-1982\" data-elementor-post-type=\"page\">\n\t\t\t\t\t\t<section class=\"elementor-section elementor-top-section elementor-element elementor-element-574349c elementor-section-height-min-height elementor-section-items-stretch elementor-section-boxed elementor-section-height-default\" data-id=\"574349c\" data-element_type=\"section\" data-e-type=\"section\" data-settings=\"{&quot;background_background&quot;:&quot;gradient&quot;}\">\n\t\t\t\t\t\t\t<div class=\"elementor-background-overlay\"><\/div>\n\t\t\t\t\t\t\t<div class=\"elementor-container elementor-column-gap-wider\">\n\t\t\t\t\t<div class=\"elementor-column elementor-col-100 elementor-top-column elementor-element elementor-element-e623202\" data-id=\"e623202\" data-element_type=\"column\" data-e-type=\"column\">\n\t\t\t<div class=\"elementor-widget-wrap elementor-element-populated\">\n\t\t\t\t\t\t<div class=\"elementor-element elementor-element-6612e3a elementor-widget__width-initial elementor-absolute elementor-widget elementor-widget-spacer\" data-id=\"6612e3a\" data-element_type=\"widget\" data-e-type=\"widget\" data-settings=\"{&quot;_position&quot;:&quot;absolute&quot;}\" data-widget_type=\"spacer.default\">\n\t\t\t\t<div class=\"elementor-widget-container\">\n\t\t\t\t\t\t\t<div class=\"elementor-spacer\">\n\t\t\t<div class=\"elementor-spacer-inner\"><\/div>\n\t\t<\/div>\n\t\t\t\t\t\t<\/div>\n\t\t\t\t<\/div>\n\t\t\t\t<div class=\"elementor-element elementor-element-ff9b7c2 elementor-widget__width-initial elementor-widget-tablet__width-inherit elementor-widget elementor-widget-heading\" data-id=\"ff9b7c2\" data-element_type=\"widget\" data-e-type=\"widget\" data-widget_type=\"heading.default\">\n\t\t\t\t<div class=\"elementor-widget-container\">\n\t\t\t\t\t<h1 class=\"elementor-heading-title elementor-size-default\">Cosa dovresti sapere sui cookie?<\/h1>\t\t\t\t<\/div>\n\t\t\t\t<\/div>\n\t\t\t\t<div class=\"elementor-element elementor-element-0a66c2f elementor-widget__width-initial elementor-absolute elementor-widget elementor-widget-spacer\" data-id=\"0a66c2f\" data-element_type=\"widget\" data-e-type=\"widget\" data-settings=\"{&quot;_position&quot;:&quot;absolute&quot;}\" data-widget_type=\"spacer.default\">\n\t\t\t\t<div class=\"elementor-widget-container\">\n\t\t\t\t\t\t\t<div class=\"elementor-spacer\">\n\t\t\t<div class=\"elementor-spacer-inner\"><\/div>\n\t\t<\/div>\n\t\t\t\t\t\t<\/div>\n\t\t\t\t<\/div>\n\t\t\t\t\t<\/div>\n\t\t<\/div>\n\t\t\t\t\t<\/div>\n\t\t<\/section>\n\t\t\t\t<section class=\"elementor-section elementor-top-section elementor-element elementor-element-2745e09f elementor-section-boxed elementor-section-height-default elementor-section-height-default\" data-id=\"2745e09f\" data-element_type=\"section\" data-e-type=\"section\">\n\t\t\t\t\t\t<div class=\"elementor-container elementor-column-gap-default\">\n\t\t\t\t\t<div class=\"elementor-column elementor-col-100 elementor-top-column elementor-element elementor-element-2780a59a\" data-id=\"2780a59a\" data-element_type=\"column\" data-e-type=\"column\">\n\t\t\t<div class=\"elementor-widget-wrap elementor-element-populated\">\n\t\t\t\t\t\t<div class=\"elementor-element elementor-element-249fa1a elementor-widget elementor-widget-text-editor\" data-id=\"249fa1a\" data-element_type=\"widget\" data-e-type=\"widget\" data-widget_type=\"text-editor.default\">\n\t\t\t\t<div class=\"elementor-widget-container\">\n\t\t\t\t\t\t\t\t\t<h1 style=\"text-align: center;\">IN VIGORE DAL 1\u00b0 GENNAIO 2025.<\/h1><h1>1. COSA SONO I COOKIE E COME \u00c8 POSSIBILE MODIFICARE LE IMPOSTAZIONI?<\/h1><p>I cookie sono piccoli file di testo che un sito web pu\u00f2 utilizzare per rendere pi\u00f9 efficiente l&#039;esperienza dell&#039;utente.<\/p><p>Alcuni &quot;cookie&quot; sono temporanei e scompaiono alla chiusura del browser, mentre esistono anche versioni persistenti che rimangono sul computer per un periodo di tempo pi\u00f9 lungo. Ai sensi di legge, potremmo memorizzare cookie sul dispositivo del visitatore se ci\u00f2 \u00e8 assolutamente necessario per il funzionamento del nostro sito web.<\/p><p>Richiediamo il consenso del visitatore per utilizzare tutti gli altri tipi di cookie. Questo sito web utilizza diversi cookie. Alcuni dei cookie visualizzati sul sito web sono installati dai nostri fornitori di servizi terzi.<\/p><p>I browser consentono di modificare le impostazioni dei cookie. La maggior parte dei browser accetta automaticamente i cookie per impostazione predefinita, ma \u00e8 possibile modificare questa impostazione per impedire l&#039;accettazione automatica una volta impostata.<\/p><p>Per saperne di pi\u00f9 su come modificare le impostazioni del browser, consulta le istruzioni o la guida del tuo browser. Puoi trovare informazioni sulle impostazioni dei cookie per i browser pi\u00f9 diffusi ai seguenti link:<\/p><p class=\"text text--gray\" style=\"margin-bottom: 0px; padding-bottom: 1em; background-image: initial; background-position: 0px 0px; background-size: initial; background-repeat: initial; background-attachment: initial; background-origin: initial; background-clip: initial; font-size: 20px; text-size-adjust: 100%; color: #2f2f2f; font-family: 'Open Sans', Arial, sans-serif; font-style: normal; font-variant-ligatures: normal; font-variant-caps: normal; font-weight: 500;\"><a style=\"background-image: initial; background-position: 0px 0px; background-size: initial; background-repeat: initial; background-attachment: initial; background-origin: initial; background-clip: initial; font-size: 20px; text-size-adjust: 100%; color: #2ea3f2; border-width: initial !important; border-style: none !important;\" href=\"https:\/\/support.google.com\/accounts\/answer\/61416?hl=hu\" target=\"_blank\" rel=\"noopener\">Google Chrome<\/a><\/p><p class=\"text text--gray\" style=\"margin-bottom: 0px; padding-bottom: 1em; background-image: initial; background-position: 0px 0px; background-size: initial; background-repeat: initial; background-attachment: initial; background-origin: initial; background-clip: initial; font-size: 20px; text-size-adjust: 100%; color: #2f2f2f; font-family: 'Open Sans', Arial, sans-serif; font-style: normal; font-variant-ligatures: normal; font-variant-caps: normal; font-weight: 500;\"><a style=\"background-image: initial; background-position: 0px 0px; background-size: initial; background-repeat: initial; background-attachment: initial; background-origin: initial; background-clip: initial; font-size: 20px; text-size-adjust: 100%; color: #2ea3f2; border-width: initial !important; border-style: none !important;\" href=\"https:\/\/support.mozilla.org\/hu\/kb\/S%C3%BCtik%20kezel%C3%A9se\" target=\"_blank\" rel=\"noopener\">Firefox<\/a><\/p><p class=\"text text--gray\" style=\"margin-bottom: 0px; padding-bottom: 1em; background-image: initial; background-position: 0px 0px; background-size: initial; background-repeat: initial; background-attachment: initial; background-origin: initial; background-clip: initial; font-size: 20px; text-size-adjust: 100%; color: #2f2f2f; font-family: 'Open Sans', Arial, sans-serif; font-style: normal; font-variant-ligatures: normal; font-variant-caps: normal; font-weight: 500;\"><a style=\"background-image: initial; background-position: 0px 0px; background-size: initial; background-repeat: initial; background-attachment: initial; background-origin: initial; background-clip: initial; font-size: 20px; text-size-adjust: 100%; color: #2ea3f2; border-width: initial !important; border-style: none !important;\" href=\"http:\/\/windows.microsoft.com\/hu-hu\/internet-explorer\/delete-manage-cookies#ie=ie-11\" target=\"_blank\" rel=\"noopener\">Microsoft Internet Explorer 11<\/a><\/p><p class=\"text text--gray\" style=\"margin-bottom: 0px; padding-bottom: 1em; background-image: initial; background-position: 0px 0px; background-size: initial; background-repeat: initial; background-attachment: initial; background-origin: initial; background-clip: initial; font-size: 20px; text-size-adjust: 100%; color: #2f2f2f; font-family: 'Open Sans', Arial, sans-serif; font-style: normal; font-variant-ligatures: normal; font-variant-caps: normal; font-weight: 500;\"><a style=\"background-image: initial; background-position: 0px 0px; background-size: initial; background-repeat: initial; background-attachment: initial; background-origin: initial; background-clip: initial; font-size: 20px; text-size-adjust: 100%; color: #2ea3f2; border-width: initial !important; border-style: none !important;\" href=\"http:\/\/windows.microsoft.com\/hu-hu\/internet-explorer\/delete-manage-cookies#ie=ie-10\" target=\"_blank\" rel=\"noopener\">Microsoft Internet Explorer 10<\/a><\/p><p class=\"text text--gray\" style=\"margin-bottom: 0px; padding-bottom: 1em; background-image: initial; background-position: 0px 0px; background-size: initial; background-repeat: initial; background-attachment: initial; background-origin: initial; background-clip: initial; font-size: 20px; text-size-adjust: 100%; color: #2f2f2f; font-family: 'Open Sans', Arial, sans-serif; font-style: normal; font-variant-ligatures: normal; font-variant-caps: normal; font-weight: 500;\"><a style=\"background-image: initial; background-position: 0px 0px; background-size: initial; background-repeat: initial; background-attachment: initial; background-origin: initial; background-clip: initial; font-size: 20px; text-size-adjust: 100%; color: #2ea3f2; border-width: initial !important; border-style: none !important;\" href=\"http:\/\/windows.microsoft.com\/hu-hu\/windows-10\/edge-privacy-faq\" target=\"_blank\" rel=\"noopener\">Microsoft Edge<\/a><\/p><p class=\"text text--gray\" style=\"margin-bottom: 0px; padding-bottom: 1em; background-image: initial; background-position: 0px 0px; background-size: initial; background-repeat: initial; background-attachment: initial; background-origin: initial; background-clip: initial; font-size: 20px; text-size-adjust: 100%; color: #2f2f2f; font-family: 'Open Sans', Arial, sans-serif; font-style: normal; font-variant-ligatures: normal; font-variant-caps: normal; font-weight: 500;\"><a style=\"background-image: initial; background-position: 0px 0px; background-size: initial; background-repeat: initial; background-attachment: initial; background-origin: initial; background-clip: initial; font-size: 20px; text-size-adjust: 100%; color: #2ea3f2; border-width: initial !important; border-style: none !important;\" href=\"http:\/\/support.apple.com\/kb\/index?page=search&amp;q=cookies%20safari\" target=\"_blank\" rel=\"noopener\">Safari<\/a><\/p><h1>2. DOVE AVVENGONO LE INFORMAZIONI E IL CONSENSO RIGUARDO ALLA GESTIONE DEI COOKIE?<\/h1><p>Quando visiti il nostro sito web per la prima volta, apparir\u00e0 una finestra pop-up nella parte superiore dello schermo e potrai specificare a quali cookie acconsentire.<\/p><p>Questa finestra informativa contiene anche un collegamento alla presente Informativa sulla privacy.<\/p><h1>3. TIPOLOGIE DI COOKIE<\/h1><p><b>3.1. Cookie strettamente necessari<\/b><\/p><p>I cookie essenziali aiutano il nostro sito web a funzionare correttamente abilitando funzioni di base come la navigazione del sito e l&#039;accesso alle aree protette del sito.<\/p><p>Il sito web non pu\u00f2 funzionare correttamente senza questi cookie.<\/p><ul><li>PHPSESSID Conserva lo stato della sessione utente tra le richieste di pagina fino alla chiusura del browser.<\/li><li>CookieConsent Memorizza il consenso ai cookie dell&#039;utente sul dominio specificato. 1 anno<\/li><\/ul><ul><li>__cfduid Il server di contenuti Cloudflare identifica il traffico Internet. 1 anno<\/li><li>JSESSIONID Assegna un identificatore univoco e anonimo a ogni pagina aperta per migliorare l&#039;usabilit\u00e0 della pagina fino alla chiusura del browser<\/li><li>wp_woocommerce_session_ Conserva il contenuto del carrello durante la navigazione tra le pagine fino alla chiusura del browser<\/li><li>woocommerce_items_in_cart Conserva il contenuto del carrello durante la navigazione tra le pagine fino alla chiusura del browser<\/li><li>wc_cart_hash_ Associa un identificatore univoco a ciascun cliente in modo che il sistema possa collegare gli ordini al cliente 1 giorno<\/li><\/ul><p><b>3.2. Cookie di preferenza<\/b><\/p><p>Utilizzando i cookie di preferenza, possiamo ricordare informazioni che modificano determinati comportamenti o l&#039;aspetto del sito web, come la lingua preferita o la regione in cui ti trovi.<\/p><p><b>3.3. Cookie a fini statistici<\/b><\/p><p><span style=\"font-size: 21px;\">Raccogliendo e segnalando i dati in forma anonima, i cookie statistici aiutano il proprietario del sito web a capire come i visitatori interagiscono con il sito.<\/span><\/p><ul><li>_ga Registra un identificatore univoco, utilizzato per creare dati statistici anonimi riguardanti l&#039;utilizzo del sito web. 2 anni<\/li><li>_gid Registra un identificatore univoco, utilizzato per creare dati statistici anonimi relativi all&#039;utilizzo del sito web. 2 anni<\/li><li>_gat Utilizzato da Google Analytics per controllare la frequenza delle richieste. fino alla chiusura del browser<\/li><li>raccogliere Raccoglie dati per Google Analytics sul dispositivo dell&#039;utente e sulle abitudini di navigazione, su vari dispositivi e canali di marketing. fino alla chiusura del browser<\/li><\/ul><p><b>3.4. Cookie di marketing<\/b><\/p><p>Utilizziamo cookie di personalizzazione per monitorare l&#039;attivit\u00e0 dei visitatori sul nostro sito web. L&#039;obiettivo \u00e8 quello di mostrare annunci pubblicitari pi\u00f9 pertinenti ai singoli utenti, visualizzare contenuti che corrispondono alle loro preferenze e incoraggiarli a compiere azioni.<\/p><ul><li>ads\/ga-audiences Utilizzato da Google Adwords per indirizzare gli utenti che hanno maggiori probabilit\u00e0 di avere una maggiore propensione all&#039;acquisto in base alle loro abitudini di navigazione. fino alla chiusura del browser<\/li><li>pref Registra un identificatore univoco da cui Google genera statistiche sui video che l&#039;utente ha guardato su YouTube. 8 mesi<\/li><li>Utilizzato da Facebook per indirizzare gli utenti che hanno maggiori probabilit\u00e0 di avere una maggiore propensione all&#039;acquisto in base alle loro abitudini di navigazione. 3 mesi<\/li><li>tr Utilizzato da Facebook per indirizzare gli utenti che hanno maggiori probabilit\u00e0 di avere una maggiore propensione all&#039;acquisto in base alle loro abitudini di navigazione. fino alla chiusura del browser<\/li><\/ul><h1>4. CONTROLLO E DISABILITAZIONE DELLE IMPOSTAZIONI DEI COOKIE<\/h1><p>I browser moderni consentono di modificare le &quot;impostazioni dei cookie&quot;. Alcuni browser accettano automaticamente i cookie per impostazione predefinita, ma questa impostazione pu\u00f2 anche essere modificata per impedire al visitatore di accettarli automaticamente in futuro.<\/p><p>Se cambi, il browser ti offrir\u00e0 l&#039;opzione di &quot;impostare i cookie&quot; ogni volta che visiti il sito.<\/p><p>Il Titolare del trattamento non ricorda alcun identificativo o password anche se i \u201ccookie\u201d sono abilitati. Il visitatore pu\u00f2 utilizzare i servizi in totale sicurezza anche se i \u201ccookie\u201d sono accettati.<\/p><p>Vorremmo richiamare l&#039;attenzione dei nostri visitatori sul fatto che, poich\u00e9 lo scopo dei &quot;cookie&quot; \u00e8 quello di supportare e facilitare l&#039;usabilit\u00e0 e i processi del sito web, se i &quot;cookie&quot; sono disabilitati, non possiamo garantire che il visitatore sar\u00e0 in grado di utilizzare appieno tutte le funzioni del sito web.<\/p><p>In questo caso, il sito web potrebbe funzionare in modo diverso nel browser rispetto a quanto previsto.<\/p>\t\t\t\t\t\t\t\t<\/div>\n\t\t\t\t<\/div>\n\t\t\t\t\t<\/div>\n\t\t<\/div>\n\t\t\t\t\t<\/div>\n\t\t<\/section>\n\t\t\t\t<\/div>","protected":false},"excerpt":{"rendered":"<p>Mit kell tudni a s\u00fctikr\u0151l? HAT\u00c1LYOS: 2025. JANU\u00c1R 1. 1. MIK AZOK A COOKIE-K (S\u00dcTIK), \u00c9S HOGYAN TUDOD M\u00d3DOS\u00cdTANI A [&hellip;]<\/p>\n","protected":false},"author":1,"featured_media":0,"parent":0,"menu_order":0,"comment_status":"closed","ping_status":"closed","template":"","meta":{"site-sidebar-layout":"no-sidebar","site-content-layout":"","ast-site-content-layout":"full-width-container","site-content-style":"default","site-sidebar-style":"default","ast-global-header-display":"","ast-banner-title-visibility":"","ast-main-header-display":"","ast-hfb-above-header-display":"","ast-hfb-below-header-display":"","ast-hfb-mobile-header-display":"","site-post-title":"disabled","ast-breadcrumbs-content":"","ast-featured-img":"disabled","footer-sml-layout":"","ast-disable-related-posts":"","theme-transparent-header-meta":"default","adv-header-id-meta":"","stick-header-meta":"","header-above-stick-meta":"","header-main-stick-meta":"","header-below-stick-meta":"","astra-migrate-meta-layouts":"set","ast-page-background-enabled":"default","ast-page-background-meta":{"desktop":{"background-color":"var(--ast-global-color-4)","background-image":"","background-repeat":"repeat","background-position":"center center","background-size":"auto","background-attachment":"scroll","background-type":"","background-media":"","overlay-type":"","overlay-color":"","overlay-opacity":"","overlay-gradient":""},"tablet":{"background-color":"","background-image":"","background-repeat":"repeat","background-position":"center center","background-size":"auto","background-attachment":"scroll","background-type":"","background-media":"","overlay-type":"","overlay-color":"","overlay-opacity":"","overlay-gradient":""},"mobile":{"background-color":"","background-image":"","background-repeat":"repeat","background-position":"center center","background-size":"auto","background-attachment":"scroll","background-type":"","background-media":"","overlay-type":"","overlay-color":"","overlay-opacity":"","overlay-gradient":""}},"ast-content-background-meta":{"desktop":{"background-color":"var(--ast-global-color-5)","background-image":"","background-repeat":"repeat","background-position":"center center","background-size":"auto","background-attachment":"scroll","background-type":"","background-media":"","overlay-type":"","overlay-color":"","overlay-opacity":"","overlay-gradient":""},"tablet":{"background-color":"var(--ast-global-color-5)","background-image":"","background-repeat":"repeat","background-position":"center center","background-size":"auto","background-attachment":"scroll","background-type":"","background-media":"","overlay-type":"","overlay-color":"","overlay-opacity":"","overlay-gradient":""},"mobile":{"background-color":"var(--ast-global-color-5)","background-image":"","background-repeat":"repeat","background-position":"center center","background-size":"auto","background-attachment":"scroll","background-type":"","background-media":"","overlay-type":"","overlay-color":"","overlay-opacity":"","overlay-gradient":""}},"footnotes":""},"class_list":["post-1982","page","type-page","status-publish","hentry"],"yoast_head":"<!-- This site is optimized with the Yoast SEO Premium plugin v27.4 (Yoast SEO v27.4) - https:\/\/yoast.com\/product\/yoast-seo-premium-wordpress\/ -->\n<title>Cookie nyilatkozat - Cyber Operations Group Kft.<\/title>\n<meta name=\"robots\" content=\"index, follow, max-snippet:-1, max-image-preview:large, max-video-preview:-1\" \/>\n<link rel=\"canonical\" href=\"https:\/\/cyberoperations.hu\/it\/cookie-nyilatkozat\/\" \/>\n<meta property=\"og:locale\" content=\"it_IT\" \/>\n<meta property=\"og:type\" content=\"article\" \/>\n<meta property=\"og:title\" content=\"Cookie nyilatkozat\" \/>\n<meta property=\"og:description\" content=\"Mit kell tudni a s\u00fctikr\u0151l? HAT\u00c1LYOS: 2025. JANU\u00c1R 1. 1. MIK AZOK A COOKIE-K (S\u00dcTIK), \u00c9S HOGYAN TUDOD M\u00d3DOS\u00cdTANI A [&hellip;]\" \/>\n<meta property=\"og:url\" content=\"https:\/\/cyberoperations.hu\/it\/cookie-nyilatkozat\/\" \/>\n<meta property=\"og:site_name\" content=\"Cyber Operations Group Kft.\" \/>\n<meta property=\"article:modified_time\" content=\"2025-01-13T10:53:27+00:00\" \/>\n<meta name=\"twitter:card\" content=\"summary_large_image\" \/>\n<meta name=\"twitter:label1\" content=\"Tempo di lettura stimato\" \/>\n\t<meta name=\"twitter:data1\" content=\"6 minuti\" \/>\n<script type=\"application\/ld+json\" class=\"yoast-schema-graph\">{\"@context\":\"https:\\\/\\\/schema.org\",\"@graph\":[{\"@type\":\"WebPage\",\"@id\":\"https:\\\/\\\/cyberoperations.hu\\\/cookie-nyilatkozat\\\/\",\"url\":\"https:\\\/\\\/cyberoperations.hu\\\/cookie-nyilatkozat\\\/\",\"name\":\"Cookie nyilatkozat - Cyber Operations Group Kft.\",\"isPartOf\":{\"@id\":\"https:\\\/\\\/cyberoperations.hu\\\/#website\"},\"datePublished\":\"2024-12-07T09:19:05+00:00\",\"dateModified\":\"2025-01-13T10:53:27+00:00\",\"breadcrumb\":{\"@id\":\"https:\\\/\\\/cyberoperations.hu\\\/cookie-nyilatkozat\\\/#breadcrumb\"},\"inLanguage\":\"it-IT\",\"potentialAction\":[{\"@type\":\"ReadAction\",\"target\":[\"https:\\\/\\\/cyberoperations.hu\\\/cookie-nyilatkozat\\\/\"]}]},{\"@type\":\"BreadcrumbList\",\"@id\":\"https:\\\/\\\/cyberoperations.hu\\\/cookie-nyilatkozat\\\/#breadcrumb\",\"itemListElement\":[{\"@type\":\"ListItem\",\"position\":1,\"name\":\"Kezd\u0151lap\",\"item\":\"https:\\\/\\\/cyberoperations.hu\\\/\"},{\"@type\":\"ListItem\",\"position\":2,\"name\":\"Cookie nyilatkozat\"}]},{\"@type\":\"WebSite\",\"@id\":\"https:\\\/\\\/cyberoperations.hu\\\/#website\",\"url\":\"https:\\\/\\\/cyberoperations.hu\\\/\",\"name\":\"Cyber Operations Group Kft.\",\"description\":\"\",\"publisher\":{\"@id\":\"https:\\\/\\\/cyberoperations.hu\\\/#organization\"},\"potentialAction\":[{\"@type\":\"SearchAction\",\"target\":{\"@type\":\"EntryPoint\",\"urlTemplate\":\"https:\\\/\\\/cyberoperations.hu\\\/?s={search_term_string}\"},\"query-input\":{\"@type\":\"PropertyValueSpecification\",\"valueRequired\":true,\"valueName\":\"search_term_string\"}}],\"inLanguage\":\"it-IT\"},{\"@type\":\"Organization\",\"@id\":\"https:\\\/\\\/cyberoperations.hu\\\/#organization\",\"name\":\"Cyber Operations Group Kft.\",\"url\":\"https:\\\/\\\/cyberoperations.hu\\\/\",\"logo\":{\"@type\":\"ImageObject\",\"inLanguage\":\"it-IT\",\"@id\":\"https:\\\/\\\/cyberoperations.hu\\\/#\\\/schema\\\/logo\\\/image\\\/\",\"url\":\"https:\\\/\\\/cyberoperations.hu\\\/wp-content\\\/uploads\\\/2024\\\/12\\\/simalogo-2.png\",\"contentUrl\":\"https:\\\/\\\/cyberoperations.hu\\\/wp-content\\\/uploads\\\/2024\\\/12\\\/simalogo-2.png\",\"width\":1500,\"height\":400,\"caption\":\"Cyber Operations Group Kft.\"},\"image\":{\"@id\":\"https:\\\/\\\/cyberoperations.hu\\\/#\\\/schema\\\/logo\\\/image\\\/\"}}]}<\/script>\n<!-- \/ Yoast SEO Premium plugin. -->","yoast_head_json":{"title":"Informativa sui cookie - Cyber Operations Group Ltd.","robots":{"index":"index","follow":"follow","max-snippet":"max-snippet:-1","max-image-preview":"max-image-preview:large","max-video-preview":"max-video-preview:-1"},"canonical":"https:\/\/cyberoperations.hu\/it\/cookie-nyilatkozat\/","og_locale":"it_IT","og_type":"article","og_title":"Cookie nyilatkozat","og_description":"Mit kell tudni a s\u00fctikr\u0151l? HAT\u00c1LYOS: 2025. JANU\u00c1R 1. 1. MIK AZOK A COOKIE-K (S\u00dcTIK), \u00c9S HOGYAN TUDOD M\u00d3DOS\u00cdTANI A [&hellip;]","og_url":"https:\/\/cyberoperations.hu\/it\/cookie-nyilatkozat\/","og_site_name":"Cyber Operations Group Kft.","article_modified_time":"2025-01-13T10:53:27+00:00","twitter_card":"summary_large_image","twitter_misc":{"Tempo di lettura stimato":"6 minuti"},"schema":{"@context":"https:\/\/schema.org","@graph":[{"@type":"WebPage","@id":"https:\/\/cyberoperations.hu\/cookie-nyilatkozat\/","url":"https:\/\/cyberoperations.hu\/cookie-nyilatkozat\/","name":"Informativa sui cookie - Cyber Operations Group Ltd.","isPartOf":{"@id":"https:\/\/cyberoperations.hu\/#website"},"datePublished":"2024-12-07T09:19:05+00:00","dateModified":"2025-01-13T10:53:27+00:00","breadcrumb":{"@id":"https:\/\/cyberoperations.hu\/cookie-nyilatkozat\/#breadcrumb"},"inLanguage":"it-IT","potentialAction":[{"@type":"ReadAction","target":["https:\/\/cyberoperations.hu\/cookie-nyilatkozat\/"]}]},{"@type":"BreadcrumbList","@id":"https:\/\/cyberoperations.hu\/cookie-nyilatkozat\/#breadcrumb","itemListElement":[{"@type":"ListItem","position":1,"name":"Kezd\u0151lap","item":"https:\/\/cyberoperations.hu\/"},{"@type":"ListItem","position":2,"name":"Cookie nyilatkozat"}]},{"@type":"WebSite","@id":"https:\/\/cyberoperations.hu\/#website","url":"https:\/\/cyberoperations.hu\/","name":"Cyber Operations Group Ltd.","description":"","publisher":{"@id":"https:\/\/cyberoperations.hu\/#organization"},"potentialAction":[{"@type":"SearchAction","target":{"@type":"EntryPoint","urlTemplate":"https:\/\/cyberoperations.hu\/?s={search_term_string}"},"query-input":{"@type":"PropertyValueSpecification","valueRequired":true,"valueName":"search_term_string"}}],"inLanguage":"it-IT"},{"@type":"Organization","@id":"https:\/\/cyberoperations.hu\/#organization","name":"Cyber Operations Group Ltd.","url":"https:\/\/cyberoperations.hu\/","logo":{"@type":"ImageObject","inLanguage":"it-IT","@id":"https:\/\/cyberoperations.hu\/#\/schema\/logo\/image\/","url":"https:\/\/cyberoperations.hu\/wp-content\/uploads\/2024\/12\/simalogo-2.png","contentUrl":"https:\/\/cyberoperations.hu\/wp-content\/uploads\/2024\/12\/simalogo-2.png","width":1500,"height":400,"caption":"Cyber Operations Group Kft."},"image":{"@id":"https:\/\/cyberoperations.hu\/#\/schema\/logo\/image\/"}}]}},"_links":{"self":[{"href":"https:\/\/cyberoperations.hu\/it\/wp-json\/wp\/v2\/pages\/1982","targetHints":{"allow":["GET"]}}],"collection":[{"href":"https:\/\/cyberoperations.hu\/it\/wp-json\/wp\/v2\/pages"}],"about":[{"href":"https:\/\/cyberoperations.hu\/it\/wp-json\/wp\/v2\/types\/page"}],"author":[{"embeddable":true,"href":"https:\/\/cyberoperations.hu\/it\/wp-json\/wp\/v2\/users\/1"}],"replies":[{"embeddable":true,"href":"https:\/\/cyberoperations.hu\/it\/wp-json\/wp\/v2\/comments?post=1982"}],"version-history":[{"count":0,"href":"https:\/\/cyberoperations.hu\/it\/wp-json\/wp\/v2\/pages\/1982\/revisions"}],"wp:attachment":[{"href":"https:\/\/cyberoperations.hu\/it\/wp-json\/wp\/v2\/media?parent=1982"}],"curies":[{"name":"wp","href":"https:\/\/api.w.org\/{rel}","templated":true}]}}