{"id":2409,"date":"2025-01-20T14:57:11","date_gmt":"2025-01-20T13:57:11","guid":{"rendered":"https:\/\/cyberoperations.hu\/?post_type=product&#038;p=2409"},"modified":"2025-08-05T13:12:38","modified_gmt":"2025-08-05T11:12:38","slug":"kibervedelmi-szoftver","status":"publish","type":"product","link":"https:\/\/cyberoperations.hu\/it\/prodotto\/kibervedelmi-szoftver\/","title":{"rendered":"Deep Instinct - Protezione antimalware basata sull&#039;intelligenza artificiale di nuova generazione"},"content":{"rendered":"<div data-elementor-type=\"product-post\" data-elementor-id=\"2409\" class=\"elementor elementor-2409\" data-elementor-post-type=\"product\">\n\t\t\t\t<div class=\"elementor-element elementor-element-dcf52 e-flex e-con-boxed e-con e-parent\" data-id=\"dcf52\" data-element_type=\"container\" data-e-type=\"container\">\n\t\t\t\t\t<div class=\"e-con-inner\">\n\t\t\t\t<div class=\"elementor-element elementor-element-6232448b elementor-widget elementor-widget-text-editor\" data-id=\"6232448b\" data-element_type=\"widget\" data-e-type=\"widget\" data-widget_type=\"text-editor.default\">\n\t\t\t\t<div class=\"elementor-widget-container\">\n\t\t\t\t\t\t\t\t\tDeep Instinct \u00e8 una soluzione rivoluzionaria per la sicurezza informatica che sfrutta la forma pi\u00f9 avanzata di intelligenza artificiale, la tecnologia di deep learning, per proteggere dispositivi aziendali, server, dispositivi mobili e archivi dati cloud.\r\n\r\n<strong>Principali vantaggi e caratteristiche<\/strong>\r\n<ul>\r\n \t<li>Protezione preventiva: Deep Instinct rileva e previene minacce note e sconosciute prima che causino danni, tra cui i pi\u00f9 recenti ransomware, attacchi zero-day e malware fileless.<\/li>\r\n \t<li>Piattaforma basata sul Deep Learning: i suoi esclusivi algoritmi di deep learning sono in grado di identificare rapidamente e accuratamente le minacce nella fase iniziale, prima che i file vengano eseguiti, riducendo a zero la possibilit\u00e0 di infezione.<\/li>\r\n \t<li>Veloce e facile da usare: estremamente veloce, blocca le minacce in meno di 20 millisecondi utilizzando risorse minime, il che lo rende adatto alla protezione di grandi ambienti aziendali e alle migrazioni nel cloud.<\/li>\r\n \t<li>Basso tasso di errore: funziona con uno dei tassi di falsi allarmi pi\u00f9 bassi del settore (inferiore a 0,1%), consentendo agli utenti di lavorare senza interruzioni e di segnalare solo le minacce reali.<\/li>\r\n \t<li>Indipendente dalla piattaforma: supporta i sistemi operativi Windows, macOS, Linux, Android e ChromeOS; fornisce protezione su endpoint locali e remoti, server e in ambienti virtualizzati e cloud.<\/li>\r\n \t<li>Reporting e spiegabilit\u00e0 in tempo reale: il modulo esplicativo basato sull&#039;intelligenza artificiale aiuta i team SOC (Security Operations Center) a prendere decisioni pi\u00f9 rapide e a gestire gli incidenti.<\/li>\r\n<\/ul>\r\n<strong>Cosa rende Deep Instinct unico?<\/strong>\r\n<ul>\r\n \t<li>Utilizza esclusivamente la tecnologia di apprendimento profondo, analizzando non solo modelli noti, ma anche comportamenti e nuove minacce.<\/li>\r\n \t<li>Protezione contro attacchi avanzati mai visti prima.<\/li>\r\n \t<li>Disponibile come agente autonomo e facile da integrare o come soluzione basata su API.<\/li>\r\n<\/ul>\r\n<strong>A chi lo consigliamo?<\/strong>\r\n<ul>\r\n \t<li>Per aziende di medie e grandi dimensioni che desiderano un sistema di protezione informatica proattivo e realmente automatizzato.<\/li>\r\n \t<li>Per le organizzazioni che danno valore alla conformit\u00e0, alla protezione proattiva e alle operazioni convenienti.<\/li>\r\n<\/ul>\r\n<strong>Proteggi la tua azienda con la tecnologia AI all&#039;avanguardia per prevenire futuri attacchi: scegli Deep Instinct!<\/strong>\t\t\t\t\t\t\t\t<\/div>\n\t\t\t\t<\/div>\n\t\t\t\t\t<\/div>\n\t\t\t\t<\/div>\n\t\t<div class=\"elementor-element elementor-element-3b3e85a e-flex e-con-boxed e-con e-parent\" data-id=\"3b3e85a\" data-element_type=\"container\" data-e-type=\"container\">\n\t\t\t\t\t<div class=\"e-con-inner\">\n\t\t\t\t<div class=\"elementor-element elementor-element-062d5ce elementor-widget elementor-widget-video\" data-id=\"062d5ce\" data-element_type=\"widget\" data-e-type=\"widget\" data-settings=\"{&quot;youtube_url&quot;:&quot;https:\\\/\\\/www.youtube.com\\\/watch?v=JiBYU4LXDIk&quot;,&quot;video_type&quot;:&quot;youtube&quot;,&quot;controls&quot;:&quot;yes&quot;}\" data-widget_type=\"video.default\">\n\t\t\t\t<div class=\"elementor-widget-container\">\n\t\t\t\t\t\t\t<div class=\"elementor-wrapper elementor-open-inline\">\n\t\t\t<div class=\"elementor-video\"><\/div>\t\t<\/div>\n\t\t\t\t\t\t<\/div>\n\t\t\t\t<\/div>\n\t\t\t\t\t<\/div>\n\t\t\t\t<\/div>\n\t\t<div class=\"elementor-element elementor-element-80aa6a9 e-flex e-con-boxed e-con e-parent\" data-id=\"80aa6a9\" data-element_type=\"container\" data-e-type=\"container\">\n\t\t\t\t\t<div class=\"e-con-inner\">\n\t\t\t\t\t<\/div>\n\t\t\t\t<\/div>\n\t\t\t\t<\/div>","protected":false},"excerpt":{"rendered":"<p>Deep Instinct egy forradalmi kiberbiztons\u00e1gi megold\u00e1s, amely a mesters\u00e9ges intelligencia legfejlettebb form\u00e1j\u00e1t, a deep learning technol\u00f3gi\u00e1t alkalmazza a v\u00e1llalati eszk\u00f6z\u00f6k, [&hellip;]<\/p>\n","protected":false},"featured_media":0,"template":"","meta":{"site-sidebar-layout":"default","site-content-layout":"","ast-site-content-layout":"default","site-content-style":"default","site-sidebar-style":"default","ast-global-header-display":"","ast-banner-title-visibility":"","ast-main-header-display":"","ast-hfb-above-header-display":"","ast-hfb-below-header-display":"","ast-hfb-mobile-header-display":"","site-post-title":"","ast-breadcrumbs-content":"","ast-featured-img":"","footer-sml-layout":"","ast-disable-related-posts":"","theme-transparent-header-meta":"default","adv-header-id-meta":"","stick-header-meta":"","header-above-stick-meta":"","header-main-stick-meta":"","header-below-stick-meta":"","astra-migrate-meta-layouts":"set","ast-page-background-enabled":"default","ast-page-background-meta":{"desktop":{"background-color":"var(--ast-global-color-4)","background-image":"","background-repeat":"repeat","background-position":"center center","background-size":"auto","background-attachment":"scroll","background-type":"","background-media":"","overlay-type":"","overlay-color":"","overlay-opacity":"","overlay-gradient":""},"tablet":{"background-color":"","background-image":"","background-repeat":"repeat","background-position":"center center","background-size":"auto","background-attachment":"scroll","background-type":"","background-media":"","overlay-type":"","overlay-color":"","overlay-opacity":"","overlay-gradient":""},"mobile":{"background-color":"","background-image":"","background-repeat":"repeat","background-position":"center center","background-size":"auto","background-attachment":"scroll","background-type":"","background-media":"","overlay-type":"","overlay-color":"","overlay-opacity":"","overlay-gradient":""}},"ast-content-background-meta":{"desktop":{"background-color":"var(--ast-global-color-5)","background-image":"","background-repeat":"repeat","background-position":"center center","background-size":"auto","background-attachment":"scroll","background-type":"","background-media":"","overlay-type":"","overlay-color":"","overlay-opacity":"","overlay-gradient":""},"tablet":{"background-color":"var(--ast-global-color-5)","background-image":"","background-repeat":"repeat","background-position":"center center","background-size":"auto","background-attachment":"scroll","background-type":"","background-media":"","overlay-type":"","overlay-color":"","overlay-opacity":"","overlay-gradient":""},"mobile":{"background-color":"var(--ast-global-color-5)","background-image":"","background-repeat":"repeat","background-position":"center center","background-size":"auto","background-attachment":"scroll","background-type":"","background-media":"","overlay-type":"","overlay-color":"","overlay-opacity":"","overlay-gradient":""}}},"product_brand":[],"product_cat":[25],"product_tag":[],"class_list":{"0":"post-2409","1":"product","2":"type-product","3":"status-publish","5":"product_cat-uncategorized","6":"desktop-align-left","7":"tablet-align-left","8":"mobile-align-left","10":"first","11":"instock","12":"shipping-taxable","13":"product-type-simple"},"yoast_head":"<!-- This site is optimized with the Yoast SEO Premium plugin v27.4 (Yoast SEO v27.4) - https:\/\/yoast.com\/product\/yoast-seo-premium-wordpress\/ -->\n<title>Deep Instinct \u2013 Next-Generation AI Malware Protection - Cyber Operations Group Kft.<\/title>\n<meta name=\"robots\" content=\"index, follow, max-snippet:-1, max-image-preview:large, max-video-preview:-1\" \/>\n<link rel=\"canonical\" href=\"https:\/\/cyberoperations.hu\/it\/product\/cybersecurity-software\/\" \/>\n<meta property=\"og:locale\" content=\"it_IT\" \/>\n<meta property=\"og:type\" content=\"article\" \/>\n<meta property=\"og:title\" content=\"Deep Instinct \u2013 Next-Generation AI Malware Protection\" \/>\n<meta property=\"og:description\" content=\"Deep Instinct egy forradalmi kiberbiztons\u00e1gi megold\u00e1s, amely a mesters\u00e9ges intelligencia legfejlettebb form\u00e1j\u00e1t, a deep learning technol\u00f3gi\u00e1t alkalmazza a v\u00e1llalati eszk\u00f6z\u00f6k, [&hellip;]\" \/>\n<meta property=\"og:url\" content=\"https:\/\/cyberoperations.hu\/it\/product\/cybersecurity-software\/\" \/>\n<meta property=\"og:site_name\" content=\"Cyber Operations Group Kft.\" \/>\n<meta property=\"article:modified_time\" content=\"2025-08-05T11:12:38+00:00\" \/>\n<meta name=\"twitter:card\" content=\"summary_large_image\" \/>\n<meta name=\"twitter:label1\" content=\"Prezzo\" \/>\n\t<meta name=\"twitter:data1\" content=\"\" \/>\n\t<meta name=\"twitter:label2\" content=\"Disponibilit\u00e0\" \/>\n\t<meta name=\"twitter:data2\" content=\"In stock\" \/>\n<script type=\"application\/ld+json\" class=\"yoast-schema-graph\">{\"@context\":\"https:\\\/\\\/schema.org\",\"@graph\":[{\"@type\":\"WebPage\",\"@id\":\"https:\\\/\\\/cyberoperations.hu\\\/en\\\/product\\\/cybersecurity-software\\\/\",\"url\":\"https:\\\/\\\/cyberoperations.hu\\\/en\\\/product\\\/cybersecurity-software\\\/\",\"name\":\"Deep Instinct \u2013 Next-Generation AI Malware Protection - Cyber Operations Group Kft.\",\"isPartOf\":{\"@id\":\"https:\\\/\\\/cyberoperations.hu\\\/#website\"},\"datePublished\":\"2025-01-20T13:57:11+00:00\",\"dateModified\":\"2025-08-05T11:12:38+00:00\",\"breadcrumb\":{\"@id\":\"https:\\\/\\\/cyberoperations.hu\\\/en\\\/product\\\/cybersecurity-software\\\/#breadcrumb\"},\"inLanguage\":\"it-IT\",\"potentialAction\":[{\"@type\":\"ReadAction\",\"target\":[\"https:\\\/\\\/cyberoperations.hu\\\/en\\\/product\\\/cybersecurity-software\\\/\"]}]},{\"@type\":\"BreadcrumbList\",\"@id\":\"https:\\\/\\\/cyberoperations.hu\\\/en\\\/product\\\/cybersecurity-software\\\/#breadcrumb\",\"itemListElement\":[{\"@type\":\"ListItem\",\"position\":1,\"name\":\"Kezd\u0151lap\",\"item\":\"https:\\\/\\\/cyberoperations.hu\\\/\"},{\"@type\":\"ListItem\",\"position\":2,\"name\":\"Shop\",\"item\":\"https:\\\/\\\/cyberoperations.hu\\\/shop\\\/\"},{\"@type\":\"ListItem\",\"position\":3,\"name\":\"Deep Instinct \u2013 Next-Generation AI Malware Protection\"}]},{\"@type\":\"WebSite\",\"@id\":\"https:\\\/\\\/cyberoperations.hu\\\/#website\",\"url\":\"https:\\\/\\\/cyberoperations.hu\\\/\",\"name\":\"Cyber Operations Group Kft.\",\"description\":\"\",\"publisher\":{\"@id\":\"https:\\\/\\\/cyberoperations.hu\\\/#organization\"},\"potentialAction\":[{\"@type\":\"SearchAction\",\"target\":{\"@type\":\"EntryPoint\",\"urlTemplate\":\"https:\\\/\\\/cyberoperations.hu\\\/?s={search_term_string}\"},\"query-input\":{\"@type\":\"PropertyValueSpecification\",\"valueRequired\":true,\"valueName\":\"search_term_string\"}}],\"inLanguage\":\"it-IT\"},{\"@type\":\"Organization\",\"@id\":\"https:\\\/\\\/cyberoperations.hu\\\/#organization\",\"name\":\"Cyber Operations Group Kft.\",\"url\":\"https:\\\/\\\/cyberoperations.hu\\\/\",\"logo\":{\"@type\":\"ImageObject\",\"inLanguage\":\"it-IT\",\"@id\":\"https:\\\/\\\/cyberoperations.hu\\\/#\\\/schema\\\/logo\\\/image\\\/\",\"url\":\"https:\\\/\\\/cyberoperations.hu\\\/wp-content\\\/uploads\\\/2024\\\/12\\\/simalogo-2.png\",\"contentUrl\":\"https:\\\/\\\/cyberoperations.hu\\\/wp-content\\\/uploads\\\/2024\\\/12\\\/simalogo-2.png\",\"width\":1500,\"height\":400,\"caption\":\"Cyber Operations Group Kft.\"},\"image\":{\"@id\":\"https:\\\/\\\/cyberoperations.hu\\\/#\\\/schema\\\/logo\\\/image\\\/\"}}]}<\/script>\n<meta property=\"product:price:currency\" content=\"EUR\" \/>\n<meta property=\"og:availability\" content=\"instock\" \/>\n<meta property=\"product:availability\" content=\"instock\" \/>\n<meta property=\"product:condition\" content=\"new\" \/>\n<!-- \/ Yoast SEO Premium plugin. -->","yoast_head_json":{"title":"Deep Instinct \u2013 Protezione antimalware basata sull&#039;intelligenza artificiale di nuova generazione - Cyber Operations Group Kft.","robots":{"index":"index","follow":"follow","max-snippet":"max-snippet:-1","max-image-preview":"max-image-preview:large","max-video-preview":"max-video-preview:-1"},"canonical":"https:\/\/cyberoperations.hu\/it\/product\/cybersecurity-software\/","og_locale":"it_IT","og_type":"article","og_title":"Deep Instinct \u2013 Next-Generation AI Malware Protection","og_description":"Deep Instinct egy forradalmi kiberbiztons\u00e1gi megold\u00e1s, amely a mesters\u00e9ges intelligencia legfejlettebb form\u00e1j\u00e1t, a deep learning technol\u00f3gi\u00e1t alkalmazza a v\u00e1llalati eszk\u00f6z\u00f6k, [&hellip;]","og_url":"https:\/\/cyberoperations.hu\/it\/product\/cybersecurity-software\/","og_site_name":"Cyber Operations Group Kft.","article_modified_time":"2025-08-05T11:12:38+00:00","twitter_card":"summary_large_image","twitter_misc":{"Prezzo":"","Disponibilit\u00e0":"In stock"},"schema":{"@context":"https:\/\/schema.org","@graph":[{"@type":"WebPage","@id":"https:\/\/cyberoperations.hu\/en\/product\/cybersecurity-software\/","url":"https:\/\/cyberoperations.hu\/en\/product\/cybersecurity-software\/","name":"Deep Instinct \u2013 Protezione antimalware basata sull&#039;intelligenza artificiale di nuova generazione - Cyber Operations Group Kft.","isPartOf":{"@id":"https:\/\/cyberoperations.hu\/#website"},"datePublished":"2025-01-20T13:57:11+00:00","dateModified":"2025-08-05T11:12:38+00:00","breadcrumb":{"@id":"https:\/\/cyberoperations.hu\/en\/product\/cybersecurity-software\/#breadcrumb"},"inLanguage":"it-IT","potentialAction":[{"@type":"ReadAction","target":["https:\/\/cyberoperations.hu\/en\/product\/cybersecurity-software\/"]}]},{"@type":"BreadcrumbList","@id":"https:\/\/cyberoperations.hu\/en\/product\/cybersecurity-software\/#breadcrumb","itemListElement":[{"@type":"ListItem","position":1,"name":"Kezd\u0151lap","item":"https:\/\/cyberoperations.hu\/"},{"@type":"ListItem","position":2,"name":"Shop","item":"https:\/\/cyberoperations.hu\/shop\/"},{"@type":"ListItem","position":3,"name":"Deep Instinct \u2013 Next-Generation AI Malware Protection"}]},{"@type":"WebSite","@id":"https:\/\/cyberoperations.hu\/#website","url":"https:\/\/cyberoperations.hu\/","name":"Cyber Operations Group Ltd.","description":"","publisher":{"@id":"https:\/\/cyberoperations.hu\/#organization"},"potentialAction":[{"@type":"SearchAction","target":{"@type":"EntryPoint","urlTemplate":"https:\/\/cyberoperations.hu\/?s={search_term_string}"},"query-input":{"@type":"PropertyValueSpecification","valueRequired":true,"valueName":"search_term_string"}}],"inLanguage":"it-IT"},{"@type":"Organization","@id":"https:\/\/cyberoperations.hu\/#organization","name":"Cyber Operations Group Ltd.","url":"https:\/\/cyberoperations.hu\/","logo":{"@type":"ImageObject","inLanguage":"it-IT","@id":"https:\/\/cyberoperations.hu\/#\/schema\/logo\/image\/","url":"https:\/\/cyberoperations.hu\/wp-content\/uploads\/2024\/12\/simalogo-2.png","contentUrl":"https:\/\/cyberoperations.hu\/wp-content\/uploads\/2024\/12\/simalogo-2.png","width":1500,"height":400,"caption":"Cyber Operations Group Kft."},"image":{"@id":"https:\/\/cyberoperations.hu\/#\/schema\/logo\/image\/"}}]},"product_price_currency":"EUR","og_availability":"instock","product_availability":"instock","product_condition":"new"},"_links":{"self":[{"href":"https:\/\/cyberoperations.hu\/it\/wp-json\/wp\/v2\/product\/2409","targetHints":{"allow":["GET"]}}],"collection":[{"href":"https:\/\/cyberoperations.hu\/it\/wp-json\/wp\/v2\/product"}],"about":[{"href":"https:\/\/cyberoperations.hu\/it\/wp-json\/wp\/v2\/types\/product"}],"version-history":[{"count":0,"href":"https:\/\/cyberoperations.hu\/it\/wp-json\/wp\/v2\/product\/2409\/revisions"}],"wp:attachment":[{"href":"https:\/\/cyberoperations.hu\/it\/wp-json\/wp\/v2\/media?parent=2409"}],"wp:term":[{"taxonomy":"product_brand","embeddable":true,"href":"https:\/\/cyberoperations.hu\/it\/wp-json\/wp\/v2\/product_brand?post=2409"},{"taxonomy":"product_cat","embeddable":true,"href":"https:\/\/cyberoperations.hu\/it\/wp-json\/wp\/v2\/product_cat?post=2409"},{"taxonomy":"product_tag","embeddable":true,"href":"https:\/\/cyberoperations.hu\/it\/wp-json\/wp\/v2\/product_tag?post=2409"}],"curies":[{"name":"wp","href":"https:\/\/api.w.org\/{rel}","templated":true}]}}