{"id":2839,"date":"2025-05-05T13:54:07","date_gmt":"2025-05-05T11:54:07","guid":{"rendered":"https:\/\/cyberoperations.hu\/?post_type=product&#038;p=2839"},"modified":"2025-08-05T13:36:47","modified_gmt":"2025-08-05T11:36:47","slug":"stellar-cyber","status":"publish","type":"product","link":"https:\/\/cyberoperations.hu\/it\/prodotto\/stellar-cyber\/","title":{"rendered":"Stellar Cyber \u2013 Piattaforma innovativa di difesa informatica basata sull&#039;intelligenza artificiale"},"content":{"rendered":"<p>Stellar Cyber \u00e8 una piattaforma di sicurezza informatica all&#039;avanguardia basata sull&#039;intelligenza artificiale che fornisce rilevamento automatizzato delle minacce, risposta e gestione delle operazioni di sicurezza end-to-end per aziende e fornitori di servizi.<br \/>\n<strong>Caratteristiche e vantaggi principali<\/strong><\/p>\n<ul>\n<li>Universal Security Center (Open XDR) combina le funzioni di protezione pi\u00f9 importanti (SIEM di nuova generazione, rilevamento e risposta di rete (NDR), analisi comportamentale (UEBA), gestione automatizzata degli incidenti (SOAR), intelligence sulle minacce (TIP) in un&#039;unica interfaccia facile da usare.<\/li>\n<li>Intelligenza artificiale e apprendimento automatico La tecnologia di intelligenza artificiale multilivello analizza l&#039;intera infrastruttura aziendale, identificando automaticamente minacce note e sconosciute e contribuendo a garantire un intervento rapido e accurato.<\/li>\n<li>Processi automatizzati I playbook predefiniti e personalizzabili e i flussi di lavoro intelligenti riducono significativamente le attivit\u00e0 manuali, consentendo ai team di sicurezza di concentrarsi sulle minacce principali.<\/li>\n<li>Avvisi e risposte immediati e in tempo reale Il sistema rileva gli attacchi in tempo reale, facilita l&#039;indagine sugli incidenti e avvia azioni di risposta automatiche verso la rete, gli endpoint o il cloud.<\/li>\n<li>Protezione cloud, ibrida e on-premise Fornisce una protezione unificata per ambienti IT on-premise, cloud e ibridi e pu\u00f2 essere adattata in modo flessibile a qualsiasi ambiente organizzativo.<\/li>\n<li>Rilevamento pi\u00f9 rapido, meno falsi positivi Grazie all&#039;analisi basata sull&#039;intelligenza artificiale, riduce il numero di falsi allarmi e mette in evidenza gli eventi realmente pericolosi.<\/li>\n<li>Facile integrazione Compatibile con innumerevoli strumenti IT e di sicurezza esterni, pu\u00f2 essere integrato senza problemi nell&#039;ambiente esistente.<\/li>\n<\/ul>\n<p><strong>Per cosa \u00e8 consigliato?<\/strong><\/p>\n<ul>\n<li>Per aziende e fornitori di servizi che desiderano implementare una moderna sicurezza informatica con una piattaforma davvero completa, autonoma e centralizzata.<\/li>\n<li>\u00c8 la scelta ideale per chi cerca un rilevamento rapido e preciso, un intervento automatizzato, una visibilit\u00e0 di alto livello e una soluzione di sicurezza scalabile e conveniente.<\/li>\n<\/ul>\n<p><strong>Proteggiti con Stellar Cyber: affida la tua infrastruttura a una piattaforma di protezione informatica innovativa e pluripremiata!<\/strong>https:\/\/www.youtube.com\/watch?v=eMzIpQDvYiM<\/p>","protected":false},"excerpt":{"rendered":"<p>A Stellar Cyber a legmodernebb, mesters\u00e9ges intelligenci\u00e1val vez\u00e9relt kiberv\u00e9delmi platform, amely teljes k\u00f6r\u0171, automatiz\u00e1lt fenyeget\u00e9s\u00e9szlel\u00e9st, v\u00e1laszad\u00e1st \u00e9s biztons\u00e1gi m\u0171veletkezel\u00e9st biztos\u00edt [&hellip;]<\/p>\n","protected":false},"featured_media":0,"template":"","meta":{"site-sidebar-layout":"default","site-content-layout":"","ast-site-content-layout":"default","site-content-style":"default","site-sidebar-style":"default","ast-global-header-display":"","ast-banner-title-visibility":"","ast-main-header-display":"","ast-hfb-above-header-display":"","ast-hfb-below-header-display":"","ast-hfb-mobile-header-display":"","site-post-title":"","ast-breadcrumbs-content":"","ast-featured-img":"","footer-sml-layout":"","ast-disable-related-posts":"","theme-transparent-header-meta":"default","adv-header-id-meta":"","stick-header-meta":"","header-above-stick-meta":"","header-main-stick-meta":"","header-below-stick-meta":"","astra-migrate-meta-layouts":"set","ast-page-background-enabled":"default","ast-page-background-meta":{"desktop":{"background-color":"var(--ast-global-color-4)","background-image":"","background-repeat":"repeat","background-position":"center center","background-size":"auto","background-attachment":"scroll","background-type":"","background-media":"","overlay-type":"","overlay-color":"","overlay-opacity":"","overlay-gradient":""},"tablet":{"background-color":"","background-image":"","background-repeat":"repeat","background-position":"center center","background-size":"auto","background-attachment":"scroll","background-type":"","background-media":"","overlay-type":"","overlay-color":"","overlay-opacity":"","overlay-gradient":""},"mobile":{"background-color":"","background-image":"","background-repeat":"repeat","background-position":"center center","background-size":"auto","background-attachment":"scroll","background-type":"","background-media":"","overlay-type":"","overlay-color":"","overlay-opacity":"","overlay-gradient":""}},"ast-content-background-meta":{"desktop":{"background-color":"var(--ast-global-color-5)","background-image":"","background-repeat":"repeat","background-position":"center center","background-size":"auto","background-attachment":"scroll","background-type":"","background-media":"","overlay-type":"","overlay-color":"","overlay-opacity":"","overlay-gradient":""},"tablet":{"background-color":"var(--ast-global-color-5)","background-image":"","background-repeat":"repeat","background-position":"center center","background-size":"auto","background-attachment":"scroll","background-type":"","background-media":"","overlay-type":"","overlay-color":"","overlay-opacity":"","overlay-gradient":""},"mobile":{"background-color":"var(--ast-global-color-5)","background-image":"","background-repeat":"repeat","background-position":"center center","background-size":"auto","background-attachment":"scroll","background-type":"","background-media":"","overlay-type":"","overlay-color":"","overlay-opacity":"","overlay-gradient":""}}},"product_brand":[],"product_cat":[25],"product_tag":[],"class_list":{"0":"post-2839","1":"product","2":"type-product","3":"status-publish","5":"product_cat-uncategorized","6":"desktop-align-left","7":"tablet-align-left","8":"mobile-align-left","10":"first","11":"instock","12":"shipping-taxable","13":"product-type-simple"},"yoast_head":"<!-- This site is optimized with the Yoast SEO Premium plugin v27.4 (Yoast SEO v27.5) - https:\/\/yoast.com\/product\/yoast-seo-premium-wordpress\/ -->\n<title>Stellar Cyber \u2013 Innovat\u00edv, AI-alap\u00fa kiberv\u00e9delmi platform - Cyber Operations Group Kft.<\/title>\n<meta name=\"robots\" content=\"index, follow, max-snippet:-1, max-image-preview:large, max-video-preview:-1\" \/>\n<link rel=\"canonical\" href=\"https:\/\/cyberoperations.hu\/it\/prodotto\/stellar-cyber\/\" \/>\n<meta property=\"og:locale\" content=\"it_IT\" \/>\n<meta property=\"og:type\" content=\"article\" \/>\n<meta property=\"og:title\" content=\"Stellar Cyber \u2013 Innovat\u00edv, AI-alap\u00fa kiberv\u00e9delmi platform\" \/>\n<meta property=\"og:description\" content=\"A Stellar Cyber a legmodernebb, mesters\u00e9ges intelligenci\u00e1val vez\u00e9relt kiberv\u00e9delmi platform, amely teljes k\u00f6r\u0171, automatiz\u00e1lt fenyeget\u00e9s\u00e9szlel\u00e9st, v\u00e1laszad\u00e1st \u00e9s biztons\u00e1gi m\u0171veletkezel\u00e9st biztos\u00edt [&hellip;]\" \/>\n<meta property=\"og:url\" content=\"https:\/\/cyberoperations.hu\/it\/prodotto\/stellar-cyber\/\" \/>\n<meta property=\"og:site_name\" content=\"Cyber Operations Group Kft.\" \/>\n<meta property=\"article:modified_time\" content=\"2025-08-05T11:36:47+00:00\" \/>\n<meta name=\"twitter:card\" content=\"summary_large_image\" \/>\n<meta name=\"twitter:label1\" content=\"Prezzo\" \/>\n\t<meta name=\"twitter:data1\" content=\"\" \/>\n\t<meta name=\"twitter:label2\" content=\"Disponibilit\u00e0\" \/>\n\t<meta name=\"twitter:data2\" content=\"In stock\" \/>\n<script type=\"application\/ld+json\" class=\"yoast-schema-graph\">{\"@context\":\"https:\\\/\\\/schema.org\",\"@graph\":[{\"@type\":\"WebPage\",\"@id\":\"https:\\\/\\\/cyberoperations.hu\\\/termek\\\/stellar-cyber\\\/\",\"url\":\"https:\\\/\\\/cyberoperations.hu\\\/termek\\\/stellar-cyber\\\/\",\"name\":\"Stellar Cyber \u2013 Innovat\u00edv, AI-alap\u00fa kiberv\u00e9delmi platform - Cyber Operations Group Kft.\",\"isPartOf\":{\"@id\":\"https:\\\/\\\/cyberoperations.hu\\\/#website\"},\"datePublished\":\"2025-05-05T11:54:07+00:00\",\"dateModified\":\"2025-08-05T11:36:47+00:00\",\"breadcrumb\":{\"@id\":\"https:\\\/\\\/cyberoperations.hu\\\/termek\\\/stellar-cyber\\\/#breadcrumb\"},\"inLanguage\":\"it-IT\",\"potentialAction\":[{\"@type\":\"ReadAction\",\"target\":[\"https:\\\/\\\/cyberoperations.hu\\\/termek\\\/stellar-cyber\\\/\"]}]},{\"@type\":\"BreadcrumbList\",\"@id\":\"https:\\\/\\\/cyberoperations.hu\\\/termek\\\/stellar-cyber\\\/#breadcrumb\",\"itemListElement\":[{\"@type\":\"ListItem\",\"position\":1,\"name\":\"Kezd\u0151lap\",\"item\":\"https:\\\/\\\/cyberoperations.hu\\\/\"},{\"@type\":\"ListItem\",\"position\":2,\"name\":\"Shop\",\"item\":\"https:\\\/\\\/cyberoperations.hu\\\/shop\\\/\"},{\"@type\":\"ListItem\",\"position\":3,\"name\":\"Stellar Cyber \u2013 Innovat\u00edv, AI-alap\u00fa kiberv\u00e9delmi platform\"}]},{\"@type\":\"WebSite\",\"@id\":\"https:\\\/\\\/cyberoperations.hu\\\/#website\",\"url\":\"https:\\\/\\\/cyberoperations.hu\\\/\",\"name\":\"Cyber Operations Group Kft.\",\"description\":\"\",\"publisher\":{\"@id\":\"https:\\\/\\\/cyberoperations.hu\\\/#organization\"},\"potentialAction\":[{\"@type\":\"SearchAction\",\"target\":{\"@type\":\"EntryPoint\",\"urlTemplate\":\"https:\\\/\\\/cyberoperations.hu\\\/?s={search_term_string}\"},\"query-input\":{\"@type\":\"PropertyValueSpecification\",\"valueRequired\":true,\"valueName\":\"search_term_string\"}}],\"inLanguage\":\"it-IT\"},{\"@type\":\"Organization\",\"@id\":\"https:\\\/\\\/cyberoperations.hu\\\/#organization\",\"name\":\"Cyber Operations Group Kft.\",\"url\":\"https:\\\/\\\/cyberoperations.hu\\\/\",\"logo\":{\"@type\":\"ImageObject\",\"inLanguage\":\"it-IT\",\"@id\":\"https:\\\/\\\/cyberoperations.hu\\\/#\\\/schema\\\/logo\\\/image\\\/\",\"url\":\"https:\\\/\\\/cyberoperations.hu\\\/wp-content\\\/uploads\\\/2024\\\/12\\\/simalogo-2.png\",\"contentUrl\":\"https:\\\/\\\/cyberoperations.hu\\\/wp-content\\\/uploads\\\/2024\\\/12\\\/simalogo-2.png\",\"width\":1500,\"height\":400,\"caption\":\"Cyber Operations Group Kft.\"},\"image\":{\"@id\":\"https:\\\/\\\/cyberoperations.hu\\\/#\\\/schema\\\/logo\\\/image\\\/\"}}]}<\/script>\n<meta property=\"product:price:currency\" content=\"EUR\" \/>\n<meta property=\"og:availability\" content=\"instock\" \/>\n<meta property=\"product:availability\" content=\"instock\" \/>\n<meta property=\"product:condition\" content=\"new\" \/>\n<!-- \/ Yoast SEO Premium plugin. -->","yoast_head_json":{"title":"Stellar Cyber - Piattaforma innovativa di difesa informatica basata sull&#039;intelligenza artificiale - Cyber Operations Group Kft.","robots":{"index":"index","follow":"follow","max-snippet":"max-snippet:-1","max-image-preview":"max-image-preview:large","max-video-preview":"max-video-preview:-1"},"canonical":"https:\/\/cyberoperations.hu\/it\/prodotto\/stellar-cyber\/","og_locale":"it_IT","og_type":"article","og_title":"Stellar Cyber \u2013 Innovat\u00edv, AI-alap\u00fa kiberv\u00e9delmi platform","og_description":"A Stellar Cyber a legmodernebb, mesters\u00e9ges intelligenci\u00e1val vez\u00e9relt kiberv\u00e9delmi platform, amely teljes k\u00f6r\u0171, automatiz\u00e1lt fenyeget\u00e9s\u00e9szlel\u00e9st, v\u00e1laszad\u00e1st \u00e9s biztons\u00e1gi m\u0171veletkezel\u00e9st biztos\u00edt [&hellip;]","og_url":"https:\/\/cyberoperations.hu\/it\/prodotto\/stellar-cyber\/","og_site_name":"Cyber Operations Group Kft.","article_modified_time":"2025-08-05T11:36:47+00:00","twitter_card":"summary_large_image","twitter_misc":{"Prezzo":"","Disponibilit\u00e0":"In stock"},"schema":{"@context":"https:\/\/schema.org","@graph":[{"@type":"WebPage","@id":"https:\/\/cyberoperations.hu\/termek\/stellar-cyber\/","url":"https:\/\/cyberoperations.hu\/termek\/stellar-cyber\/","name":"Stellar Cyber - Piattaforma innovativa di difesa informatica basata sull&#039;intelligenza artificiale - Cyber Operations Group Kft.","isPartOf":{"@id":"https:\/\/cyberoperations.hu\/#website"},"datePublished":"2025-05-05T11:54:07+00:00","dateModified":"2025-08-05T11:36:47+00:00","breadcrumb":{"@id":"https:\/\/cyberoperations.hu\/termek\/stellar-cyber\/#breadcrumb"},"inLanguage":"it-IT","potentialAction":[{"@type":"ReadAction","target":["https:\/\/cyberoperations.hu\/termek\/stellar-cyber\/"]}]},{"@type":"BreadcrumbList","@id":"https:\/\/cyberoperations.hu\/termek\/stellar-cyber\/#breadcrumb","itemListElement":[{"@type":"ListItem","position":1,"name":"Kezd\u0151lap","item":"https:\/\/cyberoperations.hu\/"},{"@type":"ListItem","position":2,"name":"Shop","item":"https:\/\/cyberoperations.hu\/shop\/"},{"@type":"ListItem","position":3,"name":"Stellar Cyber \u2013 Innovat\u00edv, AI-alap\u00fa kiberv\u00e9delmi platform"}]},{"@type":"WebSite","@id":"https:\/\/cyberoperations.hu\/#website","url":"https:\/\/cyberoperations.hu\/","name":"Cyber Operations Group Ltd.","description":"","publisher":{"@id":"https:\/\/cyberoperations.hu\/#organization"},"potentialAction":[{"@type":"SearchAction","target":{"@type":"EntryPoint","urlTemplate":"https:\/\/cyberoperations.hu\/?s={search_term_string}"},"query-input":{"@type":"PropertyValueSpecification","valueRequired":true,"valueName":"search_term_string"}}],"inLanguage":"it-IT"},{"@type":"Organization","@id":"https:\/\/cyberoperations.hu\/#organization","name":"Cyber Operations Group Ltd.","url":"https:\/\/cyberoperations.hu\/","logo":{"@type":"ImageObject","inLanguage":"it-IT","@id":"https:\/\/cyberoperations.hu\/#\/schema\/logo\/image\/","url":"https:\/\/cyberoperations.hu\/wp-content\/uploads\/2024\/12\/simalogo-2.png","contentUrl":"https:\/\/cyberoperations.hu\/wp-content\/uploads\/2024\/12\/simalogo-2.png","width":1500,"height":400,"caption":"Cyber Operations Group Kft."},"image":{"@id":"https:\/\/cyberoperations.hu\/#\/schema\/logo\/image\/"}}]},"product_price_currency":"EUR","og_availability":"instock","product_availability":"instock","product_condition":"new"},"_links":{"self":[{"href":"https:\/\/cyberoperations.hu\/it\/wp-json\/wp\/v2\/product\/2839","targetHints":{"allow":["GET"]}}],"collection":[{"href":"https:\/\/cyberoperations.hu\/it\/wp-json\/wp\/v2\/product"}],"about":[{"href":"https:\/\/cyberoperations.hu\/it\/wp-json\/wp\/v2\/types\/product"}],"version-history":[{"count":0,"href":"https:\/\/cyberoperations.hu\/it\/wp-json\/wp\/v2\/product\/2839\/revisions"}],"wp:attachment":[{"href":"https:\/\/cyberoperations.hu\/it\/wp-json\/wp\/v2\/media?parent=2839"}],"wp:term":[{"taxonomy":"product_brand","embeddable":true,"href":"https:\/\/cyberoperations.hu\/it\/wp-json\/wp\/v2\/product_brand?post=2839"},{"taxonomy":"product_cat","embeddable":true,"href":"https:\/\/cyberoperations.hu\/it\/wp-json\/wp\/v2\/product_cat?post=2839"},{"taxonomy":"product_tag","embeddable":true,"href":"https:\/\/cyberoperations.hu\/it\/wp-json\/wp\/v2\/product_tag?post=2839"}],"curies":[{"name":"wp","href":"https:\/\/api.w.org\/{rel}","templated":true}]}}