{"id":2845,"date":"2025-05-05T13:59:15","date_gmt":"2025-05-05T11:59:15","guid":{"rendered":"https:\/\/cyberoperations.hu\/?post_type=product&#038;p=2845"},"modified":"2025-08-05T14:19:10","modified_gmt":"2025-08-05T12:19:10","slug":"itsmcmdb_rendszer","status":"publish","type":"product","link":"https:\/\/cyberoperations.hu\/it\/prodotto\/itsmcmdb_rendszer\/","title":{"rendered":"Sistema iTop ITSM e CMDB: gestione IT professionale in un unico posto"},"content":{"rendered":"<p>iTop \u00e8 un sistema completo e modulare di gestione dei servizi IT (ITSM) e di database di gestione della configurazione (CMDB) che aiuta le aziende a gestire i propri processi e risorse IT in modo trasparente ed efficiente.<\/p>\n<p><strong>Caratteristiche principali e vantaggi<\/strong><\/p>\n<ul>\n<li>Moduli completi basati su ITIL per la gestione dei servizi IT: gestione degli incidenti, gestione dei cambiamenti, gestione dei problemi, contabilit\u00e0 dei servizi e delle risorse, monitoraggio degli SLA.<\/li>\n<li>Database CMDB Central personalizzabile per la registrazione di tutte le risorse IT, dei servizi correlati e degli elementi di configurazione, nonch\u00e9 per la mappatura delle dipendenze e delle relazioni.<\/li>\n<li>Processi automatizzati, flussi di lavoro trasparenti. Processi di approvazione automatizzati, report personalizzabili, dashboard, registri di controllo.<\/li>\n<li>Conveniente, open source. Licenza gratuita, facile implementazione; funzionalit\u00e0 di livello aziendale con bassi costi di manutenzione.<\/li>\n<li>Integrazione flessibile Si integra facilmente con sistemi esterni (ad esempio Active Directory, posta elettronica, monitoraggio, ticketing o gestione delle risorse).<\/li>\n<li>Supporta la conformit\u00e0 Aiuta l&#039;azienda con gli audit IT, rendendola pi\u00f9 efficiente nel soddisfare i requisiti normativi e di conformit\u00e0.<\/li>\n<\/ul>\n<p><strong>A chi lo consigliamo?<\/strong><\/p>\n<ul>\n<li>Per aziende di medie e grandi dimensioni, fornitori di servizi e istituzioni che desiderano implementare una gestione trasparente, sicura e unificata dell&#039;infrastruttura IT.<\/li>\n<li>Per le organizzazioni in cui l&#039;accuratezza dei dati, la gestione efficiente delle risorse e la fornitura di servizi rapidi e affidabili sono di fondamentale importanza.<\/li>\n<\/ul>\n<p><strong>Con iTop, le operazioni IT diventano pi\u00f9 semplici, i registri delle risorse migliorano, i processi diventano pi\u00f9 trasparenti e le modifiche, gli audit o i problemi IT possono essere gestiti in modo pi\u00f9 efficace!<\/strong><\/p>","protected":false},"excerpt":{"rendered":"<p>Az iTop egy \u00e1tfog\u00f3, modul\u00e1ris IT Service Management (ITSM) \u00e9s Konfigur\u00e1ci\u00f3 Menedzsment Adatb\u00e1zis (CMDB) rendszer, amely seg\u00edti a v\u00e1llalatokat informatikai [&hellip;]<\/p>\n","protected":false},"featured_media":0,"template":"","meta":{"site-sidebar-layout":"default","site-content-layout":"","ast-site-content-layout":"default","site-content-style":"default","site-sidebar-style":"default","ast-global-header-display":"","ast-banner-title-visibility":"","ast-main-header-display":"","ast-hfb-above-header-display":"","ast-hfb-below-header-display":"","ast-hfb-mobile-header-display":"","site-post-title":"","ast-breadcrumbs-content":"","ast-featured-img":"","footer-sml-layout":"","ast-disable-related-posts":"","theme-transparent-header-meta":"default","adv-header-id-meta":"","stick-header-meta":"","header-above-stick-meta":"","header-main-stick-meta":"","header-below-stick-meta":"","astra-migrate-meta-layouts":"set","ast-page-background-enabled":"default","ast-page-background-meta":{"desktop":{"background-color":"var(--ast-global-color-4)","background-image":"","background-repeat":"repeat","background-position":"center center","background-size":"auto","background-attachment":"scroll","background-type":"","background-media":"","overlay-type":"","overlay-color":"","overlay-opacity":"","overlay-gradient":""},"tablet":{"background-color":"","background-image":"","background-repeat":"repeat","background-position":"center center","background-size":"auto","background-attachment":"scroll","background-type":"","background-media":"","overlay-type":"","overlay-color":"","overlay-opacity":"","overlay-gradient":""},"mobile":{"background-color":"","background-image":"","background-repeat":"repeat","background-position":"center center","background-size":"auto","background-attachment":"scroll","background-type":"","background-media":"","overlay-type":"","overlay-color":"","overlay-opacity":"","overlay-gradient":""}},"ast-content-background-meta":{"desktop":{"background-color":"var(--ast-global-color-5)","background-image":"","background-repeat":"repeat","background-position":"center center","background-size":"auto","background-attachment":"scroll","background-type":"","background-media":"","overlay-type":"","overlay-color":"","overlay-opacity":"","overlay-gradient":""},"tablet":{"background-color":"var(--ast-global-color-5)","background-image":"","background-repeat":"repeat","background-position":"center center","background-size":"auto","background-attachment":"scroll","background-type":"","background-media":"","overlay-type":"","overlay-color":"","overlay-opacity":"","overlay-gradient":""},"mobile":{"background-color":"var(--ast-global-color-5)","background-image":"","background-repeat":"repeat","background-position":"center center","background-size":"auto","background-attachment":"scroll","background-type":"","background-media":"","overlay-type":"","overlay-color":"","overlay-opacity":"","overlay-gradient":""}}},"product_brand":[],"product_cat":[25],"product_tag":[],"class_list":{"0":"post-2845","1":"product","2":"type-product","3":"status-publish","5":"product_cat-uncategorized","6":"desktop-align-left","7":"tablet-align-left","8":"mobile-align-left","10":"first","11":"instock","12":"shipping-taxable","13":"product-type-simple"},"yoast_head":"<!-- This site is optimized with the Yoast SEO Premium plugin v27.4 (Yoast SEO v27.4) - https:\/\/yoast.com\/product\/yoast-seo-premium-wordpress\/ -->\n<title>iTop ITSM &amp; CMDB rendszer \u2013 Professzion\u00e1lis IT menedzsment egy helyen - Cyber Operations Group Kft.<\/title>\n<meta name=\"robots\" content=\"index, follow, max-snippet:-1, max-image-preview:large, max-video-preview:-1\" \/>\n<link rel=\"canonical\" href=\"https:\/\/cyberoperations.hu\/it\/prodotto\/itsmcmdb_rendszer\/\" \/>\n<meta property=\"og:locale\" content=\"it_IT\" \/>\n<meta property=\"og:type\" content=\"article\" \/>\n<meta property=\"og:title\" content=\"iTop ITSM &amp; CMDB rendszer \u2013 Professzion\u00e1lis IT menedzsment egy helyen\" \/>\n<meta property=\"og:description\" content=\"Az iTop egy \u00e1tfog\u00f3, modul\u00e1ris IT Service Management (ITSM) \u00e9s Konfigur\u00e1ci\u00f3 Menedzsment Adatb\u00e1zis (CMDB) rendszer, amely seg\u00edti a v\u00e1llalatokat informatikai [&hellip;]\" \/>\n<meta property=\"og:url\" content=\"https:\/\/cyberoperations.hu\/it\/prodotto\/itsmcmdb_rendszer\/\" \/>\n<meta property=\"og:site_name\" content=\"Cyber Operations Group Kft.\" \/>\n<meta property=\"article:modified_time\" content=\"2025-08-05T12:19:10+00:00\" \/>\n<meta name=\"twitter:card\" content=\"summary_large_image\" \/>\n<meta name=\"twitter:label1\" content=\"Prezzo\" \/>\n\t<meta name=\"twitter:data1\" content=\"\" \/>\n\t<meta name=\"twitter:label2\" content=\"Disponibilit\u00e0\" \/>\n\t<meta name=\"twitter:data2\" content=\"In stock\" \/>\n<script type=\"application\/ld+json\" class=\"yoast-schema-graph\">{\"@context\":\"https:\\\/\\\/schema.org\",\"@graph\":[{\"@type\":\"WebPage\",\"@id\":\"https:\\\/\\\/cyberoperations.hu\\\/termek\\\/itsmcmdb_rendszer\\\/\",\"url\":\"https:\\\/\\\/cyberoperations.hu\\\/termek\\\/itsmcmdb_rendszer\\\/\",\"name\":\"iTop ITSM & CMDB rendszer \u2013 Professzion\u00e1lis IT menedzsment egy helyen - Cyber Operations Group Kft.\",\"isPartOf\":{\"@id\":\"https:\\\/\\\/cyberoperations.hu\\\/#website\"},\"datePublished\":\"2025-05-05T11:59:15+00:00\",\"dateModified\":\"2025-08-05T12:19:10+00:00\",\"breadcrumb\":{\"@id\":\"https:\\\/\\\/cyberoperations.hu\\\/termek\\\/itsmcmdb_rendszer\\\/#breadcrumb\"},\"inLanguage\":\"it-IT\",\"potentialAction\":[{\"@type\":\"ReadAction\",\"target\":[\"https:\\\/\\\/cyberoperations.hu\\\/termek\\\/itsmcmdb_rendszer\\\/\"]}]},{\"@type\":\"BreadcrumbList\",\"@id\":\"https:\\\/\\\/cyberoperations.hu\\\/termek\\\/itsmcmdb_rendszer\\\/#breadcrumb\",\"itemListElement\":[{\"@type\":\"ListItem\",\"position\":1,\"name\":\"Kezd\u0151lap\",\"item\":\"https:\\\/\\\/cyberoperations.hu\\\/\"},{\"@type\":\"ListItem\",\"position\":2,\"name\":\"Shop\",\"item\":\"https:\\\/\\\/cyberoperations.hu\\\/shop\\\/\"},{\"@type\":\"ListItem\",\"position\":3,\"name\":\"iTop ITSM &#038; CMDB rendszer \u2013 Professzion\u00e1lis IT menedzsment egy helyen\"}]},{\"@type\":\"WebSite\",\"@id\":\"https:\\\/\\\/cyberoperations.hu\\\/#website\",\"url\":\"https:\\\/\\\/cyberoperations.hu\\\/\",\"name\":\"Cyber Operations Group Kft.\",\"description\":\"\",\"publisher\":{\"@id\":\"https:\\\/\\\/cyberoperations.hu\\\/#organization\"},\"potentialAction\":[{\"@type\":\"SearchAction\",\"target\":{\"@type\":\"EntryPoint\",\"urlTemplate\":\"https:\\\/\\\/cyberoperations.hu\\\/?s={search_term_string}\"},\"query-input\":{\"@type\":\"PropertyValueSpecification\",\"valueRequired\":true,\"valueName\":\"search_term_string\"}}],\"inLanguage\":\"it-IT\"},{\"@type\":\"Organization\",\"@id\":\"https:\\\/\\\/cyberoperations.hu\\\/#organization\",\"name\":\"Cyber Operations Group Kft.\",\"url\":\"https:\\\/\\\/cyberoperations.hu\\\/\",\"logo\":{\"@type\":\"ImageObject\",\"inLanguage\":\"it-IT\",\"@id\":\"https:\\\/\\\/cyberoperations.hu\\\/#\\\/schema\\\/logo\\\/image\\\/\",\"url\":\"https:\\\/\\\/cyberoperations.hu\\\/wp-content\\\/uploads\\\/2024\\\/12\\\/simalogo-2.png\",\"contentUrl\":\"https:\\\/\\\/cyberoperations.hu\\\/wp-content\\\/uploads\\\/2024\\\/12\\\/simalogo-2.png\",\"width\":1500,\"height\":400,\"caption\":\"Cyber Operations Group Kft.\"},\"image\":{\"@id\":\"https:\\\/\\\/cyberoperations.hu\\\/#\\\/schema\\\/logo\\\/image\\\/\"}}]}<\/script>\n<meta property=\"product:price:currency\" content=\"EUR\" \/>\n<meta property=\"og:availability\" content=\"instock\" \/>\n<meta property=\"product:availability\" content=\"instock\" \/>\n<meta property=\"product:condition\" content=\"new\" \/>\n<!-- \/ Yoast SEO Premium plugin. -->","yoast_head_json":{"title":"Sistema iTop ITSM e CMDB: gestione IT professionale in un unico posto - Cyber Operations Group Kft.","robots":{"index":"index","follow":"follow","max-snippet":"max-snippet:-1","max-image-preview":"max-image-preview:large","max-video-preview":"max-video-preview:-1"},"canonical":"https:\/\/cyberoperations.hu\/it\/prodotto\/itsmcmdb_rendszer\/","og_locale":"it_IT","og_type":"article","og_title":"iTop ITSM & CMDB rendszer \u2013 Professzion\u00e1lis IT menedzsment egy helyen","og_description":"Az iTop egy \u00e1tfog\u00f3, modul\u00e1ris IT Service Management (ITSM) \u00e9s Konfigur\u00e1ci\u00f3 Menedzsment Adatb\u00e1zis (CMDB) rendszer, amely seg\u00edti a v\u00e1llalatokat informatikai [&hellip;]","og_url":"https:\/\/cyberoperations.hu\/it\/prodotto\/itsmcmdb_rendszer\/","og_site_name":"Cyber Operations Group Kft.","article_modified_time":"2025-08-05T12:19:10+00:00","twitter_card":"summary_large_image","twitter_misc":{"Prezzo":"","Disponibilit\u00e0":"In stock"},"schema":{"@context":"https:\/\/schema.org","@graph":[{"@type":"WebPage","@id":"https:\/\/cyberoperations.hu\/termek\/itsmcmdb_rendszer\/","url":"https:\/\/cyberoperations.hu\/termek\/itsmcmdb_rendszer\/","name":"Sistema iTop ITSM e CMDB: gestione IT professionale in un unico posto - Cyber Operations Group Kft.","isPartOf":{"@id":"https:\/\/cyberoperations.hu\/#website"},"datePublished":"2025-05-05T11:59:15+00:00","dateModified":"2025-08-05T12:19:10+00:00","breadcrumb":{"@id":"https:\/\/cyberoperations.hu\/termek\/itsmcmdb_rendszer\/#breadcrumb"},"inLanguage":"it-IT","potentialAction":[{"@type":"ReadAction","target":["https:\/\/cyberoperations.hu\/termek\/itsmcmdb_rendszer\/"]}]},{"@type":"BreadcrumbList","@id":"https:\/\/cyberoperations.hu\/termek\/itsmcmdb_rendszer\/#breadcrumb","itemListElement":[{"@type":"ListItem","position":1,"name":"Kezd\u0151lap","item":"https:\/\/cyberoperations.hu\/"},{"@type":"ListItem","position":2,"name":"Shop","item":"https:\/\/cyberoperations.hu\/shop\/"},{"@type":"ListItem","position":3,"name":"iTop ITSM &#038; CMDB rendszer \u2013 Professzion\u00e1lis IT menedzsment egy helyen"}]},{"@type":"WebSite","@id":"https:\/\/cyberoperations.hu\/#website","url":"https:\/\/cyberoperations.hu\/","name":"Cyber Operations Group Ltd.","description":"","publisher":{"@id":"https:\/\/cyberoperations.hu\/#organization"},"potentialAction":[{"@type":"SearchAction","target":{"@type":"EntryPoint","urlTemplate":"https:\/\/cyberoperations.hu\/?s={search_term_string}"},"query-input":{"@type":"PropertyValueSpecification","valueRequired":true,"valueName":"search_term_string"}}],"inLanguage":"it-IT"},{"@type":"Organization","@id":"https:\/\/cyberoperations.hu\/#organization","name":"Cyber Operations Group Ltd.","url":"https:\/\/cyberoperations.hu\/","logo":{"@type":"ImageObject","inLanguage":"it-IT","@id":"https:\/\/cyberoperations.hu\/#\/schema\/logo\/image\/","url":"https:\/\/cyberoperations.hu\/wp-content\/uploads\/2024\/12\/simalogo-2.png","contentUrl":"https:\/\/cyberoperations.hu\/wp-content\/uploads\/2024\/12\/simalogo-2.png","width":1500,"height":400,"caption":"Cyber Operations Group Kft."},"image":{"@id":"https:\/\/cyberoperations.hu\/#\/schema\/logo\/image\/"}}]},"product_price_currency":"EUR","og_availability":"instock","product_availability":"instock","product_condition":"new"},"_links":{"self":[{"href":"https:\/\/cyberoperations.hu\/it\/wp-json\/wp\/v2\/product\/2845","targetHints":{"allow":["GET"]}}],"collection":[{"href":"https:\/\/cyberoperations.hu\/it\/wp-json\/wp\/v2\/product"}],"about":[{"href":"https:\/\/cyberoperations.hu\/it\/wp-json\/wp\/v2\/types\/product"}],"version-history":[{"count":0,"href":"https:\/\/cyberoperations.hu\/it\/wp-json\/wp\/v2\/product\/2845\/revisions"}],"wp:attachment":[{"href":"https:\/\/cyberoperations.hu\/it\/wp-json\/wp\/v2\/media?parent=2845"}],"wp:term":[{"taxonomy":"product_brand","embeddable":true,"href":"https:\/\/cyberoperations.hu\/it\/wp-json\/wp\/v2\/product_brand?post=2845"},{"taxonomy":"product_cat","embeddable":true,"href":"https:\/\/cyberoperations.hu\/it\/wp-json\/wp\/v2\/product_cat?post=2845"},{"taxonomy":"product_tag","embeddable":true,"href":"https:\/\/cyberoperations.hu\/it\/wp-json\/wp\/v2\/product_tag?post=2845"}],"curies":[{"name":"wp","href":"https:\/\/api.w.org\/{rel}","templated":true}]}}