{"id":3266,"date":"2026-03-25T10:51:18","date_gmt":"2026-03-25T09:51:18","guid":{"rendered":"https:\/\/cyberoperations.hu\/?post_type=product&#038;p=3266"},"modified":"2026-03-25T10:54:09","modified_gmt":"2026-03-25T09:54:09","slug":"soluzioni-digitali-e-software","status":"publish","type":"product","link":"https:\/\/cyberoperations.hu\/it\/termek\/digitalis-es-szoftvermegoldasok\/","title":{"rendered":"Soluzioni digitali e software"},"content":{"rendered":"<div data-elementor-type=\"product-post\" data-elementor-id=\"3266\" class=\"elementor elementor-3266\" data-elementor-post-type=\"product\">\n\t\t\t\t<div class=\"elementor-element elementor-element-a7b63ec e-flex e-con-boxed e-con e-parent\" data-id=\"a7b63ec\" data-element_type=\"container\" data-e-type=\"container\">\n\t\t\t\t\t<div class=\"e-con-inner\">\n\t\t\t\t<div class=\"elementor-element elementor-element-5e621569 elementor-widget elementor-widget-text-editor\" data-id=\"5e621569\" data-element_type=\"widget\" data-e-type=\"widget\" data-widget_type=\"text-editor.default\">\n\t\t\t\t<div class=\"elementor-widget-container\">\n\t\t\t\t\t\t\t\t\t<p data-start=\"91\" data-end=\"383\">Nell&#039;attuale contesto aziendale, le operazioni digitali non rappresentano solo un vantaggio competitivo, ma un requisito fondamentale. Le rapide evoluzioni del mercato, i crescenti volumi di dati e la sempre maggiore complessit\u00e0 dei processi operativi impongono alle aziende di affidarsi a sistemi moderni, integrati e intelligenti.<\/p><p data-start=\"385\" data-end=\"770\">La nostra azienda offre soluzioni digitali e software che supportano l&#039;efficienza operativa delle imprese, automatizzano i processi chiave e consentono una crescita scalabile. I nostri servizi comprendono lo sviluppo di sistemi di gestione delle relazioni con i clienti (CRM), l&#039;implementazione di soluzioni di pianificazione delle risorse aziendali (ERP), sviluppi personalizzati e l&#039;integrazione di diversi sistemi.<\/p><p data-start=\"772\" data-end=\"1118\">Puntiamo con decisione sull&#039;automazione e sulle soluzioni basate sull&#039;intelligenza artificiale, in grado di ridurre l&#039;errore umano, accelerare i processi decisionali e generare un significativo risparmio di risorse. Le tecnologie che utilizziamo non solo ottimizzano le operazioni attuali, ma preparano anche le aziende alle sfide del futuro.<\/p><p data-start=\"1120\" data-end=\"1511\">Nella progettazione delle nostre soluzioni, partiamo sempre dalle esigenze specifiche di ogni singola organizzazione. Il nostro obiettivo non \u00e8 implementare un sistema preconfezionato, ma creare un ambiente digitale personalizzato che generi un reale valore aggiunto per il business. Che si tratti di ottimizzazione dei processi, gestione delle operazioni basata sui dati o complesse trasformazioni digitali, il nostro team di esperti offre supporto in ogni fase del percorso.<\/p><p data-start=\"1513\" data-end=\"1785\">Inoltre, siamo a disposizione per esigenze di sviluppo individuali e aiutiamo le aziende richiedenti a selezionare e implementare soluzioni adeguate nell&#039;ambito di programmi di gara, come ad esempio i finanziamenti per lo sviluppo digitale e le tecnologie.<\/p><p data-start=\"1787\" data-end=\"2014\">Riteniamo che i sistemi digitali, se progettati e gestiti correttamente, non solo rendano le aziende pi\u00f9 efficienti, ma aprano anche nuove opportunit\u00e0 di business e garantiscano una crescita sostenibile a lungo termine.<\/p><p data-start=\"2016\" data-end=\"2101\" data-is-last-node=\"\" data-is-only-node=\"\"><strong data-start=\"2016\" data-end=\"2101\" data-is-last-node=\"\">Contattaci utilizzando il modulo sottostante cliccando sul pulsante &quot;Richiedi un preventivo&quot;.<\/strong><\/p>\t\t\t\t\t\t\t\t<\/div>\n\t\t\t\t<\/div>\n\t\t\t\t\t<\/div>\n\t\t\t\t<\/div>\n\t\t\t\t<\/div>","protected":false},"excerpt":{"rendered":"<p>A mai \u00fczleti k\u00f6rnyezetben a digit\u00e1lis m\u0171k\u00f6d\u00e9s nem csup\u00e1n versenyel\u0151ny, hanem alapvet\u0151 elv\u00e1r\u00e1s. A gyorsan v\u00e1ltoz\u00f3 piaci ig\u00e9nyek, a n\u00f6vekv\u0151 [&hellip;]<\/p>\n","protected":false},"featured_media":0,"template":"","meta":{"site-sidebar-layout":"default","site-content-layout":"","ast-site-content-layout":"default","site-content-style":"default","site-sidebar-style":"default","ast-global-header-display":"","ast-banner-title-visibility":"","ast-main-header-display":"","ast-hfb-above-header-display":"","ast-hfb-below-header-display":"","ast-hfb-mobile-header-display":"","site-post-title":"","ast-breadcrumbs-content":"","ast-featured-img":"","footer-sml-layout":"","ast-disable-related-posts":"","theme-transparent-header-meta":"default","adv-header-id-meta":"","stick-header-meta":"","header-above-stick-meta":"","header-main-stick-meta":"","header-below-stick-meta":"","astra-migrate-meta-layouts":"set","ast-page-background-enabled":"default","ast-page-background-meta":{"desktop":{"background-color":"var(--ast-global-color-4)","background-image":"","background-repeat":"repeat","background-position":"center center","background-size":"auto","background-attachment":"scroll","background-type":"","background-media":"","overlay-type":"","overlay-color":"","overlay-opacity":"","overlay-gradient":""},"tablet":{"background-color":"","background-image":"","background-repeat":"repeat","background-position":"center center","background-size":"auto","background-attachment":"scroll","background-type":"","background-media":"","overlay-type":"","overlay-color":"","overlay-opacity":"","overlay-gradient":""},"mobile":{"background-color":"","background-image":"","background-repeat":"repeat","background-position":"center center","background-size":"auto","background-attachment":"scroll","background-type":"","background-media":"","overlay-type":"","overlay-color":"","overlay-opacity":"","overlay-gradient":""}},"ast-content-background-meta":{"desktop":{"background-color":"var(--ast-global-color-5)","background-image":"","background-repeat":"repeat","background-position":"center center","background-size":"auto","background-attachment":"scroll","background-type":"","background-media":"","overlay-type":"","overlay-color":"","overlay-opacity":"","overlay-gradient":""},"tablet":{"background-color":"var(--ast-global-color-5)","background-image":"","background-repeat":"repeat","background-position":"center center","background-size":"auto","background-attachment":"scroll","background-type":"","background-media":"","overlay-type":"","overlay-color":"","overlay-opacity":"","overlay-gradient":""},"mobile":{"background-color":"var(--ast-global-color-5)","background-image":"","background-repeat":"repeat","background-position":"center center","background-size":"auto","background-attachment":"scroll","background-type":"","background-media":"","overlay-type":"","overlay-color":"","overlay-opacity":"","overlay-gradient":""}}},"product_brand":[],"product_cat":[25],"product_tag":[],"class_list":{"0":"post-3266","1":"product","2":"type-product","3":"status-publish","5":"product_cat-uncategorized","6":"desktop-align-left","7":"tablet-align-left","8":"mobile-align-left","10":"first","11":"instock","12":"shipping-taxable","13":"product-type-simple"},"yoast_head":"<!-- This site is optimized with the Yoast SEO Premium plugin v27.3 (Yoast SEO v27.3) - https:\/\/yoast.com\/product\/yoast-seo-premium-wordpress\/ -->\n<title>Digit\u00e1lis \u00e9s szoftvermegold\u00e1sok - Cyber Operations Group Kft.<\/title>\n<meta name=\"robots\" content=\"index, follow, max-snippet:-1, max-image-preview:large, max-video-preview:-1\" \/>\n<link rel=\"canonical\" href=\"https:\/\/cyberoperations.hu\/it\/prodotto\/soluzioni-digitali-e-software\/\" \/>\n<meta property=\"og:locale\" content=\"it_IT\" \/>\n<meta property=\"og:type\" content=\"article\" \/>\n<meta property=\"og:title\" content=\"Digit\u00e1lis \u00e9s szoftvermegold\u00e1sok\" \/>\n<meta property=\"og:description\" content=\"A mai \u00fczleti k\u00f6rnyezetben a digit\u00e1lis m\u0171k\u00f6d\u00e9s nem csup\u00e1n versenyel\u0151ny, hanem alapvet\u0151 elv\u00e1r\u00e1s. A gyorsan v\u00e1ltoz\u00f3 piaci ig\u00e9nyek, a n\u00f6vekv\u0151 [&hellip;]\" \/>\n<meta property=\"og:url\" content=\"https:\/\/cyberoperations.hu\/it\/prodotto\/soluzioni-digitali-e-software\/\" \/>\n<meta property=\"og:site_name\" content=\"Cyber Operations Group Kft.\" \/>\n<meta property=\"article:modified_time\" content=\"2026-03-25T09:54:09+00:00\" \/>\n<meta name=\"twitter:card\" content=\"summary_large_image\" \/>\n<meta name=\"twitter:label1\" content=\"Prezzo\" \/>\n\t<meta name=\"twitter:data1\" content=\"\" \/>\n\t<meta name=\"twitter:label2\" content=\"Disponibilit\u00e0\" \/>\n\t<meta name=\"twitter:data2\" content=\"In stock\" \/>\n<script type=\"application\/ld+json\" class=\"yoast-schema-graph\">{\"@context\":\"https:\\\/\\\/schema.org\",\"@graph\":[{\"@type\":\"WebPage\",\"@id\":\"https:\\\/\\\/cyberoperations.hu\\\/termek\\\/digitalis-es-szoftvermegoldasok\\\/\",\"url\":\"https:\\\/\\\/cyberoperations.hu\\\/termek\\\/digitalis-es-szoftvermegoldasok\\\/\",\"name\":\"Digit\u00e1lis \u00e9s szoftvermegold\u00e1sok - Cyber Operations Group Kft.\",\"isPartOf\":{\"@id\":\"https:\\\/\\\/cyberoperations.hu\\\/#website\"},\"datePublished\":\"2026-03-25T09:51:18+00:00\",\"dateModified\":\"2026-03-25T09:54:09+00:00\",\"breadcrumb\":{\"@id\":\"https:\\\/\\\/cyberoperations.hu\\\/termek\\\/digitalis-es-szoftvermegoldasok\\\/#breadcrumb\"},\"inLanguage\":\"it-IT\",\"potentialAction\":[{\"@type\":\"ReadAction\",\"target\":[\"https:\\\/\\\/cyberoperations.hu\\\/termek\\\/digitalis-es-szoftvermegoldasok\\\/\"]}]},{\"@type\":\"BreadcrumbList\",\"@id\":\"https:\\\/\\\/cyberoperations.hu\\\/termek\\\/digitalis-es-szoftvermegoldasok\\\/#breadcrumb\",\"itemListElement\":[{\"@type\":\"ListItem\",\"position\":1,\"name\":\"Kezd\u0151lap\",\"item\":\"https:\\\/\\\/cyberoperations.hu\\\/\"},{\"@type\":\"ListItem\",\"position\":2,\"name\":\"Shop\",\"item\":\"https:\\\/\\\/cyberoperations.hu\\\/shop\\\/\"},{\"@type\":\"ListItem\",\"position\":3,\"name\":\"Digit\u00e1lis \u00e9s szoftvermegold\u00e1sok\"}]},{\"@type\":\"WebSite\",\"@id\":\"https:\\\/\\\/cyberoperations.hu\\\/#website\",\"url\":\"https:\\\/\\\/cyberoperations.hu\\\/\",\"name\":\"Cyber Operations Group Kft.\",\"description\":\"\",\"publisher\":{\"@id\":\"https:\\\/\\\/cyberoperations.hu\\\/#organization\"},\"potentialAction\":[{\"@type\":\"SearchAction\",\"target\":{\"@type\":\"EntryPoint\",\"urlTemplate\":\"https:\\\/\\\/cyberoperations.hu\\\/?s={search_term_string}\"},\"query-input\":{\"@type\":\"PropertyValueSpecification\",\"valueRequired\":true,\"valueName\":\"search_term_string\"}}],\"inLanguage\":\"it-IT\"},{\"@type\":\"Organization\",\"@id\":\"https:\\\/\\\/cyberoperations.hu\\\/#organization\",\"name\":\"Cyber Operations Group Kft.\",\"url\":\"https:\\\/\\\/cyberoperations.hu\\\/\",\"logo\":{\"@type\":\"ImageObject\",\"inLanguage\":\"it-IT\",\"@id\":\"https:\\\/\\\/cyberoperations.hu\\\/#\\\/schema\\\/logo\\\/image\\\/\",\"url\":\"https:\\\/\\\/cyberoperations.hu\\\/wp-content\\\/uploads\\\/2024\\\/12\\\/simalogo-2.png\",\"contentUrl\":\"https:\\\/\\\/cyberoperations.hu\\\/wp-content\\\/uploads\\\/2024\\\/12\\\/simalogo-2.png\",\"width\":1500,\"height\":400,\"caption\":\"Cyber Operations Group Kft.\"},\"image\":{\"@id\":\"https:\\\/\\\/cyberoperations.hu\\\/#\\\/schema\\\/logo\\\/image\\\/\"}}]}<\/script>\n<meta property=\"product:price:currency\" content=\"EUR\" \/>\n<meta property=\"og:availability\" content=\"instock\" \/>\n<meta property=\"product:availability\" content=\"instock\" \/>\n<meta property=\"product:condition\" content=\"new\" \/>\n<!-- \/ Yoast SEO Premium plugin. -->","yoast_head_json":{"title":"Soluzioni digitali e software - Cyber Operations Group Ltd.","robots":{"index":"index","follow":"follow","max-snippet":"max-snippet:-1","max-image-preview":"max-image-preview:large","max-video-preview":"max-video-preview:-1"},"canonical":"https:\/\/cyberoperations.hu\/it\/prodotto\/soluzioni-digitali-e-software\/","og_locale":"it_IT","og_type":"article","og_title":"Digit\u00e1lis \u00e9s szoftvermegold\u00e1sok","og_description":"A mai \u00fczleti k\u00f6rnyezetben a digit\u00e1lis m\u0171k\u00f6d\u00e9s nem csup\u00e1n versenyel\u0151ny, hanem alapvet\u0151 elv\u00e1r\u00e1s. A gyorsan v\u00e1ltoz\u00f3 piaci ig\u00e9nyek, a n\u00f6vekv\u0151 [&hellip;]","og_url":"https:\/\/cyberoperations.hu\/it\/prodotto\/soluzioni-digitali-e-software\/","og_site_name":"Cyber Operations Group Kft.","article_modified_time":"2026-03-25T09:54:09+00:00","twitter_card":"summary_large_image","twitter_misc":{"Prezzo":"","Disponibilit\u00e0":"In stock"},"schema":{"@context":"https:\/\/schema.org","@graph":[{"@type":"WebPage","@id":"https:\/\/cyberoperations.hu\/termek\/digitalis-es-szoftvermegoldasok\/","url":"https:\/\/cyberoperations.hu\/termek\/digitalis-es-szoftvermegoldasok\/","name":"Soluzioni digitali e software - Cyber Operations Group Ltd.","isPartOf":{"@id":"https:\/\/cyberoperations.hu\/#website"},"datePublished":"2026-03-25T09:51:18+00:00","dateModified":"2026-03-25T09:54:09+00:00","breadcrumb":{"@id":"https:\/\/cyberoperations.hu\/termek\/digitalis-es-szoftvermegoldasok\/#breadcrumb"},"inLanguage":"it-IT","potentialAction":[{"@type":"ReadAction","target":["https:\/\/cyberoperations.hu\/termek\/digitalis-es-szoftvermegoldasok\/"]}]},{"@type":"BreadcrumbList","@id":"https:\/\/cyberoperations.hu\/termek\/digitalis-es-szoftvermegoldasok\/#breadcrumb","itemListElement":[{"@type":"ListItem","position":1,"name":"Kezd\u0151lap","item":"https:\/\/cyberoperations.hu\/"},{"@type":"ListItem","position":2,"name":"Shop","item":"https:\/\/cyberoperations.hu\/shop\/"},{"@type":"ListItem","position":3,"name":"Digit\u00e1lis \u00e9s szoftvermegold\u00e1sok"}]},{"@type":"WebSite","@id":"https:\/\/cyberoperations.hu\/#website","url":"https:\/\/cyberoperations.hu\/","name":"Cyber Operations Group Ltd.","description":"","publisher":{"@id":"https:\/\/cyberoperations.hu\/#organization"},"potentialAction":[{"@type":"SearchAction","target":{"@type":"EntryPoint","urlTemplate":"https:\/\/cyberoperations.hu\/?s={search_term_string}"},"query-input":{"@type":"PropertyValueSpecification","valueRequired":true,"valueName":"search_term_string"}}],"inLanguage":"it-IT"},{"@type":"Organization","@id":"https:\/\/cyberoperations.hu\/#organization","name":"Cyber Operations Group Ltd.","url":"https:\/\/cyberoperations.hu\/","logo":{"@type":"ImageObject","inLanguage":"it-IT","@id":"https:\/\/cyberoperations.hu\/#\/schema\/logo\/image\/","url":"https:\/\/cyberoperations.hu\/wp-content\/uploads\/2024\/12\/simalogo-2.png","contentUrl":"https:\/\/cyberoperations.hu\/wp-content\/uploads\/2024\/12\/simalogo-2.png","width":1500,"height":400,"caption":"Cyber Operations Group Kft."},"image":{"@id":"https:\/\/cyberoperations.hu\/#\/schema\/logo\/image\/"}}]},"product_price_currency":"EUR","og_availability":"instock","product_availability":"instock","product_condition":"new"},"_links":{"self":[{"href":"https:\/\/cyberoperations.hu\/it\/wp-json\/wp\/v2\/product\/3266","targetHints":{"allow":["GET"]}}],"collection":[{"href":"https:\/\/cyberoperations.hu\/it\/wp-json\/wp\/v2\/product"}],"about":[{"href":"https:\/\/cyberoperations.hu\/it\/wp-json\/wp\/v2\/types\/product"}],"version-history":[{"count":5,"href":"https:\/\/cyberoperations.hu\/it\/wp-json\/wp\/v2\/product\/3266\/revisions"}],"predecessor-version":[{"id":3273,"href":"https:\/\/cyberoperations.hu\/it\/wp-json\/wp\/v2\/product\/3266\/revisions\/3273"}],"wp:attachment":[{"href":"https:\/\/cyberoperations.hu\/it\/wp-json\/wp\/v2\/media?parent=3266"}],"wp:term":[{"taxonomy":"product_brand","embeddable":true,"href":"https:\/\/cyberoperations.hu\/it\/wp-json\/wp\/v2\/product_brand?post=3266"},{"taxonomy":"product_cat","embeddable":true,"href":"https:\/\/cyberoperations.hu\/it\/wp-json\/wp\/v2\/product_cat?post=3266"},{"taxonomy":"product_tag","embeddable":true,"href":"https:\/\/cyberoperations.hu\/it\/wp-json\/wp\/v2\/product_tag?post=3266"}],"curies":[{"name":"wp","href":"https:\/\/api.w.org\/{rel}","templated":true}]}}