{"id":1982,"date":"2024-12-07T10:19:05","date_gmt":"2024-12-07T09:19:05","guid":{"rendered":"https:\/\/cyberoperations.hu\/?page_id=1982"},"modified":"2025-01-13T11:53:27","modified_gmt":"2025-01-13T10:53:27","slug":"cookie-nyilatkozat","status":"publish","type":"page","link":"https:\/\/cyberoperations.hu\/nb\/cookie-nyilatkozat\/","title":{"rendered":"Informasjonskapsler"},"content":{"rendered":"<div data-elementor-type=\"wp-page\" data-elementor-id=\"1982\" class=\"elementor elementor-1982\" data-elementor-post-type=\"page\">\n\t\t\t\t\t\t<section class=\"elementor-section elementor-top-section elementor-element elementor-element-574349c elementor-section-height-min-height elementor-section-items-stretch elementor-section-boxed elementor-section-height-default\" data-id=\"574349c\" data-element_type=\"section\" data-e-type=\"section\" data-settings=\"{&quot;background_background&quot;:&quot;gradient&quot;}\">\n\t\t\t\t\t\t\t<div class=\"elementor-background-overlay\"><\/div>\n\t\t\t\t\t\t\t<div class=\"elementor-container elementor-column-gap-wider\">\n\t\t\t\t\t<div class=\"elementor-column elementor-col-100 elementor-top-column elementor-element elementor-element-e623202\" data-id=\"e623202\" data-element_type=\"column\" data-e-type=\"column\">\n\t\t\t<div class=\"elementor-widget-wrap elementor-element-populated\">\n\t\t\t\t\t\t<div class=\"elementor-element elementor-element-6612e3a elementor-widget__width-initial elementor-absolute elementor-widget elementor-widget-spacer\" data-id=\"6612e3a\" data-element_type=\"widget\" data-e-type=\"widget\" data-settings=\"{&quot;_position&quot;:&quot;absolute&quot;}\" data-widget_type=\"spacer.default\">\n\t\t\t\t<div class=\"elementor-widget-container\">\n\t\t\t\t\t\t\t<div class=\"elementor-spacer\">\n\t\t\t<div class=\"elementor-spacer-inner\"><\/div>\n\t\t<\/div>\n\t\t\t\t\t\t<\/div>\n\t\t\t\t<\/div>\n\t\t\t\t<div class=\"elementor-element elementor-element-ff9b7c2 elementor-widget__width-initial elementor-widget-tablet__width-inherit elementor-widget elementor-widget-heading\" data-id=\"ff9b7c2\" data-element_type=\"widget\" data-e-type=\"widget\" data-widget_type=\"heading.default\">\n\t\t\t\t<div class=\"elementor-widget-container\">\n\t\t\t\t\t<h1 class=\"elementor-heading-title elementor-size-default\">Hva b\u00f8r du vite om informasjonskapsler?<\/h1>\t\t\t\t<\/div>\n\t\t\t\t<\/div>\n\t\t\t\t<div class=\"elementor-element elementor-element-0a66c2f elementor-widget__width-initial elementor-absolute elementor-widget elementor-widget-spacer\" data-id=\"0a66c2f\" data-element_type=\"widget\" data-e-type=\"widget\" data-settings=\"{&quot;_position&quot;:&quot;absolute&quot;}\" data-widget_type=\"spacer.default\">\n\t\t\t\t<div class=\"elementor-widget-container\">\n\t\t\t\t\t\t\t<div class=\"elementor-spacer\">\n\t\t\t<div class=\"elementor-spacer-inner\"><\/div>\n\t\t<\/div>\n\t\t\t\t\t\t<\/div>\n\t\t\t\t<\/div>\n\t\t\t\t\t<\/div>\n\t\t<\/div>\n\t\t\t\t\t<\/div>\n\t\t<\/section>\n\t\t\t\t<section class=\"elementor-section elementor-top-section elementor-element elementor-element-2745e09f elementor-section-boxed elementor-section-height-default elementor-section-height-default\" data-id=\"2745e09f\" data-element_type=\"section\" data-e-type=\"section\">\n\t\t\t\t\t\t<div class=\"elementor-container elementor-column-gap-default\">\n\t\t\t\t\t<div class=\"elementor-column elementor-col-100 elementor-top-column elementor-element elementor-element-2780a59a\" data-id=\"2780a59a\" data-element_type=\"column\" data-e-type=\"column\">\n\t\t\t<div class=\"elementor-widget-wrap elementor-element-populated\">\n\t\t\t\t\t\t<div class=\"elementor-element elementor-element-249fa1a elementor-widget elementor-widget-text-editor\" data-id=\"249fa1a\" data-element_type=\"widget\" data-e-type=\"widget\" data-widget_type=\"text-editor.default\">\n\t\t\t\t<div class=\"elementor-widget-container\">\n\t\t\t\t\t\t\t\t\t<h1 style=\"text-align: center;\">GJELDENDE FRA: 1. JANUAR 2025.<\/h1><h1>1. HVA ER INFORMASJONSKAPSLER, OG HVORDAN KAN DU ENDRE INNSTILLINGENE?<\/h1><p>Informasjonskapsler er sm\u00e5 tekstfiler som et nettsted kan bruke for \u00e5 gj\u00f8re brukeropplevelsen mer effektiv.<\/p><p>Noen \u00abinformasjonskapsler\u00bb er midlertidige og forsvinner n\u00e5r du lukker nettleseren, mens det ogs\u00e5 finnes permanente versjoner som forblir p\u00e5 datamaskinen din over lengre tid. I henhold til loven kan vi lagre informasjonskapsler p\u00e5 den bes\u00f8kendes enhet hvis dette er absolutt n\u00f8dvendig for driften av nettstedet v\u00e5rt.<\/p><p>Vi krever den bes\u00f8kendes samtykke for \u00e5 bruke alle andre typer informasjonskapsler. Dette nettstedet bruker diverse informasjonskapsler. Noen av informasjonskapslene som vises p\u00e5 nettstedet er plassert av v\u00e5re tredjeparts tjenesteleverand\u00f8rer.<\/p><p>Nettlesere lar deg endre innstillingene for informasjonskapsler. De fleste nettlesere godtar informasjonskapsler automatisk som standard, men dette kan endres for \u00e5 forhindre automatisk godkjenning n\u00e5r de er angitt.<\/p><p>Hvis du vil vite mer om hvordan du endrer nettleserinnstillingene dine, kan du se nettleserens instruksjoner eller hjelp. Du kan finne ut mer om informasjonskapselinnstillinger for de mest popul\u00e6re nettleserne p\u00e5 f\u00f8lgende lenker:<\/p><p class=\"text text--gray\" style=\"margin-bottom: 0px; padding-bottom: 1em; background-image: initial; background-position: 0px 0px; background-size: initial; background-repeat: initial; background-attachment: initial; background-origin: initial; background-clip: initial; font-size: 20px; text-size-adjust: 100%; color: #2f2f2f; font-family: 'Open Sans', Arial, sans-serif; font-style: normal; font-variant-ligatures: normal; font-variant-caps: normal; font-weight: 500;\"><a style=\"background-image: initial; background-position: 0px 0px; background-size: initial; background-repeat: initial; background-attachment: initial; background-origin: initial; background-clip: initial; font-size: 20px; text-size-adjust: 100%; color: #2ea3f2; border-width: initial !important; border-style: none !important;\" href=\"https:\/\/support.google.com\/accounts\/answer\/61416?hl=hu\" target=\"_blank\" rel=\"noopener\">Google Chrome<\/a><\/p><p class=\"text text--gray\" style=\"margin-bottom: 0px; padding-bottom: 1em; background-image: initial; background-position: 0px 0px; background-size: initial; background-repeat: initial; background-attachment: initial; background-origin: initial; background-clip: initial; font-size: 20px; text-size-adjust: 100%; color: #2f2f2f; font-family: 'Open Sans', Arial, sans-serif; font-style: normal; font-variant-ligatures: normal; font-variant-caps: normal; font-weight: 500;\"><a style=\"background-image: initial; background-position: 0px 0px; background-size: initial; background-repeat: initial; background-attachment: initial; background-origin: initial; background-clip: initial; font-size: 20px; text-size-adjust: 100%; color: #2ea3f2; border-width: initial !important; border-style: none !important;\" href=\"https:\/\/support.mozilla.org\/hu\/kb\/S%C3%BCtik%20kezel%C3%A9se\" target=\"_blank\" rel=\"noopener\">Firefox<\/a><\/p><p class=\"text text--gray\" style=\"margin-bottom: 0px; padding-bottom: 1em; background-image: initial; background-position: 0px 0px; background-size: initial; background-repeat: initial; background-attachment: initial; background-origin: initial; background-clip: initial; font-size: 20px; text-size-adjust: 100%; color: #2f2f2f; font-family: 'Open Sans', Arial, sans-serif; font-style: normal; font-variant-ligatures: normal; font-variant-caps: normal; font-weight: 500;\"><a style=\"background-image: initial; background-position: 0px 0px; background-size: initial; background-repeat: initial; background-attachment: initial; background-origin: initial; background-clip: initial; font-size: 20px; text-size-adjust: 100%; color: #2ea3f2; border-width: initial !important; border-style: none !important;\" href=\"http:\/\/windows.microsoft.com\/hu-hu\/internet-explorer\/delete-manage-cookies#ie=ie-11\" target=\"_blank\" rel=\"noopener\">Microsoft Internet Explorer 11<\/a><\/p><p class=\"text text--gray\" style=\"margin-bottom: 0px; padding-bottom: 1em; background-image: initial; background-position: 0px 0px; background-size: initial; background-repeat: initial; background-attachment: initial; background-origin: initial; background-clip: initial; font-size: 20px; text-size-adjust: 100%; color: #2f2f2f; font-family: 'Open Sans', Arial, sans-serif; font-style: normal; font-variant-ligatures: normal; font-variant-caps: normal; font-weight: 500;\"><a style=\"background-image: initial; background-position: 0px 0px; background-size: initial; background-repeat: initial; background-attachment: initial; background-origin: initial; background-clip: initial; font-size: 20px; text-size-adjust: 100%; color: #2ea3f2; border-width: initial !important; border-style: none !important;\" href=\"http:\/\/windows.microsoft.com\/hu-hu\/internet-explorer\/delete-manage-cookies#ie=ie-10\" target=\"_blank\" rel=\"noopener\">Microsoft Internet Explorer 10<\/a><\/p><p class=\"text text--gray\" style=\"margin-bottom: 0px; padding-bottom: 1em; background-image: initial; background-position: 0px 0px; background-size: initial; background-repeat: initial; background-attachment: initial; background-origin: initial; background-clip: initial; font-size: 20px; text-size-adjust: 100%; color: #2f2f2f; font-family: 'Open Sans', Arial, sans-serif; font-style: normal; font-variant-ligatures: normal; font-variant-caps: normal; font-weight: 500;\"><a style=\"background-image: initial; background-position: 0px 0px; background-size: initial; background-repeat: initial; background-attachment: initial; background-origin: initial; background-clip: initial; font-size: 20px; text-size-adjust: 100%; color: #2ea3f2; border-width: initial !important; border-style: none !important;\" href=\"http:\/\/windows.microsoft.com\/hu-hu\/windows-10\/edge-privacy-faq\" target=\"_blank\" rel=\"noopener\">Microsoft Edge<\/a><\/p><p class=\"text text--gray\" style=\"margin-bottom: 0px; padding-bottom: 1em; background-image: initial; background-position: 0px 0px; background-size: initial; background-repeat: initial; background-attachment: initial; background-origin: initial; background-clip: initial; font-size: 20px; text-size-adjust: 100%; color: #2f2f2f; font-family: 'Open Sans', Arial, sans-serif; font-style: normal; font-variant-ligatures: normal; font-variant-caps: normal; font-weight: 500;\"><a style=\"background-image: initial; background-position: 0px 0px; background-size: initial; background-repeat: initial; background-attachment: initial; background-origin: initial; background-clip: initial; font-size: 20px; text-size-adjust: 100%; color: #2ea3f2; border-width: initial !important; border-style: none !important;\" href=\"http:\/\/support.apple.com\/kb\/index?page=search&amp;q=cookies%20safari\" target=\"_blank\" rel=\"noopener\">Safari<\/a><\/p><h1>2. HVOR FINNER INFORMASJON OG SAMTYKKE ANG\u00c5ENDE H\u00c5NDTERING AV INFORMASJONSKAPSLER STED?<\/h1><p>N\u00e5r du bes\u00f8ker nettstedet v\u00e5rt for f\u00f8rste gang, vil et popup-vindu dukke opp \u00f8verst p\u00e5 skjermen, og du kan angi hvilke informasjonskapsler du samtykker til.<\/p><p>Dette informasjonsvinduet inneholder ogs\u00e5 en lenke til denne personvernerkl\u00e6ringen.<\/p><h1>3. TYPER KJ\u00d8PESAPPER<\/h1><p><b>3.1. Strengt n\u00f8dvendige informasjonskapsler<\/b><\/p><p>Essensielle informasjonskapsler hjelper nettstedet v\u00e5rt med \u00e5 fungere ordentlig ved \u00e5 aktivere grunnleggende funksjoner som nettstednavigasjon og tilgang til sikre omr\u00e5der p\u00e5 nettstedet.<\/p><p>Nettstedet kan ikke fungere ordentlig uten disse informasjonskapslene.<\/p><ul><li>PHPSESSID Bevarer bruker\u00f8ktens status mellom sideforesp\u00f8rsler inntil nettleseren lukkes.<\/li><li>CookieConsent Lagrer brukerens samtykke til informasjonskapsler p\u00e5 det gitte domenet. 1 \u00e5r<\/li><\/ul><ul><li>__cfduid Cloudflare-innholdsserveren identifiserer internettrafikk. 1 \u00e5r<\/li><li>JSESSIONID Tilordner en unik, anonym identifikator til hver side som \u00e5pnes for \u00e5 forbedre brukervennligheten til siden inntil nettleseren lukkes.<\/li><li>wp_woocommerce_session_ Bevarer innholdet i handlekurven n\u00e5r du navigerer mellom sider inntil nettleseren lukkes<\/li><li>woocommerce_items_in_cart Bevarer innholdet i handlekurven n\u00e5r du navigerer mellom sider inntil nettleseren lukkes<\/li><li>wc_cart_hash_ Knytter en unik identifikator til hver kunde slik at systemet kan koble bestillinger til kunden 1 dag senere<\/li><\/ul><p><b>3.2. Preferanseinformasjonskapsler<\/b><\/p><p>Ved \u00e5 bruke preferanseinformasjonskapsler kan vi huske informasjon som endrer visse atferder eller nettstedets utseende, for eksempel ditt foretrukne spr\u00e5k eller regionen du befinner deg i.<\/p><p><b>3.3. Informasjonskapsler for statistiske form\u00e5l<\/b><\/p><p><span style=\"font-size: 21px;\">Ved \u00e5 samle inn og rapportere data i anonym form, hjelper statistiske informasjonskapsler nettstedseieren med \u00e5 forst\u00e5 hvordan bes\u00f8kende samhandler med nettstedet.<\/span><\/p><ul><li>_ga Registrerer en unik identifikator som brukes til \u00e5 lage anonyme statistiske data om bruken av nettstedet. 2 \u00e5r<\/li><li>_gid Registrerer en unik identifikator som brukes til \u00e5 opprette anonyme statistiske data knyttet til bruken av nettstedet. 2 \u00e5r<\/li><li>_gat Brukes av Google Analytics til \u00e5 kontrollere hyppigheten av foresp\u00f8rsler. inntil nettleseren lukkes<\/li><li>Samler inn data for Google Analytics om brukerens enhet og nettleservaner, p\u00e5 tvers av ulike enheter og markedsf\u00f8ringskanaler, inntil nettleseren lukkes.<\/li><\/ul><p><b>3.4. Markedsf\u00f8ringsinformasjonskapsler<\/b><\/p><p>Vi bruker personaliseringsinformasjonskapsler for \u00e5 spore bes\u00f8kendes nettstedsaktivitet. M\u00e5let er \u00e5 vise mer relevante annonser til individuelle brukere, vise innhold som samsvarer med preferansene deres og oppmuntre dem til \u00e5 handle.<\/p><ul><li>annonser\/ga-m\u00e5lgrupper Brukes av Google AdWords for \u00e5 m\u00e5lrette brukere som sannsynligvis har en h\u00f8yere kj\u00f8pstilb\u00f8yelighet basert p\u00e5 nettleservanene deres. inntil nettleseren lukkes<\/li><li>pref Registrerer en unik identifikator som Google bruker til \u00e5 generere statistikk om videoene brukeren har sett p\u00e5 YouTube. 8 m\u00e5neder<\/li><li>fr Brukes av Facebook for \u00e5 m\u00e5lrette brukere som sannsynligvis har en h\u00f8yere kj\u00f8pstilb\u00f8yelighet basert p\u00e5 nettleservanene deres. 3 m\u00e5neder<\/li><li>tr Brukes av Facebook for \u00e5 m\u00e5lrette brukere som sannsynligvis har en h\u00f8yere kj\u00f8pstilb\u00f8yelighet basert p\u00e5 nettleservanene deres. inntil nettleseren lukkes<\/li><\/ul><h1>4. KONTROLLERING OG DEAKTIVERING AV INNSTILLINGER FOR INFORMASJONSKAPSLER<\/h1><p>Moderne nettlesere lar deg endre \u00abinnstillingene for informasjonskapsler\u00bb. Noen nettlesere godtar informasjonskapsler automatisk som standard, men denne innstillingen kan ogs\u00e5 endres for \u00e5 forhindre at den bes\u00f8kende godtar dem automatisk i fremtiden.<\/p><p>Hvis du bytter, vil nettleseren tilby deg muligheten til \u00e5 \u00absette informasjonskapsler\u00bb hver gang du bes\u00f8ker.<\/p><p>Den behandlingsansvarlige husker ingen identifikatorer eller passord selv om \u00abinformasjonskapsler\u00bb er aktivert. Den bes\u00f8kende kan bruke tjenestene i full sikkerhet selv om \u00abinformasjonskapsler\u00bb er akseptert.<\/p><p>Vi vil gj\u00f8re v\u00e5re bes\u00f8kende oppmerksomme p\u00e5 at siden form\u00e5let med \u00abinformasjonskapsler\u00bb er \u00e5 st\u00f8tte og legge til rette for brukervennlighet og prosesser p\u00e5 nettstedet, kan vi ikke garantere at den bes\u00f8kende vil kunne bruke alle funksjonene p\u00e5 nettstedet fullt ut hvis \u00abinformasjonskapsler\u00bb er deaktivert.<\/p><p>I dette tilfellet kan nettstedet fungere annerledes i nettleseren enn tiltenkt.<\/p>\t\t\t\t\t\t\t\t<\/div>\n\t\t\t\t<\/div>\n\t\t\t\t\t<\/div>\n\t\t<\/div>\n\t\t\t\t\t<\/div>\n\t\t<\/section>\n\t\t\t\t<\/div>","protected":false},"excerpt":{"rendered":"<p>Mit kell tudni a s\u00fctikr\u0151l? HAT\u00c1LYOS: 2025. JANU\u00c1R 1. 1. MIK AZOK A COOKIE-K (S\u00dcTIK), \u00c9S HOGYAN TUDOD M\u00d3DOS\u00cdTANI A [&hellip;]<\/p>\n","protected":false},"author":1,"featured_media":0,"parent":0,"menu_order":0,"comment_status":"closed","ping_status":"closed","template":"","meta":{"site-sidebar-layout":"no-sidebar","site-content-layout":"","ast-site-content-layout":"full-width-container","site-content-style":"default","site-sidebar-style":"default","ast-global-header-display":"","ast-banner-title-visibility":"","ast-main-header-display":"","ast-hfb-above-header-display":"","ast-hfb-below-header-display":"","ast-hfb-mobile-header-display":"","site-post-title":"disabled","ast-breadcrumbs-content":"","ast-featured-img":"disabled","footer-sml-layout":"","ast-disable-related-posts":"","theme-transparent-header-meta":"default","adv-header-id-meta":"","stick-header-meta":"","header-above-stick-meta":"","header-main-stick-meta":"","header-below-stick-meta":"","astra-migrate-meta-layouts":"set","ast-page-background-enabled":"default","ast-page-background-meta":{"desktop":{"background-color":"var(--ast-global-color-4)","background-image":"","background-repeat":"repeat","background-position":"center center","background-size":"auto","background-attachment":"scroll","background-type":"","background-media":"","overlay-type":"","overlay-color":"","overlay-opacity":"","overlay-gradient":""},"tablet":{"background-color":"","background-image":"","background-repeat":"repeat","background-position":"center center","background-size":"auto","background-attachment":"scroll","background-type":"","background-media":"","overlay-type":"","overlay-color":"","overlay-opacity":"","overlay-gradient":""},"mobile":{"background-color":"","background-image":"","background-repeat":"repeat","background-position":"center center","background-size":"auto","background-attachment":"scroll","background-type":"","background-media":"","overlay-type":"","overlay-color":"","overlay-opacity":"","overlay-gradient":""}},"ast-content-background-meta":{"desktop":{"background-color":"var(--ast-global-color-5)","background-image":"","background-repeat":"repeat","background-position":"center center","background-size":"auto","background-attachment":"scroll","background-type":"","background-media":"","overlay-type":"","overlay-color":"","overlay-opacity":"","overlay-gradient":""},"tablet":{"background-color":"var(--ast-global-color-5)","background-image":"","background-repeat":"repeat","background-position":"center center","background-size":"auto","background-attachment":"scroll","background-type":"","background-media":"","overlay-type":"","overlay-color":"","overlay-opacity":"","overlay-gradient":""},"mobile":{"background-color":"var(--ast-global-color-5)","background-image":"","background-repeat":"repeat","background-position":"center center","background-size":"auto","background-attachment":"scroll","background-type":"","background-media":"","overlay-type":"","overlay-color":"","overlay-opacity":"","overlay-gradient":""}},"footnotes":""},"class_list":["post-1982","page","type-page","status-publish","hentry"],"yoast_head":"<!-- This site is optimized with the Yoast SEO Premium plugin v27.4 (Yoast SEO v27.4) - https:\/\/yoast.com\/product\/yoast-seo-premium-wordpress\/ -->\n<title>Cookie nyilatkozat - Cyber Operations Group Kft.<\/title>\n<meta name=\"robots\" content=\"index, follow, max-snippet:-1, max-image-preview:large, max-video-preview:-1\" \/>\n<link rel=\"canonical\" href=\"https:\/\/cyberoperations.hu\/nb\/cookie-nyilatkozat\/\" \/>\n<meta property=\"og:locale\" content=\"nb_NO\" \/>\n<meta property=\"og:type\" content=\"article\" \/>\n<meta property=\"og:title\" content=\"Cookie nyilatkozat\" \/>\n<meta property=\"og:description\" content=\"Mit kell tudni a s\u00fctikr\u0151l? HAT\u00c1LYOS: 2025. JANU\u00c1R 1. 1. MIK AZOK A COOKIE-K (S\u00dcTIK), \u00c9S HOGYAN TUDOD M\u00d3DOS\u00cdTANI A [&hellip;]\" \/>\n<meta property=\"og:url\" content=\"https:\/\/cyberoperations.hu\/nb\/cookie-nyilatkozat\/\" \/>\n<meta property=\"og:site_name\" content=\"Cyber Operations Group Kft.\" \/>\n<meta property=\"article:modified_time\" content=\"2025-01-13T10:53:27+00:00\" \/>\n<meta name=\"twitter:card\" content=\"summary_large_image\" \/>\n<meta name=\"twitter:label1\" content=\"Ansl. lesetid\" \/>\n\t<meta name=\"twitter:data1\" content=\"6 minutter\" \/>\n<script type=\"application\/ld+json\" class=\"yoast-schema-graph\">{\"@context\":\"https:\\\/\\\/schema.org\",\"@graph\":[{\"@type\":\"WebPage\",\"@id\":\"https:\\\/\\\/cyberoperations.hu\\\/cookie-nyilatkozat\\\/\",\"url\":\"https:\\\/\\\/cyberoperations.hu\\\/cookie-nyilatkozat\\\/\",\"name\":\"Cookie nyilatkozat - Cyber Operations Group Kft.\",\"isPartOf\":{\"@id\":\"https:\\\/\\\/cyberoperations.hu\\\/#website\"},\"datePublished\":\"2024-12-07T09:19:05+00:00\",\"dateModified\":\"2025-01-13T10:53:27+00:00\",\"breadcrumb\":{\"@id\":\"https:\\\/\\\/cyberoperations.hu\\\/cookie-nyilatkozat\\\/#breadcrumb\"},\"inLanguage\":\"nb-NO\",\"potentialAction\":[{\"@type\":\"ReadAction\",\"target\":[\"https:\\\/\\\/cyberoperations.hu\\\/cookie-nyilatkozat\\\/\"]}]},{\"@type\":\"BreadcrumbList\",\"@id\":\"https:\\\/\\\/cyberoperations.hu\\\/cookie-nyilatkozat\\\/#breadcrumb\",\"itemListElement\":[{\"@type\":\"ListItem\",\"position\":1,\"name\":\"Kezd\u0151lap\",\"item\":\"https:\\\/\\\/cyberoperations.hu\\\/\"},{\"@type\":\"ListItem\",\"position\":2,\"name\":\"Cookie nyilatkozat\"}]},{\"@type\":\"WebSite\",\"@id\":\"https:\\\/\\\/cyberoperations.hu\\\/#website\",\"url\":\"https:\\\/\\\/cyberoperations.hu\\\/\",\"name\":\"Cyber Operations Group Kft.\",\"description\":\"\",\"publisher\":{\"@id\":\"https:\\\/\\\/cyberoperations.hu\\\/#organization\"},\"potentialAction\":[{\"@type\":\"SearchAction\",\"target\":{\"@type\":\"EntryPoint\",\"urlTemplate\":\"https:\\\/\\\/cyberoperations.hu\\\/?s={search_term_string}\"},\"query-input\":{\"@type\":\"PropertyValueSpecification\",\"valueRequired\":true,\"valueName\":\"search_term_string\"}}],\"inLanguage\":\"nb-NO\"},{\"@type\":\"Organization\",\"@id\":\"https:\\\/\\\/cyberoperations.hu\\\/#organization\",\"name\":\"Cyber Operations Group Kft.\",\"url\":\"https:\\\/\\\/cyberoperations.hu\\\/\",\"logo\":{\"@type\":\"ImageObject\",\"inLanguage\":\"nb-NO\",\"@id\":\"https:\\\/\\\/cyberoperations.hu\\\/#\\\/schema\\\/logo\\\/image\\\/\",\"url\":\"https:\\\/\\\/cyberoperations.hu\\\/wp-content\\\/uploads\\\/2024\\\/12\\\/simalogo-2.png\",\"contentUrl\":\"https:\\\/\\\/cyberoperations.hu\\\/wp-content\\\/uploads\\\/2024\\\/12\\\/simalogo-2.png\",\"width\":1500,\"height\":400,\"caption\":\"Cyber Operations Group Kft.\"},\"image\":{\"@id\":\"https:\\\/\\\/cyberoperations.hu\\\/#\\\/schema\\\/logo\\\/image\\\/\"}}]}<\/script>\n<!-- \/ Yoast SEO Premium plugin. -->","yoast_head_json":{"title":"Informasjonskapsler - Cyber Operations Group Ltd.","robots":{"index":"index","follow":"follow","max-snippet":"max-snippet:-1","max-image-preview":"max-image-preview:large","max-video-preview":"max-video-preview:-1"},"canonical":"https:\/\/cyberoperations.hu\/nb\/cookie-nyilatkozat\/","og_locale":"nb_NO","og_type":"article","og_title":"Cookie nyilatkozat","og_description":"Mit kell tudni a s\u00fctikr\u0151l? HAT\u00c1LYOS: 2025. JANU\u00c1R 1. 1. MIK AZOK A COOKIE-K (S\u00dcTIK), \u00c9S HOGYAN TUDOD M\u00d3DOS\u00cdTANI A [&hellip;]","og_url":"https:\/\/cyberoperations.hu\/nb\/cookie-nyilatkozat\/","og_site_name":"Cyber Operations Group Kft.","article_modified_time":"2025-01-13T10:53:27+00:00","twitter_card":"summary_large_image","twitter_misc":{"Ansl. lesetid":"6 minutter"},"schema":{"@context":"https:\/\/schema.org","@graph":[{"@type":"WebPage","@id":"https:\/\/cyberoperations.hu\/cookie-nyilatkozat\/","url":"https:\/\/cyberoperations.hu\/cookie-nyilatkozat\/","name":"Informasjonskapsler - Cyber Operations Group Ltd.","isPartOf":{"@id":"https:\/\/cyberoperations.hu\/#website"},"datePublished":"2024-12-07T09:19:05+00:00","dateModified":"2025-01-13T10:53:27+00:00","breadcrumb":{"@id":"https:\/\/cyberoperations.hu\/cookie-nyilatkozat\/#breadcrumb"},"inLanguage":"nb-NO","potentialAction":[{"@type":"ReadAction","target":["https:\/\/cyberoperations.hu\/cookie-nyilatkozat\/"]}]},{"@type":"BreadcrumbList","@id":"https:\/\/cyberoperations.hu\/cookie-nyilatkozat\/#breadcrumb","itemListElement":[{"@type":"ListItem","position":1,"name":"Kezd\u0151lap","item":"https:\/\/cyberoperations.hu\/"},{"@type":"ListItem","position":2,"name":"Cookie nyilatkozat"}]},{"@type":"WebSite","@id":"https:\/\/cyberoperations.hu\/#website","url":"https:\/\/cyberoperations.hu\/","name":"Cyber Operations Group Ltd.","description":"","publisher":{"@id":"https:\/\/cyberoperations.hu\/#organization"},"potentialAction":[{"@type":"SearchAction","target":{"@type":"EntryPoint","urlTemplate":"https:\/\/cyberoperations.hu\/?s={search_term_string}"},"query-input":{"@type":"PropertyValueSpecification","valueRequired":true,"valueName":"search_term_string"}}],"inLanguage":"nb-NO"},{"@type":"Organization","@id":"https:\/\/cyberoperations.hu\/#organization","name":"Cyber Operations Group Ltd.","url":"https:\/\/cyberoperations.hu\/","logo":{"@type":"ImageObject","inLanguage":"nb-NO","@id":"https:\/\/cyberoperations.hu\/#\/schema\/logo\/image\/","url":"https:\/\/cyberoperations.hu\/wp-content\/uploads\/2024\/12\/simalogo-2.png","contentUrl":"https:\/\/cyberoperations.hu\/wp-content\/uploads\/2024\/12\/simalogo-2.png","width":1500,"height":400,"caption":"Cyber Operations Group Kft."},"image":{"@id":"https:\/\/cyberoperations.hu\/#\/schema\/logo\/image\/"}}]}},"_links":{"self":[{"href":"https:\/\/cyberoperations.hu\/nb\/wp-json\/wp\/v2\/pages\/1982","targetHints":{"allow":["GET"]}}],"collection":[{"href":"https:\/\/cyberoperations.hu\/nb\/wp-json\/wp\/v2\/pages"}],"about":[{"href":"https:\/\/cyberoperations.hu\/nb\/wp-json\/wp\/v2\/types\/page"}],"author":[{"embeddable":true,"href":"https:\/\/cyberoperations.hu\/nb\/wp-json\/wp\/v2\/users\/1"}],"replies":[{"embeddable":true,"href":"https:\/\/cyberoperations.hu\/nb\/wp-json\/wp\/v2\/comments?post=1982"}],"version-history":[{"count":0,"href":"https:\/\/cyberoperations.hu\/nb\/wp-json\/wp\/v2\/pages\/1982\/revisions"}],"wp:attachment":[{"href":"https:\/\/cyberoperations.hu\/nb\/wp-json\/wp\/v2\/media?parent=1982"}],"curies":[{"name":"wp","href":"https:\/\/api.w.org\/{rel}","templated":true}]}}