{"id":2697,"date":"2025-03-27T09:47:38","date_gmt":"2025-03-27T08:47:38","guid":{"rendered":"https:\/\/cyberoperations.hu\/?post_type=product&#038;p=2697"},"modified":"2025-04-04T09:27:30","modified_gmt":"2025-04-04T07:27:30","slug":"kiberbiztonsagi-konzultacio","status":"publish","type":"product","link":"https:\/\/cyberoperations.hu\/nb\/produkt\/kiberbiztonsagi-konzultacio\/","title":{"rendered":"Konsultasjon om nettsikkerhet\u00a0"},"content":{"rendered":"<p><span data-contrast=\"auto\">A <\/span><b><span data-contrast=\"auto\">CyberOperations Kiberbiztons\u00e1gi Konzult\u00e1ci\u00f3ja<\/span><\/b><span data-contrast=\"auto\"> c\u00e9lzott szak\u00e9rt\u0151i tan\u00e1csad\u00e1st biztos\u00edt v\u00e1llalat\u00e1nak az aktu\u00e1lis kiberbiztons\u00e1gi kih\u00edv\u00e1sok, fenyeget\u00e9sek \u00e9s v\u00e9delmi megold\u00e1sok ter\u00e9n. Seg\u00edt\u00fcnk az IT-biztons\u00e1gi strat\u00e9gia kialak\u00edt\u00e1s\u00e1ban, a megfelel\u0151 technol\u00f3giai \u00e9s szervezeti v\u00e9delmi int\u00e9zked\u00e9sek meghat\u00e1roz\u00e1s\u00e1ban, valamint a hat\u00e1lyos jogszab\u00e1lyoknak \u00e9s ipar\u00e1gi szabv\u00e1nyoknak val\u00f3 megfelel\u00e9sben.<\/span><span data-ccp-props=\"{&quot;134233117&quot;:false,&quot;134233118&quot;:false,&quot;335559738&quot;:240,&quot;335559739&quot;:240}\">\u00a0<\/span><\/p>\n<p aria-level=\"4\"><b><i><span data-contrast=\"none\">Szolg\u00e1ltat\u00e1s tartalma:<\/span><\/i><\/b><span data-ccp-props=\"{&quot;134233117&quot;:false,&quot;134233118&quot;:false,&quot;134245418&quot;:true,&quot;134245529&quot;:true,&quot;335559738&quot;:319,&quot;335559739&quot;:319}\">\u00a0<\/span><\/p>\n<p><span data-contrast=\"auto\">\ud83d\udd0d <\/span><b><span data-contrast=\"auto\">Biztons\u00e1gi helyzet\u00e9rt\u00e9kel\u00e9s<\/span><\/b><span data-contrast=\"auto\"> \u2013 \u00c1ttekintj\u00fck v\u00e1llalata jelenlegi IT-biztons\u00e1gi gyakorlat\u00e1t \u00e9s azonos\u00edtjuk a legfontosabb v\u00e9delmi hi\u00e1nyoss\u00e1gokat.<\/span><span data-ccp-props=\"{&quot;134233117&quot;:false,&quot;134233118&quot;:false,&quot;335559738&quot;:240,&quot;335559739&quot;:240}\">\u00a0<\/span><\/p>\n<p><span data-contrast=\"auto\">\ud83d\udee0 <\/span><b><span data-contrast=\"auto\">Kock\u00e1zatcs\u00f6kkent\u00e9si javaslatok<\/span><\/b><span data-contrast=\"auto\"> \u2013 Konkr\u00e9t aj\u00e1nl\u00e1sokat ny\u00fajtunk a biztons\u00e1gi kock\u00e1zatok m\u00e9rs\u00e9kl\u00e9s\u00e9re, bele\u00e9rtve a technol\u00f3giai \u00e9s folyamatbeli fejleszt\u00e9seket.<\/span><span data-ccp-props=\"{&quot;134233117&quot;:false,&quot;134233118&quot;:false,&quot;335559738&quot;:240,&quot;335559739&quot;:240}\">\u00a0<\/span><\/p>\n<p><span data-contrast=\"auto\">\ud83d\udcd1 <\/span><b><span data-contrast=\"auto\">Megfelel\u0151s\u00e9gi t\u00e1mogat\u00e1s (NIS2, GDPR, ISO 27001, stb.)<\/span><\/b><span data-contrast=\"auto\"> \u2013 Seg\u00edt\u00fcnk az aktu\u00e1lis jogszab\u00e1lyok \u00e9s ipar\u00e1gi k\u00f6vetelm\u00e9nyek teljes\u00edt\u00e9s\u00e9ben.<\/span><span data-ccp-props=\"{&quot;134233117&quot;:false,&quot;134233118&quot;:false,&quot;335559738&quot;:240,&quot;335559739&quot;:240}\">\u00a0<\/span><\/p>\n<p><span data-contrast=\"auto\">\ud83d\udca1 <\/span><b><span data-contrast=\"auto\">Biztons\u00e1gi strat\u00e9gi\u00e1k \u00e9s v\u00e9delmi megold\u00e1sok kidolgoz\u00e1sa<\/span><\/b><span data-contrast=\"auto\"> \u2013 Tan\u00e1csot adunk a megfelel\u0151 biztons\u00e1gi architekt\u00fara, v\u00e9gpontv\u00e9delem, incidenskezel\u00e9si folyamatok \u00e9s adatv\u00e9delem kialak\u00edt\u00e1s\u00e1hoz.<\/span><span data-ccp-props=\"{&quot;134233117&quot;:false,&quot;134233118&quot;:false,&quot;335559738&quot;:240,&quot;335559739&quot;:240}\">\u00a0<\/span><\/p>\n<p><span data-contrast=\"auto\">\ud83d\udd04 <\/span><b><span data-contrast=\"auto\">V\u00e9szhelyzeti \u00e9s incidenskezel\u00e9si \u00fatmutat\u00f3<\/span><\/b><span data-contrast=\"auto\"> \u2013 \u00datmutat\u00e1st adunk a v\u00e1llalat hat\u00e9kony reakci\u00f3k\u00e9pess\u00e9g\u00e9nek n\u00f6vel\u00e9s\u00e9re egy kibert\u00e1mad\u00e1s vagy biztons\u00e1gi incidens eset\u00e9n.<\/span><span data-ccp-props=\"{&quot;134233117&quot;:false,&quot;134233118&quot;:false,&quot;335559738&quot;:240,&quot;335559739&quot;:240}\">\u00a0<\/span><\/p>\n<p aria-level=\"4\"><b><i><span data-contrast=\"none\">Konzult\u00e1ci\u00f3s lehet\u0151s\u00e9gek:<\/span><\/i><\/b><span data-ccp-props=\"{&quot;134233117&quot;:false,&quot;134233118&quot;:false,&quot;134245418&quot;:true,&quot;134245529&quot;:true,&quot;335559738&quot;:319,&quot;335559739&quot;:319}\">\u00a0<\/span><\/p>\n<ul>\n<li data-leveltext=\"\uf0b7\" data-font=\"Symbol\" data-listid=\"1\" data-list-defn-props=\"{&quot;335552541&quot;:1,&quot;335559685&quot;:720,&quot;335559991&quot;:360,&quot;469769226&quot;:&quot;Symbol&quot;,&quot;469769242&quot;:[8226],&quot;469777803&quot;:&quot;left&quot;,&quot;469777804&quot;:&quot;\uf0b7&quot;,&quot;469777815&quot;:&quot;hybridMultilevel&quot;}\" aria-setsize=\"-1\" data-aria-posinset=\"1\" data-aria-level=\"1\"><b><span data-contrast=\"auto\">Helysz\u00edni konzult\u00e1ci\u00f3 (2,5 \u00f3ra)<\/span><\/b><\/li>\n<\/ul>\n<ul>\n<li data-leveltext=\"\uf0b7\" data-font=\"Symbol\" data-listid=\"1\" data-list-defn-props=\"{&quot;335552541&quot;:1,&quot;335559685&quot;:720,&quot;335559991&quot;:360,&quot;469769226&quot;:&quot;Symbol&quot;,&quot;469769242&quot;:[8226],&quot;469777803&quot;:&quot;left&quot;,&quot;469777804&quot;:&quot;\uf0b7&quot;,&quot;469777815&quot;:&quot;hybridMultilevel&quot;}\" aria-setsize=\"-1\" data-aria-posinset=\"2\" data-aria-level=\"1\"><b><span data-contrast=\"auto\">Online konzult\u00e1ci\u00f3 Microsoft Teamsen (2,5 \u00f3ra)<\/span><\/b><span data-contrast=\"auto\">\u00a0<\/span><\/li>\n<\/ul>\n<p aria-level=\"3\"><b><span data-contrast=\"none\">Kinek aj\u00e1nljuk?<\/span><\/b><span data-ccp-props=\"{&quot;134233117&quot;:false,&quot;134233118&quot;:false,&quot;134245418&quot;:true,&quot;134245529&quot;:true,&quot;335559738&quot;:281,&quot;335559739&quot;:281}\">\u00a0<\/span><\/p>\n<p><span data-contrast=\"auto\">\u2714 Olyan v\u00e1llalatoknak, amelyek szeretn\u00e9k fejleszteni kiberbiztons\u00e1gi strat\u00e9gi\u00e1jukat \u00e9s felk\u00e9sz\u00fclni a modern fenyeget\u00e9sekre<\/span><br \/>\n<span data-contrast=\"auto\">\u2714 IT-biztons\u00e1gi vezet\u0151knek \u00e9s felel\u0151s\u00f6knek, akik szak\u00e9rt\u0151i tan\u00e1csot ig\u00e9nyelnek a legjobb gyakorlatok alkalmaz\u00e1s\u00e1hoz<\/span><br \/>\n<span data-contrast=\"auto\">\u2714 Olyan szervezeteknek, amelyek megfelel\u0151s\u00e9gi vagy biztons\u00e1gi audit el\u0151tt \u00e1llnak \u00e9s fel szeretn\u00e9k m\u00e9rni jelenlegi helyzet\u00fcket<\/span><span data-ccp-props=\"{&quot;134233117&quot;:false,&quot;134233118&quot;:false,&quot;335559738&quot;:240,&quot;335559739&quot;:240}\">\u00a0<\/span><\/p>\n<p><strong data-start=\"2614\" data-end=\"2691\">Szeretn\u00e9 megtudni, milyen felt\u00e9telekkel veheti ig\u00e9nybe szolg\u00e1ltat\u00e1sunkat?<\/strong><br data-start=\"2691\" data-end=\"2694\" \/>\ud83d\udc49 Kattintson az\u00a0<em data-start=\"2711\" data-end=\"2728\">Aj\u00e1nlatot k\u00e9rek<\/em>\u00a0gombra \u00e9s koll\u00e9g\u00e1ink r\u00f6vid id\u0151n bel\u00fcl felveszik \u00d6nnel a kapcsolatot<\/p>\n","protected":false},"excerpt":{"rendered":"<p>A CyberOperations Kiberbiztons\u00e1gi Konzult\u00e1ci\u00f3ja c\u00e9lzott szak\u00e9rt\u0151i tan\u00e1csad\u00e1st biztos\u00edt v\u00e1llalat\u00e1nak az aktu\u00e1lis kiberbiztons\u00e1gi kih\u00edv\u00e1sok, fenyeget\u00e9sek \u00e9s v\u00e9delmi megold\u00e1sok ter\u00e9n. Seg\u00edt\u00fcnk az [&hellip;]<\/p>\n","protected":false},"featured_media":0,"template":"","meta":{"site-sidebar-layout":"default","site-content-layout":"","ast-site-content-layout":"default","site-content-style":"default","site-sidebar-style":"default","ast-global-header-display":"","ast-banner-title-visibility":"","ast-main-header-display":"","ast-hfb-above-header-display":"","ast-hfb-below-header-display":"","ast-hfb-mobile-header-display":"","site-post-title":"","ast-breadcrumbs-content":"","ast-featured-img":"","footer-sml-layout":"","ast-disable-related-posts":"","theme-transparent-header-meta":"default","adv-header-id-meta":"","stick-header-meta":"","header-above-stick-meta":"","header-main-stick-meta":"","header-below-stick-meta":"","astra-migrate-meta-layouts":"set","ast-page-background-enabled":"default","ast-page-background-meta":{"desktop":{"background-color":"var(--ast-global-color-4)","background-image":"","background-repeat":"repeat","background-position":"center center","background-size":"auto","background-attachment":"scroll","background-type":"","background-media":"","overlay-type":"","overlay-color":"","overlay-opacity":"","overlay-gradient":""},"tablet":{"background-color":"","background-image":"","background-repeat":"repeat","background-position":"center center","background-size":"auto","background-attachment":"scroll","background-type":"","background-media":"","overlay-type":"","overlay-color":"","overlay-opacity":"","overlay-gradient":""},"mobile":{"background-color":"","background-image":"","background-repeat":"repeat","background-position":"center center","background-size":"auto","background-attachment":"scroll","background-type":"","background-media":"","overlay-type":"","overlay-color":"","overlay-opacity":"","overlay-gradient":""}},"ast-content-background-meta":{"desktop":{"background-color":"var(--ast-global-color-5)","background-image":"","background-repeat":"repeat","background-position":"center center","background-size":"auto","background-attachment":"scroll","background-type":"","background-media":"","overlay-type":"","overlay-color":"","overlay-opacity":"","overlay-gradient":""},"tablet":{"background-color":"var(--ast-global-color-5)","background-image":"","background-repeat":"repeat","background-position":"center center","background-size":"auto","background-attachment":"scroll","background-type":"","background-media":"","overlay-type":"","overlay-color":"","overlay-opacity":"","overlay-gradient":""},"mobile":{"background-color":"var(--ast-global-color-5)","background-image":"","background-repeat":"repeat","background-position":"center center","background-size":"auto","background-attachment":"scroll","background-type":"","background-media":"","overlay-type":"","overlay-color":"","overlay-opacity":"","overlay-gradient":""}}},"product_brand":[],"product_cat":[25],"product_tag":[],"class_list":{"0":"post-2697","1":"product","2":"type-product","3":"status-publish","5":"product_cat-uncategorized","6":"desktop-align-left","7":"tablet-align-left","8":"mobile-align-left","10":"first","11":"instock","12":"shipping-taxable","13":"product-type-simple"},"yoast_head":"<!-- This site is optimized with the Yoast SEO Premium plugin v27.4 (Yoast SEO v27.4) - https:\/\/yoast.com\/product\/yoast-seo-premium-wordpress\/ -->\n<title>Kiberbiztons\u00e1gi Konzult\u00e1ci\u00f3\u00a0 - Cyber Operations Group Kft.<\/title>\n<meta name=\"robots\" content=\"index, follow, max-snippet:-1, max-image-preview:large, max-video-preview:-1\" \/>\n<link rel=\"canonical\" href=\"https:\/\/cyberoperations.hu\/nb\/produkt\/kiberbiztonsagi-konzultacio\/\" \/>\n<meta property=\"og:locale\" content=\"nb_NO\" \/>\n<meta property=\"og:type\" content=\"article\" \/>\n<meta property=\"og:title\" content=\"Kiberbiztons\u00e1gi Konzult\u00e1ci\u00f3\u00a0\" \/>\n<meta property=\"og:description\" content=\"A CyberOperations Kiberbiztons\u00e1gi Konzult\u00e1ci\u00f3ja c\u00e9lzott szak\u00e9rt\u0151i tan\u00e1csad\u00e1st biztos\u00edt v\u00e1llalat\u00e1nak az aktu\u00e1lis kiberbiztons\u00e1gi kih\u00edv\u00e1sok, fenyeget\u00e9sek \u00e9s v\u00e9delmi megold\u00e1sok ter\u00e9n. Seg\u00edt\u00fcnk az [&hellip;]\" \/>\n<meta property=\"og:url\" content=\"https:\/\/cyberoperations.hu\/nb\/produkt\/kiberbiztonsagi-konzultacio\/\" \/>\n<meta property=\"og:site_name\" content=\"Cyber Operations Group Kft.\" \/>\n<meta property=\"article:modified_time\" content=\"2025-04-04T07:27:30+00:00\" \/>\n<meta name=\"twitter:card\" content=\"summary_large_image\" \/>\n<meta name=\"twitter:label1\" content=\"Pris\" \/>\n\t<meta name=\"twitter:data1\" content=\"\" \/>\n\t<meta name=\"twitter:label2\" content=\"Tilgjengelighet\" \/>\n\t<meta name=\"twitter:data2\" content=\"P\u00e5 lager\" \/>\n<script type=\"application\/ld+json\" class=\"yoast-schema-graph\">{\"@context\":\"https:\\\/\\\/schema.org\",\"@graph\":[{\"@type\":\"WebPage\",\"@id\":\"https:\\\/\\\/cyberoperations.hu\\\/termek\\\/kiberbiztonsagi-konzultacio\\\/\",\"url\":\"https:\\\/\\\/cyberoperations.hu\\\/termek\\\/kiberbiztonsagi-konzultacio\\\/\",\"name\":\"Kiberbiztons\u00e1gi Konzult\u00e1ci\u00f3\u00a0 - Cyber Operations Group Kft.\",\"isPartOf\":{\"@id\":\"https:\\\/\\\/cyberoperations.hu\\\/#website\"},\"datePublished\":\"2025-03-27T08:47:38+00:00\",\"dateModified\":\"2025-04-04T07:27:30+00:00\",\"breadcrumb\":{\"@id\":\"https:\\\/\\\/cyberoperations.hu\\\/termek\\\/kiberbiztonsagi-konzultacio\\\/#breadcrumb\"},\"inLanguage\":\"nb-NO\",\"potentialAction\":[{\"@type\":\"ReadAction\",\"target\":[\"https:\\\/\\\/cyberoperations.hu\\\/termek\\\/kiberbiztonsagi-konzultacio\\\/\"]}]},{\"@type\":\"BreadcrumbList\",\"@id\":\"https:\\\/\\\/cyberoperations.hu\\\/termek\\\/kiberbiztonsagi-konzultacio\\\/#breadcrumb\",\"itemListElement\":[{\"@type\":\"ListItem\",\"position\":1,\"name\":\"Kezd\u0151lap\",\"item\":\"https:\\\/\\\/cyberoperations.hu\\\/\"},{\"@type\":\"ListItem\",\"position\":2,\"name\":\"Shop\",\"item\":\"https:\\\/\\\/cyberoperations.hu\\\/shop\\\/\"},{\"@type\":\"ListItem\",\"position\":3,\"name\":\"Kiberbiztons\u00e1gi Konzult\u00e1ci\u00f3\u00a0\"}]},{\"@type\":\"WebSite\",\"@id\":\"https:\\\/\\\/cyberoperations.hu\\\/#website\",\"url\":\"https:\\\/\\\/cyberoperations.hu\\\/\",\"name\":\"Cyber Operations Group Kft.\",\"description\":\"\",\"publisher\":{\"@id\":\"https:\\\/\\\/cyberoperations.hu\\\/#organization\"},\"potentialAction\":[{\"@type\":\"SearchAction\",\"target\":{\"@type\":\"EntryPoint\",\"urlTemplate\":\"https:\\\/\\\/cyberoperations.hu\\\/?s={search_term_string}\"},\"query-input\":{\"@type\":\"PropertyValueSpecification\",\"valueRequired\":true,\"valueName\":\"search_term_string\"}}],\"inLanguage\":\"nb-NO\"},{\"@type\":\"Organization\",\"@id\":\"https:\\\/\\\/cyberoperations.hu\\\/#organization\",\"name\":\"Cyber Operations Group Kft.\",\"url\":\"https:\\\/\\\/cyberoperations.hu\\\/\",\"logo\":{\"@type\":\"ImageObject\",\"inLanguage\":\"nb-NO\",\"@id\":\"https:\\\/\\\/cyberoperations.hu\\\/#\\\/schema\\\/logo\\\/image\\\/\",\"url\":\"https:\\\/\\\/cyberoperations.hu\\\/wp-content\\\/uploads\\\/2024\\\/12\\\/simalogo-2.png\",\"contentUrl\":\"https:\\\/\\\/cyberoperations.hu\\\/wp-content\\\/uploads\\\/2024\\\/12\\\/simalogo-2.png\",\"width\":1500,\"height\":400,\"caption\":\"Cyber Operations Group Kft.\"},\"image\":{\"@id\":\"https:\\\/\\\/cyberoperations.hu\\\/#\\\/schema\\\/logo\\\/image\\\/\"}}]}<\/script>\n<meta property=\"product:price:currency\" content=\"EUR\" \/>\n<meta property=\"og:availability\" content=\"instock\" \/>\n<meta property=\"product:availability\" content=\"instock\" \/>\n<meta property=\"product:condition\" content=\"new\" \/>\n<!-- \/ Yoast SEO Premium plugin. -->","yoast_head_json":{"title":"Konsulenttjenester innen cybersikkerhet - Cyber Operations Group Ltd.","robots":{"index":"index","follow":"follow","max-snippet":"max-snippet:-1","max-image-preview":"max-image-preview:large","max-video-preview":"max-video-preview:-1"},"canonical":"https:\/\/cyberoperations.hu\/nb\/produkt\/kiberbiztonsagi-konzultacio\/","og_locale":"nb_NO","og_type":"article","og_title":"Kiberbiztons\u00e1gi Konzult\u00e1ci\u00f3\u00a0","og_description":"A CyberOperations Kiberbiztons\u00e1gi Konzult\u00e1ci\u00f3ja c\u00e9lzott szak\u00e9rt\u0151i tan\u00e1csad\u00e1st biztos\u00edt v\u00e1llalat\u00e1nak az aktu\u00e1lis kiberbiztons\u00e1gi kih\u00edv\u00e1sok, fenyeget\u00e9sek \u00e9s v\u00e9delmi megold\u00e1sok ter\u00e9n. Seg\u00edt\u00fcnk az [&hellip;]","og_url":"https:\/\/cyberoperations.hu\/nb\/produkt\/kiberbiztonsagi-konzultacio\/","og_site_name":"Cyber Operations Group Kft.","article_modified_time":"2025-04-04T07:27:30+00:00","twitter_card":"summary_large_image","twitter_misc":{"Pris":"","Tilgjengelighet":"P\u00e5 lager"},"schema":{"@context":"https:\/\/schema.org","@graph":[{"@type":"WebPage","@id":"https:\/\/cyberoperations.hu\/termek\/kiberbiztonsagi-konzultacio\/","url":"https:\/\/cyberoperations.hu\/termek\/kiberbiztonsagi-konzultacio\/","name":"Konsulenttjenester innen cybersikkerhet - Cyber Operations Group Ltd.","isPartOf":{"@id":"https:\/\/cyberoperations.hu\/#website"},"datePublished":"2025-03-27T08:47:38+00:00","dateModified":"2025-04-04T07:27:30+00:00","breadcrumb":{"@id":"https:\/\/cyberoperations.hu\/termek\/kiberbiztonsagi-konzultacio\/#breadcrumb"},"inLanguage":"nb-NO","potentialAction":[{"@type":"ReadAction","target":["https:\/\/cyberoperations.hu\/termek\/kiberbiztonsagi-konzultacio\/"]}]},{"@type":"BreadcrumbList","@id":"https:\/\/cyberoperations.hu\/termek\/kiberbiztonsagi-konzultacio\/#breadcrumb","itemListElement":[{"@type":"ListItem","position":1,"name":"Kezd\u0151lap","item":"https:\/\/cyberoperations.hu\/"},{"@type":"ListItem","position":2,"name":"Shop","item":"https:\/\/cyberoperations.hu\/shop\/"},{"@type":"ListItem","position":3,"name":"Kiberbiztons\u00e1gi Konzult\u00e1ci\u00f3\u00a0"}]},{"@type":"WebSite","@id":"https:\/\/cyberoperations.hu\/#website","url":"https:\/\/cyberoperations.hu\/","name":"Cyber Operations Group Ltd.","description":"","publisher":{"@id":"https:\/\/cyberoperations.hu\/#organization"},"potentialAction":[{"@type":"SearchAction","target":{"@type":"EntryPoint","urlTemplate":"https:\/\/cyberoperations.hu\/?s={search_term_string}"},"query-input":{"@type":"PropertyValueSpecification","valueRequired":true,"valueName":"search_term_string"}}],"inLanguage":"nb-NO"},{"@type":"Organization","@id":"https:\/\/cyberoperations.hu\/#organization","name":"Cyber Operations Group Ltd.","url":"https:\/\/cyberoperations.hu\/","logo":{"@type":"ImageObject","inLanguage":"nb-NO","@id":"https:\/\/cyberoperations.hu\/#\/schema\/logo\/image\/","url":"https:\/\/cyberoperations.hu\/wp-content\/uploads\/2024\/12\/simalogo-2.png","contentUrl":"https:\/\/cyberoperations.hu\/wp-content\/uploads\/2024\/12\/simalogo-2.png","width":1500,"height":400,"caption":"Cyber Operations Group Kft."},"image":{"@id":"https:\/\/cyberoperations.hu\/#\/schema\/logo\/image\/"}}]},"product_price_currency":"EUR","og_availability":"instock","product_availability":"instock","product_condition":"new"},"_links":{"self":[{"href":"https:\/\/cyberoperations.hu\/nb\/wp-json\/wp\/v2\/product\/2697","targetHints":{"allow":["GET"]}}],"collection":[{"href":"https:\/\/cyberoperations.hu\/nb\/wp-json\/wp\/v2\/product"}],"about":[{"href":"https:\/\/cyberoperations.hu\/nb\/wp-json\/wp\/v2\/types\/product"}],"version-history":[{"count":0,"href":"https:\/\/cyberoperations.hu\/nb\/wp-json\/wp\/v2\/product\/2697\/revisions"}],"wp:attachment":[{"href":"https:\/\/cyberoperations.hu\/nb\/wp-json\/wp\/v2\/media?parent=2697"}],"wp:term":[{"taxonomy":"product_brand","embeddable":true,"href":"https:\/\/cyberoperations.hu\/nb\/wp-json\/wp\/v2\/product_brand?post=2697"},{"taxonomy":"product_cat","embeddable":true,"href":"https:\/\/cyberoperations.hu\/nb\/wp-json\/wp\/v2\/product_cat?post=2697"},{"taxonomy":"product_tag","embeddable":true,"href":"https:\/\/cyberoperations.hu\/nb\/wp-json\/wp\/v2\/product_tag?post=2697"}],"curies":[{"name":"wp","href":"https:\/\/api.w.org\/{rel}","templated":true}]}}