{"id":2701,"date":"2025-03-27T09:47:44","date_gmt":"2025-03-27T08:47:44","guid":{"rendered":"https:\/\/cyberoperations.hu\/?post_type=product&#038;p=2701"},"modified":"2025-03-27T09:47:44","modified_gmt":"2025-03-27T08:47:44","slug":"kibervedelmi-es-kiberhigieniai-trening","status":"publish","type":"product","link":"https:\/\/cyberoperations.hu\/nb\/produkt\/kibervedelmi-es-kiberhigieniai-trening\/","title":{"rendered":"Oppl\u00e6ring i cybersikkerhet og cyberhygiene"},"content":{"rendered":"<p aria-level=\"3\"><span data-contrast=\"auto\">Cyberoperasjoners oppl\u00e6ring i cybersikkerhet og cyberhygiene er en omfattende, praksisorientert oppl\u00e6ring som sikrer at bedriftens ansatte og ledere er oppdatert p\u00e5 moderne cybertrusler og forsvarsstrategier. Oppl\u00e6ringen har som m\u00e5l \u00e5 gi praktisk kunnskap og verkt\u00f8y for effektiv cybersikkerhetsoperasjon, enten det gjelder riktig programvarebruk, IT-sikkerhetsdesign p\u00e5 kontoret eller hverdagslige cyberhygienetiltak.<\/span><span data-ccp-props=\"{&quot;134233117&quot;:false,&quot;134233118&quot;:false,&quot;335559738&quot;:240,&quot;335559739&quot;:240}\">\u00a0<\/span><\/p>\n<p><b><span data-contrast=\"auto\">Treningsdetaljer:<\/span><\/b><span data-ccp-props=\"{&quot;134233117&quot;:false,&quot;134233118&quot;:false,&quot;335559738&quot;:240,&quot;335559739&quot;:240}\">\u00a0<\/span><\/p>\n<p><span data-contrast=\"auto\">\ud83d\udccc Varighet: 2 dager<\/span><br \/>\n<span data-contrast=\"auto\"> \ud83d\udccc Sted: P\u00e5 stedet eller p\u00e5 nett<\/span><br \/>\n<span data-contrast=\"auto\"> \ud83d\udccc Pris: Basert p\u00e5 individuelt tilbud<\/span><span data-ccp-props=\"{&quot;134233117&quot;:false,&quot;134233118&quot;:false,&quot;335559738&quot;:240,&quot;335559739&quot;:240}\">\u00a0<\/span><\/p>\n<p><b><span data-contrast=\"auto\">Oppl\u00e6ringsinnholdet:<\/span><\/b><span data-ccp-props=\"{&quot;134233117&quot;:false,&quot;134233118&quot;:false,&quot;335559738&quot;:240,&quot;335559739&quot;:240}\">\u00a0<\/span><\/p>\n<p><span data-contrast=\"auto\">\ud83d\udd0d <\/span><b><span data-contrast=\"auto\">Grunnleggende om cybersikkerhet og beste praksis<\/span><\/b><br \/>\n<span data-contrast=\"auto\"> \u2013 Identifisering av de nyeste cybertruslene og angrepsteknikkene<\/span><br \/>\n<span data-contrast=\"auto\"> \u2013 Forsvarsstrategier og umiddelbare reaksjoner i tilfelle hendelser<\/span><br \/>\n<span data-contrast=\"auto\"> \u2013 Grunnleggende systemsikkerhet og endepunktbeskyttelse<\/span><span data-ccp-props=\"{&quot;134233117&quot;:false,&quot;134233118&quot;:false,&quot;335559738&quot;:240,&quot;335559739&quot;:240}\">\u00a0<\/span><\/p>\n<p><span data-contrast=\"auto\">\ud83d\udee0 <\/span><b><span data-contrast=\"auto\">Riktig bruk av programvare og enhet<\/span><\/b><br \/>\n<span data-contrast=\"auto\"> \u2013 Hvilke verkt\u00f8y og programvare b\u00f8r brukes for datasikkerhet?<\/span><br \/>\n<span data-contrast=\"auto\"> \u2013 Krypterings- og tilgangsh\u00e5ndteringsl\u00f8sninger<\/span><br \/>\n<span data-contrast=\"auto\"> \u2013 Konfigurering av VPN, flerfaktorautentisering og andre beskyttelsesmekanismer<\/span><span data-ccp-props=\"{&quot;134233117&quot;:false,&quot;134233118&quot;:false,&quot;335559738&quot;:240,&quot;335559739&quot;:240}\">\u00a0<\/span><\/p>\n<p><span data-contrast=\"auto\">\ud83c\udfe2 <\/span><b><span data-contrast=\"auto\">\u00c5 skape et trygt arbeidsmilj\u00f8<\/span><\/b><br \/>\n<span data-contrast=\"auto\"> \u2013 IT-sikkerhetsplanlegging og design av et nytt kontor<\/span><br \/>\n<span data-contrast=\"auto\"> \u2013 Ombygging av et eksisterende kontor i henhold til moderne krav til cybersikkerhet<\/span><br \/>\n<span data-contrast=\"auto\"> \u2013 Etablering av regler for fysisk sikkerhet, adgang og nettverkstilgang<\/span><span data-ccp-props=\"{&quot;134233117&quot;:false,&quot;134233118&quot;:false,&quot;335559738&quot;:240,&quot;335559739&quot;:240}\">\u00a0<\/span><\/p>\n<p><span data-contrast=\"auto\">\ud83e\uddfc <\/span><b><span data-contrast=\"auto\">Oppl\u00e6ring i cyberhygiene<\/span><\/b><br \/>\n<span data-contrast=\"auto\"> \u2013 Passordregler og tilgangsh\u00e5ndtering<\/span><br \/>\n<span data-contrast=\"auto\"> \u2013 Gjenkjenne og forhindre sosialtekniske angrep<\/span><br \/>\n<span data-contrast=\"auto\"> \u2013 Beskyttelse mot phishing og andre vanlige nettkriminalitetsteknikker<\/span><br \/>\n<span data-contrast=\"auto\"> \u2013 Sikkerhetsprinsipper for mobile enheter og fjernarbeid<\/span><span data-ccp-props=\"{&quot;134233117&quot;:false,&quot;134233118&quot;:false,&quot;335559738&quot;:240,&quot;335559739&quot;:240}\">\u00a0<\/span><\/p>\n<p><span data-contrast=\"auto\">\ud83d\udcca <\/span><b><span data-contrast=\"auto\">Nettsikkerhetsrevisjon og -unders\u00f8kelse<\/span><\/b><br \/>\n<span data-contrast=\"auto\"> \u2013 Vurdering av selskapets n\u00e5v\u00e6rende cybersikkerhetsstatus<\/span><br \/>\n<span data-contrast=\"auto\"> \u2013 Identifisering av svake punkter og forslag til forbedringer<\/span><br \/>\n<span data-contrast=\"auto\"> \u2013 Utarbeidelse av en omfattende oversikt over cybersikkerhet p\u00e5 slutten av oppl\u00e6ringen<\/span><span data-ccp-props=\"{&quot;134233117&quot;:false,&quot;134233118&quot;:false,&quot;335559738&quot;:240,&quot;335559739&quot;:240}\">\u00a0<\/span><\/p>\n<p><span data-ccp-props=\"{}\">\u00a0<\/span><\/p>\n<p aria-level=\"3\"><b><span data-contrast=\"none\">Ekspertise innen cyberoperasjoner:<\/span><\/b><span data-ccp-props=\"{&quot;134233117&quot;:false,&quot;134233118&quot;:false,&quot;134245418&quot;:true,&quot;134245529&quot;:true,&quot;335559738&quot;:281,&quot;335559739&quot;:281}\">\u00a0<\/span><\/p>\n<p><span data-contrast=\"auto\">Oppl\u00e6ringen gis av <\/span><b><span data-contrast=\"auto\">Cyber Operations Group Ltd.<\/span><\/b><span data-contrast=\"auto\"> er en nasjonalt og internasjonalt anerkjent akt\u00f8r innen cybersikkerhet, regeloverholdelse og teknologiutdanning. Oppl\u00e6ringen og r\u00e5dgivningen administreres og veiledes av to fremragende eksperter:<\/span><span data-ccp-props=\"{&quot;134233117&quot;:false,&quot;134233118&quot;:false,&quot;335559738&quot;:240,&quot;335559739&quot;:240}\">\u00a0<\/span><\/p>\n<p><span data-contrast=\"auto\">\ud83e\udded <\/span><b><span data-contrast=\"auto\">\u00c1ron Par\u00e9j \u2013 Milit\u00e6r- og sikkerhetsingeni\u00f8r, administrerende direkt\u00f8r<\/span><\/b><br \/>\n<span data-contrast=\"auto\"> Grunnlegger og administrerende direkt\u00f8r i Cyber Operations Group Ltd. Hans ekspertise ligger innen design av cyberforsvarssystemer og koordinert utvikling av bedriftens IT og fysiske sikkerhet. Han har erfaring fra forsvarsindustriprosjekter og strategisk r\u00e5dgivning p\u00e5 h\u00f8yt niv\u00e5, med s\u00e6rlig fokus p\u00e5 kritisk infrastruktur og risikostyring i bedrifter.<\/span><span data-ccp-props=\"{&quot;134233117&quot;:false,&quot;134233118&quot;:false,&quot;335559738&quot;:240,&quot;335559739&quot;:240}\">\u00a0<\/span><\/p>\n<p><span data-contrast=\"auto\">\u2696\ufe0f <\/span><b><span data-contrast=\"auto\">Dr. Antal Csev\u00e1r LL.M. \u2013 Advokat innen kunstig intelligens og teknologi<\/span><\/b><br \/>\n<span data-contrast=\"auto\"> I l\u00f8pet av sin karriere som advokat og juridisk r\u00e5dgiver jobbet han for flere multinasjonale finansselskaper, hvor han var ansvarlig for \u00e5 utvikle systemer for databeskyttelse, regulatoriske og kontraktsmessige forhold. Han var medlem av Corporate Governance-komiteen ved Budapest-b\u00f8rsen i 10 \u00e5r. I 2023 anerkjente Budapests advokatforening arbeidet hans med Pro Excellentia-prisen. Han er ogs\u00e5 visepresident i den nasjonale foreningen for dronepiloter. Hans ekspertise er spesielt verdifull innen omr\u00e5dene juridisk samsvar, databeskyttelse og teknologiforskrifter.<\/span><span data-ccp-props=\"{&quot;134233117&quot;:false,&quot;134233118&quot;:false,&quot;335559738&quot;:240,&quot;335559739&quot;:240}\">\u00a0<\/span><\/p>\n<p><span data-ccp-props=\"{}\">\u00a0<\/span><\/p>\n<p><b><span data-contrast=\"auto\">Hvem anbefaler vi det til?<\/span><\/b><span data-ccp-props=\"{&quot;134233117&quot;:false,&quot;134233118&quot;:false,&quot;335559738&quot;:240,&quot;335559739&quot;:240}\">\u00a0<\/span><\/p>\n<p><span data-contrast=\"auto\">\u2714 For alle bedrifter som \u00f8nsker \u00e5 redusere risikoen for cyberangrep<\/span><br \/>\n<span data-contrast=\"auto\"> \u2714 For organisasjoner som \u00f8nsker \u00e5 \u00f8ke bevisstheten om cybersikkerhet blant sine ansatte<\/span><br \/>\n<span data-contrast=\"auto\"> \u2714 For bedriftsledere, IT-sikkerhetsfagfolk og alle ansatte som bruker digitale enheter i sitt daglige arbeid<\/span><span data-ccp-props=\"{&quot;134233117&quot;:false,&quot;134233118&quot;:false,&quot;335559738&quot;:240,&quot;335559739&quot;:240}\">\u00a0<\/span><\/p>\n<p><span data-contrast=\"auto\">\ud83d\udce9 <\/span><b><span data-contrast=\"auto\">Kontakt oss for et skreddersydd tilbud og gi dine ansatte den mest moderne kunnskapen om cyberbeskyttelse og cyberhygiene \u2013 ledet av de beste i bransjen!<\/span><\/b><span data-ccp-props=\"{&quot;134233117&quot;:false,&quot;134233118&quot;:false,&quot;335559738&quot;:240,&quot;335559739&quot;:240}\">\u00a0<\/span><\/p>\n<p><span data-ccp-props=\"{}\">\u00a0<\/span><\/p>","protected":false},"excerpt":{"rendered":"<p>A Cyber Operations Kiberv\u00e9delmi \u00e9s Kiberhigi\u00e9niai Oktat\u00e1sa egy \u00e1tfog\u00f3, gyakorlatorient\u00e1lt tr\u00e9ning, amely biztos\u00edtja, hogy v\u00e1llalat\u00e1nak munkav\u00e1llal\u00f3i \u00e9s vezet\u0151i naprak\u00e9szek legyenek [&hellip;]<\/p>\n","protected":false},"featured_media":0,"template":"","meta":{"site-sidebar-layout":"default","site-content-layout":"","ast-site-content-layout":"default","site-content-style":"default","site-sidebar-style":"default","ast-global-header-display":"","ast-banner-title-visibility":"","ast-main-header-display":"","ast-hfb-above-header-display":"","ast-hfb-below-header-display":"","ast-hfb-mobile-header-display":"","site-post-title":"","ast-breadcrumbs-content":"","ast-featured-img":"","footer-sml-layout":"","ast-disable-related-posts":"","theme-transparent-header-meta":"default","adv-header-id-meta":"","stick-header-meta":"","header-above-stick-meta":"","header-main-stick-meta":"","header-below-stick-meta":"","astra-migrate-meta-layouts":"set","ast-page-background-enabled":"default","ast-page-background-meta":{"desktop":{"background-color":"var(--ast-global-color-4)","background-image":"","background-repeat":"repeat","background-position":"center center","background-size":"auto","background-attachment":"scroll","background-type":"","background-media":"","overlay-type":"","overlay-color":"","overlay-opacity":"","overlay-gradient":""},"tablet":{"background-color":"","background-image":"","background-repeat":"repeat","background-position":"center center","background-size":"auto","background-attachment":"scroll","background-type":"","background-media":"","overlay-type":"","overlay-color":"","overlay-opacity":"","overlay-gradient":""},"mobile":{"background-color":"","background-image":"","background-repeat":"repeat","background-position":"center center","background-size":"auto","background-attachment":"scroll","background-type":"","background-media":"","overlay-type":"","overlay-color":"","overlay-opacity":"","overlay-gradient":""}},"ast-content-background-meta":{"desktop":{"background-color":"var(--ast-global-color-5)","background-image":"","background-repeat":"repeat","background-position":"center center","background-size":"auto","background-attachment":"scroll","background-type":"","background-media":"","overlay-type":"","overlay-color":"","overlay-opacity":"","overlay-gradient":""},"tablet":{"background-color":"var(--ast-global-color-5)","background-image":"","background-repeat":"repeat","background-position":"center center","background-size":"auto","background-attachment":"scroll","background-type":"","background-media":"","overlay-type":"","overlay-color":"","overlay-opacity":"","overlay-gradient":""},"mobile":{"background-color":"var(--ast-global-color-5)","background-image":"","background-repeat":"repeat","background-position":"center center","background-size":"auto","background-attachment":"scroll","background-type":"","background-media":"","overlay-type":"","overlay-color":"","overlay-opacity":"","overlay-gradient":""}}},"product_brand":[],"product_cat":[25],"product_tag":[],"class_list":{"0":"post-2701","1":"product","2":"type-product","3":"status-publish","5":"product_cat-uncategorized","6":"desktop-align-left","7":"tablet-align-left","8":"mobile-align-left","10":"first","11":"instock","12":"shipping-taxable","13":"product-type-simple"},"yoast_head":"<!-- This site is optimized with the Yoast SEO Premium plugin v27.4 (Yoast SEO v27.4) - https:\/\/yoast.com\/product\/yoast-seo-premium-wordpress\/ -->\n<title>Kiberv\u00e9delmi \u00e9s Kiberhigi\u00e9niai Tr\u00e9ning - Cyber Operations Group Kft.<\/title>\n<meta name=\"robots\" content=\"index, follow, max-snippet:-1, max-image-preview:large, max-video-preview:-1\" \/>\n<link rel=\"canonical\" href=\"https:\/\/cyberoperations.hu\/nb\/product\/cyber-protection-and-cyber-hygiene-training\/\" \/>\n<meta property=\"og:locale\" content=\"nb_NO\" \/>\n<meta property=\"og:type\" content=\"article\" \/>\n<meta property=\"og:title\" content=\"Kiberv\u00e9delmi \u00e9s Kiberhigi\u00e9niai Tr\u00e9ning\" \/>\n<meta property=\"og:description\" content=\"A Cyber Operations Kiberv\u00e9delmi \u00e9s Kiberhigi\u00e9niai Oktat\u00e1sa egy \u00e1tfog\u00f3, gyakorlatorient\u00e1lt tr\u00e9ning, amely biztos\u00edtja, hogy v\u00e1llalat\u00e1nak munkav\u00e1llal\u00f3i \u00e9s vezet\u0151i naprak\u00e9szek legyenek [&hellip;]\" \/>\n<meta property=\"og:url\" content=\"https:\/\/cyberoperations.hu\/nb\/product\/cyber-protection-and-cyber-hygiene-training\/\" \/>\n<meta property=\"og:site_name\" content=\"Cyber Operations Group Kft.\" \/>\n<meta name=\"twitter:card\" content=\"summary_large_image\" \/>\n<meta name=\"twitter:label1\" content=\"Pris\" \/>\n\t<meta name=\"twitter:data1\" content=\"\" \/>\n\t<meta name=\"twitter:label2\" content=\"Tilgjengelighet\" \/>\n\t<meta name=\"twitter:data2\" content=\"P\u00e5 lager\" \/>\n<script type=\"application\/ld+json\" class=\"yoast-schema-graph\">{\"@context\":\"https:\\\/\\\/schema.org\",\"@graph\":[{\"@type\":\"WebPage\",\"@id\":\"https:\\\/\\\/cyberoperations.hu\\\/en\\\/product\\\/cyber-protection-and-cyber-hygiene-training\\\/\",\"url\":\"https:\\\/\\\/cyberoperations.hu\\\/en\\\/product\\\/cyber-protection-and-cyber-hygiene-training\\\/\",\"name\":\"Kiberv\u00e9delmi \u00e9s Kiberhigi\u00e9niai Tr\u00e9ning - Cyber Operations Group Kft.\",\"isPartOf\":{\"@id\":\"https:\\\/\\\/cyberoperations.hu\\\/#website\"},\"datePublished\":\"2025-03-27T08:47:44+00:00\",\"breadcrumb\":{\"@id\":\"https:\\\/\\\/cyberoperations.hu\\\/en\\\/product\\\/cyber-protection-and-cyber-hygiene-training\\\/#breadcrumb\"},\"inLanguage\":\"nb-NO\",\"potentialAction\":[{\"@type\":\"ReadAction\",\"target\":[\"https:\\\/\\\/cyberoperations.hu\\\/en\\\/product\\\/cyber-protection-and-cyber-hygiene-training\\\/\"]}]},{\"@type\":\"BreadcrumbList\",\"@id\":\"https:\\\/\\\/cyberoperations.hu\\\/en\\\/product\\\/cyber-protection-and-cyber-hygiene-training\\\/#breadcrumb\",\"itemListElement\":[{\"@type\":\"ListItem\",\"position\":1,\"name\":\"Kezd\u0151lap\",\"item\":\"https:\\\/\\\/cyberoperations.hu\\\/\"},{\"@type\":\"ListItem\",\"position\":2,\"name\":\"Shop\",\"item\":\"https:\\\/\\\/cyberoperations.hu\\\/shop\\\/\"},{\"@type\":\"ListItem\",\"position\":3,\"name\":\"Kiberv\u00e9delmi \u00e9s Kiberhigi\u00e9niai Tr\u00e9ning\"}]},{\"@type\":\"WebSite\",\"@id\":\"https:\\\/\\\/cyberoperations.hu\\\/#website\",\"url\":\"https:\\\/\\\/cyberoperations.hu\\\/\",\"name\":\"Cyber Operations Group Kft.\",\"description\":\"\",\"publisher\":{\"@id\":\"https:\\\/\\\/cyberoperations.hu\\\/#organization\"},\"potentialAction\":[{\"@type\":\"SearchAction\",\"target\":{\"@type\":\"EntryPoint\",\"urlTemplate\":\"https:\\\/\\\/cyberoperations.hu\\\/?s={search_term_string}\"},\"query-input\":{\"@type\":\"PropertyValueSpecification\",\"valueRequired\":true,\"valueName\":\"search_term_string\"}}],\"inLanguage\":\"nb-NO\"},{\"@type\":\"Organization\",\"@id\":\"https:\\\/\\\/cyberoperations.hu\\\/#organization\",\"name\":\"Cyber Operations Group Kft.\",\"url\":\"https:\\\/\\\/cyberoperations.hu\\\/\",\"logo\":{\"@type\":\"ImageObject\",\"inLanguage\":\"nb-NO\",\"@id\":\"https:\\\/\\\/cyberoperations.hu\\\/#\\\/schema\\\/logo\\\/image\\\/\",\"url\":\"https:\\\/\\\/cyberoperations.hu\\\/wp-content\\\/uploads\\\/2024\\\/12\\\/simalogo-2.png\",\"contentUrl\":\"https:\\\/\\\/cyberoperations.hu\\\/wp-content\\\/uploads\\\/2024\\\/12\\\/simalogo-2.png\",\"width\":1500,\"height\":400,\"caption\":\"Cyber Operations Group Kft.\"},\"image\":{\"@id\":\"https:\\\/\\\/cyberoperations.hu\\\/#\\\/schema\\\/logo\\\/image\\\/\"}}]}<\/script>\n<meta property=\"product:price:currency\" content=\"EUR\" \/>\n<meta property=\"og:availability\" content=\"instock\" \/>\n<meta property=\"product:availability\" content=\"instock\" \/>\n<meta property=\"product:condition\" content=\"new\" \/>\n<!-- \/ Yoast SEO Premium plugin. -->","yoast_head_json":{"title":"Oppl\u00e6ring i cybersikkerhet og cyberhygiene - Cyber Operations Group Ltd.","robots":{"index":"index","follow":"follow","max-snippet":"max-snippet:-1","max-image-preview":"max-image-preview:large","max-video-preview":"max-video-preview:-1"},"canonical":"https:\/\/cyberoperations.hu\/nb\/product\/cyber-protection-and-cyber-hygiene-training\/","og_locale":"nb_NO","og_type":"article","og_title":"Kiberv\u00e9delmi \u00e9s Kiberhigi\u00e9niai Tr\u00e9ning","og_description":"A Cyber Operations Kiberv\u00e9delmi \u00e9s Kiberhigi\u00e9niai Oktat\u00e1sa egy \u00e1tfog\u00f3, gyakorlatorient\u00e1lt tr\u00e9ning, amely biztos\u00edtja, hogy v\u00e1llalat\u00e1nak munkav\u00e1llal\u00f3i \u00e9s vezet\u0151i naprak\u00e9szek legyenek [&hellip;]","og_url":"https:\/\/cyberoperations.hu\/nb\/product\/cyber-protection-and-cyber-hygiene-training\/","og_site_name":"Cyber Operations Group Kft.","twitter_card":"summary_large_image","twitter_misc":{"Pris":"","Tilgjengelighet":"P\u00e5 lager"},"schema":{"@context":"https:\/\/schema.org","@graph":[{"@type":"WebPage","@id":"https:\/\/cyberoperations.hu\/en\/product\/cyber-protection-and-cyber-hygiene-training\/","url":"https:\/\/cyberoperations.hu\/en\/product\/cyber-protection-and-cyber-hygiene-training\/","name":"Oppl\u00e6ring i cybersikkerhet og cyberhygiene - Cyber Operations Group Ltd.","isPartOf":{"@id":"https:\/\/cyberoperations.hu\/#website"},"datePublished":"2025-03-27T08:47:44+00:00","breadcrumb":{"@id":"https:\/\/cyberoperations.hu\/en\/product\/cyber-protection-and-cyber-hygiene-training\/#breadcrumb"},"inLanguage":"nb-NO","potentialAction":[{"@type":"ReadAction","target":["https:\/\/cyberoperations.hu\/en\/product\/cyber-protection-and-cyber-hygiene-training\/"]}]},{"@type":"BreadcrumbList","@id":"https:\/\/cyberoperations.hu\/en\/product\/cyber-protection-and-cyber-hygiene-training\/#breadcrumb","itemListElement":[{"@type":"ListItem","position":1,"name":"Kezd\u0151lap","item":"https:\/\/cyberoperations.hu\/"},{"@type":"ListItem","position":2,"name":"Shop","item":"https:\/\/cyberoperations.hu\/shop\/"},{"@type":"ListItem","position":3,"name":"Kiberv\u00e9delmi \u00e9s Kiberhigi\u00e9niai Tr\u00e9ning"}]},{"@type":"WebSite","@id":"https:\/\/cyberoperations.hu\/#website","url":"https:\/\/cyberoperations.hu\/","name":"Cyber Operations Group Ltd.","description":"","publisher":{"@id":"https:\/\/cyberoperations.hu\/#organization"},"potentialAction":[{"@type":"SearchAction","target":{"@type":"EntryPoint","urlTemplate":"https:\/\/cyberoperations.hu\/?s={search_term_string}"},"query-input":{"@type":"PropertyValueSpecification","valueRequired":true,"valueName":"search_term_string"}}],"inLanguage":"nb-NO"},{"@type":"Organization","@id":"https:\/\/cyberoperations.hu\/#organization","name":"Cyber Operations Group Ltd.","url":"https:\/\/cyberoperations.hu\/","logo":{"@type":"ImageObject","inLanguage":"nb-NO","@id":"https:\/\/cyberoperations.hu\/#\/schema\/logo\/image\/","url":"https:\/\/cyberoperations.hu\/wp-content\/uploads\/2024\/12\/simalogo-2.png","contentUrl":"https:\/\/cyberoperations.hu\/wp-content\/uploads\/2024\/12\/simalogo-2.png","width":1500,"height":400,"caption":"Cyber Operations Group Kft."},"image":{"@id":"https:\/\/cyberoperations.hu\/#\/schema\/logo\/image\/"}}]},"product_price_currency":"EUR","og_availability":"instock","product_availability":"instock","product_condition":"new"},"_links":{"self":[{"href":"https:\/\/cyberoperations.hu\/nb\/wp-json\/wp\/v2\/product\/2701","targetHints":{"allow":["GET"]}}],"collection":[{"href":"https:\/\/cyberoperations.hu\/nb\/wp-json\/wp\/v2\/product"}],"about":[{"href":"https:\/\/cyberoperations.hu\/nb\/wp-json\/wp\/v2\/types\/product"}],"version-history":[{"count":0,"href":"https:\/\/cyberoperations.hu\/nb\/wp-json\/wp\/v2\/product\/2701\/revisions"}],"wp:attachment":[{"href":"https:\/\/cyberoperations.hu\/nb\/wp-json\/wp\/v2\/media?parent=2701"}],"wp:term":[{"taxonomy":"product_brand","embeddable":true,"href":"https:\/\/cyberoperations.hu\/nb\/wp-json\/wp\/v2\/product_brand?post=2701"},{"taxonomy":"product_cat","embeddable":true,"href":"https:\/\/cyberoperations.hu\/nb\/wp-json\/wp\/v2\/product_cat?post=2701"},{"taxonomy":"product_tag","embeddable":true,"href":"https:\/\/cyberoperations.hu\/nb\/wp-json\/wp\/v2\/product_tag?post=2701"}],"curies":[{"name":"wp","href":"https:\/\/api.w.org\/{rel}","templated":true}]}}