{"id":2830,"date":"2025-04-11T14:22:54","date_gmt":"2025-04-11T12:22:54","guid":{"rendered":"https:\/\/cyberoperations.hu\/?post_type=product&#038;p=2830"},"modified":"2025-11-10T18:19:00","modified_gmt":"2025-11-10T17:19:00","slug":"nis2-felkeszites","status":"publish","type":"product","link":"https:\/\/cyberoperations.hu\/nb\/produkt\/nis2-felkeszites\/","title":{"rendered":"NIS2-forberedelse"},"content":{"rendered":"<div data-elementor-type=\"product-post\" data-elementor-id=\"2830\" class=\"elementor elementor-2830\" data-elementor-post-type=\"product\">\n\t\t\t\t<div class=\"elementor-element elementor-element-20d05be7 e-flex e-con-boxed e-con e-parent\" data-id=\"20d05be7\" data-element_type=\"container\" data-e-type=\"container\">\n\t\t\t\t\t<div class=\"e-con-inner\">\n\t\t\t\t<div class=\"elementor-element elementor-element-6f202c8a elementor-widget elementor-widget-text-editor\" data-id=\"6f202c8a\" data-element_type=\"widget\" data-e-type=\"widget\" data-widget_type=\"text-editor.default\">\n\t\t\t\t<div class=\"elementor-widget-container\">\n\t\t\t\t\t\t\t\t\t<p>NIS2-direktivet er bindende i EUs medlemsland fra 18. oktober 2024 og stiller betydelige forventninger til mellomstore og store selskaper innen omr\u00e5dene informasjonssikkerhet, hendelsesh\u00e5ndtering, risikostyring og regulatorisk rapportering.\u00a0<\/p><p class=\"\" data-start=\"513\" data-end=\"844\">DE <strong data-start=\"515\" data-end=\"535\">Cyberoperasjoner<\/strong> V\u00e5rt ekspertteam vil hjelpe bedriften din med ikke bare \u00e5 overholde NIS2-forskriftene, men ogs\u00e5 med \u00e5 etablere en sikker, regulert og transparent drift. \u00c5 sikre riktig beredskap og samsvar med regelverket er n\u00f8kkelen til \u00e5 unng\u00e5 b\u00f8ter og minimere cyberrisikoer.<\/p><p><strong>V\u00e5r tjeneste inkluderer:<\/strong><\/p><ul><li class=\"\" data-start=\"774\" data-end=\"976\"><p class=\"\" data-start=\"776\" data-end=\"976\"><strong data-start=\"776\" data-end=\"815\">Sikre samsvar med lover og regler:<\/strong> Vi hjelper deg med \u00e5 forst\u00e5 og anvende alle kravene i NIS2-direktivet n\u00f8yaktig, inkludert databeskyttelse, risikostyring og sikkerhetstiltak.<\/p><\/li><li class=\"\" data-start=\"980\" data-end=\"1169\"><p class=\"\" data-start=\"982\" data-end=\"1169\"><strong data-start=\"982\" data-end=\"1007\">Forberedende revisjoner:<\/strong> Vi vurderer selskapets n\u00e5v\u00e6rende status for cybersikkerhet og identifiserer omr\u00e5der der det er behov for forbedringer for \u00e5 sikre samsvar.<\/p><\/li><li data-start=\"980\" data-end=\"1169\"><strong data-start=\"41\" data-end=\"78\">Dokumentasjon og rapportering:<\/strong> Vi utarbeider all n\u00f8dvendig dokumentasjon i samsvar med NIS2-direktivet, inkludert en risikostyringsplan, policy for hendelsesh\u00e5ndtering og materialer som kreves for rapportering til myndighetene. Vi s\u00f8rger ogs\u00e5 for at disse er tilgjengelige i et oppdatert og reviderbart format.<\/li><li data-start=\"980\" data-end=\"1169\"><strong data-start=\"1625\" data-end=\"1664\">L\u00f8pende r\u00e5d og st\u00f8tte:<\/strong> V\u00e5re eksperter st\u00f8tter kontinuerlig bedriftens compliance-prosess, og hjelper deg med \u00e5 holde deg oppdatert p\u00e5 de nyeste endringene og regelverket.<\/li><\/ul><p class=\"\" data-start=\"127\" data-end=\"165\"><strong data-start=\"127\" data-end=\"165\">NIS2-ekspertise innen cyberoperasjoner<\/strong><\/p><p class=\"\" data-start=\"167\" data-end=\"515\">NIS2-oppl\u00e6ring tilbys av Cyber Operations Group Ltd., en nasjonalt og internasjonalt anerkjent akt\u00f8r innen cybersikkerhet, regeloverholdelse og teknologiutdanning. V\u00e5rt selskap har omfattende erfaring med praktisk anvendelse og implementering av EUs cybersikkerhetsforskrifter, inkludert NIS2-direktivet.<\/p><p class=\"\" data-start=\"517\" data-end=\"602\">Oppl\u00e6ringsprogrammet og r\u00e5dgivningen ledes og veiledes av to fremragende eksperter:<\/p><p class=\"\" data-start=\"604\" data-end=\"1007\">\ud83e\udded <strong data-start=\"607\" data-end=\"668\">\u00c1ron Par\u00e9j \u2013 Milit\u00e6r- og sikkerhetsingeni\u00f8r, administrerende direkt\u00f8r<\/strong><br data-start=\"668\" data-end=\"671\" \/>Grunnlegger og administrerende direkt\u00f8r i Cyber Operations Group Ltd. Han har mange \u00e5rs erfaring innen beskyttelse av kritisk infrastruktur og risikostyring i bedrifter. Hans ekspertiseomr\u00e5de er design av cyberforsvarssystemer, med s\u00e6rlig vekt p\u00e5 forventningene som NIS2-direktivet setter for mellomstore og store selskaper.<\/p><p class=\"\" data-start=\"1009\" data-end=\"1443\">\u2696\ufe0f <strong data-start=\"1012\" data-end=\"1093\">Dr. Antal Csev\u00e1r LL.M. \u2013 Advokat innen kunstig intelligens og teknologi<\/strong><br data-start=\"1093\" data-end=\"1096\" \/>En internasjonalt erfaren advokat med ekspertise innen regeloverholdelse, personvern og teknologirett. Han har omfattende erfaring med \u00e5 bist\u00e5 selskaper med \u00e5 tolke og implementere de juridiske kravene i NIS2. Hans juridiske ekspertise er n\u00f8kkelen til \u00e5 utvikle samsvarsdokumentasjon og reviderbare prosesser.<\/p><p class=\"\" data-start=\"1445\" data-end=\"1668\">Den faglige bakgrunnen og den praktiske erfaringen garanterer at NIS2-oppl\u00e6ringen som tilbys av CyberOperations ikke bare tilbyr teoretisk kunnskap, men ogs\u00e5 reelle, anvendelige l\u00f8sninger for din bedrift.<\/p><p><strong>Hvorfor velge CyberOperations&#039; NIS2-oppl\u00e6ringstjeneste?<\/strong><\/p><p>\u2714 Ekspertr\u00e5dgivning gjennom hele NIS2-samsvarsprosessen<br data-start=\"1933\" data-end=\"1936\" \/>\u2714 Tilpassede l\u00f8sninger som passer din bedrifts behov<br data-start=\"1992\" data-end=\"1995\" \/>\u2714 Bistand til \u00e5 anvende de viktigste lovene og standardene (f.eks. GDPR, ISO 27001)<\/p><p class=\"\" data-start=\"2160\" data-end=\"2298\">Ikke g\u00e5 glipp av de kommende NIS2-fristene! S\u00f8rg for at bedriften din er i samsvar med regelverket og har tilstrekkelig cyberbeskyttelse.<\/p>\t\t\t\t\t\t\t\t<\/div>\n\t\t\t\t<\/div>\n\t\t\t\t\t<\/div>\n\t\t\t\t<\/div>\n\t\t\t\t<\/div>","protected":false},"excerpt":{"rendered":"<p>A NIS2 ir\u00e1nyelv 2024. okt\u00f3ber 18-t\u00f3l k\u00f6telez\u0151 \u00e9rv\u00e9ny\u0171 az Eur\u00f3pai Uni\u00f3 tag\u00e1llamaiban, \u00e9s jelent\u0151s elv\u00e1r\u00e1sokat t\u00e1maszt a k\u00f6zepes \u00e9s nagyv\u00e1llalatokkal [&hellip;]<\/p>\n","protected":false},"featured_media":0,"template":"","meta":{"site-sidebar-layout":"default","site-content-layout":"","ast-site-content-layout":"default","site-content-style":"default","site-sidebar-style":"default","ast-global-header-display":"","ast-banner-title-visibility":"","ast-main-header-display":"","ast-hfb-above-header-display":"","ast-hfb-below-header-display":"","ast-hfb-mobile-header-display":"","site-post-title":"","ast-breadcrumbs-content":"","ast-featured-img":"","footer-sml-layout":"","ast-disable-related-posts":"","theme-transparent-header-meta":"default","adv-header-id-meta":"","stick-header-meta":"","header-above-stick-meta":"","header-main-stick-meta":"","header-below-stick-meta":"","astra-migrate-meta-layouts":"set","ast-page-background-enabled":"default","ast-page-background-meta":{"desktop":{"background-color":"var(--ast-global-color-4)","background-image":"","background-repeat":"repeat","background-position":"center center","background-size":"auto","background-attachment":"scroll","background-type":"","background-media":"","overlay-type":"","overlay-color":"","overlay-opacity":"","overlay-gradient":""},"tablet":{"background-color":"","background-image":"","background-repeat":"repeat","background-position":"center center","background-size":"auto","background-attachment":"scroll","background-type":"","background-media":"","overlay-type":"","overlay-color":"","overlay-opacity":"","overlay-gradient":""},"mobile":{"background-color":"","background-image":"","background-repeat":"repeat","background-position":"center center","background-size":"auto","background-attachment":"scroll","background-type":"","background-media":"","overlay-type":"","overlay-color":"","overlay-opacity":"","overlay-gradient":""}},"ast-content-background-meta":{"desktop":{"background-color":"var(--ast-global-color-5)","background-image":"","background-repeat":"repeat","background-position":"center center","background-size":"auto","background-attachment":"scroll","background-type":"","background-media":"","overlay-type":"","overlay-color":"","overlay-opacity":"","overlay-gradient":""},"tablet":{"background-color":"var(--ast-global-color-5)","background-image":"","background-repeat":"repeat","background-position":"center center","background-size":"auto","background-attachment":"scroll","background-type":"","background-media":"","overlay-type":"","overlay-color":"","overlay-opacity":"","overlay-gradient":""},"mobile":{"background-color":"var(--ast-global-color-5)","background-image":"","background-repeat":"repeat","background-position":"center center","background-size":"auto","background-attachment":"scroll","background-type":"","background-media":"","overlay-type":"","overlay-color":"","overlay-opacity":"","overlay-gradient":""}}},"product_brand":[],"product_cat":[25],"product_tag":[],"class_list":{"0":"post-2830","1":"product","2":"type-product","3":"status-publish","5":"product_cat-uncategorized","6":"desktop-align-left","7":"tablet-align-left","8":"mobile-align-left","10":"first","11":"instock","12":"shipping-taxable","13":"product-type-simple"},"yoast_head":"<!-- This site is optimized with the Yoast SEO Premium plugin v27.4 (Yoast SEO v27.4) - https:\/\/yoast.com\/product\/yoast-seo-premium-wordpress\/ -->\n<title>NIS2 felk\u00e9sz\u00edt\u00e9s - Cyber Operations Group Kft.<\/title>\n<meta name=\"robots\" content=\"index, follow, max-snippet:-1, max-image-preview:large, max-video-preview:-1\" \/>\n<link rel=\"canonical\" href=\"https:\/\/cyberoperations.hu\/nb\/produkt\/nis2-felkeszites\/\" \/>\n<meta property=\"og:locale\" content=\"nb_NO\" \/>\n<meta property=\"og:type\" content=\"article\" \/>\n<meta property=\"og:title\" content=\"NIS2 felk\u00e9sz\u00edt\u00e9s\" \/>\n<meta property=\"og:description\" content=\"A NIS2 ir\u00e1nyelv 2024. okt\u00f3ber 18-t\u00f3l k\u00f6telez\u0151 \u00e9rv\u00e9ny\u0171 az Eur\u00f3pai Uni\u00f3 tag\u00e1llamaiban, \u00e9s jelent\u0151s elv\u00e1r\u00e1sokat t\u00e1maszt a k\u00f6zepes \u00e9s nagyv\u00e1llalatokkal [&hellip;]\" \/>\n<meta property=\"og:url\" content=\"https:\/\/cyberoperations.hu\/nb\/produkt\/nis2-felkeszites\/\" \/>\n<meta property=\"og:site_name\" content=\"Cyber Operations Group Kft.\" \/>\n<meta property=\"article:modified_time\" content=\"2025-11-10T17:19:00+00:00\" \/>\n<meta name=\"twitter:card\" content=\"summary_large_image\" \/>\n<meta name=\"twitter:label1\" content=\"Pris\" \/>\n\t<meta name=\"twitter:data1\" content=\"\" \/>\n\t<meta name=\"twitter:label2\" content=\"Tilgjengelighet\" \/>\n\t<meta name=\"twitter:data2\" content=\"P\u00e5 lager\" \/>\n<script type=\"application\/ld+json\" class=\"yoast-schema-graph\">{\"@context\":\"https:\\\/\\\/schema.org\",\"@graph\":[{\"@type\":\"WebPage\",\"@id\":\"https:\\\/\\\/cyberoperations.hu\\\/termek\\\/nis2-felkeszites\\\/\",\"url\":\"https:\\\/\\\/cyberoperations.hu\\\/termek\\\/nis2-felkeszites\\\/\",\"name\":\"NIS2 felk\u00e9sz\u00edt\u00e9s - Cyber Operations Group Kft.\",\"isPartOf\":{\"@id\":\"https:\\\/\\\/cyberoperations.hu\\\/#website\"},\"datePublished\":\"2025-04-11T12:22:54+00:00\",\"dateModified\":\"2025-11-10T17:19:00+00:00\",\"breadcrumb\":{\"@id\":\"https:\\\/\\\/cyberoperations.hu\\\/termek\\\/nis2-felkeszites\\\/#breadcrumb\"},\"inLanguage\":\"nb-NO\",\"potentialAction\":[{\"@type\":\"ReadAction\",\"target\":[\"https:\\\/\\\/cyberoperations.hu\\\/termek\\\/nis2-felkeszites\\\/\"]}]},{\"@type\":\"BreadcrumbList\",\"@id\":\"https:\\\/\\\/cyberoperations.hu\\\/termek\\\/nis2-felkeszites\\\/#breadcrumb\",\"itemListElement\":[{\"@type\":\"ListItem\",\"position\":1,\"name\":\"Kezd\u0151lap\",\"item\":\"https:\\\/\\\/cyberoperations.hu\\\/\"},{\"@type\":\"ListItem\",\"position\":2,\"name\":\"Shop\",\"item\":\"https:\\\/\\\/cyberoperations.hu\\\/shop\\\/\"},{\"@type\":\"ListItem\",\"position\":3,\"name\":\"NIS2 felk\u00e9sz\u00edt\u00e9s\"}]},{\"@type\":\"WebSite\",\"@id\":\"https:\\\/\\\/cyberoperations.hu\\\/#website\",\"url\":\"https:\\\/\\\/cyberoperations.hu\\\/\",\"name\":\"Cyber Operations Group Kft.\",\"description\":\"\",\"publisher\":{\"@id\":\"https:\\\/\\\/cyberoperations.hu\\\/#organization\"},\"potentialAction\":[{\"@type\":\"SearchAction\",\"target\":{\"@type\":\"EntryPoint\",\"urlTemplate\":\"https:\\\/\\\/cyberoperations.hu\\\/?s={search_term_string}\"},\"query-input\":{\"@type\":\"PropertyValueSpecification\",\"valueRequired\":true,\"valueName\":\"search_term_string\"}}],\"inLanguage\":\"nb-NO\"},{\"@type\":\"Organization\",\"@id\":\"https:\\\/\\\/cyberoperations.hu\\\/#organization\",\"name\":\"Cyber Operations Group Kft.\",\"url\":\"https:\\\/\\\/cyberoperations.hu\\\/\",\"logo\":{\"@type\":\"ImageObject\",\"inLanguage\":\"nb-NO\",\"@id\":\"https:\\\/\\\/cyberoperations.hu\\\/#\\\/schema\\\/logo\\\/image\\\/\",\"url\":\"https:\\\/\\\/cyberoperations.hu\\\/wp-content\\\/uploads\\\/2024\\\/12\\\/simalogo-2.png\",\"contentUrl\":\"https:\\\/\\\/cyberoperations.hu\\\/wp-content\\\/uploads\\\/2024\\\/12\\\/simalogo-2.png\",\"width\":1500,\"height\":400,\"caption\":\"Cyber Operations Group Kft.\"},\"image\":{\"@id\":\"https:\\\/\\\/cyberoperations.hu\\\/#\\\/schema\\\/logo\\\/image\\\/\"}}]}<\/script>\n<meta property=\"product:price:currency\" content=\"EUR\" \/>\n<meta property=\"og:availability\" content=\"instock\" \/>\n<meta property=\"product:availability\" content=\"instock\" \/>\n<meta property=\"product:condition\" content=\"new\" \/>\n<!-- \/ Yoast SEO Premium plugin. -->","yoast_head_json":{"title":"NIS2-forberedelse - Cyber Operations Group Ltd.","robots":{"index":"index","follow":"follow","max-snippet":"max-snippet:-1","max-image-preview":"max-image-preview:large","max-video-preview":"max-video-preview:-1"},"canonical":"https:\/\/cyberoperations.hu\/nb\/produkt\/nis2-felkeszites\/","og_locale":"nb_NO","og_type":"article","og_title":"NIS2 felk\u00e9sz\u00edt\u00e9s","og_description":"A NIS2 ir\u00e1nyelv 2024. okt\u00f3ber 18-t\u00f3l k\u00f6telez\u0151 \u00e9rv\u00e9ny\u0171 az Eur\u00f3pai Uni\u00f3 tag\u00e1llamaiban, \u00e9s jelent\u0151s elv\u00e1r\u00e1sokat t\u00e1maszt a k\u00f6zepes \u00e9s nagyv\u00e1llalatokkal [&hellip;]","og_url":"https:\/\/cyberoperations.hu\/nb\/produkt\/nis2-felkeszites\/","og_site_name":"Cyber Operations Group Kft.","article_modified_time":"2025-11-10T17:19:00+00:00","twitter_card":"summary_large_image","twitter_misc":{"Pris":"","Tilgjengelighet":"P\u00e5 lager"},"schema":{"@context":"https:\/\/schema.org","@graph":[{"@type":"WebPage","@id":"https:\/\/cyberoperations.hu\/termek\/nis2-felkeszites\/","url":"https:\/\/cyberoperations.hu\/termek\/nis2-felkeszites\/","name":"NIS2-forberedelse - Cyber Operations Group Ltd.","isPartOf":{"@id":"https:\/\/cyberoperations.hu\/#website"},"datePublished":"2025-04-11T12:22:54+00:00","dateModified":"2025-11-10T17:19:00+00:00","breadcrumb":{"@id":"https:\/\/cyberoperations.hu\/termek\/nis2-felkeszites\/#breadcrumb"},"inLanguage":"nb-NO","potentialAction":[{"@type":"ReadAction","target":["https:\/\/cyberoperations.hu\/termek\/nis2-felkeszites\/"]}]},{"@type":"BreadcrumbList","@id":"https:\/\/cyberoperations.hu\/termek\/nis2-felkeszites\/#breadcrumb","itemListElement":[{"@type":"ListItem","position":1,"name":"Kezd\u0151lap","item":"https:\/\/cyberoperations.hu\/"},{"@type":"ListItem","position":2,"name":"Shop","item":"https:\/\/cyberoperations.hu\/shop\/"},{"@type":"ListItem","position":3,"name":"NIS2 felk\u00e9sz\u00edt\u00e9s"}]},{"@type":"WebSite","@id":"https:\/\/cyberoperations.hu\/#website","url":"https:\/\/cyberoperations.hu\/","name":"Cyber Operations Group Ltd.","description":"","publisher":{"@id":"https:\/\/cyberoperations.hu\/#organization"},"potentialAction":[{"@type":"SearchAction","target":{"@type":"EntryPoint","urlTemplate":"https:\/\/cyberoperations.hu\/?s={search_term_string}"},"query-input":{"@type":"PropertyValueSpecification","valueRequired":true,"valueName":"search_term_string"}}],"inLanguage":"nb-NO"},{"@type":"Organization","@id":"https:\/\/cyberoperations.hu\/#organization","name":"Cyber Operations Group Ltd.","url":"https:\/\/cyberoperations.hu\/","logo":{"@type":"ImageObject","inLanguage":"nb-NO","@id":"https:\/\/cyberoperations.hu\/#\/schema\/logo\/image\/","url":"https:\/\/cyberoperations.hu\/wp-content\/uploads\/2024\/12\/simalogo-2.png","contentUrl":"https:\/\/cyberoperations.hu\/wp-content\/uploads\/2024\/12\/simalogo-2.png","width":1500,"height":400,"caption":"Cyber Operations Group Kft."},"image":{"@id":"https:\/\/cyberoperations.hu\/#\/schema\/logo\/image\/"}}]},"product_price_currency":"EUR","og_availability":"instock","product_availability":"instock","product_condition":"new"},"_links":{"self":[{"href":"https:\/\/cyberoperations.hu\/nb\/wp-json\/wp\/v2\/product\/2830","targetHints":{"allow":["GET"]}}],"collection":[{"href":"https:\/\/cyberoperations.hu\/nb\/wp-json\/wp\/v2\/product"}],"about":[{"href":"https:\/\/cyberoperations.hu\/nb\/wp-json\/wp\/v2\/types\/product"}],"version-history":[{"count":0,"href":"https:\/\/cyberoperations.hu\/nb\/wp-json\/wp\/v2\/product\/2830\/revisions"}],"wp:attachment":[{"href":"https:\/\/cyberoperations.hu\/nb\/wp-json\/wp\/v2\/media?parent=2830"}],"wp:term":[{"taxonomy":"product_brand","embeddable":true,"href":"https:\/\/cyberoperations.hu\/nb\/wp-json\/wp\/v2\/product_brand?post=2830"},{"taxonomy":"product_cat","embeddable":true,"href":"https:\/\/cyberoperations.hu\/nb\/wp-json\/wp\/v2\/product_cat?post=2830"},{"taxonomy":"product_tag","embeddable":true,"href":"https:\/\/cyberoperations.hu\/nb\/wp-json\/wp\/v2\/product_tag?post=2830"}],"curies":[{"name":"wp","href":"https:\/\/api.w.org\/{rel}","templated":true}]}}