{"id":2839,"date":"2025-05-05T13:54:07","date_gmt":"2025-05-05T11:54:07","guid":{"rendered":"https:\/\/cyberoperations.hu\/?post_type=product&#038;p=2839"},"modified":"2025-08-05T13:36:47","modified_gmt":"2025-08-05T11:36:47","slug":"stellar-cyber","status":"publish","type":"product","link":"https:\/\/cyberoperations.hu\/nb\/produkt\/stellar-cyber\/","title":{"rendered":"Stellar Cyber \u2013 Innovativ, AI-basert cyberforsvarsplattform"},"content":{"rendered":"<p>Stellar Cyber er en toppmoderne, AI-drevet cybersikkerhetsplattform som tilbyr komplett, automatisert trusseldeteksjon, respons og sikkerhetsdriftsadministrasjon for b\u00e5de bedrifter og tjenesteleverand\u00f8rer.<br \/>\n<strong>Viktige funksjoner og fordeler<\/strong><\/p>\n<ul>\n<li>Universal Security Center (Open XDR) Kombinerer de viktigste beskyttelsesfunksjonene \u2013 neste generasjons SIEM, nettverksdeteksjon og -respons (NDR), atferdsanalyse (UEBA), automatisert hendelsesh\u00e5ndtering (SOAR) og trusselintelligens (TIP) \u2013 i ett brukervennlig grensesnitt.<\/li>\n<li>Kunstig intelligens og maskinl\u00e6ring Flerlags AI-teknologi analyserer hele selskapets infrastruktur, identifiserer automatisk kjente og ukjente trusler, noe som bidrar til \u00e5 sikre rask og n\u00f8yaktig intervensjon.<\/li>\n<li>Automatiserte prosesser Forh\u00e5ndsbygde og tilpassbare strategier og intelligente arbeidsflyter reduserer manuelle oppgaver betydelig, slik at sikkerhetsteam kan fokusere p\u00e5 kjernetruslene.<\/li>\n<li>\u00d8yeblikkelig varsling og respons i sanntid. Systemet oppdager angrep i sanntid, forenkler hendelsesunders\u00f8kelse og iverksetter automatiske responshandlinger mot nettverket, endepunkter eller skyen.<\/li>\n<li>Sky-, hybrid- og lokal beskyttelse Gir enhetlig beskyttelse for lokale, sky- og hybride IT-milj\u00f8er, og kan fleksibelt tilpasses ethvert organisasjonsmilj\u00f8.<\/li>\n<li>Raskere deteksjon, f\u00e6rre falske positiver. Takket v\u00e6re den AI-baserte analysen reduserer den antallet falske alarmer og fremhever virkelig farlige hendelser.<\/li>\n<li>Enkel integrering Kompatibel med utallige eksterne IT- og sikkerhetsverkt\u00f8y, kan den s\u00f8ml\u00f8st integreres i ditt eksisterende milj\u00f8.<\/li>\n<\/ul>\n<p><strong>Hva anbefales det til?<\/strong><\/p>\n<ul>\n<li>For bedrifter og tjenesteleverand\u00f8rer som \u00f8nsker \u00e5 implementere moderne cybersikkerhet med en virkelig omfattende, selvkj\u00f8rende, men sentralisert plattform.<\/li>\n<li>Det er et ideelt valg for de som \u00f8nsker rask og n\u00f8yaktig deteksjon, automatisert intervensjon, h\u00f8y synlighet og en skalerbar og kostnadseffektiv sikkerhetsl\u00f8sning.<\/li>\n<\/ul>\n<p><strong>Hold deg trygg med Stellar Cyber \u2013 stol p\u00e5 infrastrukturen din til en prisvinnende, innovativ plattform for cyberbeskyttelse!<\/strong>https:\/\/www.youtube.com\/watch?v=eMzIpQDvYiM<\/p>","protected":false},"excerpt":{"rendered":"<p>A Stellar Cyber a legmodernebb, mesters\u00e9ges intelligenci\u00e1val vez\u00e9relt kiberv\u00e9delmi platform, amely teljes k\u00f6r\u0171, automatiz\u00e1lt fenyeget\u00e9s\u00e9szlel\u00e9st, v\u00e1laszad\u00e1st \u00e9s biztons\u00e1gi m\u0171veletkezel\u00e9st biztos\u00edt [&hellip;]<\/p>\n","protected":false},"featured_media":0,"template":"","meta":{"site-sidebar-layout":"default","site-content-layout":"","ast-site-content-layout":"default","site-content-style":"default","site-sidebar-style":"default","ast-global-header-display":"","ast-banner-title-visibility":"","ast-main-header-display":"","ast-hfb-above-header-display":"","ast-hfb-below-header-display":"","ast-hfb-mobile-header-display":"","site-post-title":"","ast-breadcrumbs-content":"","ast-featured-img":"","footer-sml-layout":"","ast-disable-related-posts":"","theme-transparent-header-meta":"default","adv-header-id-meta":"","stick-header-meta":"","header-above-stick-meta":"","header-main-stick-meta":"","header-below-stick-meta":"","astra-migrate-meta-layouts":"set","ast-page-background-enabled":"default","ast-page-background-meta":{"desktop":{"background-color":"var(--ast-global-color-4)","background-image":"","background-repeat":"repeat","background-position":"center center","background-size":"auto","background-attachment":"scroll","background-type":"","background-media":"","overlay-type":"","overlay-color":"","overlay-opacity":"","overlay-gradient":""},"tablet":{"background-color":"","background-image":"","background-repeat":"repeat","background-position":"center center","background-size":"auto","background-attachment":"scroll","background-type":"","background-media":"","overlay-type":"","overlay-color":"","overlay-opacity":"","overlay-gradient":""},"mobile":{"background-color":"","background-image":"","background-repeat":"repeat","background-position":"center center","background-size":"auto","background-attachment":"scroll","background-type":"","background-media":"","overlay-type":"","overlay-color":"","overlay-opacity":"","overlay-gradient":""}},"ast-content-background-meta":{"desktop":{"background-color":"var(--ast-global-color-5)","background-image":"","background-repeat":"repeat","background-position":"center center","background-size":"auto","background-attachment":"scroll","background-type":"","background-media":"","overlay-type":"","overlay-color":"","overlay-opacity":"","overlay-gradient":""},"tablet":{"background-color":"var(--ast-global-color-5)","background-image":"","background-repeat":"repeat","background-position":"center center","background-size":"auto","background-attachment":"scroll","background-type":"","background-media":"","overlay-type":"","overlay-color":"","overlay-opacity":"","overlay-gradient":""},"mobile":{"background-color":"var(--ast-global-color-5)","background-image":"","background-repeat":"repeat","background-position":"center center","background-size":"auto","background-attachment":"scroll","background-type":"","background-media":"","overlay-type":"","overlay-color":"","overlay-opacity":"","overlay-gradient":""}}},"product_brand":[],"product_cat":[25],"product_tag":[],"class_list":{"0":"post-2839","1":"product","2":"type-product","3":"status-publish","5":"product_cat-uncategorized","6":"desktop-align-left","7":"tablet-align-left","8":"mobile-align-left","10":"first","11":"instock","12":"shipping-taxable","13":"product-type-simple"},"yoast_head":"<!-- This site is optimized with the Yoast SEO Premium plugin v27.4 (Yoast SEO v27.5) - https:\/\/yoast.com\/product\/yoast-seo-premium-wordpress\/ -->\n<title>Stellar Cyber \u2013 Innovat\u00edv, AI-alap\u00fa kiberv\u00e9delmi platform - Cyber Operations Group Kft.<\/title>\n<meta name=\"robots\" content=\"index, follow, max-snippet:-1, max-image-preview:large, max-video-preview:-1\" \/>\n<link rel=\"canonical\" href=\"https:\/\/cyberoperations.hu\/nb\/produkt\/stellar-cyber\/\" \/>\n<meta property=\"og:locale\" content=\"nb_NO\" \/>\n<meta property=\"og:type\" content=\"article\" \/>\n<meta property=\"og:title\" content=\"Stellar Cyber \u2013 Innovat\u00edv, AI-alap\u00fa kiberv\u00e9delmi platform\" \/>\n<meta property=\"og:description\" content=\"A Stellar Cyber a legmodernebb, mesters\u00e9ges intelligenci\u00e1val vez\u00e9relt kiberv\u00e9delmi platform, amely teljes k\u00f6r\u0171, automatiz\u00e1lt fenyeget\u00e9s\u00e9szlel\u00e9st, v\u00e1laszad\u00e1st \u00e9s biztons\u00e1gi m\u0171veletkezel\u00e9st biztos\u00edt [&hellip;]\" \/>\n<meta property=\"og:url\" content=\"https:\/\/cyberoperations.hu\/nb\/produkt\/stellar-cyber\/\" \/>\n<meta property=\"og:site_name\" content=\"Cyber Operations Group Kft.\" \/>\n<meta property=\"article:modified_time\" content=\"2025-08-05T11:36:47+00:00\" \/>\n<meta name=\"twitter:card\" content=\"summary_large_image\" \/>\n<meta name=\"twitter:label1\" content=\"Pris\" \/>\n\t<meta name=\"twitter:data1\" content=\"\" \/>\n\t<meta name=\"twitter:label2\" content=\"Tilgjengelighet\" \/>\n\t<meta name=\"twitter:data2\" content=\"P\u00e5 lager\" \/>\n<script type=\"application\/ld+json\" class=\"yoast-schema-graph\">{\"@context\":\"https:\\\/\\\/schema.org\",\"@graph\":[{\"@type\":\"WebPage\",\"@id\":\"https:\\\/\\\/cyberoperations.hu\\\/termek\\\/stellar-cyber\\\/\",\"url\":\"https:\\\/\\\/cyberoperations.hu\\\/termek\\\/stellar-cyber\\\/\",\"name\":\"Stellar Cyber \u2013 Innovat\u00edv, AI-alap\u00fa kiberv\u00e9delmi platform - Cyber Operations Group Kft.\",\"isPartOf\":{\"@id\":\"https:\\\/\\\/cyberoperations.hu\\\/#website\"},\"datePublished\":\"2025-05-05T11:54:07+00:00\",\"dateModified\":\"2025-08-05T11:36:47+00:00\",\"breadcrumb\":{\"@id\":\"https:\\\/\\\/cyberoperations.hu\\\/termek\\\/stellar-cyber\\\/#breadcrumb\"},\"inLanguage\":\"nb-NO\",\"potentialAction\":[{\"@type\":\"ReadAction\",\"target\":[\"https:\\\/\\\/cyberoperations.hu\\\/termek\\\/stellar-cyber\\\/\"]}]},{\"@type\":\"BreadcrumbList\",\"@id\":\"https:\\\/\\\/cyberoperations.hu\\\/termek\\\/stellar-cyber\\\/#breadcrumb\",\"itemListElement\":[{\"@type\":\"ListItem\",\"position\":1,\"name\":\"Kezd\u0151lap\",\"item\":\"https:\\\/\\\/cyberoperations.hu\\\/\"},{\"@type\":\"ListItem\",\"position\":2,\"name\":\"Shop\",\"item\":\"https:\\\/\\\/cyberoperations.hu\\\/shop\\\/\"},{\"@type\":\"ListItem\",\"position\":3,\"name\":\"Stellar Cyber \u2013 Innovat\u00edv, AI-alap\u00fa kiberv\u00e9delmi platform\"}]},{\"@type\":\"WebSite\",\"@id\":\"https:\\\/\\\/cyberoperations.hu\\\/#website\",\"url\":\"https:\\\/\\\/cyberoperations.hu\\\/\",\"name\":\"Cyber Operations Group Kft.\",\"description\":\"\",\"publisher\":{\"@id\":\"https:\\\/\\\/cyberoperations.hu\\\/#organization\"},\"potentialAction\":[{\"@type\":\"SearchAction\",\"target\":{\"@type\":\"EntryPoint\",\"urlTemplate\":\"https:\\\/\\\/cyberoperations.hu\\\/?s={search_term_string}\"},\"query-input\":{\"@type\":\"PropertyValueSpecification\",\"valueRequired\":true,\"valueName\":\"search_term_string\"}}],\"inLanguage\":\"nb-NO\"},{\"@type\":\"Organization\",\"@id\":\"https:\\\/\\\/cyberoperations.hu\\\/#organization\",\"name\":\"Cyber Operations Group Kft.\",\"url\":\"https:\\\/\\\/cyberoperations.hu\\\/\",\"logo\":{\"@type\":\"ImageObject\",\"inLanguage\":\"nb-NO\",\"@id\":\"https:\\\/\\\/cyberoperations.hu\\\/#\\\/schema\\\/logo\\\/image\\\/\",\"url\":\"https:\\\/\\\/cyberoperations.hu\\\/wp-content\\\/uploads\\\/2024\\\/12\\\/simalogo-2.png\",\"contentUrl\":\"https:\\\/\\\/cyberoperations.hu\\\/wp-content\\\/uploads\\\/2024\\\/12\\\/simalogo-2.png\",\"width\":1500,\"height\":400,\"caption\":\"Cyber Operations Group Kft.\"},\"image\":{\"@id\":\"https:\\\/\\\/cyberoperations.hu\\\/#\\\/schema\\\/logo\\\/image\\\/\"}}]}<\/script>\n<meta property=\"product:price:currency\" content=\"EUR\" \/>\n<meta property=\"og:availability\" content=\"instock\" \/>\n<meta property=\"product:availability\" content=\"instock\" \/>\n<meta property=\"product:condition\" content=\"new\" \/>\n<!-- \/ Yoast SEO Premium plugin. -->","yoast_head_json":{"title":"Stellar Cyber \u2013 Innovativ, AI-basert cyberforsvarsplattform \u2013 Cyber Operations Group Kft.","robots":{"index":"index","follow":"follow","max-snippet":"max-snippet:-1","max-image-preview":"max-image-preview:large","max-video-preview":"max-video-preview:-1"},"canonical":"https:\/\/cyberoperations.hu\/nb\/produkt\/stellar-cyber\/","og_locale":"nb_NO","og_type":"article","og_title":"Stellar Cyber \u2013 Innovat\u00edv, AI-alap\u00fa kiberv\u00e9delmi platform","og_description":"A Stellar Cyber a legmodernebb, mesters\u00e9ges intelligenci\u00e1val vez\u00e9relt kiberv\u00e9delmi platform, amely teljes k\u00f6r\u0171, automatiz\u00e1lt fenyeget\u00e9s\u00e9szlel\u00e9st, v\u00e1laszad\u00e1st \u00e9s biztons\u00e1gi m\u0171veletkezel\u00e9st biztos\u00edt [&hellip;]","og_url":"https:\/\/cyberoperations.hu\/nb\/produkt\/stellar-cyber\/","og_site_name":"Cyber Operations Group Kft.","article_modified_time":"2025-08-05T11:36:47+00:00","twitter_card":"summary_large_image","twitter_misc":{"Pris":"","Tilgjengelighet":"P\u00e5 lager"},"schema":{"@context":"https:\/\/schema.org","@graph":[{"@type":"WebPage","@id":"https:\/\/cyberoperations.hu\/termek\/stellar-cyber\/","url":"https:\/\/cyberoperations.hu\/termek\/stellar-cyber\/","name":"Stellar Cyber \u2013 Innovativ, AI-basert cyberforsvarsplattform \u2013 Cyber Operations Group Kft.","isPartOf":{"@id":"https:\/\/cyberoperations.hu\/#website"},"datePublished":"2025-05-05T11:54:07+00:00","dateModified":"2025-08-05T11:36:47+00:00","breadcrumb":{"@id":"https:\/\/cyberoperations.hu\/termek\/stellar-cyber\/#breadcrumb"},"inLanguage":"nb-NO","potentialAction":[{"@type":"ReadAction","target":["https:\/\/cyberoperations.hu\/termek\/stellar-cyber\/"]}]},{"@type":"BreadcrumbList","@id":"https:\/\/cyberoperations.hu\/termek\/stellar-cyber\/#breadcrumb","itemListElement":[{"@type":"ListItem","position":1,"name":"Kezd\u0151lap","item":"https:\/\/cyberoperations.hu\/"},{"@type":"ListItem","position":2,"name":"Shop","item":"https:\/\/cyberoperations.hu\/shop\/"},{"@type":"ListItem","position":3,"name":"Stellar Cyber \u2013 Innovat\u00edv, AI-alap\u00fa kiberv\u00e9delmi platform"}]},{"@type":"WebSite","@id":"https:\/\/cyberoperations.hu\/#website","url":"https:\/\/cyberoperations.hu\/","name":"Cyber Operations Group Ltd.","description":"","publisher":{"@id":"https:\/\/cyberoperations.hu\/#organization"},"potentialAction":[{"@type":"SearchAction","target":{"@type":"EntryPoint","urlTemplate":"https:\/\/cyberoperations.hu\/?s={search_term_string}"},"query-input":{"@type":"PropertyValueSpecification","valueRequired":true,"valueName":"search_term_string"}}],"inLanguage":"nb-NO"},{"@type":"Organization","@id":"https:\/\/cyberoperations.hu\/#organization","name":"Cyber Operations Group Ltd.","url":"https:\/\/cyberoperations.hu\/","logo":{"@type":"ImageObject","inLanguage":"nb-NO","@id":"https:\/\/cyberoperations.hu\/#\/schema\/logo\/image\/","url":"https:\/\/cyberoperations.hu\/wp-content\/uploads\/2024\/12\/simalogo-2.png","contentUrl":"https:\/\/cyberoperations.hu\/wp-content\/uploads\/2024\/12\/simalogo-2.png","width":1500,"height":400,"caption":"Cyber Operations Group Kft."},"image":{"@id":"https:\/\/cyberoperations.hu\/#\/schema\/logo\/image\/"}}]},"product_price_currency":"EUR","og_availability":"instock","product_availability":"instock","product_condition":"new"},"_links":{"self":[{"href":"https:\/\/cyberoperations.hu\/nb\/wp-json\/wp\/v2\/product\/2839","targetHints":{"allow":["GET"]}}],"collection":[{"href":"https:\/\/cyberoperations.hu\/nb\/wp-json\/wp\/v2\/product"}],"about":[{"href":"https:\/\/cyberoperations.hu\/nb\/wp-json\/wp\/v2\/types\/product"}],"version-history":[{"count":0,"href":"https:\/\/cyberoperations.hu\/nb\/wp-json\/wp\/v2\/product\/2839\/revisions"}],"wp:attachment":[{"href":"https:\/\/cyberoperations.hu\/nb\/wp-json\/wp\/v2\/media?parent=2839"}],"wp:term":[{"taxonomy":"product_brand","embeddable":true,"href":"https:\/\/cyberoperations.hu\/nb\/wp-json\/wp\/v2\/product_brand?post=2839"},{"taxonomy":"product_cat","embeddable":true,"href":"https:\/\/cyberoperations.hu\/nb\/wp-json\/wp\/v2\/product_cat?post=2839"},{"taxonomy":"product_tag","embeddable":true,"href":"https:\/\/cyberoperations.hu\/nb\/wp-json\/wp\/v2\/product_tag?post=2839"}],"curies":[{"name":"wp","href":"https:\/\/api.w.org\/{rel}","templated":true}]}}