{"id":2850,"date":"2025-05-05T14:02:42","date_gmt":"2025-05-05T12:02:42","guid":{"rendered":"https:\/\/cyberoperations.hu\/?post_type=product&#038;p=2850"},"modified":"2025-08-05T14:16:12","modified_gmt":"2025-08-05T12:16:12","slug":"sosial","status":"publish","type":"product","link":"https:\/\/cyberoperations.hu\/nb\/termek\/soc\/","title":{"rendered":"Sikkerhetsoperasjonssenter (SOC) \u2013 Omfattende moderne cyberbeskyttelse d\u00f8gnet rundt \u2013 Stellar Cyber + Deep Instinct"},"content":{"rendered":"<p>itop.hu Security Operations Center (SOC) er den nyeste cybersikkerhetstjenesten st\u00f8ttet av kunstig intelligens som gir omfattende beskyttelse for bedriften din mot cyberangrep og innsidetrusler d\u00f8gnet rundt, i sanntid.<\/p>\n<p><strong>Hovedfordeler og funksjoner<\/strong><\/p>\n<ul>\n<li>D\u00f8gnkontinuerlig overv\u00e5king og rask respons: Kontinuerlig sanntidsoverv\u00e5king som umiddelbart oppdager og stopper trusler p\u00e5 tvers av hele bedriftens IT-infrastruktur.<\/li>\n<li>AI-basert trusseldeteksjon: Avansert kunstig intelligens (f.eks. Stellar Cyber, Deep Instinct) bidrar til automatisk \u00e5 oppdage skadelig programvare, l\u00f8sepengevirus og nulldagsangrep og minimere falske alarmer.<\/li>\n<li>Automatisert hendelsesh\u00e5ndtering: Systemet utl\u00f8ser intelligente responsmekanismer som raskt isolerer trusselkilden og forhindrer skade.<\/li>\n<li>Enkel integrering: itop.hu SOC kan enkelt integreres i det eksisterende IT-milj\u00f8et og er egnet for \u00e5 beskytte b\u00e5de lokale og skybaserte systemer.<\/li>\n<li>Samsvarsst\u00f8tte: Hjelper deg med \u00e5 overholde ungarske og EU-regulatoriske krav (f.eks. NIS2), og st\u00f8tter regulatoriske eller kunderevisjoner med revisjons- og rapporteringsfunksjoner.<\/li>\n<li>Skalerbarhet: Raskt utvidbar, kostnadseffektiv beskyttelse for organisasjoner i alle st\u00f8rrelser, fra sm\u00e5 bedrifter til store foretak.<\/li>\n<\/ul>\n<p><strong>Hvem anbefaler vi det til?<\/strong><\/p>\n<ul>\n<li>For bedrifter som \u00f8nsker proaktiv, automatisert beskyttelse mot stadig skiftende cybertrusler.<\/li>\n<li>De som anser datasikkerhet, forretningskontinuitet og juridisk samsvar som av st\u00f8rste betydning.<\/li>\n<li>For de som \u00f8nsker en sentral, integrert cybersikkerhetstjeneste som avlaster IT-teamet.<\/li>\n<\/ul>\n<p><strong>Beskytt bedriften din med itop.hus SOC-l\u00f8sning og betro oss sikkerheten til dine kritiske IT-ressurser \u2013 slik at du kan fokusere p\u00e5 vekst og vi kan fokusere p\u00e5 beskyttelse!<\/strong><\/p>","protected":false},"excerpt":{"rendered":"<p>Az itop.hu Security Operations Center (SOC) a leg\u00fajabb, mesters\u00e9ges intelligenci\u00e1val t\u00e1mogatott kiberv\u00e9delmi szolg\u00e1ltat\u00e1s, amely teljesk\u00f6r\u0171 v\u00e9delmet ny\u00fajt \u00e9jjel-nappal, val\u00f3s id\u0151ben [&hellip;]<\/p>\n","protected":false},"featured_media":0,"template":"","meta":{"site-sidebar-layout":"default","site-content-layout":"","ast-site-content-layout":"default","site-content-style":"default","site-sidebar-style":"default","ast-global-header-display":"","ast-banner-title-visibility":"","ast-main-header-display":"","ast-hfb-above-header-display":"","ast-hfb-below-header-display":"","ast-hfb-mobile-header-display":"","site-post-title":"","ast-breadcrumbs-content":"","ast-featured-img":"","footer-sml-layout":"","ast-disable-related-posts":"","theme-transparent-header-meta":"default","adv-header-id-meta":"","stick-header-meta":"","header-above-stick-meta":"","header-main-stick-meta":"","header-below-stick-meta":"","astra-migrate-meta-layouts":"set","ast-page-background-enabled":"default","ast-page-background-meta":{"desktop":{"background-color":"var(--ast-global-color-4)","background-image":"","background-repeat":"repeat","background-position":"center center","background-size":"auto","background-attachment":"scroll","background-type":"","background-media":"","overlay-type":"","overlay-color":"","overlay-opacity":"","overlay-gradient":""},"tablet":{"background-color":"","background-image":"","background-repeat":"repeat","background-position":"center center","background-size":"auto","background-attachment":"scroll","background-type":"","background-media":"","overlay-type":"","overlay-color":"","overlay-opacity":"","overlay-gradient":""},"mobile":{"background-color":"","background-image":"","background-repeat":"repeat","background-position":"center center","background-size":"auto","background-attachment":"scroll","background-type":"","background-media":"","overlay-type":"","overlay-color":"","overlay-opacity":"","overlay-gradient":""}},"ast-content-background-meta":{"desktop":{"background-color":"var(--ast-global-color-5)","background-image":"","background-repeat":"repeat","background-position":"center center","background-size":"auto","background-attachment":"scroll","background-type":"","background-media":"","overlay-type":"","overlay-color":"","overlay-opacity":"","overlay-gradient":""},"tablet":{"background-color":"var(--ast-global-color-5)","background-image":"","background-repeat":"repeat","background-position":"center center","background-size":"auto","background-attachment":"scroll","background-type":"","background-media":"","overlay-type":"","overlay-color":"","overlay-opacity":"","overlay-gradient":""},"mobile":{"background-color":"var(--ast-global-color-5)","background-image":"","background-repeat":"repeat","background-position":"center center","background-size":"auto","background-attachment":"scroll","background-type":"","background-media":"","overlay-type":"","overlay-color":"","overlay-opacity":"","overlay-gradient":""}}},"product_brand":[],"product_cat":[25],"product_tag":[],"class_list":{"0":"post-2850","1":"product","2":"type-product","3":"status-publish","5":"product_cat-uncategorized","6":"desktop-align-left","7":"tablet-align-left","8":"mobile-align-left","10":"first","11":"instock","12":"shipping-taxable","13":"product-type-simple"},"yoast_head":"<!-- This site is optimized with the Yoast SEO Premium plugin v27.3 (Yoast SEO v27.3) - https:\/\/yoast.com\/product\/yoast-seo-premium-wordpress\/ -->\n<title>Security Operations Center (SOC) \u2013 Teljesk\u00f6r\u0171 Modern Kiberv\u00e9delem 24\/7 - Stellar Cyber + Deep Instinct - Cyber Operations Group Kft.<\/title>\n<meta name=\"robots\" content=\"index, follow, max-snippet:-1, max-image-preview:large, max-video-preview:-1\" \/>\n<link rel=\"canonical\" href=\"https:\/\/cyberoperations.hu\/nb\/product-2\/sosial\/\" \/>\n<meta property=\"og:locale\" content=\"nb_NO\" \/>\n<meta property=\"og:type\" content=\"article\" \/>\n<meta property=\"og:title\" content=\"Security Operations Center (SOC) \u2013 Teljesk\u00f6r\u0171 Modern Kiberv\u00e9delem 24\/7 - Stellar Cyber + Deep Instinct\" \/>\n<meta property=\"og:description\" content=\"Az itop.hu Security Operations Center (SOC) a leg\u00fajabb, mesters\u00e9ges intelligenci\u00e1val t\u00e1mogatott kiberv\u00e9delmi szolg\u00e1ltat\u00e1s, amely teljesk\u00f6r\u0171 v\u00e9delmet ny\u00fajt \u00e9jjel-nappal, val\u00f3s id\u0151ben [&hellip;]\" \/>\n<meta property=\"og:url\" content=\"https:\/\/cyberoperations.hu\/nb\/product-2\/sosial\/\" \/>\n<meta property=\"og:site_name\" content=\"Cyber Operations Group Kft.\" \/>\n<meta property=\"article:modified_time\" content=\"2025-08-05T12:16:12+00:00\" \/>\n<meta name=\"twitter:card\" content=\"summary_large_image\" \/>\n<meta name=\"twitter:label1\" content=\"Pris\" \/>\n\t<meta name=\"twitter:data1\" content=\"\" \/>\n\t<meta name=\"twitter:label2\" content=\"Tilgjengelighet\" \/>\n\t<meta name=\"twitter:data2\" content=\"P\u00e5 lager\" \/>\n<script type=\"application\/ld+json\" class=\"yoast-schema-graph\">{\"@context\":\"https:\\\/\\\/schema.org\",\"@graph\":[{\"@type\":\"WebPage\",\"@id\":\"https:\\\/\\\/cyberoperations.hu\\\/termek\\\/soc\\\/\",\"url\":\"https:\\\/\\\/cyberoperations.hu\\\/termek\\\/soc\\\/\",\"name\":\"Security Operations Center (SOC) \u2013 Teljesk\u00f6r\u0171 Modern Kiberv\u00e9delem 24\\\/7 - Stellar Cyber + Deep Instinct - Cyber Operations Group Kft.\",\"isPartOf\":{\"@id\":\"https:\\\/\\\/cyberoperations.hu\\\/#website\"},\"datePublished\":\"2025-05-05T12:02:42+00:00\",\"dateModified\":\"2025-08-05T12:16:12+00:00\",\"breadcrumb\":{\"@id\":\"https:\\\/\\\/cyberoperations.hu\\\/termek\\\/soc\\\/#breadcrumb\"},\"inLanguage\":\"nb-NO\",\"potentialAction\":[{\"@type\":\"ReadAction\",\"target\":[\"https:\\\/\\\/cyberoperations.hu\\\/termek\\\/soc\\\/\"]}]},{\"@type\":\"BreadcrumbList\",\"@id\":\"https:\\\/\\\/cyberoperations.hu\\\/termek\\\/soc\\\/#breadcrumb\",\"itemListElement\":[{\"@type\":\"ListItem\",\"position\":1,\"name\":\"Kezd\u0151lap\",\"item\":\"https:\\\/\\\/cyberoperations.hu\\\/\"},{\"@type\":\"ListItem\",\"position\":2,\"name\":\"Shop\",\"item\":\"https:\\\/\\\/cyberoperations.hu\\\/shop\\\/\"},{\"@type\":\"ListItem\",\"position\":3,\"name\":\"Security Operations Center (SOC) \u2013 Teljesk\u00f6r\u0171 Modern Kiberv\u00e9delem 24\\\/7 &#8211; Stellar Cyber + Deep Instinct\"}]},{\"@type\":\"WebSite\",\"@id\":\"https:\\\/\\\/cyberoperations.hu\\\/#website\",\"url\":\"https:\\\/\\\/cyberoperations.hu\\\/\",\"name\":\"Cyber Operations Group Kft.\",\"description\":\"\",\"publisher\":{\"@id\":\"https:\\\/\\\/cyberoperations.hu\\\/#organization\"},\"potentialAction\":[{\"@type\":\"SearchAction\",\"target\":{\"@type\":\"EntryPoint\",\"urlTemplate\":\"https:\\\/\\\/cyberoperations.hu\\\/?s={search_term_string}\"},\"query-input\":{\"@type\":\"PropertyValueSpecification\",\"valueRequired\":true,\"valueName\":\"search_term_string\"}}],\"inLanguage\":\"nb-NO\"},{\"@type\":\"Organization\",\"@id\":\"https:\\\/\\\/cyberoperations.hu\\\/#organization\",\"name\":\"Cyber Operations Group Kft.\",\"url\":\"https:\\\/\\\/cyberoperations.hu\\\/\",\"logo\":{\"@type\":\"ImageObject\",\"inLanguage\":\"nb-NO\",\"@id\":\"https:\\\/\\\/cyberoperations.hu\\\/#\\\/schema\\\/logo\\\/image\\\/\",\"url\":\"https:\\\/\\\/cyberoperations.hu\\\/wp-content\\\/uploads\\\/2024\\\/12\\\/simalogo-2.png\",\"contentUrl\":\"https:\\\/\\\/cyberoperations.hu\\\/wp-content\\\/uploads\\\/2024\\\/12\\\/simalogo-2.png\",\"width\":1500,\"height\":400,\"caption\":\"Cyber Operations Group Kft.\"},\"image\":{\"@id\":\"https:\\\/\\\/cyberoperations.hu\\\/#\\\/schema\\\/logo\\\/image\\\/\"}}]}<\/script>\n<meta property=\"product:price:currency\" content=\"EUR\" \/>\n<meta property=\"og:availability\" content=\"instock\" \/>\n<meta property=\"product:availability\" content=\"instock\" \/>\n<meta property=\"product:condition\" content=\"new\" \/>\n<!-- \/ Yoast SEO Premium plugin. -->","yoast_head_json":{"title":"Sikkerhetsoperasjonssenter (SOC) \u2013 Omfattende moderne cyberbeskyttelse d\u00f8gnet rundt \u2013 Stellar Cyber + Deep Instinct \u2013 Cyber Operations Group Kft.","robots":{"index":"index","follow":"follow","max-snippet":"max-snippet:-1","max-image-preview":"max-image-preview:large","max-video-preview":"max-video-preview:-1"},"canonical":"https:\/\/cyberoperations.hu\/nb\/product-2\/sosial\/","og_locale":"nb_NO","og_type":"article","og_title":"Security Operations Center (SOC) \u2013 Teljesk\u00f6r\u0171 Modern Kiberv\u00e9delem 24\/7 - Stellar Cyber + Deep Instinct","og_description":"Az itop.hu Security Operations Center (SOC) a leg\u00fajabb, mesters\u00e9ges intelligenci\u00e1val t\u00e1mogatott kiberv\u00e9delmi szolg\u00e1ltat\u00e1s, amely teljesk\u00f6r\u0171 v\u00e9delmet ny\u00fajt \u00e9jjel-nappal, val\u00f3s id\u0151ben [&hellip;]","og_url":"https:\/\/cyberoperations.hu\/nb\/product-2\/sosial\/","og_site_name":"Cyber Operations Group Kft.","article_modified_time":"2025-08-05T12:16:12+00:00","twitter_card":"summary_large_image","twitter_misc":{"Pris":"","Tilgjengelighet":"P\u00e5 lager"},"schema":{"@context":"https:\/\/schema.org","@graph":[{"@type":"WebPage","@id":"https:\/\/cyberoperations.hu\/termek\/soc\/","url":"https:\/\/cyberoperations.hu\/termek\/soc\/","name":"Sikkerhetsoperasjonssenter (SOC) \u2013 Omfattende moderne cyberbeskyttelse d\u00f8gnet rundt \u2013 Stellar Cyber + Deep Instinct \u2013 Cyber Operations Group Kft.","isPartOf":{"@id":"https:\/\/cyberoperations.hu\/#website"},"datePublished":"2025-05-05T12:02:42+00:00","dateModified":"2025-08-05T12:16:12+00:00","breadcrumb":{"@id":"https:\/\/cyberoperations.hu\/termek\/soc\/#breadcrumb"},"inLanguage":"nb-NO","potentialAction":[{"@type":"ReadAction","target":["https:\/\/cyberoperations.hu\/termek\/soc\/"]}]},{"@type":"BreadcrumbList","@id":"https:\/\/cyberoperations.hu\/termek\/soc\/#breadcrumb","itemListElement":[{"@type":"ListItem","position":1,"name":"Kezd\u0151lap","item":"https:\/\/cyberoperations.hu\/"},{"@type":"ListItem","position":2,"name":"Shop","item":"https:\/\/cyberoperations.hu\/shop\/"},{"@type":"ListItem","position":3,"name":"Security Operations Center (SOC) \u2013 Teljesk\u00f6r\u0171 Modern Kiberv\u00e9delem 24\/7 &#8211; Stellar Cyber + Deep Instinct"}]},{"@type":"WebSite","@id":"https:\/\/cyberoperations.hu\/#website","url":"https:\/\/cyberoperations.hu\/","name":"Cyber Operations Group Ltd.","description":"","publisher":{"@id":"https:\/\/cyberoperations.hu\/#organization"},"potentialAction":[{"@type":"SearchAction","target":{"@type":"EntryPoint","urlTemplate":"https:\/\/cyberoperations.hu\/?s={search_term_string}"},"query-input":{"@type":"PropertyValueSpecification","valueRequired":true,"valueName":"search_term_string"}}],"inLanguage":"nb-NO"},{"@type":"Organization","@id":"https:\/\/cyberoperations.hu\/#organization","name":"Cyber Operations Group Ltd.","url":"https:\/\/cyberoperations.hu\/","logo":{"@type":"ImageObject","inLanguage":"nb-NO","@id":"https:\/\/cyberoperations.hu\/#\/schema\/logo\/image\/","url":"https:\/\/cyberoperations.hu\/wp-content\/uploads\/2024\/12\/simalogo-2.png","contentUrl":"https:\/\/cyberoperations.hu\/wp-content\/uploads\/2024\/12\/simalogo-2.png","width":1500,"height":400,"caption":"Cyber Operations Group Kft."},"image":{"@id":"https:\/\/cyberoperations.hu\/#\/schema\/logo\/image\/"}}]},"product_price_currency":"EUR","og_availability":"instock","product_availability":"instock","product_condition":"new"},"_links":{"self":[{"href":"https:\/\/cyberoperations.hu\/nb\/wp-json\/wp\/v2\/product\/2850","targetHints":{"allow":["GET"]}}],"collection":[{"href":"https:\/\/cyberoperations.hu\/nb\/wp-json\/wp\/v2\/product"}],"about":[{"href":"https:\/\/cyberoperations.hu\/nb\/wp-json\/wp\/v2\/types\/product"}],"version-history":[{"count":3,"href":"https:\/\/cyberoperations.hu\/nb\/wp-json\/wp\/v2\/product\/2850\/revisions"}],"predecessor-version":[{"id":2968,"href":"https:\/\/cyberoperations.hu\/nb\/wp-json\/wp\/v2\/product\/2850\/revisions\/2968"}],"wp:attachment":[{"href":"https:\/\/cyberoperations.hu\/nb\/wp-json\/wp\/v2\/media?parent=2850"}],"wp:term":[{"taxonomy":"product_brand","embeddable":true,"href":"https:\/\/cyberoperations.hu\/nb\/wp-json\/wp\/v2\/product_brand?post=2850"},{"taxonomy":"product_cat","embeddable":true,"href":"https:\/\/cyberoperations.hu\/nb\/wp-json\/wp\/v2\/product_cat?post=2850"},{"taxonomy":"product_tag","embeddable":true,"href":"https:\/\/cyberoperations.hu\/nb\/wp-json\/wp\/v2\/product_tag?post=2850"}],"curies":[{"name":"wp","href":"https:\/\/api.w.org\/{rel}","templated":true}]}}