{"id":2885,"date":"2025-05-22T17:47:53","date_gmt":"2025-05-22T15:47:53","guid":{"rendered":"https:\/\/cyberoperations.hu\/?page_id=2885"},"modified":"2026-02-28T18:21:34","modified_gmt":"2026-02-28T17:21:34","slug":"nis2-felkeszites","status":"publish","type":"page","link":"https:\/\/cyberoperations.hu\/sk\/nis2-felkeszites\/","title":{"rendered":"Pr\u00edprava NIS2"},"content":{"rendered":"<div data-elementor-type=\"wp-page\" data-elementor-id=\"2885\" class=\"elementor elementor-2885\" data-elementor-post-type=\"page\">\n\t\t\t\t\t\t<section class=\"elementor-section elementor-top-section elementor-element elementor-element-5ce30f7 elementor-section-height-min-height elementor-section-items-stretch elementor-section-full_width elementor-section-height-default\" data-id=\"5ce30f7\" data-element_type=\"section\" data-e-type=\"section\" data-settings=\"{&quot;background_background&quot;:&quot;gradient&quot;}\">\n\t\t\t\t\t\t\t<div class=\"elementor-background-overlay\"><\/div>\n\t\t\t\t\t\t\t<div class=\"elementor-container elementor-column-gap-wider\">\n\t\t\t\t\t<div class=\"elementor-column elementor-col-100 elementor-top-column elementor-element elementor-element-269b2a8\" data-id=\"269b2a8\" data-element_type=\"column\" data-e-type=\"column\">\n\t\t\t<div class=\"elementor-widget-wrap elementor-element-populated\">\n\t\t\t\t\t\t<div class=\"elementor-element elementor-element-6959422 elementor-widget__width-initial elementor-absolute elementor-widget elementor-widget-spacer\" data-id=\"6959422\" data-element_type=\"widget\" data-e-type=\"widget\" data-settings=\"{&quot;_position&quot;:&quot;absolute&quot;}\" data-widget_type=\"spacer.default\">\n\t\t\t\t<div class=\"elementor-widget-container\">\n\t\t\t\t\t\t\t<div class=\"elementor-spacer\">\n\t\t\t<div class=\"elementor-spacer-inner\"><\/div>\n\t\t<\/div>\n\t\t\t\t\t\t<\/div>\n\t\t\t\t<\/div>\n\t\t\t\t<div class=\"elementor-element elementor-element-254669a elementor-widget__width-initial elementor-widget-tablet__width-inherit elementor-widget elementor-widget-heading\" data-id=\"254669a\" data-element_type=\"widget\" data-e-type=\"widget\" data-widget_type=\"heading.default\">\n\t\t\t\t<div class=\"elementor-widget-container\">\n\t\t\t\t\t<h2 class=\"elementor-heading-title elementor-size-default\">Pr\u00edprava NIS2<\/h2>\t\t\t\t<\/div>\n\t\t\t\t<\/div>\n\t\t\t\t<div class=\"elementor-element elementor-element-440660b elementor-widget__width-initial elementor-absolute elementor-widget elementor-widget-spacer\" data-id=\"440660b\" data-element_type=\"widget\" data-e-type=\"widget\" data-settings=\"{&quot;_position&quot;:&quot;absolute&quot;}\" data-widget_type=\"spacer.default\">\n\t\t\t\t<div class=\"elementor-widget-container\">\n\t\t\t\t\t\t\t<div class=\"elementor-spacer\">\n\t\t\t<div class=\"elementor-spacer-inner\"><\/div>\n\t\t<\/div>\n\t\t\t\t\t\t<\/div>\n\t\t\t\t<\/div>\n\t\t\t\t\t<\/div>\n\t\t<\/div>\n\t\t\t\t\t<\/div>\n\t\t<\/section>\n\t\t\t\t<section class=\"elementor-section elementor-top-section elementor-element elementor-element-e6612a1 elementor-section-boxed elementor-section-height-default elementor-section-height-default\" data-id=\"e6612a1\" data-element_type=\"section\" data-e-type=\"section\">\n\t\t\t\t\t\t<div class=\"elementor-container elementor-column-gap-no\">\n\t\t\t\t\t<div class=\"elementor-column elementor-col-100 elementor-top-column elementor-element elementor-element-2e82a60\" data-id=\"2e82a60\" data-element_type=\"column\" data-e-type=\"column\">\n\t\t\t<div class=\"elementor-widget-wrap elementor-element-populated\">\n\t\t\t\t\t\t<section class=\"elementor-section elementor-inner-section elementor-element elementor-element-390949e elementor-section-boxed elementor-section-height-default elementor-section-height-default\" data-id=\"390949e\" data-element_type=\"section\" data-e-type=\"section\">\n\t\t\t\t\t\t<div class=\"elementor-container elementor-column-gap-wider\">\n\t\t\t\t\t<div class=\"elementor-column elementor-col-100 elementor-inner-column elementor-element elementor-element-bef6d35\" data-id=\"bef6d35\" data-element_type=\"column\" data-e-type=\"column\">\n\t\t\t<div class=\"elementor-widget-wrap elementor-element-populated\">\n\t\t\t\t\t\t<section class=\"elementor-section elementor-inner-section elementor-element elementor-element-54d7cda elementor-section-boxed elementor-section-height-default elementor-section-height-default\" data-id=\"54d7cda\" data-element_type=\"section\" data-e-type=\"section\">\n\t\t\t\t\t\t<div class=\"elementor-container elementor-column-gap-wider\">\n\t\t\t\t\t<div class=\"elementor-column elementor-col-100 elementor-inner-column elementor-element elementor-element-30760db\" data-id=\"30760db\" data-element_type=\"column\" data-e-type=\"column\" data-settings=\"{&quot;background_background&quot;:&quot;classic&quot;}\">\n\t\t\t<div class=\"elementor-widget-wrap elementor-element-populated\">\n\t\t\t\t\t\t<div class=\"elementor-element elementor-element-d9ddc68 elementor-widget elementor-widget-text-editor\" data-id=\"d9ddc68\" data-element_type=\"widget\" data-e-type=\"widget\" data-widget_type=\"text-editor.default\">\n\t\t\t\t<div class=\"elementor-widget-container\">\n\t\t\t\t\t\t\t\t\t<p>Smernica NIS2 je v \u010dlensk\u00fdch \u0161t\u00e1toch Eur\u00f3pskej \u00fanie z\u00e1v\u00e4zn\u00e1 od 18. okt\u00f3bra 2024 a kladie zna\u010dn\u00e9 o\u010dak\u00e1vania na stredn\u00e9 a ve\u013ek\u00e9 spolo\u010dnosti v oblastiach informa\u010dnej bezpe\u010dnosti, riadenia incidentov, riadenia riz\u00edk a regula\u010dn\u00e9ho pod\u00e1vania spr\u00e1v.\u00a0<\/p><p class=\"\" data-start=\"513\" data-end=\"844\">THE\u00a0<strong data-start=\"515\" data-end=\"535\">Kybernetick\u00e9 oper\u00e1cie<\/strong>\u00a0N\u00e1\u0161 t\u00edm odborn\u00edkov pom\u00f4\u017ee va\u0161ej spolo\u010dnosti nielen dodr\u017eiava\u0165 predpisy NIS2, ale aj zavies\u0165 bezpe\u010dn\u00fa, regulovan\u00fa a transparentn\u00fa prev\u00e1dzku. Zabezpe\u010denie riadnej pripravenosti a dodr\u017eiavania predpisov je k\u013e\u00fa\u010dom k predch\u00e1dzaniu pokut\u00e1m a minimaliz\u00e1cii kybernetick\u00fdch riz\u00edk.<\/p><p><strong>Na\u0161a slu\u017eba zah\u0155\u0148a:<\/strong><\/p><ul><li class=\"\" data-start=\"774\" data-end=\"976\"><p class=\"\" data-start=\"776\" data-end=\"976\"><strong data-start=\"776\" data-end=\"815\">Zabezpe\u010denie s\u00faladu s pr\u00e1vnymi predpismi:<\/strong>\u00a0Pom\u00f4\u017eeme v\u00e1m presne pochopi\u0165 a uplat\u0148ova\u0165 v\u0161etky po\u017eiadavky smernice NIS2 vr\u00e1tane ochrany \u00fadajov, riadenia riz\u00edk a bezpe\u010dnostn\u00fdch opatren\u00ed.<\/p><\/li><li class=\"\" data-start=\"980\" data-end=\"1169\"><p class=\"\" data-start=\"982\" data-end=\"1169\"><strong data-start=\"982\" data-end=\"1007\">Pr\u00edpravn\u00e9 audity:<\/strong>\u00a0Posudzujeme aktu\u00e1lny stav kybernetickej bezpe\u010dnosti spolo\u010dnosti a identifikujeme oblasti, v ktor\u00fdch s\u00fa potrebn\u00e9 zlep\u0161enia na zabezpe\u010denie s\u00faladu s predpismi.<\/p><\/li><li data-start=\"980\" data-end=\"1169\"><strong data-start=\"41\" data-end=\"78\">Dokument\u00e1cia a pod\u00e1vanie spr\u00e1v:<\/strong>\u00a0V s\u00falade so smernicou NIS2 pripravujeme v\u0161etku potrebn\u00fa dokument\u00e1ciu vr\u00e1tane pl\u00e1nu riadenia riz\u00edk, politiky riadenia incidentov a materi\u00e1lov potrebn\u00fdch pre regula\u010dn\u00e9 pod\u00e1vanie spr\u00e1v. Taktie\u017e zabezpe\u010dujeme, aby boli tieto materi\u00e1ly k dispoz\u00edcii v aktu\u00e1lnom a auditovate\u013enom form\u00e1te.<\/li><li data-start=\"980\" data-end=\"1169\"><strong data-start=\"1625\" data-end=\"1664\">Neust\u00e1le poradenstvo a podpora:<\/strong>\u00a0Na\u0161i odborn\u00edci neust\u00e1le podporuj\u00fa proces dodr\u017eiavania predpisov vo va\u0161ej spolo\u010dnosti a pom\u00e1haj\u00fa v\u00e1m dr\u017ea\u0165 krok s najnov\u0161\u00edmi zmenami a predpismi.<\/li><\/ul><p class=\"\" data-start=\"127\" data-end=\"165\"><strong data-start=\"127\" data-end=\"165\">Odbornos\u0165 v oblasti kybernetick\u00fdch oper\u00e1ci\u00ed NIS2<\/strong><\/p><p class=\"\" data-start=\"167\" data-end=\"515\">\u0160kolenia NIS2 poskytuje spolo\u010dnos\u0165 Cyber Operations Group Ltd., n\u00e1rodne a medzin\u00e1rodne uzn\u00e1van\u00fd hr\u00e1\u010d v oblasti kybernetickej bezpe\u010dnosti, dodr\u017eiavania predpisov a technologick\u00e9ho vzdel\u00e1vania. Na\u0161a spolo\u010dnos\u0165 m\u00e1 rozsiahle sk\u00fasenosti s praktick\u00fdm uplat\u0148ovan\u00edm a implement\u00e1ciou predpisov E\u00da v oblasti kybernetickej bezpe\u010dnosti vr\u00e1tane smernice NIS2.<\/p><p class=\"\" data-start=\"517\" data-end=\"602\">Tr\u00e9ningov\u00fd program a poradenstvo riadia a dohliadaj\u00fa dvaja vynikaj\u00faci odborn\u00edci:<\/p><p class=\"\" data-start=\"604\" data-end=\"1007\">\ud83e\udded\u00a0<strong data-start=\"607\" data-end=\"668\">\u00c1ron Par\u00e9j \u2013 vojensk\u00fd a bezpe\u010dnostn\u00fd in\u017einier, v\u00fdkonn\u00fd riadite\u013e<\/strong><br data-start=\"668\" data-end=\"671\" \/>Zakladate\u013e a gener\u00e1lny riadite\u013e spolo\u010dnosti Cyber Operations Group Ltd. M\u00e1 dlhoro\u010dn\u00e9 sk\u00fasenosti v oblasti ochrany kritickej infra\u0161trukt\u00fary a riadenia podnikov\u00fdch riz\u00edk. Jeho oblas\u0165ou odbornosti je n\u00e1vrh syst\u00e9mov kybernetickej obrany s osobitn\u00fdm d\u00f4razom na o\u010dak\u00e1vania, ktor\u00e9 smernica NIS2 stanovuje pre stredn\u00e9 a ve\u013ek\u00e9 spolo\u010dnosti.<\/p><p class=\"\" data-start=\"1009\" data-end=\"1443\">\u2696\ufe0f\u00a0<strong data-start=\"1012\" data-end=\"1093\">Dr. Antal Csev\u00e1r LL.M. \u2013 pr\u00e1vnik v oblasti umelej inteligencie a technol\u00f3gi\u00ed<\/strong><br data-start=\"1093\" data-end=\"1096\" \/>Medzin\u00e1rodne sk\u00fasen\u00fd pr\u00e1vnik s odborn\u00fdmi znalos\u0165ami v oblasti dodr\u017eiavania predpisov, ochrany \u00fadajov a technologick\u00e9ho pr\u00e1va. M\u00e1 rozsiahle sk\u00fasenosti s pomocou spolo\u010dnostiam pri interpret\u00e1cii a implement\u00e1cii pr\u00e1vnych po\u017eiadaviek NIS2. Jeho pr\u00e1vne znalosti s\u00fa k\u013e\u00fa\u010dov\u00e9 pri tvorbe dokument\u00e1cie o dodr\u017eiavan\u00ed predpisov a auditovate\u013en\u00fdch procesov.<\/p><p class=\"\" data-start=\"1445\" data-end=\"1668\">Profesion\u00e1lne z\u00e1zemie a praktick\u00e9 sk\u00fasenosti zaru\u010duj\u00fa, \u017ee \u0161kolenie NIS2 poskytovan\u00e9 spolo\u010dnos\u0165ou CyberOperations pon\u00faka nielen teoretick\u00e9 znalosti, ale aj re\u00e1lne a aplikovate\u013en\u00e9 rie\u0161enia pre va\u0161u spolo\u010dnos\u0165.<\/p><p><strong>Pre\u010do si vybra\u0165 \u0161koliacu slu\u017ebu NIS2 od spolo\u010dnosti CyberOperations?<\/strong><\/p><p>\u2714 Odborn\u00e9 poradenstvo po\u010das cel\u00e9ho procesu dodr\u017eiavania predpisov NIS2<br data-start=\"1933\" data-end=\"1936\" \/>\u2714 Rie\u0161enia na mieru prisp\u00f4soben\u00e9 potreb\u00e1m va\u0161ej spolo\u010dnosti<br data-start=\"1992\" data-end=\"1995\" \/>\u2714 Pomoc pri uplat\u0148ovan\u00ed najd\u00f4le\u017eitej\u0161\u00edch z\u00e1konov a noriem (napr. GDPR, ISO 27001)<\/p><p class=\"\" data-start=\"2160\" data-end=\"2298\">Nenechajte si ujs\u0165 bl\u00ed\u017eiace sa term\u00edny NIS2! Uistite sa, \u017ee va\u0161a spolo\u010dnos\u0165 je v s\u00falade s predpismi a m\u00e1 primeran\u00fa kybernetick\u00fa ochranu.<\/p><p class=\"\" data-start=\"2300\" data-end=\"2450\">\ud83d\udcc5\u00a0<strong data-start=\"126\" data-end=\"158\">Neodkladajte pr\u00edpravu!<\/strong><\/p>\t\t\t\t\t\t\t\t<\/div>\n\t\t\t\t<\/div>\n\t\t\t\t\t<\/div>\n\t\t<\/div>\n\t\t\t\t\t<\/div>\n\t\t<\/section>\n\t\t\t\t<div class=\"elementor-element elementor-element-fd78809 elementor-widget elementor-widget-html\" data-id=\"fd78809\" data-element_type=\"widget\" data-e-type=\"widget\" data-widget_type=\"html.default\">\n\t\t\t\t<div class=\"elementor-widget-container\">\n\t\t\t\t\t<script>\r\ndocument.addEventListener('DOMContentLoaded', function () {\r\n  const button = document.querySelector('.custom-popup-button');\r\n  if (!button) return;\r\n\r\n  \/\/ Slug alapj\u00e1n nyelv meghat\u00e1roz\u00e1sa\r\n  const path = window.location.pathname;\r\n  let lang = 'hu'; \/\/ alap\u00e9rtelmezett\r\n\r\n  if (path.startsWith('\/it\/')) {\r\n    lang = 'it';\r\n  } else if (path.startsWith('\/en\/')) {\r\n    lang = 'en';\r\n  } else if (path.startsWith('\/de\/')) {\r\n    lang = 'de';\r\n  } else if (path.startsWith('\/es\/')) {\r\n    lang = 'es';\r\n  }\r\n\r\n  \/\/ Popup ind\u00edt\u00e1sa nyelv alapj\u00e1n\r\n  button.addEventListener('click', function (e) {\r\n    e.preventDefault();\r\n\r\n    if (lang === 'it') {\r\n      elementorProFrontend.modules.popup.showPopup({id: 2725}); \/\/ Olasz\r\n    } else {\r\n      elementorProFrontend.modules.popup.showPopup({id: 2871}); \/\/ Alap: Magyar\r\n    }\r\n  });\r\n});\r\n<\/script>\r\n\t\t\t\t<\/div>\n\t\t\t\t<\/div>\n\t\t\t\t\t<\/div>\n\t\t<\/div>\n\t\t\t\t\t<\/div>\n\t\t<\/section>\n\t\t\t\t\t<\/div>\n\t\t<\/div>\n\t\t\t\t\t<\/div>\n\t\t<\/section>\n\t\t\t\t<\/div>","protected":false},"excerpt":{"rendered":"<p>NIS2 felk\u00e9sz\u00edt\u00e9s A NIS2 ir\u00e1nyelv 2024. okt\u00f3ber 18-t\u00f3l k\u00f6telez\u0151 \u00e9rv\u00e9ny\u0171 az Eur\u00f3pai Uni\u00f3 tag\u00e1llamaiban, \u00e9s jelent\u0151s elv\u00e1r\u00e1sokat t\u00e1maszt a k\u00f6zepes [&hellip;]<\/p>\n","protected":false},"author":1,"featured_media":0,"parent":0,"menu_order":0,"comment_status":"closed","ping_status":"closed","template":"","meta":{"site-sidebar-layout":"no-sidebar","site-content-layout":"","ast-site-content-layout":"full-width-container","site-content-style":"default","site-sidebar-style":"default","ast-global-header-display":"","ast-banner-title-visibility":"","ast-main-header-display":"","ast-hfb-above-header-display":"","ast-hfb-below-header-display":"","ast-hfb-mobile-header-display":"","site-post-title":"disabled","ast-breadcrumbs-content":"","ast-featured-img":"disabled","footer-sml-layout":"","ast-disable-related-posts":"","theme-transparent-header-meta":"default","adv-header-id-meta":"","stick-header-meta":"","header-above-stick-meta":"","header-main-stick-meta":"","header-below-stick-meta":"","astra-migrate-meta-layouts":"set","ast-page-background-enabled":"default","ast-page-background-meta":{"desktop":{"background-color":"var(--ast-global-color-4)","background-image":"","background-repeat":"repeat","background-position":"center center","background-size":"auto","background-attachment":"scroll","background-type":"","background-media":"","overlay-type":"","overlay-color":"","overlay-opacity":"","overlay-gradient":""},"tablet":{"background-color":"","background-image":"","background-repeat":"repeat","background-position":"center center","background-size":"auto","background-attachment":"scroll","background-type":"","background-media":"","overlay-type":"","overlay-color":"","overlay-opacity":"","overlay-gradient":""},"mobile":{"background-color":"","background-image":"","background-repeat":"repeat","background-position":"center center","background-size":"auto","background-attachment":"scroll","background-type":"","background-media":"","overlay-type":"","overlay-color":"","overlay-opacity":"","overlay-gradient":""}},"ast-content-background-meta":{"desktop":{"background-color":"var(--ast-global-color-5)","background-image":"","background-repeat":"repeat","background-position":"center center","background-size":"auto","background-attachment":"scroll","background-type":"","background-media":"","overlay-type":"","overlay-color":"","overlay-opacity":"","overlay-gradient":""},"tablet":{"background-color":"var(--ast-global-color-5)","background-image":"","background-repeat":"repeat","background-position":"center center","background-size":"auto","background-attachment":"scroll","background-type":"","background-media":"","overlay-type":"","overlay-color":"","overlay-opacity":"","overlay-gradient":""},"mobile":{"background-color":"var(--ast-global-color-5)","background-image":"","background-repeat":"repeat","background-position":"center center","background-size":"auto","background-attachment":"scroll","background-type":"","background-media":"","overlay-type":"","overlay-color":"","overlay-opacity":"","overlay-gradient":""}},"footnotes":""},"class_list":["post-2885","page","type-page","status-publish","hentry"],"yoast_head":"<!-- This site is optimized with the Yoast SEO Premium plugin v27.4 (Yoast SEO v27.4) - https:\/\/yoast.com\/product\/yoast-seo-premium-wordpress\/ -->\n<title>NIS2 felk\u00e9sz\u00edt\u00e9s - Cyber Operations Group Kft.<\/title>\n<meta name=\"robots\" content=\"index, follow, max-snippet:-1, max-image-preview:large, max-video-preview:-1\" \/>\n<link rel=\"canonical\" href=\"https:\/\/cyberoperations.hu\/sk\/nis2-felkeszites\/\" \/>\n<meta property=\"og:locale\" content=\"sk_SK\" \/>\n<meta property=\"og:type\" content=\"article\" \/>\n<meta property=\"og:title\" content=\"NIS2 felk\u00e9sz\u00edt\u00e9s\" \/>\n<meta property=\"og:description\" content=\"NIS2 felk\u00e9sz\u00edt\u00e9s A NIS2 ir\u00e1nyelv 2024. okt\u00f3ber 18-t\u00f3l k\u00f6telez\u0151 \u00e9rv\u00e9ny\u0171 az Eur\u00f3pai Uni\u00f3 tag\u00e1llamaiban, \u00e9s jelent\u0151s elv\u00e1r\u00e1sokat t\u00e1maszt a k\u00f6zepes [&hellip;]\" \/>\n<meta property=\"og:url\" content=\"https:\/\/cyberoperations.hu\/sk\/nis2-felkeszites\/\" \/>\n<meta property=\"og:site_name\" content=\"Cyber Operations Group Kft.\" \/>\n<meta property=\"article:modified_time\" content=\"2026-02-28T17:21:34+00:00\" \/>\n<meta name=\"twitter:card\" content=\"summary_large_image\" \/>\n<meta name=\"twitter:label1\" content=\"Predpokladan\u00fd \u010das \u010d\u00edtania\" \/>\n\t<meta name=\"twitter:data1\" content=\"3 min\u00faty\" \/>\n<script type=\"application\/ld+json\" class=\"yoast-schema-graph\">{\"@context\":\"https:\\\/\\\/schema.org\",\"@graph\":[{\"@type\":\"WebPage\",\"@id\":\"https:\\\/\\\/cyberoperations.hu\\\/nis2-felkeszites\\\/\",\"url\":\"https:\\\/\\\/cyberoperations.hu\\\/nis2-felkeszites\\\/\",\"name\":\"NIS2 felk\u00e9sz\u00edt\u00e9s - Cyber Operations Group Kft.\",\"isPartOf\":{\"@id\":\"https:\\\/\\\/cyberoperations.hu\\\/#website\"},\"datePublished\":\"2025-05-22T15:47:53+00:00\",\"dateModified\":\"2026-02-28T17:21:34+00:00\",\"breadcrumb\":{\"@id\":\"https:\\\/\\\/cyberoperations.hu\\\/nis2-felkeszites\\\/#breadcrumb\"},\"inLanguage\":\"sk-SK\",\"potentialAction\":[{\"@type\":\"ReadAction\",\"target\":[\"https:\\\/\\\/cyberoperations.hu\\\/nis2-felkeszites\\\/\"]}]},{\"@type\":\"BreadcrumbList\",\"@id\":\"https:\\\/\\\/cyberoperations.hu\\\/nis2-felkeszites\\\/#breadcrumb\",\"itemListElement\":[{\"@type\":\"ListItem\",\"position\":1,\"name\":\"Kezd\u0151lap\",\"item\":\"https:\\\/\\\/cyberoperations.hu\\\/\"},{\"@type\":\"ListItem\",\"position\":2,\"name\":\"NIS2 felk\u00e9sz\u00edt\u00e9s\"}]},{\"@type\":\"WebSite\",\"@id\":\"https:\\\/\\\/cyberoperations.hu\\\/#website\",\"url\":\"https:\\\/\\\/cyberoperations.hu\\\/\",\"name\":\"Cyber Operations Group Kft.\",\"description\":\"\",\"publisher\":{\"@id\":\"https:\\\/\\\/cyberoperations.hu\\\/#organization\"},\"potentialAction\":[{\"@type\":\"SearchAction\",\"target\":{\"@type\":\"EntryPoint\",\"urlTemplate\":\"https:\\\/\\\/cyberoperations.hu\\\/?s={search_term_string}\"},\"query-input\":{\"@type\":\"PropertyValueSpecification\",\"valueRequired\":true,\"valueName\":\"search_term_string\"}}],\"inLanguage\":\"sk-SK\"},{\"@type\":\"Organization\",\"@id\":\"https:\\\/\\\/cyberoperations.hu\\\/#organization\",\"name\":\"Cyber Operations Group Kft.\",\"url\":\"https:\\\/\\\/cyberoperations.hu\\\/\",\"logo\":{\"@type\":\"ImageObject\",\"inLanguage\":\"sk-SK\",\"@id\":\"https:\\\/\\\/cyberoperations.hu\\\/#\\\/schema\\\/logo\\\/image\\\/\",\"url\":\"https:\\\/\\\/cyberoperations.hu\\\/wp-content\\\/uploads\\\/2024\\\/12\\\/simalogo-2.png\",\"contentUrl\":\"https:\\\/\\\/cyberoperations.hu\\\/wp-content\\\/uploads\\\/2024\\\/12\\\/simalogo-2.png\",\"width\":1500,\"height\":400,\"caption\":\"Cyber Operations Group Kft.\"},\"image\":{\"@id\":\"https:\\\/\\\/cyberoperations.hu\\\/#\\\/schema\\\/logo\\\/image\\\/\"}}]}<\/script>\n<!-- \/ Yoast SEO Premium plugin. -->","yoast_head_json":{"title":"Pr\u00edprava NIS2 - Cyber Operations Group Ltd.","robots":{"index":"index","follow":"follow","max-snippet":"max-snippet:-1","max-image-preview":"max-image-preview:large","max-video-preview":"max-video-preview:-1"},"canonical":"https:\/\/cyberoperations.hu\/sk\/nis2-felkeszites\/","og_locale":"sk_SK","og_type":"article","og_title":"NIS2 felk\u00e9sz\u00edt\u00e9s","og_description":"NIS2 felk\u00e9sz\u00edt\u00e9s A NIS2 ir\u00e1nyelv 2024. okt\u00f3ber 18-t\u00f3l k\u00f6telez\u0151 \u00e9rv\u00e9ny\u0171 az Eur\u00f3pai Uni\u00f3 tag\u00e1llamaiban, \u00e9s jelent\u0151s elv\u00e1r\u00e1sokat t\u00e1maszt a k\u00f6zepes [&hellip;]","og_url":"https:\/\/cyberoperations.hu\/sk\/nis2-felkeszites\/","og_site_name":"Cyber Operations Group Kft.","article_modified_time":"2026-02-28T17:21:34+00:00","twitter_card":"summary_large_image","twitter_misc":{"Predpokladan\u00fd \u010das \u010d\u00edtania":"3 min\u00faty"},"schema":{"@context":"https:\/\/schema.org","@graph":[{"@type":"WebPage","@id":"https:\/\/cyberoperations.hu\/nis2-felkeszites\/","url":"https:\/\/cyberoperations.hu\/nis2-felkeszites\/","name":"Pr\u00edprava NIS2 - Cyber Operations Group Ltd.","isPartOf":{"@id":"https:\/\/cyberoperations.hu\/#website"},"datePublished":"2025-05-22T15:47:53+00:00","dateModified":"2026-02-28T17:21:34+00:00","breadcrumb":{"@id":"https:\/\/cyberoperations.hu\/nis2-felkeszites\/#breadcrumb"},"inLanguage":"sk-SK","potentialAction":[{"@type":"ReadAction","target":["https:\/\/cyberoperations.hu\/nis2-felkeszites\/"]}]},{"@type":"BreadcrumbList","@id":"https:\/\/cyberoperations.hu\/nis2-felkeszites\/#breadcrumb","itemListElement":[{"@type":"ListItem","position":1,"name":"Kezd\u0151lap","item":"https:\/\/cyberoperations.hu\/"},{"@type":"ListItem","position":2,"name":"NIS2 felk\u00e9sz\u00edt\u00e9s"}]},{"@type":"WebSite","@id":"https:\/\/cyberoperations.hu\/#website","url":"https:\/\/cyberoperations.hu\/","name":"Skupina pre kybernetick\u00e9 oper\u00e1cie s.r.o.","description":"","publisher":{"@id":"https:\/\/cyberoperations.hu\/#organization"},"potentialAction":[{"@type":"SearchAction","target":{"@type":"EntryPoint","urlTemplate":"https:\/\/cyberoperations.hu\/?s={search_term_string}"},"query-input":{"@type":"PropertyValueSpecification","valueRequired":true,"valueName":"search_term_string"}}],"inLanguage":"sk-SK"},{"@type":"Organization","@id":"https:\/\/cyberoperations.hu\/#organization","name":"Skupina pre kybernetick\u00e9 oper\u00e1cie s.r.o.","url":"https:\/\/cyberoperations.hu\/","logo":{"@type":"ImageObject","inLanguage":"sk-SK","@id":"https:\/\/cyberoperations.hu\/#\/schema\/logo\/image\/","url":"https:\/\/cyberoperations.hu\/wp-content\/uploads\/2024\/12\/simalogo-2.png","contentUrl":"https:\/\/cyberoperations.hu\/wp-content\/uploads\/2024\/12\/simalogo-2.png","width":1500,"height":400,"caption":"Cyber Operations Group Kft."},"image":{"@id":"https:\/\/cyberoperations.hu\/#\/schema\/logo\/image\/"}}]}},"_links":{"self":[{"href":"https:\/\/cyberoperations.hu\/sk\/wp-json\/wp\/v2\/pages\/2885","targetHints":{"allow":["GET"]}}],"collection":[{"href":"https:\/\/cyberoperations.hu\/sk\/wp-json\/wp\/v2\/pages"}],"about":[{"href":"https:\/\/cyberoperations.hu\/sk\/wp-json\/wp\/v2\/types\/page"}],"author":[{"embeddable":true,"href":"https:\/\/cyberoperations.hu\/sk\/wp-json\/wp\/v2\/users\/1"}],"replies":[{"embeddable":true,"href":"https:\/\/cyberoperations.hu\/sk\/wp-json\/wp\/v2\/comments?post=2885"}],"version-history":[{"count":0,"href":"https:\/\/cyberoperations.hu\/sk\/wp-json\/wp\/v2\/pages\/2885\/revisions"}],"wp:attachment":[{"href":"https:\/\/cyberoperations.hu\/sk\/wp-json\/wp\/v2\/media?parent=2885"}],"curies":[{"name":"wp","href":"https:\/\/api.w.org\/{rel}","templated":true}]}}