{"id":2701,"date":"2025-03-27T09:47:44","date_gmt":"2025-03-27T08:47:44","guid":{"rendered":"https:\/\/cyberoperations.hu\/?post_type=product&#038;p=2701"},"modified":"2025-03-27T09:47:44","modified_gmt":"2025-03-27T08:47:44","slug":"kibervedelmi-es-kiberhigieniai-trening","status":"publish","type":"product","link":"https:\/\/cyberoperations.hu\/sk\/produkt\/kibervedelmi-es-kiberhigieniai-trening\/","title":{"rendered":"\u0160kolenie v oblasti kybernetickej bezpe\u010dnosti a kybernetickej hygieny"},"content":{"rendered":"<p aria-level=\"3\"><span data-contrast=\"auto\">\u0160kolenie Cyber Operations v oblasti kybernetickej bezpe\u010dnosti a kybernetickej hygieny je komplexn\u00e9, prakticky orientovan\u00e9 \u0161kolenie, ktor\u00e9 zabezpe\u010d\u00ed, aby zamestnanci a ved\u00faci pracovn\u00edci va\u0161ej spolo\u010dnosti boli obozn\u00e1men\u00ed s modern\u00fdmi kybernetick\u00fdmi hrozbami a obrann\u00fdmi strat\u00e9giami. Cie\u013eom \u0161kolenia je poskytn\u00fa\u0165 praktick\u00e9 znalosti a n\u00e1stroje pre efekt\u00edvne oper\u00e1cie kybernetickej bezpe\u010dnosti, \u010di u\u017e ide o spr\u00e1vne pou\u017e\u00edvanie softv\u00e9ru, n\u00e1vrh IT bezpe\u010dnosti kancel\u00e1rie alebo ka\u017edodenn\u00e9 opatrenia kybernetickej hygieny.<\/span><span data-ccp-props=\"{&quot;134233117&quot;:false,&quot;134233118&quot;:false,&quot;335559738&quot;:240,&quot;335559739&quot;:240}\">\u00a0<\/span><\/p>\n<p><b><span data-contrast=\"auto\">Detaily tr\u00e9ningu:<\/span><\/b><span data-ccp-props=\"{&quot;134233117&quot;:false,&quot;134233118&quot;:false,&quot;335559738&quot;:240,&quot;335559739&quot;:240}\">\u00a0<\/span><\/p>\n<p><span data-contrast=\"auto\">\ud83d\udccc Trvanie: 2 dni<\/span><br \/>\n<span data-contrast=\"auto\"> \ud83d\udccc Miesto: Na mieste alebo online<\/span><br \/>\n<span data-contrast=\"auto\"> \ud83d\udccc Cena: Na z\u00e1klade individu\u00e1lnej cenovej ponuky<\/span><span data-ccp-props=\"{&quot;134233117&quot;:false,&quot;134233118&quot;:false,&quot;335559738&quot;:240,&quot;335559739&quot;:240}\">\u00a0<\/span><\/p>\n<p><b><span data-contrast=\"auto\">Obsah \u0161kolenia:<\/span><\/b><span data-ccp-props=\"{&quot;134233117&quot;:false,&quot;134233118&quot;:false,&quot;335559738&quot;:240,&quot;335559739&quot;:240}\">\u00a0<\/span><\/p>\n<p><span data-contrast=\"auto\">\ud83d\udd0d <\/span><b><span data-contrast=\"auto\">Z\u00e1klady kybernetickej bezpe\u010dnosti a osved\u010den\u00e9 postupy<\/span><\/b><br \/>\n<span data-contrast=\"auto\"> \u2013 Identifik\u00e1cia najnov\u0161\u00edch kybernetick\u00fdch hrozieb a \u00fato\u010dn\u00fdch techn\u00edk<\/span><br \/>\n<span data-contrast=\"auto\"> \u2013 Obrann\u00e9 strat\u00e9gie a okam\u017eit\u00e9 reakcie v pr\u00edpade incidentov<\/span><br \/>\n<span data-contrast=\"auto\"> \u2013 Z\u00e1klady zabezpe\u010denia syst\u00e9mu a ochrana koncov\u00fdch bodov<\/span><span data-ccp-props=\"{&quot;134233117&quot;:false,&quot;134233118&quot;:false,&quot;335559738&quot;:240,&quot;335559739&quot;:240}\">\u00a0<\/span><\/p>\n<p><span data-contrast=\"auto\">\ud83d\udee0 <\/span><b><span data-contrast=\"auto\">Vhodn\u00e9 pou\u017e\u00edvanie softv\u00e9ru a zariaden\u00ed<\/span><\/b><br \/>\n<span data-contrast=\"auto\"> \u2013 Ak\u00e9 n\u00e1stroje a softv\u00e9r by sa mali pou\u017e\u00edva\u0165 na zabezpe\u010denie \u00fadajov?<\/span><br \/>\n<span data-contrast=\"auto\"> \u2013 Rie\u0161enia pre \u0161ifrovanie a spr\u00e1vu pr\u00edstupu<\/span><br \/>\n<span data-contrast=\"auto\"> \u2013 Nastavenie VPN, viacfaktorovej autentifik\u00e1cie a \u010fal\u0161\u00edch ochrann\u00fdch mechanizmov<\/span><span data-ccp-props=\"{&quot;134233117&quot;:false,&quot;134233118&quot;:false,&quot;335559738&quot;:240,&quot;335559739&quot;:240}\">\u00a0<\/span><\/p>\n<p><span data-contrast=\"auto\">\ud83c\udfe2 <\/span><b><span data-contrast=\"auto\">Vytvorenie bezpe\u010dn\u00e9ho pracovn\u00e9ho prostredia<\/span><\/b><br \/>\n<span data-contrast=\"auto\"> \u2013 Pl\u00e1novanie a n\u00e1vrh IT bezpe\u010dnosti novej kancel\u00e1rie<\/span><br \/>\n<span data-contrast=\"auto\"> \u2013 Rekon\u0161trukcia existuj\u00facej kancel\u00e1rie pod\u013ea modern\u00fdch po\u017eiadaviek kybernetickej bezpe\u010dnosti<\/span><br \/>\n<span data-contrast=\"auto\"> \u2013 Stanovenie pravidiel fyzickej bezpe\u010dnosti, vstupu a pr\u00edstupu k sieti<\/span><span data-ccp-props=\"{&quot;134233117&quot;:false,&quot;134233118&quot;:false,&quot;335559738&quot;:240,&quot;335559739&quot;:240}\">\u00a0<\/span><\/p>\n<p><span data-contrast=\"auto\">\ud83e\uddfc <\/span><b><span data-contrast=\"auto\">Vzdel\u00e1vanie v oblasti kybernetickej hygieny<\/span><\/b><br \/>\n<span data-contrast=\"auto\"> \u2013 Pravidl\u00e1 pre hesl\u00e1 a spr\u00e1vu pr\u00edstupov<\/span><br \/>\n<span data-contrast=\"auto\"> \u2013 Rozpozn\u00e1vanie a predch\u00e1dzanie \u00fatokom soci\u00e1lneho in\u017einierstva<\/span><br \/>\n<span data-contrast=\"auto\"> \u2013 Ochrana pred phishingom a in\u00fdmi be\u017en\u00fdmi technikami kybernetickej kriminality<\/span><br \/>\n<span data-contrast=\"auto\"> \u2013 Bezpe\u010dnostn\u00e9 z\u00e1sady pre mobiln\u00e9 zariadenia a pr\u00e1cu na dia\u013eku<\/span><span data-ccp-props=\"{&quot;134233117&quot;:false,&quot;134233118&quot;:false,&quot;335559738&quot;:240,&quot;335559739&quot;:240}\">\u00a0<\/span><\/p>\n<p><span data-contrast=\"auto\">\ud83d\udcca <\/span><b><span data-contrast=\"auto\">Audit a prieskum kybernetickej bezpe\u010dnosti<\/span><\/b><br \/>\n<span data-contrast=\"auto\"> \u2013 Pos\u00fadenie aktu\u00e1lneho stavu kybernetickej bezpe\u010dnosti spolo\u010dnosti<\/span><br \/>\n<span data-contrast=\"auto\"> \u2013 Identifik\u00e1cia slab\u00fdch str\u00e1nok a n\u00e1vrhy na zlep\u0161enia<\/span><br \/>\n<span data-contrast=\"auto\"> \u2013 Vypracovanie komplexn\u00e9ho preh\u013eadu kybernetickej bezpe\u010dnosti na konci \u0161kolenia<\/span><span data-ccp-props=\"{&quot;134233117&quot;:false,&quot;134233118&quot;:false,&quot;335559738&quot;:240,&quot;335559739&quot;:240}\">\u00a0<\/span><\/p>\n<p><span data-ccp-props=\"{}\">\u00a0<\/span><\/p>\n<p aria-level=\"3\"><b><span data-contrast=\"none\">Odbornos\u0165 v oblasti kybernetick\u00fdch oper\u00e1ci\u00ed:<\/span><\/b><span data-ccp-props=\"{&quot;134233117&quot;:false,&quot;134233118&quot;:false,&quot;134245418&quot;:true,&quot;134245529&quot;:true,&quot;335559738&quot;:281,&quot;335559739&quot;:281}\">\u00a0<\/span><\/p>\n<p><span data-contrast=\"auto\">\u0160kolenie zabezpe\u010duje <\/span><b><span data-contrast=\"auto\">Skupina pre kybernetick\u00e9 oper\u00e1cie s.r.o.<\/span><\/b><span data-contrast=\"auto\"> je n\u00e1rodne a medzin\u00e1rodne uzn\u00e1van\u00fdm hr\u00e1\u010dom v oblasti kybernetickej bezpe\u010dnosti, dodr\u017eiavania predpisov a technologick\u00e9ho vzdel\u00e1vania. \u0160kolenia a konzult\u00e1cie riadia a dohliadaj\u00fa na ne dvaja vynikaj\u00faci odborn\u00edci:<\/span><span data-ccp-props=\"{&quot;134233117&quot;:false,&quot;134233118&quot;:false,&quot;335559738&quot;:240,&quot;335559739&quot;:240}\">\u00a0<\/span><\/p>\n<p><span data-contrast=\"auto\">\ud83e\udded <\/span><b><span data-contrast=\"auto\">\u00c1ron Par\u00e9j \u2013 vojensk\u00fd a bezpe\u010dnostn\u00fd in\u017einier, v\u00fdkonn\u00fd riadite\u013e<\/span><\/b><br \/>\n<span data-contrast=\"auto\"> Zakladate\u013e a gener\u00e1lny riadite\u013e spolo\u010dnosti Cyber Operations Group Ltd. Jeho odbornos\u0165ou je n\u00e1vrh syst\u00e9mov kybernetickej obrany a koordinovan\u00fd rozvoj podnikov\u00fdch IT a fyzickej bezpe\u010dnosti. Svoje sk\u00fasenosti z\u00edskal v projektoch obrann\u00e9ho priemyslu a v oblasti strategick\u00e9ho poradenstva na vysokej \u00farovni, so zameran\u00edm na kritick\u00fa infra\u0161trukt\u00faru a riadenie podnikov\u00fdch riz\u00edk.<\/span><span data-ccp-props=\"{&quot;134233117&quot;:false,&quot;134233118&quot;:false,&quot;335559738&quot;:240,&quot;335559739&quot;:240}\">\u00a0<\/span><\/p>\n<p><span data-contrast=\"auto\">\u2696\ufe0f <\/span><b><span data-contrast=\"auto\">Dr. Antal Csev\u00e1r LL.M. \u2013 pr\u00e1vnik v oblasti umelej inteligencie a technol\u00f3gi\u00ed<\/span><\/b><br \/>\n<span data-contrast=\"auto\"> Po\u010das svojej kari\u00e9ry pr\u00e1vnika a pr\u00e1vneho poradcu pracoval pre nieko\u013eko nadn\u00e1rodn\u00fdch finan\u010dn\u00fdch spolo\u010dnost\u00ed, kde bol zodpovedn\u00fd za v\u00fdvoj syst\u00e9mov ochrany \u00fadajov, regula\u010dn\u00fdch a zmluvn\u00fdch syst\u00e9mov. Desa\u0165 rokov bol \u010dlenom V\u00fdboru pre riadenie spolo\u010dnost\u00ed Budape\u0161tianskej burzy cenn\u00fdch papierov. V roku 2023 Budape\u0161tianska advok\u00e1tska komora ocenila jeho pr\u00e1cu cenou Pro Excellentia. Je tie\u017e viceprezidentom N\u00e1rodnej asoci\u00e1cie pilotov dronov. Jeho odborn\u00e9 znalosti s\u00fa obzvl\u00e1\u0161\u0165 cenn\u00e9 v oblastiach dodr\u017eiavania pr\u00e1vnych predpisov, ochrany \u00fadajov a technologick\u00fdch predpisov.<\/span><span data-ccp-props=\"{&quot;134233117&quot;:false,&quot;134233118&quot;:false,&quot;335559738&quot;:240,&quot;335559739&quot;:240}\">\u00a0<\/span><\/p>\n<p><span data-ccp-props=\"{}\">\u00a0<\/span><\/p>\n<p><b><span data-contrast=\"auto\">Komu to odpor\u00fa\u010dame?<\/span><\/b><span data-ccp-props=\"{&quot;134233117&quot;:false,&quot;134233118&quot;:false,&quot;335559738&quot;:240,&quot;335559739&quot;:240}\">\u00a0<\/span><\/p>\n<p><span data-contrast=\"auto\">\u2714 Pre v\u0161etky spolo\u010dnosti, ktor\u00e9 chc\u00fa zn\u00ed\u017ei\u0165 riziko kybernetick\u00fdch \u00fatokov<\/span><br \/>\n<span data-contrast=\"auto\"> \u2714 Pre organiz\u00e1cie, ktor\u00e9 chc\u00fa zv\u00fd\u0161i\u0165 povedomie o kybernetickej bezpe\u010dnosti medzi svojimi zamestnancami<\/span><br \/>\n<span data-contrast=\"auto\"> \u2714 Pre obchodn\u00fdch l\u00eddrov, odborn\u00edkov na IT bezpe\u010dnos\u0165 a v\u0161etk\u00fdch zamestnancov, ktor\u00ed pri svojej ka\u017edodennej pr\u00e1ci pou\u017e\u00edvaj\u00fa digit\u00e1lne zariadenia<\/span><span data-ccp-props=\"{&quot;134233117&quot;:false,&quot;134233118&quot;:false,&quot;335559738&quot;:240,&quot;335559739&quot;:240}\">\u00a0<\/span><\/p>\n<p><span data-contrast=\"auto\">\ud83d\udce9 <\/span><b><span data-contrast=\"auto\">Kontaktujte n\u00e1s pre cenov\u00fa ponuku na mieru a poskytnite svojim zamestnancom najmodernej\u0161ie znalosti o kybernetickej ochrane a kybernetickej hygiene \u2013 veden\u00e9 t\u00fdmi najlep\u0161\u00edmi v tomto odvetv\u00ed!<\/span><\/b><span data-ccp-props=\"{&quot;134233117&quot;:false,&quot;134233118&quot;:false,&quot;335559738&quot;:240,&quot;335559739&quot;:240}\">\u00a0<\/span><\/p>\n<p><span data-ccp-props=\"{}\">\u00a0<\/span><\/p>","protected":false},"excerpt":{"rendered":"<p>A Cyber Operations Kiberv\u00e9delmi \u00e9s Kiberhigi\u00e9niai Oktat\u00e1sa egy \u00e1tfog\u00f3, gyakorlatorient\u00e1lt tr\u00e9ning, amely biztos\u00edtja, hogy v\u00e1llalat\u00e1nak munkav\u00e1llal\u00f3i \u00e9s vezet\u0151i naprak\u00e9szek legyenek [&hellip;]<\/p>\n","protected":false},"featured_media":0,"template":"","meta":{"site-sidebar-layout":"default","site-content-layout":"","ast-site-content-layout":"default","site-content-style":"default","site-sidebar-style":"default","ast-global-header-display":"","ast-banner-title-visibility":"","ast-main-header-display":"","ast-hfb-above-header-display":"","ast-hfb-below-header-display":"","ast-hfb-mobile-header-display":"","site-post-title":"","ast-breadcrumbs-content":"","ast-featured-img":"","footer-sml-layout":"","ast-disable-related-posts":"","theme-transparent-header-meta":"default","adv-header-id-meta":"","stick-header-meta":"","header-above-stick-meta":"","header-main-stick-meta":"","header-below-stick-meta":"","astra-migrate-meta-layouts":"set","ast-page-background-enabled":"default","ast-page-background-meta":{"desktop":{"background-color":"var(--ast-global-color-4)","background-image":"","background-repeat":"repeat","background-position":"center center","background-size":"auto","background-attachment":"scroll","background-type":"","background-media":"","overlay-type":"","overlay-color":"","overlay-opacity":"","overlay-gradient":""},"tablet":{"background-color":"","background-image":"","background-repeat":"repeat","background-position":"center center","background-size":"auto","background-attachment":"scroll","background-type":"","background-media":"","overlay-type":"","overlay-color":"","overlay-opacity":"","overlay-gradient":""},"mobile":{"background-color":"","background-image":"","background-repeat":"repeat","background-position":"center center","background-size":"auto","background-attachment":"scroll","background-type":"","background-media":"","overlay-type":"","overlay-color":"","overlay-opacity":"","overlay-gradient":""}},"ast-content-background-meta":{"desktop":{"background-color":"var(--ast-global-color-5)","background-image":"","background-repeat":"repeat","background-position":"center center","background-size":"auto","background-attachment":"scroll","background-type":"","background-media":"","overlay-type":"","overlay-color":"","overlay-opacity":"","overlay-gradient":""},"tablet":{"background-color":"var(--ast-global-color-5)","background-image":"","background-repeat":"repeat","background-position":"center center","background-size":"auto","background-attachment":"scroll","background-type":"","background-media":"","overlay-type":"","overlay-color":"","overlay-opacity":"","overlay-gradient":""},"mobile":{"background-color":"var(--ast-global-color-5)","background-image":"","background-repeat":"repeat","background-position":"center center","background-size":"auto","background-attachment":"scroll","background-type":"","background-media":"","overlay-type":"","overlay-color":"","overlay-opacity":"","overlay-gradient":""}}},"product_brand":[],"product_cat":[25],"product_tag":[],"class_list":{"0":"post-2701","1":"product","2":"type-product","3":"status-publish","5":"product_cat-uncategorized","6":"desktop-align-left","7":"tablet-align-left","8":"mobile-align-left","10":"first","11":"instock","12":"shipping-taxable","13":"product-type-simple"},"yoast_head":"<!-- This site is optimized with the Yoast SEO Premium plugin v27.4 (Yoast SEO v27.4) - https:\/\/yoast.com\/product\/yoast-seo-premium-wordpress\/ -->\n<title>Kiberv\u00e9delmi \u00e9s Kiberhigi\u00e9niai Tr\u00e9ning - Cyber Operations Group Kft.<\/title>\n<meta name=\"robots\" content=\"index, follow, max-snippet:-1, max-image-preview:large, max-video-preview:-1\" \/>\n<link rel=\"canonical\" href=\"https:\/\/cyberoperations.hu\/sk\/product\/cyber-protection-and-cyber-hygiene-training\/\" \/>\n<meta property=\"og:locale\" content=\"sk_SK\" \/>\n<meta property=\"og:type\" content=\"article\" \/>\n<meta property=\"og:title\" content=\"Kiberv\u00e9delmi \u00e9s Kiberhigi\u00e9niai Tr\u00e9ning\" \/>\n<meta property=\"og:description\" content=\"A Cyber Operations Kiberv\u00e9delmi \u00e9s Kiberhigi\u00e9niai Oktat\u00e1sa egy \u00e1tfog\u00f3, gyakorlatorient\u00e1lt tr\u00e9ning, amely biztos\u00edtja, hogy v\u00e1llalat\u00e1nak munkav\u00e1llal\u00f3i \u00e9s vezet\u0151i naprak\u00e9szek legyenek [&hellip;]\" \/>\n<meta property=\"og:url\" content=\"https:\/\/cyberoperations.hu\/sk\/product\/cyber-protection-and-cyber-hygiene-training\/\" \/>\n<meta property=\"og:site_name\" content=\"Cyber Operations Group Kft.\" \/>\n<meta name=\"twitter:card\" content=\"summary_large_image\" \/>\n<meta name=\"twitter:label1\" content=\"Cena\" \/>\n\t<meta name=\"twitter:data1\" content=\"\" \/>\n\t<meta name=\"twitter:label2\" content=\"Dostupnos\u0165\" \/>\n\t<meta name=\"twitter:data2\" content=\"Na sklade\" \/>\n<script type=\"application\/ld+json\" class=\"yoast-schema-graph\">{\"@context\":\"https:\\\/\\\/schema.org\",\"@graph\":[{\"@type\":\"WebPage\",\"@id\":\"https:\\\/\\\/cyberoperations.hu\\\/en\\\/product\\\/cyber-protection-and-cyber-hygiene-training\\\/\",\"url\":\"https:\\\/\\\/cyberoperations.hu\\\/en\\\/product\\\/cyber-protection-and-cyber-hygiene-training\\\/\",\"name\":\"Kiberv\u00e9delmi \u00e9s Kiberhigi\u00e9niai Tr\u00e9ning - Cyber Operations Group Kft.\",\"isPartOf\":{\"@id\":\"https:\\\/\\\/cyberoperations.hu\\\/#website\"},\"datePublished\":\"2025-03-27T08:47:44+00:00\",\"breadcrumb\":{\"@id\":\"https:\\\/\\\/cyberoperations.hu\\\/en\\\/product\\\/cyber-protection-and-cyber-hygiene-training\\\/#breadcrumb\"},\"inLanguage\":\"sk-SK\",\"potentialAction\":[{\"@type\":\"ReadAction\",\"target\":[\"https:\\\/\\\/cyberoperations.hu\\\/en\\\/product\\\/cyber-protection-and-cyber-hygiene-training\\\/\"]}]},{\"@type\":\"BreadcrumbList\",\"@id\":\"https:\\\/\\\/cyberoperations.hu\\\/en\\\/product\\\/cyber-protection-and-cyber-hygiene-training\\\/#breadcrumb\",\"itemListElement\":[{\"@type\":\"ListItem\",\"position\":1,\"name\":\"Kezd\u0151lap\",\"item\":\"https:\\\/\\\/cyberoperations.hu\\\/\"},{\"@type\":\"ListItem\",\"position\":2,\"name\":\"Shop\",\"item\":\"https:\\\/\\\/cyberoperations.hu\\\/shop\\\/\"},{\"@type\":\"ListItem\",\"position\":3,\"name\":\"Kiberv\u00e9delmi \u00e9s Kiberhigi\u00e9niai Tr\u00e9ning\"}]},{\"@type\":\"WebSite\",\"@id\":\"https:\\\/\\\/cyberoperations.hu\\\/#website\",\"url\":\"https:\\\/\\\/cyberoperations.hu\\\/\",\"name\":\"Cyber Operations Group Kft.\",\"description\":\"\",\"publisher\":{\"@id\":\"https:\\\/\\\/cyberoperations.hu\\\/#organization\"},\"potentialAction\":[{\"@type\":\"SearchAction\",\"target\":{\"@type\":\"EntryPoint\",\"urlTemplate\":\"https:\\\/\\\/cyberoperations.hu\\\/?s={search_term_string}\"},\"query-input\":{\"@type\":\"PropertyValueSpecification\",\"valueRequired\":true,\"valueName\":\"search_term_string\"}}],\"inLanguage\":\"sk-SK\"},{\"@type\":\"Organization\",\"@id\":\"https:\\\/\\\/cyberoperations.hu\\\/#organization\",\"name\":\"Cyber Operations Group Kft.\",\"url\":\"https:\\\/\\\/cyberoperations.hu\\\/\",\"logo\":{\"@type\":\"ImageObject\",\"inLanguage\":\"sk-SK\",\"@id\":\"https:\\\/\\\/cyberoperations.hu\\\/#\\\/schema\\\/logo\\\/image\\\/\",\"url\":\"https:\\\/\\\/cyberoperations.hu\\\/wp-content\\\/uploads\\\/2024\\\/12\\\/simalogo-2.png\",\"contentUrl\":\"https:\\\/\\\/cyberoperations.hu\\\/wp-content\\\/uploads\\\/2024\\\/12\\\/simalogo-2.png\",\"width\":1500,\"height\":400,\"caption\":\"Cyber Operations Group Kft.\"},\"image\":{\"@id\":\"https:\\\/\\\/cyberoperations.hu\\\/#\\\/schema\\\/logo\\\/image\\\/\"}}]}<\/script>\n<meta property=\"product:price:currency\" content=\"EUR\" \/>\n<meta property=\"og:availability\" content=\"instock\" \/>\n<meta property=\"product:availability\" content=\"instock\" \/>\n<meta property=\"product:condition\" content=\"new\" \/>\n<!-- \/ Yoast SEO Premium plugin. -->","yoast_head_json":{"title":"\u0160kolenie v oblasti kybernetickej bezpe\u010dnosti a kybernetickej hygieny - Cyber Operations Group Ltd.","robots":{"index":"index","follow":"follow","max-snippet":"max-snippet:-1","max-image-preview":"max-image-preview:large","max-video-preview":"max-video-preview:-1"},"canonical":"https:\/\/cyberoperations.hu\/sk\/product\/cyber-protection-and-cyber-hygiene-training\/","og_locale":"sk_SK","og_type":"article","og_title":"Kiberv\u00e9delmi \u00e9s Kiberhigi\u00e9niai Tr\u00e9ning","og_description":"A Cyber Operations Kiberv\u00e9delmi \u00e9s Kiberhigi\u00e9niai Oktat\u00e1sa egy \u00e1tfog\u00f3, gyakorlatorient\u00e1lt tr\u00e9ning, amely biztos\u00edtja, hogy v\u00e1llalat\u00e1nak munkav\u00e1llal\u00f3i \u00e9s vezet\u0151i naprak\u00e9szek legyenek [&hellip;]","og_url":"https:\/\/cyberoperations.hu\/sk\/product\/cyber-protection-and-cyber-hygiene-training\/","og_site_name":"Cyber Operations Group Kft.","twitter_card":"summary_large_image","twitter_misc":{"Cena":"","Dostupnos\u0165":"Na sklade"},"schema":{"@context":"https:\/\/schema.org","@graph":[{"@type":"WebPage","@id":"https:\/\/cyberoperations.hu\/en\/product\/cyber-protection-and-cyber-hygiene-training\/","url":"https:\/\/cyberoperations.hu\/en\/product\/cyber-protection-and-cyber-hygiene-training\/","name":"\u0160kolenie v oblasti kybernetickej bezpe\u010dnosti a kybernetickej hygieny - Cyber Operations Group Ltd.","isPartOf":{"@id":"https:\/\/cyberoperations.hu\/#website"},"datePublished":"2025-03-27T08:47:44+00:00","breadcrumb":{"@id":"https:\/\/cyberoperations.hu\/en\/product\/cyber-protection-and-cyber-hygiene-training\/#breadcrumb"},"inLanguage":"sk-SK","potentialAction":[{"@type":"ReadAction","target":["https:\/\/cyberoperations.hu\/en\/product\/cyber-protection-and-cyber-hygiene-training\/"]}]},{"@type":"BreadcrumbList","@id":"https:\/\/cyberoperations.hu\/en\/product\/cyber-protection-and-cyber-hygiene-training\/#breadcrumb","itemListElement":[{"@type":"ListItem","position":1,"name":"Kezd\u0151lap","item":"https:\/\/cyberoperations.hu\/"},{"@type":"ListItem","position":2,"name":"Shop","item":"https:\/\/cyberoperations.hu\/shop\/"},{"@type":"ListItem","position":3,"name":"Kiberv\u00e9delmi \u00e9s Kiberhigi\u00e9niai Tr\u00e9ning"}]},{"@type":"WebSite","@id":"https:\/\/cyberoperations.hu\/#website","url":"https:\/\/cyberoperations.hu\/","name":"Skupina pre kybernetick\u00e9 oper\u00e1cie s.r.o.","description":"","publisher":{"@id":"https:\/\/cyberoperations.hu\/#organization"},"potentialAction":[{"@type":"SearchAction","target":{"@type":"EntryPoint","urlTemplate":"https:\/\/cyberoperations.hu\/?s={search_term_string}"},"query-input":{"@type":"PropertyValueSpecification","valueRequired":true,"valueName":"search_term_string"}}],"inLanguage":"sk-SK"},{"@type":"Organization","@id":"https:\/\/cyberoperations.hu\/#organization","name":"Skupina pre kybernetick\u00e9 oper\u00e1cie s.r.o.","url":"https:\/\/cyberoperations.hu\/","logo":{"@type":"ImageObject","inLanguage":"sk-SK","@id":"https:\/\/cyberoperations.hu\/#\/schema\/logo\/image\/","url":"https:\/\/cyberoperations.hu\/wp-content\/uploads\/2024\/12\/simalogo-2.png","contentUrl":"https:\/\/cyberoperations.hu\/wp-content\/uploads\/2024\/12\/simalogo-2.png","width":1500,"height":400,"caption":"Cyber Operations Group Kft."},"image":{"@id":"https:\/\/cyberoperations.hu\/#\/schema\/logo\/image\/"}}]},"product_price_currency":"EUR","og_availability":"instock","product_availability":"instock","product_condition":"new"},"_links":{"self":[{"href":"https:\/\/cyberoperations.hu\/sk\/wp-json\/wp\/v2\/product\/2701","targetHints":{"allow":["GET"]}}],"collection":[{"href":"https:\/\/cyberoperations.hu\/sk\/wp-json\/wp\/v2\/product"}],"about":[{"href":"https:\/\/cyberoperations.hu\/sk\/wp-json\/wp\/v2\/types\/product"}],"version-history":[{"count":0,"href":"https:\/\/cyberoperations.hu\/sk\/wp-json\/wp\/v2\/product\/2701\/revisions"}],"wp:attachment":[{"href":"https:\/\/cyberoperations.hu\/sk\/wp-json\/wp\/v2\/media?parent=2701"}],"wp:term":[{"taxonomy":"product_brand","embeddable":true,"href":"https:\/\/cyberoperations.hu\/sk\/wp-json\/wp\/v2\/product_brand?post=2701"},{"taxonomy":"product_cat","embeddable":true,"href":"https:\/\/cyberoperations.hu\/sk\/wp-json\/wp\/v2\/product_cat?post=2701"},{"taxonomy":"product_tag","embeddable":true,"href":"https:\/\/cyberoperations.hu\/sk\/wp-json\/wp\/v2\/product_tag?post=2701"}],"curies":[{"name":"wp","href":"https:\/\/api.w.org\/{rel}","templated":true}]}}