{"id":2850,"date":"2025-05-05T14:02:42","date_gmt":"2025-05-05T12:02:42","guid":{"rendered":"https:\/\/cyberoperations.hu\/?post_type=product&#038;p=2850"},"modified":"2025-08-05T14:16:12","modified_gmt":"2025-08-05T12:16:12","slug":"socialne","status":"publish","type":"product","link":"https:\/\/cyberoperations.hu\/sk\/termek\/soc\/","title":{"rendered":"Centrum bezpe\u010dnostn\u00fdch oper\u00e1ci\u00ed (SOC) \u2013 Komplexn\u00e1 modern\u00e1 kybernetick\u00e1 ochrana 24 hod\u00edn denne, 7 dn\u00ed v t\u00fd\u017edni \u2013 Stellar Cyber + Deep Instinct"},"content":{"rendered":"<p>Bezpe\u010dnostn\u00e9 opera\u010dn\u00e9 centrum itop.hu (SOC) je najnov\u0161ia kybernetick\u00e1 bezpe\u010dnostn\u00e1 slu\u017eba podporovan\u00e1 umelou inteligenciou, ktor\u00e1 poskytuje komplexn\u00fa ochranu v\u00e1\u0161ho podnikania pred kybernetick\u00fdmi \u00fatokmi a vn\u00fatorn\u00fdmi hrozbami 24 hod\u00edn denne, 7 dn\u00ed v t\u00fd\u017edni v re\u00e1lnom \u010dase.<\/p>\n<p><strong>Hlavn\u00e9 v\u00fdhody a vlastnosti<\/strong><\/p>\n<ul>\n<li>Monitorovanie 24 hod\u00edn denne, 7 dn\u00ed v t\u00fd\u017edni a r\u00fdchla reakcia: Nepretr\u017eit\u00e9 monitorovanie v re\u00e1lnom \u010dase, ktor\u00e9 okam\u017eite detekuje a zastavuje hrozby v celej IT infra\u0161trukt\u00fare va\u0161ej spolo\u010dnosti.<\/li>\n<li>Detekcia hrozieb zalo\u017een\u00e1 na umelej inteligencii: Pokro\u010dil\u00e1 umel\u00e1 inteligencia (napr. Stellar Cyber, Deep Instinct) pom\u00e1ha automaticky detekova\u0165 malv\u00e9r, ransomv\u00e9r, zero-day \u00fatoky a minimalizova\u0165 falo\u0161n\u00e9 poplachy.<\/li>\n<li>Automatizovan\u00e9 riadenie incidentov: Syst\u00e9m sp\u00fa\u0161\u0165a inteligentn\u00e9 reak\u010dn\u00e9 mechanizmy, ktor\u00e9 r\u00fdchlo izoluj\u00fa zdroj hrozby a zabra\u0148uj\u00fa \u0161kod\u00e1m.<\/li>\n<li>Jednoduch\u00e1 integr\u00e1cia: itop.hu SOC sa d\u00e1 jednoducho integrova\u0165 do existuj\u00faceho IT prostredia a je vhodn\u00fd na ochranu lok\u00e1lnych aj cloudov\u00fdch syst\u00e9mov.<\/li>\n<li>Podpora dodr\u017eiavania predpisov: Pom\u00e1ha v\u00e1m dodr\u017eiava\u0165 ma\u010farsk\u00e9 a eur\u00f3pske (napr. NIS2) regula\u010dn\u00e9 po\u017eiadavky a podporuje regula\u010dn\u00e9 alebo z\u00e1kazn\u00edcke audity s funkciami auditu a pod\u00e1vania spr\u00e1v.<\/li>\n<li>\u0160k\u00e1lovate\u013enos\u0165: R\u00fdchlo roz\u0161\u00edrite\u013en\u00e1 a cenovo v\u00fdhodn\u00e1 ochrana pre organiz\u00e1cie akejko\u013evek ve\u013ekosti, od mal\u00fdch podnikov a\u017e po ve\u013ek\u00e9 podniky.<\/li>\n<\/ul>\n<p><strong>Komu to odpor\u00fa\u010dame?<\/strong><\/p>\n<ul>\n<li>Pre spolo\u010dnosti, ktor\u00e9 chc\u00fa proakt\u00edvnu, automatizovan\u00fa ochranu pred neust\u00e1le sa meniacimi kybernetick\u00fdmi hrozbami.<\/li>\n<li>T\u00ed, ktor\u00ed pova\u017euj\u00fa bezpe\u010dnos\u0165 \u00fadajov, kontinuitu podnikania a dodr\u017eiavanie pr\u00e1vnych predpisov za mimoriadne d\u00f4le\u017eit\u00e9.<\/li>\n<li>Pre t\u00fdch, ktor\u00ed h\u013eadaj\u00fa centr\u00e1lnu, integrovan\u00fa slu\u017ebu kybernetickej bezpe\u010dnosti, ktor\u00e1 odbremen\u00ed IT t\u00edm.<\/li>\n<\/ul>\n<p><strong>Ochr\u00e1\u0148te svoju spolo\u010dnos\u0165 pomocou SOC rie\u0161enia od itop.hu a zverte n\u00e1m bezpe\u010dnos\u0165 svojich kritick\u00fdch IT akt\u00edv \u2013 aby ste sa mohli s\u00fastredi\u0165 na rast a my na ochranu!<\/strong><\/p>","protected":false},"excerpt":{"rendered":"<p>Az itop.hu Security Operations Center (SOC) a leg\u00fajabb, mesters\u00e9ges intelligenci\u00e1val t\u00e1mogatott kiberv\u00e9delmi szolg\u00e1ltat\u00e1s, amely teljesk\u00f6r\u0171 v\u00e9delmet ny\u00fajt \u00e9jjel-nappal, val\u00f3s id\u0151ben [&hellip;]<\/p>\n","protected":false},"featured_media":0,"template":"","meta":{"site-sidebar-layout":"default","site-content-layout":"","ast-site-content-layout":"default","site-content-style":"default","site-sidebar-style":"default","ast-global-header-display":"","ast-banner-title-visibility":"","ast-main-header-display":"","ast-hfb-above-header-display":"","ast-hfb-below-header-display":"","ast-hfb-mobile-header-display":"","site-post-title":"","ast-breadcrumbs-content":"","ast-featured-img":"","footer-sml-layout":"","ast-disable-related-posts":"","theme-transparent-header-meta":"default","adv-header-id-meta":"","stick-header-meta":"","header-above-stick-meta":"","header-main-stick-meta":"","header-below-stick-meta":"","astra-migrate-meta-layouts":"set","ast-page-background-enabled":"default","ast-page-background-meta":{"desktop":{"background-color":"var(--ast-global-color-4)","background-image":"","background-repeat":"repeat","background-position":"center center","background-size":"auto","background-attachment":"scroll","background-type":"","background-media":"","overlay-type":"","overlay-color":"","overlay-opacity":"","overlay-gradient":""},"tablet":{"background-color":"","background-image":"","background-repeat":"repeat","background-position":"center center","background-size":"auto","background-attachment":"scroll","background-type":"","background-media":"","overlay-type":"","overlay-color":"","overlay-opacity":"","overlay-gradient":""},"mobile":{"background-color":"","background-image":"","background-repeat":"repeat","background-position":"center center","background-size":"auto","background-attachment":"scroll","background-type":"","background-media":"","overlay-type":"","overlay-color":"","overlay-opacity":"","overlay-gradient":""}},"ast-content-background-meta":{"desktop":{"background-color":"var(--ast-global-color-5)","background-image":"","background-repeat":"repeat","background-position":"center center","background-size":"auto","background-attachment":"scroll","background-type":"","background-media":"","overlay-type":"","overlay-color":"","overlay-opacity":"","overlay-gradient":""},"tablet":{"background-color":"var(--ast-global-color-5)","background-image":"","background-repeat":"repeat","background-position":"center center","background-size":"auto","background-attachment":"scroll","background-type":"","background-media":"","overlay-type":"","overlay-color":"","overlay-opacity":"","overlay-gradient":""},"mobile":{"background-color":"var(--ast-global-color-5)","background-image":"","background-repeat":"repeat","background-position":"center center","background-size":"auto","background-attachment":"scroll","background-type":"","background-media":"","overlay-type":"","overlay-color":"","overlay-opacity":"","overlay-gradient":""}}},"product_brand":[],"product_cat":[25],"product_tag":[],"class_list":{"0":"post-2850","1":"product","2":"type-product","3":"status-publish","5":"product_cat-uncategorized","6":"desktop-align-left","7":"tablet-align-left","8":"mobile-align-left","10":"first","11":"instock","12":"shipping-taxable","13":"product-type-simple"},"yoast_head":"<!-- This site is optimized with the Yoast SEO Premium plugin v27.3 (Yoast SEO v27.3) - https:\/\/yoast.com\/product\/yoast-seo-premium-wordpress\/ -->\n<title>Security Operations Center (SOC) \u2013 Teljesk\u00f6r\u0171 Modern Kiberv\u00e9delem 24\/7 - Stellar Cyber + Deep Instinct - Cyber Operations Group Kft.<\/title>\n<meta name=\"robots\" content=\"index, follow, max-snippet:-1, max-image-preview:large, max-video-preview:-1\" \/>\n<link rel=\"canonical\" href=\"https:\/\/cyberoperations.hu\/sk\/produkt\/socialne\/\" \/>\n<meta property=\"og:locale\" content=\"sk_SK\" \/>\n<meta property=\"og:type\" content=\"article\" \/>\n<meta property=\"og:title\" content=\"Security Operations Center (SOC) \u2013 Teljesk\u00f6r\u0171 Modern Kiberv\u00e9delem 24\/7 - Stellar Cyber + Deep Instinct\" \/>\n<meta property=\"og:description\" content=\"Az itop.hu Security Operations Center (SOC) a leg\u00fajabb, mesters\u00e9ges intelligenci\u00e1val t\u00e1mogatott kiberv\u00e9delmi szolg\u00e1ltat\u00e1s, amely teljesk\u00f6r\u0171 v\u00e9delmet ny\u00fajt \u00e9jjel-nappal, val\u00f3s id\u0151ben [&hellip;]\" \/>\n<meta property=\"og:url\" content=\"https:\/\/cyberoperations.hu\/sk\/produkt\/socialne\/\" \/>\n<meta property=\"og:site_name\" content=\"Cyber Operations Group Kft.\" \/>\n<meta property=\"article:modified_time\" content=\"2025-08-05T12:16:12+00:00\" \/>\n<meta name=\"twitter:card\" content=\"summary_large_image\" \/>\n<meta name=\"twitter:label1\" content=\"Cena\" \/>\n\t<meta name=\"twitter:data1\" content=\"\" \/>\n\t<meta name=\"twitter:label2\" content=\"Dostupnos\u0165\" \/>\n\t<meta name=\"twitter:data2\" content=\"Na sklade\" \/>\n<script type=\"application\/ld+json\" class=\"yoast-schema-graph\">{\"@context\":\"https:\\\/\\\/schema.org\",\"@graph\":[{\"@type\":\"WebPage\",\"@id\":\"https:\\\/\\\/cyberoperations.hu\\\/termek\\\/soc\\\/\",\"url\":\"https:\\\/\\\/cyberoperations.hu\\\/termek\\\/soc\\\/\",\"name\":\"Security Operations Center (SOC) \u2013 Teljesk\u00f6r\u0171 Modern Kiberv\u00e9delem 24\\\/7 - Stellar Cyber + Deep Instinct - Cyber Operations Group Kft.\",\"isPartOf\":{\"@id\":\"https:\\\/\\\/cyberoperations.hu\\\/#website\"},\"datePublished\":\"2025-05-05T12:02:42+00:00\",\"dateModified\":\"2025-08-05T12:16:12+00:00\",\"breadcrumb\":{\"@id\":\"https:\\\/\\\/cyberoperations.hu\\\/termek\\\/soc\\\/#breadcrumb\"},\"inLanguage\":\"sk-SK\",\"potentialAction\":[{\"@type\":\"ReadAction\",\"target\":[\"https:\\\/\\\/cyberoperations.hu\\\/termek\\\/soc\\\/\"]}]},{\"@type\":\"BreadcrumbList\",\"@id\":\"https:\\\/\\\/cyberoperations.hu\\\/termek\\\/soc\\\/#breadcrumb\",\"itemListElement\":[{\"@type\":\"ListItem\",\"position\":1,\"name\":\"Kezd\u0151lap\",\"item\":\"https:\\\/\\\/cyberoperations.hu\\\/\"},{\"@type\":\"ListItem\",\"position\":2,\"name\":\"Shop\",\"item\":\"https:\\\/\\\/cyberoperations.hu\\\/shop\\\/\"},{\"@type\":\"ListItem\",\"position\":3,\"name\":\"Security Operations Center (SOC) \u2013 Teljesk\u00f6r\u0171 Modern Kiberv\u00e9delem 24\\\/7 &#8211; Stellar Cyber + Deep Instinct\"}]},{\"@type\":\"WebSite\",\"@id\":\"https:\\\/\\\/cyberoperations.hu\\\/#website\",\"url\":\"https:\\\/\\\/cyberoperations.hu\\\/\",\"name\":\"Cyber Operations Group Kft.\",\"description\":\"\",\"publisher\":{\"@id\":\"https:\\\/\\\/cyberoperations.hu\\\/#organization\"},\"potentialAction\":[{\"@type\":\"SearchAction\",\"target\":{\"@type\":\"EntryPoint\",\"urlTemplate\":\"https:\\\/\\\/cyberoperations.hu\\\/?s={search_term_string}\"},\"query-input\":{\"@type\":\"PropertyValueSpecification\",\"valueRequired\":true,\"valueName\":\"search_term_string\"}}],\"inLanguage\":\"sk-SK\"},{\"@type\":\"Organization\",\"@id\":\"https:\\\/\\\/cyberoperations.hu\\\/#organization\",\"name\":\"Cyber Operations Group Kft.\",\"url\":\"https:\\\/\\\/cyberoperations.hu\\\/\",\"logo\":{\"@type\":\"ImageObject\",\"inLanguage\":\"sk-SK\",\"@id\":\"https:\\\/\\\/cyberoperations.hu\\\/#\\\/schema\\\/logo\\\/image\\\/\",\"url\":\"https:\\\/\\\/cyberoperations.hu\\\/wp-content\\\/uploads\\\/2024\\\/12\\\/simalogo-2.png\",\"contentUrl\":\"https:\\\/\\\/cyberoperations.hu\\\/wp-content\\\/uploads\\\/2024\\\/12\\\/simalogo-2.png\",\"width\":1500,\"height\":400,\"caption\":\"Cyber Operations Group Kft.\"},\"image\":{\"@id\":\"https:\\\/\\\/cyberoperations.hu\\\/#\\\/schema\\\/logo\\\/image\\\/\"}}]}<\/script>\n<meta property=\"product:price:currency\" content=\"EUR\" \/>\n<meta property=\"og:availability\" content=\"instock\" \/>\n<meta property=\"product:availability\" content=\"instock\" \/>\n<meta property=\"product:condition\" content=\"new\" \/>\n<!-- \/ Yoast SEO Premium plugin. -->","yoast_head_json":{"title":"Centrum bezpe\u010dnostn\u00fdch oper\u00e1ci\u00ed (SOC) \u2013 Komplexn\u00e1 modern\u00e1 kybernetick\u00e1 ochrana 24 hod\u00edn denne, 7 dn\u00ed v t\u00fd\u017edni - Stellar Cyber + Deep Instinct - Cyber Operations Group Kft.","robots":{"index":"index","follow":"follow","max-snippet":"max-snippet:-1","max-image-preview":"max-image-preview:large","max-video-preview":"max-video-preview:-1"},"canonical":"https:\/\/cyberoperations.hu\/sk\/produkt\/socialne\/","og_locale":"sk_SK","og_type":"article","og_title":"Security Operations Center (SOC) \u2013 Teljesk\u00f6r\u0171 Modern Kiberv\u00e9delem 24\/7 - Stellar Cyber + Deep Instinct","og_description":"Az itop.hu Security Operations Center (SOC) a leg\u00fajabb, mesters\u00e9ges intelligenci\u00e1val t\u00e1mogatott kiberv\u00e9delmi szolg\u00e1ltat\u00e1s, amely teljesk\u00f6r\u0171 v\u00e9delmet ny\u00fajt \u00e9jjel-nappal, val\u00f3s id\u0151ben [&hellip;]","og_url":"https:\/\/cyberoperations.hu\/sk\/produkt\/socialne\/","og_site_name":"Cyber Operations Group Kft.","article_modified_time":"2025-08-05T12:16:12+00:00","twitter_card":"summary_large_image","twitter_misc":{"Cena":"","Dostupnos\u0165":"Na sklade"},"schema":{"@context":"https:\/\/schema.org","@graph":[{"@type":"WebPage","@id":"https:\/\/cyberoperations.hu\/termek\/soc\/","url":"https:\/\/cyberoperations.hu\/termek\/soc\/","name":"Centrum bezpe\u010dnostn\u00fdch oper\u00e1ci\u00ed (SOC) \u2013 Komplexn\u00e1 modern\u00e1 kybernetick\u00e1 ochrana 24 hod\u00edn denne, 7 dn\u00ed v t\u00fd\u017edni - Stellar Cyber + Deep Instinct - Cyber Operations Group Kft.","isPartOf":{"@id":"https:\/\/cyberoperations.hu\/#website"},"datePublished":"2025-05-05T12:02:42+00:00","dateModified":"2025-08-05T12:16:12+00:00","breadcrumb":{"@id":"https:\/\/cyberoperations.hu\/termek\/soc\/#breadcrumb"},"inLanguage":"sk-SK","potentialAction":[{"@type":"ReadAction","target":["https:\/\/cyberoperations.hu\/termek\/soc\/"]}]},{"@type":"BreadcrumbList","@id":"https:\/\/cyberoperations.hu\/termek\/soc\/#breadcrumb","itemListElement":[{"@type":"ListItem","position":1,"name":"Kezd\u0151lap","item":"https:\/\/cyberoperations.hu\/"},{"@type":"ListItem","position":2,"name":"Shop","item":"https:\/\/cyberoperations.hu\/shop\/"},{"@type":"ListItem","position":3,"name":"Security Operations Center (SOC) \u2013 Teljesk\u00f6r\u0171 Modern Kiberv\u00e9delem 24\/7 &#8211; Stellar Cyber + Deep Instinct"}]},{"@type":"WebSite","@id":"https:\/\/cyberoperations.hu\/#website","url":"https:\/\/cyberoperations.hu\/","name":"Skupina pre kybernetick\u00e9 oper\u00e1cie s.r.o.","description":"","publisher":{"@id":"https:\/\/cyberoperations.hu\/#organization"},"potentialAction":[{"@type":"SearchAction","target":{"@type":"EntryPoint","urlTemplate":"https:\/\/cyberoperations.hu\/?s={search_term_string}"},"query-input":{"@type":"PropertyValueSpecification","valueRequired":true,"valueName":"search_term_string"}}],"inLanguage":"sk-SK"},{"@type":"Organization","@id":"https:\/\/cyberoperations.hu\/#organization","name":"Skupina pre kybernetick\u00e9 oper\u00e1cie s.r.o.","url":"https:\/\/cyberoperations.hu\/","logo":{"@type":"ImageObject","inLanguage":"sk-SK","@id":"https:\/\/cyberoperations.hu\/#\/schema\/logo\/image\/","url":"https:\/\/cyberoperations.hu\/wp-content\/uploads\/2024\/12\/simalogo-2.png","contentUrl":"https:\/\/cyberoperations.hu\/wp-content\/uploads\/2024\/12\/simalogo-2.png","width":1500,"height":400,"caption":"Cyber Operations Group Kft."},"image":{"@id":"https:\/\/cyberoperations.hu\/#\/schema\/logo\/image\/"}}]},"product_price_currency":"EUR","og_availability":"instock","product_availability":"instock","product_condition":"new"},"_links":{"self":[{"href":"https:\/\/cyberoperations.hu\/sk\/wp-json\/wp\/v2\/product\/2850","targetHints":{"allow":["GET"]}}],"collection":[{"href":"https:\/\/cyberoperations.hu\/sk\/wp-json\/wp\/v2\/product"}],"about":[{"href":"https:\/\/cyberoperations.hu\/sk\/wp-json\/wp\/v2\/types\/product"}],"version-history":[{"count":3,"href":"https:\/\/cyberoperations.hu\/sk\/wp-json\/wp\/v2\/product\/2850\/revisions"}],"predecessor-version":[{"id":2968,"href":"https:\/\/cyberoperations.hu\/sk\/wp-json\/wp\/v2\/product\/2850\/revisions\/2968"}],"wp:attachment":[{"href":"https:\/\/cyberoperations.hu\/sk\/wp-json\/wp\/v2\/media?parent=2850"}],"wp:term":[{"taxonomy":"product_brand","embeddable":true,"href":"https:\/\/cyberoperations.hu\/sk\/wp-json\/wp\/v2\/product_brand?post=2850"},{"taxonomy":"product_cat","embeddable":true,"href":"https:\/\/cyberoperations.hu\/sk\/wp-json\/wp\/v2\/product_cat?post=2850"},{"taxonomy":"product_tag","embeddable":true,"href":"https:\/\/cyberoperations.hu\/sk\/wp-json\/wp\/v2\/product_tag?post=2850"}],"curies":[{"name":"wp","href":"https:\/\/api.w.org\/{rel}","templated":true}]}}