{"id":2997,"date":"2025-08-13T12:46:16","date_gmt":"2025-08-13T10:46:16","guid":{"rendered":"https:\/\/cyberoperations.hu\/?post_type=product&#038;p=2997"},"modified":"2025-08-13T12:49:36","modified_gmt":"2025-08-13T10:49:36","slug":"stellar-cyber-innovativ-ai-alapu-kibervedelmi-platform","status":"publish","type":"product","link":"https:\/\/cyberoperations.hu\/sk\/produkt\/stellar-cyber-innovativ-ai-alapu-kibervedelmi-platform\/","title":{"rendered":"Stellar Cyber \u2013 Inovat\u00edvna platforma kybernetickej obrany zalo\u017een\u00e1 na umelej inteligencii"},"content":{"rendered":"<div data-elementor-type=\"product-post\" data-elementor-id=\"2997\" class=\"elementor elementor-2997\" data-elementor-post-type=\"product\">\n\t\t\t\t<div class=\"elementor-element elementor-element-6ec914d6 e-flex e-con-boxed e-con e-parent\" data-id=\"6ec914d6\" data-element_type=\"container\" data-e-type=\"container\">\n\t\t\t\t\t<div class=\"e-con-inner\">\n\t\t\t\t<div class=\"elementor-element elementor-element-7d0a3aaa elementor-widget elementor-widget-text-editor\" data-id=\"7d0a3aaa\" data-element_type=\"widget\" data-e-type=\"widget\" data-widget_type=\"text-editor.default\">\n\t\t\t\t<div class=\"elementor-widget-container\">\n\t\t\t\t\t\t\t\t\tStellar Cyber je najmodernej\u0161ia platforma kybernetickej bezpe\u010dnosti riaden\u00e1 umelou inteligenciou, ktor\u00e1 poskytuje komplexn\u00fa automatizovan\u00fa detekciu hrozieb, reakciu na ne a riadenie bezpe\u010dnostn\u00fdch oper\u00e1ci\u00ed pre podniky aj poskytovate\u013eov slu\u017eieb.\r\n<strong>K\u013e\u00fa\u010dov\u00e9 vlastnosti a v\u00fdhody<\/strong>\r\n<ul>\r\n \t<li>Univerz\u00e1lne bezpe\u010dnostn\u00e9 centrum (Open XDR) Kombinuje najd\u00f4le\u017eitej\u0161ie ochrann\u00e9 funkcie \u2013 SIEM novej gener\u00e1cie, detekciu a reakciu na sie\u0165 (NDR), behavior\u00e1lnu anal\u00fdzu (UEBA), automatizovan\u00e9 riadenie incidentov (SOAR) a inform\u00e1cie o hrozb\u00e1ch (TIP) \u2013 v jednom jednoducho pou\u017eite\u013enom rozhran\u00ed.<\/li>\r\n \t<li>Umel\u00e1 inteligencia a strojov\u00e9 u\u010denie Viacvrstvov\u00e1 technol\u00f3gia umelej inteligencie analyzuje cel\u00fa infra\u0161trukt\u00faru spolo\u010dnosti, automaticky identifikuje zn\u00e1me aj nezn\u00e1me hrozby a pom\u00e1ha zabezpe\u010di\u0165 r\u00fdchly a presn\u00fd z\u00e1sah.<\/li>\r\n \t<li>Automatizovan\u00e9 procesy Vopred vytvoren\u00e9 a prisp\u00f4sobite\u013en\u00e9 postupy a inteligentn\u00e9 pracovn\u00e9 postupy v\u00fdrazne zni\u017euj\u00fa po\u010det manu\u00e1lnych \u00faloh, \u010do umo\u017e\u0148uje bezpe\u010dnostn\u00fdm t\u00edmom s\u00fastredi\u0165 sa na hlavn\u00e9 hrozby.<\/li>\r\n \t<li>Okam\u017eit\u00e9 upozornenie a reakcia v re\u00e1lnom \u010dase Syst\u00e9m detekuje \u00fatoky v re\u00e1lnom \u010dase, u\u013eah\u010duje vy\u0161etrovanie incidentov a iniciuje automatick\u00e9 reakcie smerom k sieti, koncov\u00fdm bodom alebo cloudu.<\/li>\r\n \t<li>Cloudov\u00e1, hybridn\u00e1 a lok\u00e1lna ochrana Poskytuje jednotn\u00fa ochranu pre lok\u00e1lne, cloudov\u00e9 a hybridn\u00e9 IT prostredia a mo\u017eno ju flexibilne prisp\u00f4sobi\u0165 ak\u00e9muko\u013evek organiza\u010dn\u00e9mu prostrediu.<\/li>\r\n \t<li>R\u00fdchlej\u0161ia detekcia, menej falo\u0161n\u00fdch poplachov V\u010faka anal\u00fdze zalo\u017eenej na umelej inteligencii zni\u017euje po\u010det falo\u0161n\u00fdch poplachov a upozor\u0148uje na skuto\u010dne nebezpe\u010dn\u00e9 udalosti.<\/li>\r\n \t<li>Jednoduch\u00e1 integr\u00e1cia V\u010faka kompatibilite s nespo\u010detn\u00fdm mno\u017estvom extern\u00fdch IT a bezpe\u010dnostn\u00fdch n\u00e1strojov sa d\u00e1 bezprobl\u00e9movo integrova\u0165 do v\u00e1\u0161ho existuj\u00faceho prostredia.<\/li>\r\n<\/ul>\r\n<strong>Na \u010do sa odpor\u00fa\u010da?<\/strong>\r\n<ul>\r\n \t<li>Pre podniky a poskytovate\u013eov slu\u017eieb, ktor\u00ed chc\u00fa implementova\u0165 modern\u00fa kybernetick\u00fa bezpe\u010dnos\u0165 so skuto\u010dne komplexnou, samostatne funguj\u00facou a z\u00e1rove\u0148 centralizovanou platformou.<\/li>\r\n \t<li>Je to ide\u00e1lna vo\u013eba pre t\u00fdch, ktor\u00ed h\u013eadaj\u00fa r\u00fdchlu a presn\u00fa detekciu, automatizovan\u00fd z\u00e1sah, vysok\u00fa \u00farove\u0148 vidite\u013enosti a \u0161k\u00e1lovate\u013en\u00e9 a cenovo dostupn\u00e9 bezpe\u010dnostn\u00e9 rie\u0161enie.<\/li>\r\n<\/ul>\r\n<strong>Zosta\u0148te v bezpe\u010d\u00ed so Stellar Cyber \u2013 zverte svoju infra\u0161trukt\u00faru oce\u0148ovanej a inovat\u00edvnej platforme kybernetickej ochrany!<\/strong>\t\t\t\t\t\t\t\t<\/div>\n\t\t\t\t<\/div>\n\t\t\t\t\t<\/div>\n\t\t\t\t<\/div>\n\t\t<div class=\"elementor-element elementor-element-e65fc06 e-flex e-con-boxed e-con e-parent\" data-id=\"e65fc06\" data-element_type=\"container\" data-e-type=\"container\">\n\t\t\t\t\t<div class=\"e-con-inner\">\n\t\t\t\t<div class=\"elementor-element elementor-element-6f7932d elementor-widget elementor-widget-video\" data-id=\"6f7932d\" data-element_type=\"widget\" data-e-type=\"widget\" data-settings=\"{&quot;youtube_url&quot;:&quot;https:\\\/\\\/www.youtube.com\\\/watch?v=eMzIpQDvYiM&quot;,&quot;video_type&quot;:&quot;youtube&quot;,&quot;controls&quot;:&quot;yes&quot;}\" data-widget_type=\"video.default\">\n\t\t\t\t<div class=\"elementor-widget-container\">\n\t\t\t\t\t\t\t<div class=\"elementor-wrapper elementor-open-inline\">\n\t\t\t<div class=\"elementor-video\"><\/div>\t\t<\/div>\n\t\t\t\t\t\t<\/div>\n\t\t\t\t<\/div>\n\t\t\t\t\t<\/div>\n\t\t\t\t<\/div>\n\t\t\t\t<\/div>","protected":false},"excerpt":{"rendered":"<p>A Stellar Cyber a legmodernebb, mesters\u00e9ges intelligenci\u00e1val vez\u00e9relt kiberv\u00e9delmi platform, amely teljes k\u00f6r\u0171, automatiz\u00e1lt fenyeget\u00e9s\u00e9szlel\u00e9st, v\u00e1laszad\u00e1st \u00e9s biztons\u00e1gi m\u0171veletkezel\u00e9st biztos\u00edt [&hellip;]<\/p>\n","protected":false},"featured_media":0,"template":"","meta":{"site-sidebar-layout":"default","site-content-layout":"","ast-site-content-layout":"default","site-content-style":"default","site-sidebar-style":"default","ast-global-header-display":"","ast-banner-title-visibility":"","ast-main-header-display":"","ast-hfb-above-header-display":"","ast-hfb-below-header-display":"","ast-hfb-mobile-header-display":"","site-post-title":"","ast-breadcrumbs-content":"","ast-featured-img":"","footer-sml-layout":"","ast-disable-related-posts":"","theme-transparent-header-meta":"default","adv-header-id-meta":"","stick-header-meta":"","header-above-stick-meta":"","header-main-stick-meta":"","header-below-stick-meta":"","astra-migrate-meta-layouts":"set","ast-page-background-enabled":"default","ast-page-background-meta":{"desktop":{"background-color":"var(--ast-global-color-4)","background-image":"","background-repeat":"repeat","background-position":"center center","background-size":"auto","background-attachment":"scroll","background-type":"","background-media":"","overlay-type":"","overlay-color":"","overlay-opacity":"","overlay-gradient":""},"tablet":{"background-color":"","background-image":"","background-repeat":"repeat","background-position":"center center","background-size":"auto","background-attachment":"scroll","background-type":"","background-media":"","overlay-type":"","overlay-color":"","overlay-opacity":"","overlay-gradient":""},"mobile":{"background-color":"","background-image":"","background-repeat":"repeat","background-position":"center center","background-size":"auto","background-attachment":"scroll","background-type":"","background-media":"","overlay-type":"","overlay-color":"","overlay-opacity":"","overlay-gradient":""}},"ast-content-background-meta":{"desktop":{"background-color":"var(--ast-global-color-5)","background-image":"","background-repeat":"repeat","background-position":"center center","background-size":"auto","background-attachment":"scroll","background-type":"","background-media":"","overlay-type":"","overlay-color":"","overlay-opacity":"","overlay-gradient":""},"tablet":{"background-color":"var(--ast-global-color-5)","background-image":"","background-repeat":"repeat","background-position":"center center","background-size":"auto","background-attachment":"scroll","background-type":"","background-media":"","overlay-type":"","overlay-color":"","overlay-opacity":"","overlay-gradient":""},"mobile":{"background-color":"var(--ast-global-color-5)","background-image":"","background-repeat":"repeat","background-position":"center center","background-size":"auto","background-attachment":"scroll","background-type":"","background-media":"","overlay-type":"","overlay-color":"","overlay-opacity":"","overlay-gradient":""}}},"product_brand":[],"product_cat":[25],"product_tag":[],"class_list":{"0":"post-2997","1":"product","2":"type-product","3":"status-publish","5":"product_cat-uncategorized","6":"desktop-align-left","7":"tablet-align-left","8":"mobile-align-left","10":"first","11":"instock","12":"shipping-taxable","13":"product-type-simple"},"yoast_head":"<!-- This site is optimized with the Yoast SEO Premium plugin v27.4 (Yoast SEO v27.4) - https:\/\/yoast.com\/product\/yoast-seo-premium-wordpress\/ -->\n<title>Stellar Cyber \u2013 Innovat\u00edv, AI-alap\u00fa kiberv\u00e9delmi platform - Cyber Operations Group Kft.<\/title>\n<meta name=\"robots\" content=\"index, follow, max-snippet:-1, max-image-preview:large, max-video-preview:-1\" \/>\n<link rel=\"canonical\" href=\"https:\/\/cyberoperations.hu\/sk\/produkt\/stellar-cyber-innovativ-ai-alapu-kibervedelmi-platform\/\" \/>\n<meta property=\"og:locale\" content=\"sk_SK\" \/>\n<meta property=\"og:type\" content=\"article\" \/>\n<meta property=\"og:title\" content=\"Stellar Cyber \u2013 Innovat\u00edv, AI-alap\u00fa kiberv\u00e9delmi platform\" \/>\n<meta property=\"og:description\" content=\"A Stellar Cyber a legmodernebb, mesters\u00e9ges intelligenci\u00e1val vez\u00e9relt kiberv\u00e9delmi platform, amely teljes k\u00f6r\u0171, automatiz\u00e1lt fenyeget\u00e9s\u00e9szlel\u00e9st, v\u00e1laszad\u00e1st \u00e9s biztons\u00e1gi m\u0171veletkezel\u00e9st biztos\u00edt [&hellip;]\" \/>\n<meta property=\"og:url\" content=\"https:\/\/cyberoperations.hu\/sk\/produkt\/stellar-cyber-innovativ-ai-alapu-kibervedelmi-platform\/\" \/>\n<meta property=\"og:site_name\" content=\"Cyber Operations Group Kft.\" \/>\n<meta property=\"article:modified_time\" content=\"2025-08-13T10:49:36+00:00\" \/>\n<meta name=\"twitter:card\" content=\"summary_large_image\" \/>\n<meta name=\"twitter:label1\" content=\"Cena\" \/>\n\t<meta name=\"twitter:data1\" content=\"\" \/>\n\t<meta name=\"twitter:label2\" content=\"Dostupnos\u0165\" \/>\n\t<meta name=\"twitter:data2\" content=\"Na sklade\" \/>\n<script type=\"application\/ld+json\" class=\"yoast-schema-graph\">{\"@context\":\"https:\\\/\\\/schema.org\",\"@graph\":[{\"@type\":\"WebPage\",\"@id\":\"https:\\\/\\\/cyberoperations.hu\\\/termek\\\/stellar-cyber-innovativ-ai-alapu-kibervedelmi-platform\\\/\",\"url\":\"https:\\\/\\\/cyberoperations.hu\\\/termek\\\/stellar-cyber-innovativ-ai-alapu-kibervedelmi-platform\\\/\",\"name\":\"Stellar Cyber \u2013 Innovat\u00edv, AI-alap\u00fa kiberv\u00e9delmi platform - Cyber Operations Group Kft.\",\"isPartOf\":{\"@id\":\"https:\\\/\\\/cyberoperations.hu\\\/#website\"},\"datePublished\":\"2025-08-13T10:46:16+00:00\",\"dateModified\":\"2025-08-13T10:49:36+00:00\",\"breadcrumb\":{\"@id\":\"https:\\\/\\\/cyberoperations.hu\\\/termek\\\/stellar-cyber-innovativ-ai-alapu-kibervedelmi-platform\\\/#breadcrumb\"},\"inLanguage\":\"sk-SK\",\"potentialAction\":[{\"@type\":\"ReadAction\",\"target\":[\"https:\\\/\\\/cyberoperations.hu\\\/termek\\\/stellar-cyber-innovativ-ai-alapu-kibervedelmi-platform\\\/\"]}]},{\"@type\":\"BreadcrumbList\",\"@id\":\"https:\\\/\\\/cyberoperations.hu\\\/termek\\\/stellar-cyber-innovativ-ai-alapu-kibervedelmi-platform\\\/#breadcrumb\",\"itemListElement\":[{\"@type\":\"ListItem\",\"position\":1,\"name\":\"Kezd\u0151lap\",\"item\":\"https:\\\/\\\/cyberoperations.hu\\\/\"},{\"@type\":\"ListItem\",\"position\":2,\"name\":\"Shop\",\"item\":\"https:\\\/\\\/cyberoperations.hu\\\/shop\\\/\"},{\"@type\":\"ListItem\",\"position\":3,\"name\":\"Stellar Cyber \u2013 Innovat\u00edv, AI-alap\u00fa kiberv\u00e9delmi platform\"}]},{\"@type\":\"WebSite\",\"@id\":\"https:\\\/\\\/cyberoperations.hu\\\/#website\",\"url\":\"https:\\\/\\\/cyberoperations.hu\\\/\",\"name\":\"Cyber Operations Group Kft.\",\"description\":\"\",\"publisher\":{\"@id\":\"https:\\\/\\\/cyberoperations.hu\\\/#organization\"},\"potentialAction\":[{\"@type\":\"SearchAction\",\"target\":{\"@type\":\"EntryPoint\",\"urlTemplate\":\"https:\\\/\\\/cyberoperations.hu\\\/?s={search_term_string}\"},\"query-input\":{\"@type\":\"PropertyValueSpecification\",\"valueRequired\":true,\"valueName\":\"search_term_string\"}}],\"inLanguage\":\"sk-SK\"},{\"@type\":\"Organization\",\"@id\":\"https:\\\/\\\/cyberoperations.hu\\\/#organization\",\"name\":\"Cyber Operations Group Kft.\",\"url\":\"https:\\\/\\\/cyberoperations.hu\\\/\",\"logo\":{\"@type\":\"ImageObject\",\"inLanguage\":\"sk-SK\",\"@id\":\"https:\\\/\\\/cyberoperations.hu\\\/#\\\/schema\\\/logo\\\/image\\\/\",\"url\":\"https:\\\/\\\/cyberoperations.hu\\\/wp-content\\\/uploads\\\/2024\\\/12\\\/simalogo-2.png\",\"contentUrl\":\"https:\\\/\\\/cyberoperations.hu\\\/wp-content\\\/uploads\\\/2024\\\/12\\\/simalogo-2.png\",\"width\":1500,\"height\":400,\"caption\":\"Cyber Operations Group Kft.\"},\"image\":{\"@id\":\"https:\\\/\\\/cyberoperations.hu\\\/#\\\/schema\\\/logo\\\/image\\\/\"}}]}<\/script>\n<meta property=\"product:price:currency\" content=\"EUR\" \/>\n<meta property=\"og:availability\" content=\"instock\" \/>\n<meta property=\"product:availability\" content=\"instock\" \/>\n<meta property=\"product:condition\" content=\"new\" \/>\n<!-- \/ Yoast SEO Premium plugin. -->","yoast_head_json":{"title":"Stellar Cyber \u2013 Inovat\u00edvna platforma kybernetickej obrany zalo\u017een\u00e1 na umelej inteligencii - Cyber Operations Group Kft.","robots":{"index":"index","follow":"follow","max-snippet":"max-snippet:-1","max-image-preview":"max-image-preview:large","max-video-preview":"max-video-preview:-1"},"canonical":"https:\/\/cyberoperations.hu\/sk\/produkt\/stellar-cyber-innovativ-ai-alapu-kibervedelmi-platform\/","og_locale":"sk_SK","og_type":"article","og_title":"Stellar Cyber \u2013 Innovat\u00edv, AI-alap\u00fa kiberv\u00e9delmi platform","og_description":"A Stellar Cyber a legmodernebb, mesters\u00e9ges intelligenci\u00e1val vez\u00e9relt kiberv\u00e9delmi platform, amely teljes k\u00f6r\u0171, automatiz\u00e1lt fenyeget\u00e9s\u00e9szlel\u00e9st, v\u00e1laszad\u00e1st \u00e9s biztons\u00e1gi m\u0171veletkezel\u00e9st biztos\u00edt [&hellip;]","og_url":"https:\/\/cyberoperations.hu\/sk\/produkt\/stellar-cyber-innovativ-ai-alapu-kibervedelmi-platform\/","og_site_name":"Cyber Operations Group Kft.","article_modified_time":"2025-08-13T10:49:36+00:00","twitter_card":"summary_large_image","twitter_misc":{"Cena":"","Dostupnos\u0165":"Na sklade"},"schema":{"@context":"https:\/\/schema.org","@graph":[{"@type":"WebPage","@id":"https:\/\/cyberoperations.hu\/termek\/stellar-cyber-innovativ-ai-alapu-kibervedelmi-platform\/","url":"https:\/\/cyberoperations.hu\/termek\/stellar-cyber-innovativ-ai-alapu-kibervedelmi-platform\/","name":"Stellar Cyber \u2013 Inovat\u00edvna platforma kybernetickej obrany zalo\u017een\u00e1 na umelej inteligencii - Cyber Operations Group Kft.","isPartOf":{"@id":"https:\/\/cyberoperations.hu\/#website"},"datePublished":"2025-08-13T10:46:16+00:00","dateModified":"2025-08-13T10:49:36+00:00","breadcrumb":{"@id":"https:\/\/cyberoperations.hu\/termek\/stellar-cyber-innovativ-ai-alapu-kibervedelmi-platform\/#breadcrumb"},"inLanguage":"sk-SK","potentialAction":[{"@type":"ReadAction","target":["https:\/\/cyberoperations.hu\/termek\/stellar-cyber-innovativ-ai-alapu-kibervedelmi-platform\/"]}]},{"@type":"BreadcrumbList","@id":"https:\/\/cyberoperations.hu\/termek\/stellar-cyber-innovativ-ai-alapu-kibervedelmi-platform\/#breadcrumb","itemListElement":[{"@type":"ListItem","position":1,"name":"Kezd\u0151lap","item":"https:\/\/cyberoperations.hu\/"},{"@type":"ListItem","position":2,"name":"Shop","item":"https:\/\/cyberoperations.hu\/shop\/"},{"@type":"ListItem","position":3,"name":"Stellar Cyber \u2013 Innovat\u00edv, AI-alap\u00fa kiberv\u00e9delmi platform"}]},{"@type":"WebSite","@id":"https:\/\/cyberoperations.hu\/#website","url":"https:\/\/cyberoperations.hu\/","name":"Skupina pre kybernetick\u00e9 oper\u00e1cie s.r.o.","description":"","publisher":{"@id":"https:\/\/cyberoperations.hu\/#organization"},"potentialAction":[{"@type":"SearchAction","target":{"@type":"EntryPoint","urlTemplate":"https:\/\/cyberoperations.hu\/?s={search_term_string}"},"query-input":{"@type":"PropertyValueSpecification","valueRequired":true,"valueName":"search_term_string"}}],"inLanguage":"sk-SK"},{"@type":"Organization","@id":"https:\/\/cyberoperations.hu\/#organization","name":"Skupina pre kybernetick\u00e9 oper\u00e1cie s.r.o.","url":"https:\/\/cyberoperations.hu\/","logo":{"@type":"ImageObject","inLanguage":"sk-SK","@id":"https:\/\/cyberoperations.hu\/#\/schema\/logo\/image\/","url":"https:\/\/cyberoperations.hu\/wp-content\/uploads\/2024\/12\/simalogo-2.png","contentUrl":"https:\/\/cyberoperations.hu\/wp-content\/uploads\/2024\/12\/simalogo-2.png","width":1500,"height":400,"caption":"Cyber Operations Group Kft."},"image":{"@id":"https:\/\/cyberoperations.hu\/#\/schema\/logo\/image\/"}}]},"product_price_currency":"EUR","og_availability":"instock","product_availability":"instock","product_condition":"new"},"_links":{"self":[{"href":"https:\/\/cyberoperations.hu\/sk\/wp-json\/wp\/v2\/product\/2997","targetHints":{"allow":["GET"]}}],"collection":[{"href":"https:\/\/cyberoperations.hu\/sk\/wp-json\/wp\/v2\/product"}],"about":[{"href":"https:\/\/cyberoperations.hu\/sk\/wp-json\/wp\/v2\/types\/product"}],"version-history":[{"count":0,"href":"https:\/\/cyberoperations.hu\/sk\/wp-json\/wp\/v2\/product\/2997\/revisions"}],"wp:attachment":[{"href":"https:\/\/cyberoperations.hu\/sk\/wp-json\/wp\/v2\/media?parent=2997"}],"wp:term":[{"taxonomy":"product_brand","embeddable":true,"href":"https:\/\/cyberoperations.hu\/sk\/wp-json\/wp\/v2\/product_brand?post=2997"},{"taxonomy":"product_cat","embeddable":true,"href":"https:\/\/cyberoperations.hu\/sk\/wp-json\/wp\/v2\/product_cat?post=2997"},{"taxonomy":"product_tag","embeddable":true,"href":"https:\/\/cyberoperations.hu\/sk\/wp-json\/wp\/v2\/product_tag?post=2997"}],"curies":[{"name":"wp","href":"https:\/\/api.w.org\/{rel}","templated":true}]}}